{"id":9433,"date":"2025-06-02T15:51:48","date_gmt":"2025-06-02T13:51:48","guid":{"rendered":"https:\/\/sites.ac-nancy-metz.fr\/lettres\/?page_id=9433"},"modified":"2025-06-09T19:19:33","modified_gmt":"2025-06-09T17:19:33","slug":"traam-2025-maitrise-de-la-langue-et-numerique","status":"publish","type":"page","link":"https:\/\/sites.ac-nancy-metz.fr\/lettres\/traam-2025-maitrise-de-la-langue-et-numerique\/","title":{"rendered":"TraAM 2025 : ma\u00eetrise de la langue et num\u00e9rique &#8211; S\u00e9verine AUER"},"content":{"rendered":"","protected":false},"excerpt":{"rendered":"","protected":false},"author":1,"featured_media":0,"parent":0,"menu_order":0,"comment_status":"closed","ping_status":"closed","template":"","meta":{"footnotes":""},"class_list":["post-9433","page","type-page","status-publish","czr-hentry"],"_links":{"self":[{"href":"https:\/\/sites.ac-nancy-metz.fr\/lettres\/wp-json\/wp\/v2\/pages\/9433","targetHints":{"allow":["GET"]}}],"collection":[{"href":"https:\/\/sites.ac-nancy-metz.fr\/lettres\/wp-json\/wp\/v2\/pages"}],"about":[{"href":"https:\/\/sites.ac-nancy-metz.fr\/lettres\/wp-json\/wp\/v2\/types\/page"}],"author":[{"embeddable":true,"href":"https:\/\/sites.ac-nancy-metz.fr\/lettres\/wp-json\/wp\/v2\/users\/1"}],"replies":[{"embeddable":true,"href":"https:\/\/sites.ac-nancy-metz.fr\/lettres\/wp-json\/wp\/v2\/comments?post=9433"}],"version-history":[{"count":3,"href":"https:\/\/sites.ac-nancy-metz.fr\/lettres\/wp-json\/wp\/v2\/pages\/9433\/revisions"}],"predecessor-version":[{"id":9773,"href":"https:\/\/sites.ac-nancy-metz.fr\/lettres\/wp-json\/wp\/v2\/pages\/9433\/revisions\/9773"}],"wp:attachment":[{"href":"https:\/\/sites.ac-nancy-metz.fr\/lettres\/wp-json\/wp\/v2\/media?parent=9433"}],"curies":[{"name":"wp","href":"https:\/\/api.w.org\/{rel}","templated":true}]}}