{"id":9682,"date":"2025-06-09T18:04:57","date_gmt":"2025-06-09T16:04:57","guid":{"rendered":"https:\/\/sites.ac-nancy-metz.fr\/lettres\/?page_id=9682"},"modified":"2025-06-09T18:08:13","modified_gmt":"2025-06-09T16:08:13","slug":"accompagner-les-eleves-allophones","status":"publish","type":"page","link":"https:\/\/sites.ac-nancy-metz.fr\/lettres\/accompagner-les-eleves-allophones\/","title":{"rendered":"Travailler la compr\u00e9hension et l\u2019expression avec des outils d\u2019intelligence artificielle : accompagner des \u00e9l\u00e8ves allophones dans une s\u00e9quence coop\u00e9rative en fran\u00e7ais fond\u00e9e sur un usage structur\u00e9 et critique de l\u2019IA &#8211; Omar KACED"},"content":{"rendered":"","protected":false},"excerpt":{"rendered":"","protected":false},"author":1,"featured_media":0,"parent":0,"menu_order":0,"comment_status":"closed","ping_status":"closed","template":"","meta":{"footnotes":""},"class_list":["post-9682","page","type-page","status-publish","czr-hentry"],"_links":{"self":[{"href":"https:\/\/sites.ac-nancy-metz.fr\/lettres\/wp-json\/wp\/v2\/pages\/9682","targetHints":{"allow":["GET"]}}],"collection":[{"href":"https:\/\/sites.ac-nancy-metz.fr\/lettres\/wp-json\/wp\/v2\/pages"}],"about":[{"href":"https:\/\/sites.ac-nancy-metz.fr\/lettres\/wp-json\/wp\/v2\/types\/page"}],"author":[{"embeddable":true,"href":"https:\/\/sites.ac-nancy-metz.fr\/lettres\/wp-json\/wp\/v2\/users\/1"}],"replies":[{"embeddable":true,"href":"https:\/\/sites.ac-nancy-metz.fr\/lettres\/wp-json\/wp\/v2\/comments?post=9682"}],"version-history":[{"count":2,"href":"https:\/\/sites.ac-nancy-metz.fr\/lettres\/wp-json\/wp\/v2\/pages\/9682\/revisions"}],"predecessor-version":[{"id":9687,"href":"https:\/\/sites.ac-nancy-metz.fr\/lettres\/wp-json\/wp\/v2\/pages\/9682\/revisions\/9687"}],"wp:attachment":[{"href":"https:\/\/sites.ac-nancy-metz.fr\/lettres\/wp-json\/wp\/v2\/media?parent=9682"}],"curies":[{"name":"wp","href":"https:\/\/api.w.org\/{rel}","templated":true}]}}