{"id":1599,"date":"2019-05-12T15:33:46","date_gmt":"2019-05-12T13:33:46","guid":{"rendered":"http:\/\/sites.ac-nancy-metz.fr\/lyc-alfred-mezieres-longwy\/?page_id=1599"},"modified":"2026-03-24T15:46:04","modified_gmt":"2026-03-24T14:46:04","slug":"ens-de-specialite","status":"publish","type":"page","link":"https:\/\/sites.ac-nancy-metz.fr\/lyc-alfred-mezieres-longwy\/ens-de-specialite\/","title":{"rendered":"Enseignements de sp\u00e9cialit\u00e9"},"content":{"rendered":"\n<p class=\"has-vivid-green-cyan-color has-text-color\">Consultez les pr\u00e9sentations r\u00e9alis\u00e9es par les enseignants (par ordre alphab\u00e9tique)<\/p>\n\n\n\n<p class=\"has-vivid-green-cyan-color has-text-color has-medium-font-size\"><strong>PREMI\u00c8RE G\u00c9N\u00c9RALE :   <\/strong><\/p>\n\n\n\n<figure class=\"wp-block-gallery has-nested-images columns-default is-cropped wp-block-gallery-1 is-layout-flex wp-block-gallery-is-layout-flex\">\n<figure class=\"wp-block-image size-full\"><img loading=\"lazy\" decoding=\"async\" width=\"533\" height=\"408\" data-id=\"4569\" src=\"https:\/\/sites.ac-nancy-metz.fr\/lyc-alfred-mezieres-longwy\/wp-content\/uploads\/2026\/03\/HGGSP.png\" alt=\"\" class=\"wp-image-4569\" srcset=\"https:\/\/sites.ac-nancy-metz.fr\/lyc-alfred-mezieres-longwy\/wp-content\/uploads\/2026\/03\/HGGSP.png 533w, https:\/\/sites.ac-nancy-metz.fr\/lyc-alfred-mezieres-longwy\/wp-content\/uploads\/2026\/03\/HGGSP-300x230.png 300w\" sizes=\"(max-width: 533px) 100vw, 533px\" \/><\/figure>\n\n\n\n<figure class=\"wp-block-image size-full\"><img loading=\"lazy\" decoding=\"async\" width=\"533\" height=\"408\" data-id=\"4570\" src=\"https:\/\/sites.ac-nancy-metz.fr\/lyc-alfred-mezieres-longwy\/wp-content\/uploads\/2026\/03\/HLP.png\" alt=\"\" class=\"wp-image-4570\" srcset=\"https:\/\/sites.ac-nancy-metz.fr\/lyc-alfred-mezieres-longwy\/wp-content\/uploads\/2026\/03\/HLP.png 533w, https:\/\/sites.ac-nancy-metz.fr\/lyc-alfred-mezieres-longwy\/wp-content\/uploads\/2026\/03\/HLP-300x230.png 300w\" sizes=\"(max-width: 533px) 100vw, 533px\" \/><\/figure>\n\n\n\n<figure class=\"wp-block-image size-full\"><img loading=\"lazy\" decoding=\"async\" width=\"531\" height=\"407\" data-id=\"4571\" src=\"https:\/\/sites.ac-nancy-metz.fr\/lyc-alfred-mezieres-longwy\/wp-content\/uploads\/2026\/03\/LLCE.png\" alt=\"\" class=\"wp-image-4571\" srcset=\"https:\/\/sites.ac-nancy-metz.fr\/lyc-alfred-mezieres-longwy\/wp-content\/uploads\/2026\/03\/LLCE.png 531w, https:\/\/sites.ac-nancy-metz.fr\/lyc-alfred-mezieres-longwy\/wp-content\/uploads\/2026\/03\/LLCE-300x230.png 300w\" sizes=\"(max-width: 531px) 100vw, 531px\" \/><\/figure>\n<\/figure>\n\n\n\n<figure class=\"wp-block-table is-style-stripes\"><table><tbody><tr><td class=\"has-text-align-center\" data-align=\"center\"><a href=\"http:\/\/sites.ac-nancy-metz.fr\/lyc-alfred-mezieres-longwy\/wp-content\/uploads\/2021\/03\/1-Histoire-Geographie-Sciences-politiques-Geopolitique.pdf\" target=\"_blank\" rel=\"noreferrer noopener\">[ Lire la pr\u00e9sentation ]<\/a><\/td><td class=\"has-text-align-center\" data-align=\"center\"><a href=\"http:\/\/sites.ac-nancy-metz.fr\/lyc-alfred-mezieres-longwy\/wp-content\/uploads\/2022\/11\/Humanites-litterature-et-philosophie_HLP_2023.pdf\" target=\"_blank\" rel=\"noreferrer noopener\">[ Lire la <\/a><a href=\"http:\/\/sites.ac-nancy-metz.fr\/lyc-alfred-mezieres-longwy\/wp-content\/uploads\/2021\/03\/2-Humanites-Litterature-et-Philosophie.pdf\" target=\"_blank\" rel=\"noreferrer noopener\">pr\u00e9sentation <\/a><a href=\"http:\/\/sites.ac-nancy-metz.fr\/lyc-alfred-mezieres-longwy\/wp-content\/uploads\/2022\/11\/Humanites-litterature-et-philosophie_HLP_2023.pdf\" target=\"_blank\" rel=\"noreferrer noopener\">]<\/a><\/td><td class=\"has-text-align-center\" data-align=\"center\"><a href=\"http:\/\/sites.ac-nancy-metz.fr\/lyc-alfred-mezieres-longwy\/wp-content\/uploads\/2021\/01\/LLCE.pdf\" target=\"_blank\" rel=\"noreferrer noopener\">[ Lire la pr\u00e9sentation ]<\/a><\/td><\/tr><\/tbody><\/table><\/figure>\n\n\n\n<figure class=\"wp-block-gallery has-nested-images columns-default is-cropped wp-block-gallery-2 is-layout-flex wp-block-gallery-is-layout-flex\">\n<figure class=\"wp-block-image size-full\"><img loading=\"lazy\" decoding=\"async\" width=\"531\" height=\"406\" data-id=\"4572\" src=\"https:\/\/sites.ac-nancy-metz.fr\/lyc-alfred-mezieres-longwy\/wp-content\/uploads\/2026\/03\/Maths.png\" alt=\"\" class=\"wp-image-4572\" srcset=\"https:\/\/sites.ac-nancy-metz.fr\/lyc-alfred-mezieres-longwy\/wp-content\/uploads\/2026\/03\/Maths.png 531w, https:\/\/sites.ac-nancy-metz.fr\/lyc-alfred-mezieres-longwy\/wp-content\/uploads\/2026\/03\/Maths-300x229.png 300w\" sizes=\"(max-width: 531px) 100vw, 531px\" \/><\/figure>\n\n\n\n<figure class=\"wp-block-image size-full\"><img loading=\"lazy\" decoding=\"async\" width=\"533\" height=\"412\" data-id=\"4573\" src=\"https:\/\/sites.ac-nancy-metz.fr\/lyc-alfred-mezieres-longwy\/wp-content\/uploads\/2026\/03\/NSI.png\" alt=\"\" class=\"wp-image-4573\" srcset=\"https:\/\/sites.ac-nancy-metz.fr\/lyc-alfred-mezieres-longwy\/wp-content\/uploads\/2026\/03\/NSI.png 533w, https:\/\/sites.ac-nancy-metz.fr\/lyc-alfred-mezieres-longwy\/wp-content\/uploads\/2026\/03\/NSI-300x232.png 300w\" sizes=\"(max-width: 533px) 100vw, 533px\" \/><\/figure>\n\n\n\n<figure class=\"wp-block-image size-full\"><img loading=\"lazy\" decoding=\"async\" width=\"533\" height=\"411\" data-id=\"4574\" src=\"https:\/\/sites.ac-nancy-metz.fr\/lyc-alfred-mezieres-longwy\/wp-content\/uploads\/2026\/03\/PC.png\" alt=\"\" class=\"wp-image-4574\" srcset=\"https:\/\/sites.ac-nancy-metz.fr\/lyc-alfred-mezieres-longwy\/wp-content\/uploads\/2026\/03\/PC.png 533w, https:\/\/sites.ac-nancy-metz.fr\/lyc-alfred-mezieres-longwy\/wp-content\/uploads\/2026\/03\/PC-300x231.png 300w\" sizes=\"(max-width: 533px) 100vw, 533px\" \/><\/figure>\n<\/figure>\n\n\n\n<figure class=\"wp-block-table is-style-stripes\"><table><tbody><tr><td class=\"has-text-align-center\" data-align=\"center\"><a href=\"http:\/\/sites.ac-nancy-metz.fr\/lyc-alfred-mezieres-longwy\/wp-content\/uploads\/2022\/11\/4-Mathematiques-2023.pdf\" target=\"_blank\" rel=\"noreferrer noopener\">[ Lire la pr\u00e9sentation ]<\/a><\/td><td class=\"has-text-align-center\" data-align=\"center\"><a href=\"http:\/\/sites.ac-nancy-metz.fr\/lyc-alfred-mezieres-longwy\/wp-content\/uploads\/2021\/03\/5-Numerique-et-sciences-informatiques.pdf\" target=\"_blank\" rel=\"noreferrer noopener\">[ Lire la pr\u00e9sentation ]<\/a><\/td><td class=\"has-text-align-center\" data-align=\"center\"><a href=\"http:\/\/sites.ac-nancy-metz.fr\/lyc-alfred-mezieres-longwy\/wp-content\/uploads\/2019\/05\/6-Physique-Chimie.pdf\" target=\"_blank\" rel=\"noreferrer noopener\">[ Lire la pr\u00e9sentation ]<\/a><\/td><\/tr><\/tbody><\/table><\/figure>\n\n\n\n<figure class=\"wp-block-gallery has-nested-images columns-default is-cropped wp-block-gallery-3 is-layout-flex wp-block-gallery-is-layout-flex\">\n<figure class=\"wp-block-image size-full\"><img loading=\"lazy\" decoding=\"async\" width=\"533\" height=\"409\" data-id=\"4579\" src=\"https:\/\/sites.ac-nancy-metz.fr\/lyc-alfred-mezieres-longwy\/wp-content\/uploads\/2026\/03\/SVT.png\" alt=\"\" class=\"wp-image-4579\" srcset=\"https:\/\/sites.ac-nancy-metz.fr\/lyc-alfred-mezieres-longwy\/wp-content\/uploads\/2026\/03\/SVT.png 533w, https:\/\/sites.ac-nancy-metz.fr\/lyc-alfred-mezieres-longwy\/wp-content\/uploads\/2026\/03\/SVT-300x230.png 300w\" sizes=\"(max-width: 533px) 100vw, 533px\" \/><\/figure>\n\n\n\n<figure class=\"wp-block-image size-full\"><img loading=\"lazy\" decoding=\"async\" width=\"533\" height=\"412\" data-id=\"4575\" src=\"https:\/\/sites.ac-nancy-metz.fr\/lyc-alfred-mezieres-longwy\/wp-content\/uploads\/2026\/03\/SES.png\" alt=\"\" class=\"wp-image-4575\" srcset=\"https:\/\/sites.ac-nancy-metz.fr\/lyc-alfred-mezieres-longwy\/wp-content\/uploads\/2026\/03\/SES.png 533w, https:\/\/sites.ac-nancy-metz.fr\/lyc-alfred-mezieres-longwy\/wp-content\/uploads\/2026\/03\/SES-300x232.png 300w\" sizes=\"(max-width: 533px) 100vw, 533px\" \/><\/figure>\n\n\n\n<figure class=\"wp-block-image size-full\"><img loading=\"lazy\" decoding=\"async\" width=\"532\" height=\"411\" data-id=\"4576\" src=\"https:\/\/sites.ac-nancy-metz.fr\/lyc-alfred-mezieres-longwy\/wp-content\/uploads\/2026\/03\/SI.png\" alt=\"\" class=\"wp-image-4576\" srcset=\"https:\/\/sites.ac-nancy-metz.fr\/lyc-alfred-mezieres-longwy\/wp-content\/uploads\/2026\/03\/SI.png 532w, https:\/\/sites.ac-nancy-metz.fr\/lyc-alfred-mezieres-longwy\/wp-content\/uploads\/2026\/03\/SI-300x232.png 300w\" sizes=\"(max-width: 532px) 100vw, 532px\" \/><\/figure>\n<\/figure>\n\n\n\n<figure class=\"wp-block-table is-style-stripes\"><table><tbody><tr><td class=\"has-text-align-center\" data-align=\"center\"><a href=\"http:\/\/sites.ac-nancy-metz.fr\/lyc-alfred-mezieres-longwy\/wp-content\/uploads\/2020\/01\/SVT_2020-2021.pdf\" target=\"_blank\" rel=\"noreferrer noopener\">[ Lire la pr\u00e9sentation ]<\/a><\/td><td class=\"has-text-align-center\" data-align=\"center\"><a href=\"http:\/\/sites.ac-nancy-metz.fr\/lyc-alfred-mezieres-longwy\/wp-content\/uploads\/2019\/05\/9-Sciences-Economiques-et-Sociales.pdf\" target=\"_blank\" rel=\"noreferrer noopener\">[ Lire la pr\u00e9sentation ]<\/a><\/td><td class=\"has-text-align-center\" data-align=\"center\"><a href=\"http:\/\/sites.ac-nancy-metz.fr\/lyc-alfred-mezieres-longwy\/wp-content\/uploads\/2022\/11\/Sciences_de_Ingenieur_2023.pdf\" target=\"_blank\" rel=\"noreferrer noopener\">[ Lire la pr\u00e9sentation ] <\/a><\/td><\/tr><\/tbody><\/table><\/figure>\n\n\n\n<p class=\"has-vivid-green-cyan-color has-text-color has-medium-font-size\"><strong>PREMI\u00c8RE TECHNOLOGIQUE <\/strong>: <\/p>\n\n\n\n<figure class=\"wp-block-gallery has-nested-images columns-default is-cropped wp-block-gallery-4 is-layout-flex wp-block-gallery-is-layout-flex\">\n<figure class=\"wp-block-image size-full\"><img loading=\"lazy\" decoding=\"async\" width=\"532\" height=\"414\" data-id=\"4577\" src=\"https:\/\/sites.ac-nancy-metz.fr\/lyc-alfred-mezieres-longwy\/wp-content\/uploads\/2026\/03\/STI2D.png\" alt=\"\" class=\"wp-image-4577\" srcset=\"https:\/\/sites.ac-nancy-metz.fr\/lyc-alfred-mezieres-longwy\/wp-content\/uploads\/2026\/03\/STI2D.png 532w, https:\/\/sites.ac-nancy-metz.fr\/lyc-alfred-mezieres-longwy\/wp-content\/uploads\/2026\/03\/STI2D-300x233.png 300w\" sizes=\"(max-width: 532px) 100vw, 532px\" \/><\/figure>\n\n\n\n<figure class=\"wp-block-image size-full\"><img loading=\"lazy\" decoding=\"async\" width=\"534\" height=\"416\" data-id=\"4578\" src=\"https:\/\/sites.ac-nancy-metz.fr\/lyc-alfred-mezieres-longwy\/wp-content\/uploads\/2026\/03\/STMG.png\" alt=\"\" class=\"wp-image-4578\" srcset=\"https:\/\/sites.ac-nancy-metz.fr\/lyc-alfred-mezieres-longwy\/wp-content\/uploads\/2026\/03\/STMG.png 534w, https:\/\/sites.ac-nancy-metz.fr\/lyc-alfred-mezieres-longwy\/wp-content\/uploads\/2026\/03\/STMG-300x234.png 300w\" sizes=\"(max-width: 534px) 100vw, 534px\" \/><\/figure>\n\n\n\n<figure class=\"wp-block-image size-full\"><img loading=\"lazy\" decoding=\"async\" width=\"533\" height=\"409\" data-id=\"4585\" src=\"https:\/\/sites.ac-nancy-metz.fr\/lyc-alfred-mezieres-longwy\/wp-content\/uploads\/2026\/03\/Rien.png\" alt=\"\" class=\"wp-image-4585\" srcset=\"https:\/\/sites.ac-nancy-metz.fr\/lyc-alfred-mezieres-longwy\/wp-content\/uploads\/2026\/03\/Rien.png 533w, https:\/\/sites.ac-nancy-metz.fr\/lyc-alfred-mezieres-longwy\/wp-content\/uploads\/2026\/03\/Rien-300x230.png 300w\" sizes=\"(max-width: 533px) 100vw, 533px\" \/><\/figure>\n<\/figure>\n\n\n\n<figure class=\"wp-block-table is-style-stripes\"><table><tbody><tr><td class=\"has-text-align-center\" data-align=\"center\"><a href=\"http:\/\/sites.ac-nancy-metz.fr\/lyc-alfred-mezieres-longwy\/wp-content\/uploads\/2022\/11\/STI2D-IT-I2D-2023.pdf\" target=\"_blank\" rel=\"noreferrer noopener\">[ Lire la pr\u00e9sentation ]<\/a><\/td><td class=\"has-text-align-center\" data-align=\"center\">[ Lire la pr\u00e9sentation : \u00e0 venir ]<\/td><td class=\"has-text-align-center\" data-align=\"center\">[ &#8230;&#8230;&#8230;&#8230;&#8230;&#8230;&#8230;&#8230;&#8230;&#8230;&#8230; ]<\/td><\/tr><\/tbody><\/table><\/figure>\n","protected":false},"excerpt":{"rendered":"<p>Consultez les pr\u00e9sentations r\u00e9alis\u00e9es par les enseignants (par ordre alphab\u00e9tique) PREMI\u00c8RE G\u00c9N\u00c9RALE : [ Lire la pr\u00e9sentation ] [ Lire<\/p>\n","protected":false},"author":1,"featured_media":0,"parent":0,"menu_order":0,"comment_status":"closed","ping_status":"closed","template":"","meta":{"_exactmetrics_skip_tracking":false,"_exactmetrics_sitenote_active":false,"_exactmetrics_sitenote_note":"","_exactmetrics_sitenote_category":0,"footnotes":""},"_links":{"self":[{"href":"https:\/\/sites.ac-nancy-metz.fr\/lyc-alfred-mezieres-longwy\/wp-json\/wp\/v2\/pages\/1599"}],"collection":[{"href":"https:\/\/sites.ac-nancy-metz.fr\/lyc-alfred-mezieres-longwy\/wp-json\/wp\/v2\/pages"}],"about":[{"href":"https:\/\/sites.ac-nancy-metz.fr\/lyc-alfred-mezieres-longwy\/wp-json\/wp\/v2\/types\/page"}],"author":[{"embeddable":true,"href":"https:\/\/sites.ac-nancy-metz.fr\/lyc-alfred-mezieres-longwy\/wp-json\/wp\/v2\/users\/1"}],"replies":[{"embeddable":true,"href":"https:\/\/sites.ac-nancy-metz.fr\/lyc-alfred-mezieres-longwy\/wp-json\/wp\/v2\/comments?post=1599"}],"version-history":[{"count":8,"href":"https:\/\/sites.ac-nancy-metz.fr\/lyc-alfred-mezieres-longwy\/wp-json\/wp\/v2\/pages\/1599\/revisions"}],"predecessor-version":[{"id":4588,"href":"https:\/\/sites.ac-nancy-metz.fr\/lyc-alfred-mezieres-longwy\/wp-json\/wp\/v2\/pages\/1599\/revisions\/4588"}],"wp:attachment":[{"href":"https:\/\/sites.ac-nancy-metz.fr\/lyc-alfred-mezieres-longwy\/wp-json\/wp\/v2\/media?parent=1599"}],"curies":[{"name":"wp","href":"https:\/\/api.w.org\/{rel}","templated":true}]}}