{"id":182,"date":"2018-05-01T17:36:50","date_gmt":"2018-05-01T15:36:50","guid":{"rendered":"http:\/\/sites.ac-nancy-metz.fr\/lyc-alfred-mezieres-longwy\/?page_id=182"},"modified":"2022-10-13T07:32:48","modified_gmt":"2022-10-13T05:32:48","slug":"le-mot-du-proviseur","status":"publish","type":"page","link":"https:\/\/sites.ac-nancy-metz.fr\/lyc-alfred-mezieres-longwy\/le-mot-du-proviseur\/","title":{"rendered":"Le mot du proviseur"},"content":{"rendered":"\n<p>Le lyc\u00e9e polyvalent Alfred M\u00e9zi\u00e8res b\u00e9n\u00e9ficie depuis de longues ann\u00e9es d\u2019une r\u00e9putation \u00e0 la hauteur de ses engagements.<\/p>\n\n\n\n<p>Les effectifs des \u00e9l\u00e8ves ont progress\u00e9 r\u00e9guli\u00e8rement et se maintiennent \u00e0 un niveau \u00e9lev\u00e9. Nous accueillons plus de 1700 \u00e9l\u00e8ves.<\/p>\n\n\n\n<p>C\u2019est le signe d\u2019une confiance affirm\u00e9e de la part des familles qui savent trouver expertise p\u00e9dagogique et \u00e9ducative en faisant le choix de venir \u00e0 M\u00e9zi\u00e8res.<\/p>\n\n\n\n<p>C\u2019est l\u2019assurance d\u2019une pleine r\u00e9ussite aux examens et d\u2019une belle poursuite d\u2019\u00e9tudes.<\/p>\n\n\n\n<ul><li>Les personnels sont stables. Ils affichent une r\u00e9elle volont\u00e9 de continuer \u00e0 exercer sur le site, convaincus de l\u2019impact de leur travail sur la r\u00e9ussite de leurs \u00e9l\u00e8ves. Ils sont d\u00e9sireux de poursuivre dans une structure affichant rigueur et bienveillance, expression d\u2019un parfait \u00e9quilibre.<\/li><li>Les scores tr\u00e8s honorables de r\u00e9ussite aux examens du secondaire et du sup\u00e9rieur, sont les t\u00e9moins d\u2019un travail de qualit\u00e9 de la part des \u00e9quipes, mais aussi du plus grand s\u00e9rieux de nos \u00e9l\u00e8ves qui sont sensibles au discours et aux conseils des adultes.<\/li><li>La pr\u00e9sence dans nos locaux de la formation continue port\u00e9e par le GRETA (Groupement d\u2019ETAblissements) est une richesse suppl\u00e9mentaire offerte au territoire de Longwy. Elle confirme l\u2019id\u00e9e que chacun doit pouvoir utiliser son propre chemin pour se construire intellectuellement et professionnellement. Le LPO a la chance de contribuer s\u00e9rieusement \u00e0 cette mission.<\/li><li>Les tr\u00e8s bonnes relations avec les parents d\u2019\u00e9l\u00e8ves et leurs repr\u00e9sentants sont le reflet d\u2019une volont\u00e9 partag\u00e9e de construire ensemble l\u2019avenir.<\/li><\/ul>\n\n\n\n<p>L\u2019encadrement tr\u00e8s professionnel assur\u00e9 par les personnels de la Vie Scolaire et l\u2019implication forte des diff\u00e9rents services assurent un climat scolaire particuli\u00e8rement serein et appr\u00e9ci\u00e9 tant par les \u00e9l\u00e8ves que par leur famille.<\/p>\n\n\n\n<p>Outre l\u2019enseignement de qualit\u00e9 qui est dispens\u00e9, de nombreuses actions culturelles, sportives, linguistiques et scientifiques sont propos\u00e9es et offrent, au travers des multiples partenariats, des \u00e9l\u00e9ments d\u2019ouverture exceptionnels.<\/p>\n\n\n\n<p>Venir \u00e9tudier \u00e0 M\u00e9zi\u00e8res, c\u2019est vouloir pr\u00e9parer dans d\u2019excellentes conditions ses \u00e9tudes sup\u00e9rieures, qu\u2019elles soient le prolongement d\u2019un baccalaur\u00e9at technologique, g\u00e9n\u00e9ral ou professionnel.<\/p>\n\n\n\n<p>Si nous savons valoriser les tr\u00e8s belles comp\u00e9tences pour viser l\u2019excellence chez les uns, nous savons \u00e9galement prendre en charge les \u00e9ventuelles difficult\u00e9s chez les autres.<\/p>\n\n\n\n<p>Par ailleurs, nous avons aussi \u00e0 c\u0153ur de prendre en compte les besoins particuliers de chaque \u00e9l\u00e8ve. Les recommandations faites dans les PAP, PAI, GEVASCO sont suivies.<\/p>\n\n\n\n<p>L\u2019accompagnement personnalis\u00e9 permet d\u2019aboutir \u00e0 une orientation pleinement construite et r\u00e9fl\u00e9chie gr\u00e2ce aux conseils avis\u00e9s des diff\u00e9rents professionnels.<\/p>\n\n\n\n<p>La r\u00e9ussite est propre \u00e0 chacun. Nous savons combien il est important pour nos \u00e9l\u00e8ves de gagner la confiance en soi, l\u2019estime de soi, de viser la fiert\u00e9 du travail bien fait.<\/p>\n\n\n\n<p>Depuis la pand\u00e9mie, le lyc\u00e9e a investi sans r\u00e9serve dans les mat\u00e9riels et produits indispensables au bon respect des gestes barri\u00e8res. La s\u00e9curit\u00e9 de tous reste notre priorit\u00e9.<\/p>\n\n\n\n<p>Outre la protection individuelle, c\u2019est l\u2019acte citoyen de se prot\u00e9ger les uns les autres qui est vis\u00e9.<\/p>\n\n\n\n<p>Enfin, venir \u00e0 M\u00e9zi\u00e8res, cela implique d\u2019accepter la r\u00e8gle commune, cela n\u00e9cessite d\u2019exercer son m\u00e9tier d\u2019\u00e9l\u00e8ve, cela suppose de partager les valeurs qui portent notre \u00e9cole.<\/p>\n\n\n\n<p>C\u2019est parce que nous partageons les m\u00eames convictions et la m\u00eame ardeur avec les \u00e9quipes que nous allons continuer \u00e0 faire vivre cette effervescence et cette \u00e9mulation qui sont les vecteurs indiscutables de la r\u00e9ussite de nos \u00e9l\u00e8ves.<\/p>\n\n\n\n<p>&nbsp;&nbsp;&nbsp;&nbsp;&nbsp;&nbsp;&nbsp;&nbsp;&nbsp;&nbsp;&nbsp;&nbsp;&nbsp;&nbsp;&nbsp;&nbsp;&nbsp;&nbsp;&nbsp;&nbsp;&nbsp;&nbsp;&nbsp;&nbsp;&nbsp;&nbsp;&nbsp;&nbsp;&nbsp;&nbsp;&nbsp;&nbsp;&nbsp;&nbsp;&nbsp;&nbsp;&nbsp;&nbsp;&nbsp;&nbsp;&nbsp;&nbsp;&nbsp;&nbsp;&nbsp;&nbsp;&nbsp;&nbsp;&nbsp;&nbsp;&nbsp;&nbsp;&nbsp;&nbsp;&nbsp;&nbsp;&nbsp;&nbsp;&nbsp;&nbsp;&nbsp;&nbsp;&nbsp;&nbsp;&nbsp;&nbsp;&nbsp;&nbsp;&nbsp;&nbsp;&nbsp;&nbsp;&nbsp;&nbsp;&nbsp;&nbsp;&nbsp;&nbsp;&nbsp;&nbsp;&nbsp;&nbsp;&nbsp;&nbsp;&nbsp;&nbsp;&nbsp;&nbsp;&nbsp;&nbsp;&nbsp;&nbsp;&nbsp;&nbsp;&nbsp;&nbsp;&nbsp;&nbsp;&nbsp;&nbsp;&nbsp;&nbsp;&nbsp;&nbsp;&nbsp;&nbsp;&nbsp;&nbsp;&nbsp;&nbsp; Sylvie FREYERMUTH<\/p>\n\n\n\n<p>\u00a0\u00a0\u00a0\u00a0\u00a0\u00a0\u00a0\u00a0\u00a0\u00a0\u00a0\u00a0\u00a0\u00a0\u00a0\u00a0\u00a0\u00a0\u00a0\u00a0\u00a0\u00a0\u00a0\u00a0\u00a0\u00a0\u00a0\u00a0\u00a0\u00a0\u00a0\u00a0\u00a0\u00a0\u00a0\u00a0\u00a0\u00a0\u00a0 \u00a0\u00a0\u00a0\u00a0\u00a0\u00a0\u00a0\u00a0\u00a0\u00a0\u00a0\u00a0\u00a0\u00a0\u00a0\u00a0\u00a0\u00a0\u00a0\u00a0\u00a0\u00a0\u00a0\u00a0\u00a0\u00a0\u00a0\u00a0\u00a0\u00a0\u00a0\u00a0\u00a0\u00a0\u00a0\u00a0\u00a0\u00a0\u00a0\u00a0\u00a0\u00a0\u00a0\u00a0\u00a0\u00a0\u00a0\u00a0\u00a0\u00a0\u00a0\u00a0\u00a0\u00a0\u00a0\u00a0\u00a0\u00a0\u00a0\u00a0\u00a0\u00a0\u00a0\u00a0\u00a0\u00a0\u00a0\u00a0\u00a0\u00a0\u00a0\u00a0\u00a0Proviseur<br><\/p>\n","protected":false},"excerpt":{"rendered":"<p>Le lyc\u00e9e polyvalent Alfred M\u00e9zi\u00e8res b\u00e9n\u00e9ficie depuis de longues ann\u00e9es d\u2019une r\u00e9putation \u00e0 la hauteur de ses engagements. Les effectifs<\/p>\n","protected":false},"author":1,"featured_media":0,"parent":0,"menu_order":1,"comment_status":"closed","ping_status":"closed","template":"","meta":{"_exactmetrics_skip_tracking":false,"_exactmetrics_sitenote_active":false,"_exactmetrics_sitenote_note":"","_exactmetrics_sitenote_category":0,"footnotes":""},"_links":{"self":[{"href":"https:\/\/sites.ac-nancy-metz.fr\/lyc-alfred-mezieres-longwy\/wp-json\/wp\/v2\/pages\/182"}],"collection":[{"href":"https:\/\/sites.ac-nancy-metz.fr\/lyc-alfred-mezieres-longwy\/wp-json\/wp\/v2\/pages"}],"about":[{"href":"https:\/\/sites.ac-nancy-metz.fr\/lyc-alfred-mezieres-longwy\/wp-json\/wp\/v2\/types\/page"}],"author":[{"embeddable":true,"href":"https:\/\/sites.ac-nancy-metz.fr\/lyc-alfred-mezieres-longwy\/wp-json\/wp\/v2\/users\/1"}],"replies":[{"embeddable":true,"href":"https:\/\/sites.ac-nancy-metz.fr\/lyc-alfred-mezieres-longwy\/wp-json\/wp\/v2\/comments?post=182"}],"version-history":[{"count":0,"href":"https:\/\/sites.ac-nancy-metz.fr\/lyc-alfred-mezieres-longwy\/wp-json\/wp\/v2\/pages\/182\/revisions"}],"wp:attachment":[{"href":"https:\/\/sites.ac-nancy-metz.fr\/lyc-alfred-mezieres-longwy\/wp-json\/wp\/v2\/media?parent=182"}],"curies":[{"name":"wp","href":"https:\/\/api.w.org\/{rel}","templated":true}]}}