{"id":184,"date":"2018-05-01T17:37:09","date_gmt":"2018-05-01T15:37:09","guid":{"rendered":"http:\/\/sites.ac-nancy-metz.fr\/lyc-alfred-mezieres-longwy\/?page_id=184"},"modified":"2018-06-21T20:15:14","modified_gmt":"2018-06-21T18:15:14","slug":"alfred-mezieres","status":"publish","type":"page","link":"https:\/\/sites.ac-nancy-metz.fr\/lyc-alfred-mezieres-longwy\/alfred-mezieres\/","title":{"rendered":"Alfred M\u00e9zi\u00e8res"},"content":{"rendered":"<p style=\"text-align: center;\"><strong><span style=\"font-family: verdana, geneva, sans-serif; color: #339966;\">Un honn\u00eate homme au service du pays haut<\/span><\/strong><\/p>\n<figure id=\"attachment_240\" aria-describedby=\"caption-attachment-240\" style=\"width: 220px\" class=\"wp-caption aligncenter\"><img loading=\"lazy\" decoding=\"async\" class=\"size-medium wp-image-240\" title=\"\" src=\"http:\/\/sites.ac-nancy-metz.fr\/lyc-alfred-mezieres-longwy\/wp-content\/uploads\/2018\/05\/Alfred-Mezieres-1875-220x300.jpeg\" alt=\"Portrait d'Alfred M\u00e9zi\u00e8res en 1875\" width=\"220\" height=\"300\" \/><figcaption id=\"caption-attachment-240\" class=\"wp-caption-text\">\u00ab Source gallica.bnf.fr \/ BnF \u00bb<\/figcaption><\/figure>\n<p><span style=\"font-family: verdana, geneva, sans-serif;\">Alfred M\u00e9zi\u00e8res (Rehon : 1826-1915) passa sa jeunesse dans le pays longovicien, fit ses \u00e9tudes au Coll\u00e8ge de Metz, suivit une ann\u00e9e de formation compl\u00e9mentaire en rh\u00e9torique, apr\u00e8s son baccalaur\u00e9at et int\u00e9gra l\u2019\u00c9cole Normale Sup\u00e9rieure o\u00f9 il rencontra Pasteur. Pendant les \u00e9v\u00e8nements de 1848, il collabora aux mesures prises pour repousser les \u00e9meutiers qui voulaient envahir l\u2019H\u00f4tel de ville. Il y c\u00f4toya de Freycinet et Lamartine. D\u00e8s que l\u2019ordre fut r\u00e9tabli, l\u2019\u00e9tudiant r\u00e9int\u00e9gra l\u2019ENS et pr\u00e9para l\u2019agr\u00e9gation.<\/span><\/p>\n<p><strong><span style=\"font-family: verdana, geneva, sans-serif; color: #339966;\">Sa carri\u00e8re<\/span><\/strong><br \/>\n<span style=\"font-family: verdana, geneva, sans-serif;\">Apr\u00e8s sa sortie de l\u2019ENS, notre lorrain enseigna au coll\u00e8ge de Metz puis au Lyc\u00e9e de Toulouse. Il rejoignit alors l\u2019\u00c9cole Fran\u00e7aise d\u2019Ath\u00e8nes. D\u00e8s son retour, il fut admis, \u00e0 la Facult\u00e9 des Lettres de Nancy, et autorisa les jeunes filles \u00e0 assister \u00e0 ses cours. \u00c0 la SORBONNE, il fut titulaire d\u2019une chaire en 1863 ; pendant 2O ann\u00e9es, A. M\u00e9zi\u00e8res enseigna la litt\u00e9rature \u00e9trang\u00e8re et publia ses ouvrages sur Shakespeare, Petrarque, Dante et Goethe, apr\u00e8s avoir s\u00e9journ\u00e9 dans leurs pays d\u2019origine.<\/span><\/p>\n<p><span style=\"font-family: verdana, geneva, sans-serif;\">Ses principaux ouvrages \u00e9voquent La Soci\u00e9t\u00e9 Fran\u00e7aise, l\u2019\u00c9ducation Morale et Instruction Civique ;( Morale et Patrie, Morts et Vivants, R\u00e9cits de l\u2019Invasion, Pages d\u2019Automne, Mirabeau, l\u2019\u00c9cole Normale)&#8230;<\/span><\/p>\n<p><span style=\"font-family: verdana, geneva, sans-serif;\">Parall\u00e8lement, il collabora de nombreuses ann\u00e9es au journal \u201cAu temps\u201d et \u00e0 la \u201cRevue des 2 mondes\u201d. Il pr\u00e9sida l\u2019Association des Journalistes.<\/span><\/p>\n<p><span style=\"font-family: verdana, geneva, sans-serif;\">Ses fonctions de professeur, de journaliste, d\u2019Acad\u00e9micien (admis en 1874), ne l\u2019emp\u00each\u00e8rent pas de parrainer et de pr\u00e9sider l\u2019Orphelinat de l\u2019Enseignement primaire de 1885 \u00e0 1915.<\/span><br \/>\n<span style=\"font-family: verdana, geneva, sans-serif;\"> \u00a0<\/span><\/p>\n<p><strong><span style=\"font-family: verdana, geneva, sans-serif; color: #339966;\">Ses engagements politiques<\/span><\/strong><br \/>\n<span style=\"font-family: verdana, geneva, sans-serif;\">Sa curiosit\u00e9, son go\u00fbt de la communication, ses id\u00e9es r\u00e9publicaines, son sens social furent mis en pratique par ses nombreux mandats de Conseiller g\u00e9n\u00e9ral et Pr\u00e9sident de cette assembl\u00e9e.<\/span><br \/>\n<span style=\"font-family: verdana, geneva, sans-serif;\"> D\u00e9put\u00e9 pour l\u2019arrondissement de Briey et S\u00e9nateur pour le d\u00e9partement de Meurthe et Moselle, il favorisa en se d\u00e9sistant, l\u2019\u00e9lection d\u2019A. Dreux (Ma\u00eetre de Forges) et celle d\u2019Albert Lebrun (poste de pr\u00e9sident du Conseil g\u00e9n\u00e9ral, futur pr\u00e9sident de la R\u00e9publique).<\/span><\/p>\n<p><span style=\"font-family: verdana, geneva, sans-serif;\">\u00c9lu d\u00e9put\u00e9 de 1881 \u00e0 19O6, Alfred M\u00e9zi\u00e8res se consacra aux questions de l\u2019enseignement (rapporteur Loi Falloux : libert\u00e9 de l\u2019enseignement), \u00e0 celles de l\u2019industrie (intervenant sur les tarifs douaniers pour d\u00e9fendre la m\u00e9tallurgie), de l\u2019agriculture, de l\u2019arm\u00e9e (charg\u00e9 de l\u2019examen du projet de loi concernant l\u2019organisation du cadre des v\u00e9t\u00e9rinaires militaires, recrutement de l\u2019arm\u00e9e, outillage national), de la vie civile (s\u00e9paration de l\u2019\u00c9glise et de l\u2019\u00e9tat)&#8230;<\/span><\/p>\n<p><strong><span style=\"font-family: verdana, geneva, sans-serif; color: #339966;\">Puisse la vie de \u201ccet Homme de Bien\u201d inspirer les Jeunes qui fr\u00e9quentent le Lyc\u00e9e Alfred M\u00e9zi\u00e8res de Longwy !<\/span><\/strong><\/p>\n","protected":false},"excerpt":{"rendered":"<p>Un honn\u00eate homme au service du pays haut Alfred M\u00e9zi\u00e8res (Rehon : 1826-1915) passa sa jeunesse dans le pays longovicien,<\/p>\n","protected":false},"author":1,"featured_media":0,"parent":0,"menu_order":2,"comment_status":"closed","ping_status":"closed","template":"","meta":{"_exactmetrics_skip_tracking":false,"_exactmetrics_sitenote_active":false,"_exactmetrics_sitenote_note":"","_exactmetrics_sitenote_category":0,"footnotes":""},"_links":{"self":[{"href":"https:\/\/sites.ac-nancy-metz.fr\/lyc-alfred-mezieres-longwy\/wp-json\/wp\/v2\/pages\/184"}],"collection":[{"href":"https:\/\/sites.ac-nancy-metz.fr\/lyc-alfred-mezieres-longwy\/wp-json\/wp\/v2\/pages"}],"about":[{"href":"https:\/\/sites.ac-nancy-metz.fr\/lyc-alfred-mezieres-longwy\/wp-json\/wp\/v2\/types\/page"}],"author":[{"embeddable":true,"href":"https:\/\/sites.ac-nancy-metz.fr\/lyc-alfred-mezieres-longwy\/wp-json\/wp\/v2\/users\/1"}],"replies":[{"embeddable":true,"href":"https:\/\/sites.ac-nancy-metz.fr\/lyc-alfred-mezieres-longwy\/wp-json\/wp\/v2\/comments?post=184"}],"version-history":[{"count":0,"href":"https:\/\/sites.ac-nancy-metz.fr\/lyc-alfred-mezieres-longwy\/wp-json\/wp\/v2\/pages\/184\/revisions"}],"wp:attachment":[{"href":"https:\/\/sites.ac-nancy-metz.fr\/lyc-alfred-mezieres-longwy\/wp-json\/wp\/v2\/media?parent=184"}],"curies":[{"name":"wp","href":"https:\/\/api.w.org\/{rel}","templated":true}]}}