{"id":186,"date":"2018-05-01T17:37:29","date_gmt":"2018-05-01T15:37:29","guid":{"rendered":"http:\/\/sites.ac-nancy-metz.fr\/lyc-alfred-mezieres-longwy\/?page_id=186"},"modified":"2018-07-04T09:55:53","modified_gmt":"2018-07-04T07:55:53","slug":"lycee-en-images","status":"publish","type":"page","link":"https:\/\/sites.ac-nancy-metz.fr\/lyc-alfred-mezieres-longwy\/lycee-en-images\/","title":{"rendered":"Lyc\u00e9e en images"},"content":{"rendered":"<p style=\"text-align: center;\"><strong><span style=\"color: #339966; font-family: verdana, geneva, sans-serif;\">Le lyc\u00e9e \u00e0 travers le temps<\/span><\/strong><\/p>\n<p><span style=\"color: #339966; font-family: verdana, geneva, sans-serif;\">Un nouveau lyc\u00e9e \u00e0 Longwy <\/span><\/p>\n<table style=\"border-collapse: collapse; width: 100%;\" border=\"1\">\n<tbody>\n<tr style=\"height: 24px;\">\n<td style=\"width: 50%; text-align: center; height: 24px;\"><span style=\"font-family: verdana, geneva, sans-serif;\"><strong><span style=\"color: #339966;\">1950<br \/>\n<\/span><\/strong><a href=\"http:\/\/sites.ac-nancy-metz.fr\/lyc-alfred-mezieres-longwy\/wp-content\/uploads\/2018\/06\/1950.jpg\"><img loading=\"lazy\" decoding=\"async\" class=\"aligncenter wp-image-858 size-full\" src=\"http:\/\/sites.ac-nancy-metz.fr\/lyc-alfred-mezieres-longwy\/wp-content\/uploads\/2018\/06\/1950.jpg\" alt=\"\" width=\"787\" height=\"660\" srcset=\"https:\/\/sites.ac-nancy-metz.fr\/lyc-alfred-mezieres-longwy\/wp-content\/uploads\/2018\/06\/1950.jpg 787w, https:\/\/sites.ac-nancy-metz.fr\/lyc-alfred-mezieres-longwy\/wp-content\/uploads\/2018\/06\/1950-300x252.jpg 300w, https:\/\/sites.ac-nancy-metz.fr\/lyc-alfred-mezieres-longwy\/wp-content\/uploads\/2018\/06\/1950-768x644.jpg 768w\" sizes=\"(max-width: 787px) 100vw, 787px\" \/><\/a><\/span><\/td>\n<td style=\"width: 50%; text-align: center; height: 24px;\"><span style=\"font-family: verdana, geneva, sans-serif;\"><strong><span style=\"color: #339966;\">1967<br \/>\n<a href=\"http:\/\/sites.ac-nancy-metz.fr\/lyc-alfred-mezieres-longwy\/wp-content\/uploads\/2018\/06\/1968.jpg\"><img loading=\"lazy\" decoding=\"async\" class=\"aligncenter wp-image-861 size-full\" title=\"\" src=\"http:\/\/sites.ac-nancy-metz.fr\/lyc-alfred-mezieres-longwy\/wp-content\/uploads\/2018\/06\/1968.jpg\" alt=\"\" width=\"787\" height=\"660\" srcset=\"https:\/\/sites.ac-nancy-metz.fr\/lyc-alfred-mezieres-longwy\/wp-content\/uploads\/2018\/06\/1968.jpg 787w, https:\/\/sites.ac-nancy-metz.fr\/lyc-alfred-mezieres-longwy\/wp-content\/uploads\/2018\/06\/1968-300x252.jpg 300w, https:\/\/sites.ac-nancy-metz.fr\/lyc-alfred-mezieres-longwy\/wp-content\/uploads\/2018\/06\/1968-768x644.jpg 768w\" sizes=\"(max-width: 787px) 100vw, 787px\" \/><\/a><\/span><\/strong><\/span><\/td>\n<\/tr>\n<tr style=\"height: 24px;\">\n<td style=\"width: 50%; height: 24px;\"><em><span style=\"font-family: verdana, geneva, sans-serif; font-size: 8pt;\">@IGN 2018<\/span><\/em><\/td>\n<td style=\"width: 50%; height: 24px;\"><\/td>\n<\/tr>\n<\/tbody>\n<\/table>\n<p><span style=\"font-family: verdana, geneva, sans-serif; color: #339966;\">Un lyc\u00e9e qui prend de l&#8217;\u00e2ge<\/span><\/p>\n<table style=\"border-collapse: collapse; width: 100%;\" border=\"1\">\n<tbody>\n<tr>\n<td style=\"width: 50%; text-align: center;\"><strong><span style=\"color: #339966; font-family: verdana, geneva, sans-serif;\">2014<\/span><\/strong><br \/>\n<strong><span style=\"color: #339966; font-family: verdana, geneva, sans-serif;\"><a href=\"http:\/\/sites.ac-nancy-metz.fr\/lyc-alfred-mezieres-longwy\/wp-content\/uploads\/2018\/06\/2014.jpg\"><img loading=\"lazy\" decoding=\"async\" class=\"aligncenter wp-image-859 size-full\" src=\"http:\/\/sites.ac-nancy-metz.fr\/lyc-alfred-mezieres-longwy\/wp-content\/uploads\/2018\/06\/2014.jpg\" alt=\"\" width=\"787\" height=\"660\" srcset=\"https:\/\/sites.ac-nancy-metz.fr\/lyc-alfred-mezieres-longwy\/wp-content\/uploads\/2018\/06\/2014.jpg 787w, https:\/\/sites.ac-nancy-metz.fr\/lyc-alfred-mezieres-longwy\/wp-content\/uploads\/2018\/06\/2014-300x252.jpg 300w, https:\/\/sites.ac-nancy-metz.fr\/lyc-alfred-mezieres-longwy\/wp-content\/uploads\/2018\/06\/2014-768x644.jpg 768w\" sizes=\"(max-width: 787px) 100vw, 787px\" \/><\/a><\/span><\/strong><\/td>\n<td style=\"width: 50%; text-align: center;\"><strong><span style=\"color: #339966; font-family: verdana, geneva, sans-serif;\">2014<\/span><\/strong><br \/>\n<strong><span style=\"color: #339966; font-family: verdana, geneva, sans-serif;\"><a href=\"http:\/\/sites.ac-nancy-metz.fr\/lyc-alfred-mezieres-longwy\/wp-content\/uploads\/2018\/06\/f-29.jpg\"><img loading=\"lazy\" decoding=\"async\" class=\"aligncenter wp-image-872 size-full\" src=\"http:\/\/sites.ac-nancy-metz.fr\/lyc-alfred-mezieres-longwy\/wp-content\/uploads\/2018\/06\/f-29.jpg\" alt=\"\" width=\"787\" height=\"660\" srcset=\"https:\/\/sites.ac-nancy-metz.fr\/lyc-alfred-mezieres-longwy\/wp-content\/uploads\/2018\/06\/f-29.jpg 787w, https:\/\/sites.ac-nancy-metz.fr\/lyc-alfred-mezieres-longwy\/wp-content\/uploads\/2018\/06\/f-29-300x252.jpg 300w, https:\/\/sites.ac-nancy-metz.fr\/lyc-alfred-mezieres-longwy\/wp-content\/uploads\/2018\/06\/f-29-768x644.jpg 768w\" sizes=\"(max-width: 787px) 100vw, 787px\" \/><\/a><\/span><\/strong><\/td>\n<\/tr>\n<tr>\n<td style=\"width: 50%;\"><em><span style=\"font-family: verdana, geneva, sans-serif; font-size: 8pt;\">@IGN 2018<\/span><\/em><\/td>\n<td style=\"width: 50%;\"><\/td>\n<\/tr>\n<\/tbody>\n<\/table>\n<p><span style=\"font-family: verdana, geneva, sans-serif; color: #339966;\">Vers un renouveau du lyc\u00e9e : r\u00e9novation et reconstruction en cours.<br \/>\n<\/span><\/p>\n<table style=\"border-collapse: collapse; width: 100%;\" border=\"1\">\n<tbody>\n<tr>\n<td style=\"width: 50%; text-align: center;\"><strong><span style=\"font-family: verdana, geneva, sans-serif; color: #339966;\">2015<\/span><\/strong><br \/>\n<a href=\"http:\/\/sites.ac-nancy-metz.fr\/lyc-alfred-mezieres-longwy\/wp-content\/uploads\/2018\/06\/2015.jpg\"><img loading=\"lazy\" decoding=\"async\" class=\"aligncenter wp-image-876 size-full\" src=\"http:\/\/sites.ac-nancy-metz.fr\/lyc-alfred-mezieres-longwy\/wp-content\/uploads\/2018\/06\/2015.jpg\" alt=\"\" width=\"787\" height=\"660\" srcset=\"https:\/\/sites.ac-nancy-metz.fr\/lyc-alfred-mezieres-longwy\/wp-content\/uploads\/2018\/06\/2015.jpg 787w, https:\/\/sites.ac-nancy-metz.fr\/lyc-alfred-mezieres-longwy\/wp-content\/uploads\/2018\/06\/2015-300x252.jpg 300w, https:\/\/sites.ac-nancy-metz.fr\/lyc-alfred-mezieres-longwy\/wp-content\/uploads\/2018\/06\/2015-768x644.jpg 768w\" sizes=\"(max-width: 787px) 100vw, 787px\" \/><\/a><\/td>\n<td style=\"width: 50%;\">\n<p style=\"text-align: center;\"><strong><span style=\"font-family: verdana, geneva, sans-serif; color: #339966;\">2018<\/span><\/strong><a href=\"http:\/\/sites.ac-nancy-metz.fr\/lyc-alfred-mezieres-longwy\/wp-content\/uploads\/2018\/07\/Vue-densemble-2018.jpg\"><img loading=\"lazy\" decoding=\"async\" class=\"aligncenter wp-image-964 size-full\" src=\"http:\/\/sites.ac-nancy-metz.fr\/lyc-alfred-mezieres-longwy\/wp-content\/uploads\/2018\/07\/Vue-densemble-2018.jpg\" alt=\"\" width=\"787\" height=\"660\" srcset=\"https:\/\/sites.ac-nancy-metz.fr\/lyc-alfred-mezieres-longwy\/wp-content\/uploads\/2018\/07\/Vue-densemble-2018.jpg 787w, https:\/\/sites.ac-nancy-metz.fr\/lyc-alfred-mezieres-longwy\/wp-content\/uploads\/2018\/07\/Vue-densemble-2018-300x252.jpg 300w, https:\/\/sites.ac-nancy-metz.fr\/lyc-alfred-mezieres-longwy\/wp-content\/uploads\/2018\/07\/Vue-densemble-2018-768x644.jpg 768w\" sizes=\"(max-width: 787px) 100vw, 787px\" \/><\/a><\/p>\n<\/td>\n<\/tr>\n<tr>\n<td style=\"width: 50%;\"><em><span style=\"font-size: 8pt; font-family: verdana, geneva, sans-serif;\">@Google earth 2018<\/span><\/em><\/td>\n<td style=\"width: 50%;\"><\/td>\n<\/tr>\n<\/tbody>\n<\/table>\n","protected":false},"excerpt":{"rendered":"<p>Le lyc\u00e9e \u00e0 travers le temps Un nouveau lyc\u00e9e \u00e0 Longwy 1950 1967 @IGN 2018 Un lyc\u00e9e qui prend de<\/p>\n","protected":false},"author":1,"featured_media":0,"parent":0,"menu_order":3,"comment_status":"closed","ping_status":"closed","template":"","meta":{"_exactmetrics_skip_tracking":false,"_exactmetrics_sitenote_active":false,"_exactmetrics_sitenote_note":"","_exactmetrics_sitenote_category":0,"footnotes":""},"_links":{"self":[{"href":"https:\/\/sites.ac-nancy-metz.fr\/lyc-alfred-mezieres-longwy\/wp-json\/wp\/v2\/pages\/186"}],"collection":[{"href":"https:\/\/sites.ac-nancy-metz.fr\/lyc-alfred-mezieres-longwy\/wp-json\/wp\/v2\/pages"}],"about":[{"href":"https:\/\/sites.ac-nancy-metz.fr\/lyc-alfred-mezieres-longwy\/wp-json\/wp\/v2\/types\/page"}],"author":[{"embeddable":true,"href":"https:\/\/sites.ac-nancy-metz.fr\/lyc-alfred-mezieres-longwy\/wp-json\/wp\/v2\/users\/1"}],"replies":[{"embeddable":true,"href":"https:\/\/sites.ac-nancy-metz.fr\/lyc-alfred-mezieres-longwy\/wp-json\/wp\/v2\/comments?post=186"}],"version-history":[{"count":0,"href":"https:\/\/sites.ac-nancy-metz.fr\/lyc-alfred-mezieres-longwy\/wp-json\/wp\/v2\/pages\/186\/revisions"}],"wp:attachment":[{"href":"https:\/\/sites.ac-nancy-metz.fr\/lyc-alfred-mezieres-longwy\/wp-json\/wp\/v2\/media?parent=186"}],"curies":[{"name":"wp","href":"https:\/\/api.w.org\/{rel}","templated":true}]}}