{"id":188,"date":"2018-05-01T17:37:49","date_gmt":"2018-05-01T15:37:49","guid":{"rendered":"http:\/\/sites.ac-nancy-metz.fr\/lyc-alfred-mezieres-longwy\/?page_id=188"},"modified":"2026-05-04T12:41:51","modified_gmt":"2026-05-04T10:41:51","slug":"plan-acces","status":"publish","type":"page","link":"https:\/\/sites.ac-nancy-metz.fr\/lyc-alfred-mezieres-longwy\/plan-acces\/","title":{"rendered":"Plan-acc\u00e8s"},"content":{"rendered":"\n<p class=\"has-text-align-center\"><strong><span style=\"font-family: verdana, geneva, sans-serif; color: #339966;\">Lyc\u00e9e polyvalent Alfred M\u00e9zi\u00e8res<br><\/span><\/strong><span style=\"font-family: verdana, geneva, sans-serif;\">3, avenue Andr\u00e9 Malraux<br>54400 LONGWY<\/span><\/p>\n\n\n\n<p><span style=\"font-family: verdana, geneva, sans-serif;\"> Un seul \u00e9tablissement sur deux sites distants de 500 m\u00e8tres :<\/span><\/p>\n\n\n\n<p><span style=\"font-family: verdana, geneva, sans-serif;\">&#8211; Site Malraux<\/span><\/p>\n\n\n\n<p><span style=\"font-family: verdana, geneva, sans-serif;\">&#8211; Site Aviation<\/span><\/p>\n\n\n\n<iframe style=\"width: 100%; height: 600px; border: 0;\" allowfullscreen allow=\"geolocation\" src=\"\/\/umap.openstreetmap.fr\/fr\/map\/lycee-polyvalent-alfred-mezieres-longwy_898581?scaleControl=false&#038;miniMap=false&#038;scrollWheelZoom=false&#038;zoomControl=true&#038;editMode=disabled&#038;moreControl=false&#038;searchControl=false&#038;tilelayersControl=null&#038;embedControl=false&#038;datalayersControl=false&#038;onLoadPanel=none&#038;captionBar=false&#038;captionMenus=false&#038;homeControl=false\"><\/iframe><p><a href=\"\/\/umap.openstreetmap.fr\/fr\/map\/lycee-polyvalent-alfred-mezieres-longwy_898581?scaleControl=false&#038;miniMap=false&#038;scrollWheelZoom=true&#038;zoomControl=true&#038;editMode=disabled&#038;moreControl=false&#038;searchControl=false&#038;tilelayersControl=null&#038;embedControl=false&#038;datalayersControl=false&#038;onLoadPanel=none&#038;captionBar=false&#038;captionMenus=false&#038;homeControl=false\">Voir en plein \u00e9cran<\/a><\/p>\n","protected":false},"excerpt":{"rendered":"<p>Lyc\u00e9e polyvalent Alfred M\u00e9zi\u00e8res3, avenue Andr\u00e9 Malraux54400 LONGWY Un seul \u00e9tablissement sur deux sites distants de 500 m\u00e8tres : &#8211;<\/p>\n","protected":false},"author":1,"featured_media":0,"parent":0,"menu_order":4,"comment_status":"closed","ping_status":"closed","template":"","meta":{"_exactmetrics_skip_tracking":false,"_exactmetrics_sitenote_active":false,"_exactmetrics_sitenote_note":"","_exactmetrics_sitenote_category":0,"footnotes":""},"_links":{"self":[{"href":"https:\/\/sites.ac-nancy-metz.fr\/lyc-alfred-mezieres-longwy\/wp-json\/wp\/v2\/pages\/188"}],"collection":[{"href":"https:\/\/sites.ac-nancy-metz.fr\/lyc-alfred-mezieres-longwy\/wp-json\/wp\/v2\/pages"}],"about":[{"href":"https:\/\/sites.ac-nancy-metz.fr\/lyc-alfred-mezieres-longwy\/wp-json\/wp\/v2\/types\/page"}],"author":[{"embeddable":true,"href":"https:\/\/sites.ac-nancy-metz.fr\/lyc-alfred-mezieres-longwy\/wp-json\/wp\/v2\/users\/1"}],"replies":[{"embeddable":true,"href":"https:\/\/sites.ac-nancy-metz.fr\/lyc-alfred-mezieres-longwy\/wp-json\/wp\/v2\/comments?post=188"}],"version-history":[{"count":27,"href":"https:\/\/sites.ac-nancy-metz.fr\/lyc-alfred-mezieres-longwy\/wp-json\/wp\/v2\/pages\/188\/revisions"}],"predecessor-version":[{"id":4798,"href":"https:\/\/sites.ac-nancy-metz.fr\/lyc-alfred-mezieres-longwy\/wp-json\/wp\/v2\/pages\/188\/revisions\/4798"}],"wp:attachment":[{"href":"https:\/\/sites.ac-nancy-metz.fr\/lyc-alfred-mezieres-longwy\/wp-json\/wp\/v2\/media?parent=188"}],"curies":[{"name":"wp","href":"https:\/\/api.w.org\/{rel}","templated":true}]}}