{"id":251,"date":"2018-05-02T10:32:15","date_gmt":"2018-05-02T08:32:15","guid":{"rendered":"http:\/\/sites.ac-nancy-metz.fr\/lyc-alfred-mezieres-longwy\/?page_id=251"},"modified":"2020-09-06T13:43:51","modified_gmt":"2020-09-06T11:43:51","slug":"bacs-generaux-et-technologiques","status":"publish","type":"page","link":"https:\/\/sites.ac-nancy-metz.fr\/lyc-alfred-mezieres-longwy\/bacs-generaux-et-technologiques\/","title":{"rendered":"Bacs g\u00e9n\u00e9raux et technologiques"},"content":{"rendered":"<p style=\"text-align: center;\"><strong><span style=\"font-family: verdana, geneva, sans-serif; color: #339966;\">Enseignement g\u00e9n\u00e9ral et technologique<\/span><\/strong><\/p>\n<p><span style=\"font-family: verdana, geneva, sans-serif;\">La mission du lyc\u00e9e d&#8217;enseignement g\u00e9n\u00e9ral et technologique est d&#8217;assurer la r\u00e9ussite de chaque lyc\u00e9en et de le pr\u00e9parer \u00e0 la poursuite de ses \u00e9tudes dans l&#8217;enseignement sup\u00e9rieur. <\/span><\/p>\n<p><span style=\"font-family: verdana, geneva, sans-serif;\">La voie technologique permet aux \u00e9l\u00e8ves de construire un parcours les conduisant aux m\u00e9tiers d&#8217;ing\u00e9nieur et de technicien sup\u00e9rieur.<br \/>\n<\/span><span style=\"font-family: verdana, geneva, sans-serif; font-size: 8pt;\">(<em>Source : eduscol.education.fr<\/em>)<\/span><\/p>\n<p><strong><span style=\"font-family: verdana, geneva, sans-serif; color: #339966;\"><a href=\"#seconde\">Seconde g\u00e9n\u00e9rale et technologique\u00a0 <img loading=\"lazy\" decoding=\"async\" class=\"alignnone wp-image-1017\" src=\"http:\/\/sites.ac-nancy-metz.fr\/lyc-alfred-mezieres-longwy\/wp-content\/uploads\/2018\/07\/fleche-droite.gif\" alt=\"\" width=\"10\" height=\"15\" \/><\/a><br \/>\n<\/span><\/strong><\/p>\n<p><strong><span style=\"font-family: verdana, geneva, sans-serif; color: #339966;\"><a href=\"#bacs-generaux\">Cycle terminal de la voie g\u00e9n\u00e9rale\u00a0 <img loading=\"lazy\" decoding=\"async\" class=\"alignnone wp-image-1017\" src=\"http:\/\/sites.ac-nancy-metz.fr\/lyc-alfred-mezieres-longwy\/wp-content\/uploads\/2018\/07\/fleche-droite.gif\" alt=\"\" width=\"10\" height=\"15\" \/><\/a><br \/>\n<\/span><\/strong><\/p>\n<p><strong><span style=\"font-family: verdana, geneva, sans-serif; color: #339966;\"><a href=\"#bacs-technologiques\">Cycle terminal de la voie technologique\u00a0 <img loading=\"lazy\" decoding=\"async\" class=\"alignnone wp-image-1017\" src=\"http:\/\/sites.ac-nancy-metz.fr\/lyc-alfred-mezieres-longwy\/wp-content\/uploads\/2018\/07\/fleche-droite.gif\" alt=\"\" width=\"10\" height=\"15\" \/><\/a><br \/>\n<a id=\"seconde\"><\/a><br \/>\n<\/span><\/strong><\/p>\n<p><strong><span style=\"font-family: verdana, geneva, sans-serif; color: #339966;\">Seconde g\u00e9<\/span><\/strong><strong><span style=\"font-family: verdana, geneva, sans-serif; color: #339966;\">n\u00e9rale et technologique<\/span><\/strong><\/p>\n<div><span style=\"font-family: verdana, geneva, sans-serif;\">Horaires des enseignements communs :<br \/>\n<\/span><\/div>\n<div>( <span style=\"font-size: 10pt;\"><em>Plus d&#8217;informations : <a href=\"http:\/\/eduscol.education.fr\/cid126665\/vers-le-bac-2021.html\" target=\"_blank\" rel=\"noopener noreferrer\">http:\/\/eduscol.education.fr\/cid126665\/vers-le-bac-2021.html<\/a><\/em><\/span>)<\/div>\n<h2><span style=\"font-size: 10pt;\"><span style=\"font-family: verdana, geneva, sans-serif;\"><span style=\"text-decoration: underline;\">Grille horaire de la classe de seconde<\/span><\/span><\/span><\/h2>\n<table style=\"border-collapse: collapse; width: 100%;\" border=\"1\">\n<tbody>\n<tr style=\"height: 25px;\">\n<td style=\"width: 8.28751%; height: 25px;\"><span style=\"font-family: verdana, geneva, sans-serif;\">Fran\u00e7ais<\/span><\/td>\n<td style=\"width: 7.67943%; height: 25px;\"><span style=\"font-family: verdana, geneva, sans-serif;\">\u00a0 4 h<\/span><\/td>\n<\/tr>\n<tr style=\"height: 25px;\">\n<td style=\"width: 8.28751%; height: 25px;\"><span style=\"font-family: verdana, geneva, sans-serif;\">Histoire-g\u00e9ographie<\/span><\/td>\n<td style=\"width: 7.67943%; height: 25px;\"><span style=\"font-family: verdana, geneva, sans-serif;\">\u00a0 3 h<\/span><\/td>\n<\/tr>\n<tr style=\"height: 25px;\">\n<td style=\"width: 8.28751%; height: 25px;\"><span style=\"font-family: verdana, geneva, sans-serif;\">Langue vivante 1 et 2<\/span><\/td>\n<td style=\"width: 7.67943%; height: 25px;\"><span style=\"font-family: verdana, geneva, sans-serif;\">\u00a0 5 h 30<\/span><\/td>\n<\/tr>\n<tr style=\"height: 25px;\">\n<td style=\"width: 8.28751%; height: 25px;\"><span style=\"font-family: verdana, geneva, sans-serif;\">Math\u00e9matiques<\/span><\/td>\n<td style=\"width: 7.67943%; height: 25px;\"><span style=\"font-family: verdana, geneva, sans-serif;\">\u00a0 4 h<\/span><\/td>\n<\/tr>\n<tr style=\"height: 25px;\">\n<td style=\"width: 8.28751%; height: 25px;\"><span style=\"font-family: verdana, geneva, sans-serif;\">Physique-chimie<\/span><\/td>\n<td style=\"width: 7.67943%; height: 25px;\"><span style=\"font-family: verdana, geneva, sans-serif;\">\u00a0 3 h<\/span><\/td>\n<\/tr>\n<tr style=\"height: 25px;\">\n<td style=\"width: 8.28751%; height: 25px;\"><span style=\"font-family: verdana, geneva, sans-serif;\">Sciences de la vie et de la Terre (SVT)<\/span><\/td>\n<td style=\"width: 7.67943%; height: 25px;\"><span style=\"font-family: verdana, geneva, sans-serif;\">\u00a0 1 h 30<br \/>\n<\/span><\/td>\n<\/tr>\n<tr style=\"height: 25px;\">\n<td style=\"width: 8.28751%; height: 25px;\"><span style=\"font-family: verdana, geneva, sans-serif;\">\u00c9ducation physique et sportive (EPS)<\/span><\/td>\n<td style=\"width: 7.67943%; height: 25px;\"><span style=\"font-family: verdana, geneva, sans-serif;\">\u00a0 2 h<br \/>\n<\/span><\/td>\n<\/tr>\n<tr style=\"height: 25px;\">\n<td style=\"width: 8.28751%; height: 25px;\"><span style=\"font-family: verdana, geneva, sans-serif;\">\u00c9ducation morale et civique (EMC)<\/span><\/td>\n<td style=\"width: 7.67943%; height: 25px;\"><span style=\"font-family: verdana, geneva, sans-serif;\">\u00a0 18h annuelles<br \/>\n<\/span><\/td>\n<\/tr>\n<tr style=\"height: 25px;\">\n<td style=\"width: 8.28751%; height: 25px;\"><span style=\"font-family: verdana, geneva, sans-serif;\">Sciences num\u00e9riqeus et technologique (SNT)<br \/>\n<\/span><\/td>\n<td style=\"width: 7.67943%; height: 25px;\"><span style=\"font-family: verdana, geneva, sans-serif;\">\u00a0 1 h 30<br \/>\n<\/span><\/td>\n<\/tr>\n<tr style=\"height: 25px;\">\n<td style=\"width: 8.28751%; height: 25px;\"><span style=\"font-family: verdana, geneva, sans-serif;\">Accompagnement au choix de l&#8217;orientation <\/span><\/td>\n<td style=\"width: 7.67943%; height: 25px;\"><span style=\"font-family: verdana, geneva, sans-serif;\">\u00a0 0 h 30<br \/>\n<\/span><\/td>\n<\/tr>\n<tr style=\"height: 25px;\">\n<td style=\"width: 8.28751%; height: 25px;\"><span style=\"font-family: verdana, geneva, sans-serif;\"><strong>Horaire \u00e9l\u00e8ve <\/strong><\/span><\/td>\n<td style=\"width: 7.67943%; height: 25px;\"><span style=\"font-family: verdana, geneva, sans-serif;\"><strong>26 h 30<\/strong><\/span><\/td>\n<\/tr>\n<\/tbody>\n<\/table>\n<p><span style=\"font-family: verdana, geneva, sans-serif;\">\u00a0<\/span><\/p>\n<p><span style=\"font-family: verdana, geneva, sans-serif;\"><br \/>\n<a id=\"bacs-generaux\"><\/a><br \/>\n<\/span><\/p>\n<p><strong><span style=\"font-family: verdana, geneva, sans-serif; color: #339966;\">Bacs g\u00e9n\u00e9raux<br \/>\n<\/span><\/strong><br \/>\n<em><span style=\"text-decoration: underline;\"><span style=\"font-family: verdana, geneva, sans-serif; color: #339966; text-decoration: underline;\">En cours d&#8217;actualisation<\/span><\/span><\/em><span style=\"font-family: verdana, geneva, sans-serif;\"><br \/>\n<a id=\"bacs-technologiques\"><\/a><br \/>\n<\/span><\/p>\n<p><strong><span style=\"font-family: verdana, geneva, sans-serif; color: #339966;\">Bacs technologiques<\/span><\/strong><\/p>\n<p><span style=\"text-decoration: underline;\"><span style=\"font-family: verdana, geneva, sans-serif; color: #339966; text-decoration: underline;\">Baccalaur\u00e9at s\u00e9rie STMG (Sciences et Technologies du Management et de la Gestion)<\/span><\/span><br \/>\n<span style=\"font-family: verdana, geneva, sans-serif;\">Sp\u00e9cialit\u00e9 ressources\u00a0 humaines et communication (RHC)\u00a0<\/span><br \/>\n<span style=\"font-family: verdana, geneva, sans-serif;\">Sp\u00e9cialit\u00e9 mercatique (marketing)\u00a0<\/span><br \/>\n<span style=\"font-family: verdana, geneva, sans-serif;\">Sp\u00e9cialit\u00e9 gestion et finance (GF)<\/span><\/p>\n<p><span style=\"text-decoration: underline;\"><span style=\"color: #339966; text-decoration: underline;\"><span style=\"font-family: verdana, geneva, sans-serif;\">Baccalaur\u00e9at s\u00e9rie STI2D <\/span><span style=\"font-family: verdana, geneva, sans-serif;\">(Sciences et Technologies de l&#8217;Industrie et du D\u00e9veloppement Durable)<\/span><\/span><\/span><br \/>\n<iframe src=\"\/\/docs.google.com\/viewer?url=http%3A%2F%2Fsites.ac-nancy-metz.fr%2Flyc-alfred-mezieres-longwy%2Fwp-content%2Fuploads%2F2018%2F06%2FBacSTI2D_BAT.pdf&hl=fr&embedded=true\" class=\"gde-frame\" style=\"width:100%; height:500px; border: none;\" scrolling=\"no\"><\/iframe>\n<p class=\"gde-text\"><a href=\"http:\/\/sites.ac-nancy-metz.fr\/lyc-alfred-mezieres-longwy\/wp-content\/uploads\/2018\/06\/BacSTI2D_BAT.pdf\" class=\"gde-link\">T\u00e9l\u00e9charger (PDF, 955KB)<\/a><\/p><\/p>\n","protected":false},"excerpt":{"rendered":"<p>Enseignement g\u00e9n\u00e9ral et technologique La mission du lyc\u00e9e d&#8217;enseignement g\u00e9n\u00e9ral et technologique est d&#8217;assurer la r\u00e9ussite de chaque lyc\u00e9en et<\/p>\n","protected":false},"author":1,"featured_media":0,"parent":0,"menu_order":1,"comment_status":"closed","ping_status":"closed","template":"","meta":{"_exactmetrics_skip_tracking":false,"_exactmetrics_sitenote_active":false,"_exactmetrics_sitenote_note":"","_exactmetrics_sitenote_category":0,"footnotes":""},"_links":{"self":[{"href":"https:\/\/sites.ac-nancy-metz.fr\/lyc-alfred-mezieres-longwy\/wp-json\/wp\/v2\/pages\/251"}],"collection":[{"href":"https:\/\/sites.ac-nancy-metz.fr\/lyc-alfred-mezieres-longwy\/wp-json\/wp\/v2\/pages"}],"about":[{"href":"https:\/\/sites.ac-nancy-metz.fr\/lyc-alfred-mezieres-longwy\/wp-json\/wp\/v2\/types\/page"}],"author":[{"embeddable":true,"href":"https:\/\/sites.ac-nancy-metz.fr\/lyc-alfred-mezieres-longwy\/wp-json\/wp\/v2\/users\/1"}],"replies":[{"embeddable":true,"href":"https:\/\/sites.ac-nancy-metz.fr\/lyc-alfred-mezieres-longwy\/wp-json\/wp\/v2\/comments?post=251"}],"version-history":[{"count":0,"href":"https:\/\/sites.ac-nancy-metz.fr\/lyc-alfred-mezieres-longwy\/wp-json\/wp\/v2\/pages\/251\/revisions"}],"wp:attachment":[{"href":"https:\/\/sites.ac-nancy-metz.fr\/lyc-alfred-mezieres-longwy\/wp-json\/wp\/v2\/media?parent=251"}],"curies":[{"name":"wp","href":"https:\/\/api.w.org\/{rel}","templated":true}]}}