{"id":259,"date":"2018-05-02T10:41:08","date_gmt":"2018-05-02T08:41:08","guid":{"rendered":"http:\/\/sites.ac-nancy-metz.fr\/lyc-alfred-mezieres-longwy\/?page_id=259"},"modified":"2026-03-24T15:48:43","modified_gmt":"2026-03-24T14:48:43","slug":"bacs-professionnels","status":"publish","type":"page","link":"https:\/\/sites.ac-nancy-metz.fr\/lyc-alfred-mezieres-longwy\/bacs-professionnels\/","title":{"rendered":"Bacs Professionnels"},"content":{"rendered":"\n<p class=\"has-vivid-green-cyan-color has-text-color has-link-color wp-elements-b37810580190d7360a775cca4366d8a8\"><strong>Certificat d&#8217;Aptitude Professionnelle : C.A.P<\/strong><\/p>\n\n\n\n<figure class=\"wp-block-gallery has-nested-images columns-default is-cropped wp-block-gallery-1 is-layout-flex wp-block-gallery-is-layout-flex\">\n<figure class=\"wp-block-image size-full\"><img loading=\"lazy\" decoding=\"async\" width=\"800\" height=\"333\" data-id=\"4482\" src=\"https:\/\/sites.ac-nancy-metz.fr\/lyc-alfred-mezieres-longwy\/wp-content\/uploads\/2026\/03\/CAP-MIS.png\" alt=\"\" class=\"wp-image-4482\" srcset=\"https:\/\/sites.ac-nancy-metz.fr\/lyc-alfred-mezieres-longwy\/wp-content\/uploads\/2026\/03\/CAP-MIS.png 800w, https:\/\/sites.ac-nancy-metz.fr\/lyc-alfred-mezieres-longwy\/wp-content\/uploads\/2026\/03\/CAP-MIS-300x125.png 300w, https:\/\/sites.ac-nancy-metz.fr\/lyc-alfred-mezieres-longwy\/wp-content\/uploads\/2026\/03\/CAP-MIS-768x320.png 768w, https:\/\/sites.ac-nancy-metz.fr\/lyc-alfred-mezieres-longwy\/wp-content\/uploads\/2026\/03\/CAP-MIS-560x233.png 560w\" sizes=\"(max-width: 800px) 100vw, 800px\" \/><\/figure>\n\n\n\n<figure class=\"wp-block-image size-full\"><img loading=\"lazy\" decoding=\"async\" width=\"800\" height=\"333\" data-id=\"4481\" src=\"https:\/\/sites.ac-nancy-metz.fr\/lyc-alfred-mezieres-longwy\/wp-content\/uploads\/2026\/03\/CAP-Secu.png\" alt=\"\" class=\"wp-image-4481\" srcset=\"https:\/\/sites.ac-nancy-metz.fr\/lyc-alfred-mezieres-longwy\/wp-content\/uploads\/2026\/03\/CAP-Secu.png 800w, https:\/\/sites.ac-nancy-metz.fr\/lyc-alfred-mezieres-longwy\/wp-content\/uploads\/2026\/03\/CAP-Secu-300x125.png 300w, https:\/\/sites.ac-nancy-metz.fr\/lyc-alfred-mezieres-longwy\/wp-content\/uploads\/2026\/03\/CAP-Secu-768x320.png 768w, https:\/\/sites.ac-nancy-metz.fr\/lyc-alfred-mezieres-longwy\/wp-content\/uploads\/2026\/03\/CAP-Secu-560x233.png 560w\" sizes=\"(max-width: 800px) 100vw, 800px\" \/><\/figure>\n<\/figure>\n\n\n\n<figure class=\"wp-block-table is-style-stripes\"><table><tbody><tr><td class=\"has-text-align-center\" data-align=\"center\"><strong>CAP installateur sanitaire<\/strong><br><a href=\"http:\/\/sites.ac-nancy-metz.fr\/lyc-alfred-mezieres-longwy\/wp-content\/uploads\/2018\/06\/FicheCAP_BAT.pdf\" target=\"_blank\" rel=\"noreferrer noopener\">[ Cliquer pour en savoir plus ]<\/a><br><\/td><td class=\"has-text-align-center\" data-align=\"center\"><strong>CAP Agent de s\u00e9curit\u00e9<\/strong><br><a href=\"http:\/\/sites.ac-nancy-metz.fr\/lyc-alfred-mezieres-longwy\/wp-content\/uploads\/2026\/03\/CAP-Metier-securite.pdf\" target=\"_blank\" rel=\"noreferrer noopener\">[ Cliquer pour en savoir plus ]<\/a><\/td><\/tr><\/tbody><\/table><\/figure>\n\n\n\n<hr class=\"wp-block-separator has-alpha-channel-opacity\"\/>\n\n\n\n<p class=\"has-vivid-green-cyan-color has-text-color has-link-color wp-elements-5f611e80516f6cdfd4ff8eed281f9edf\"><strong>Bac Professionnel<\/strong><\/p>\n\n\n\n<figure class=\"wp-block-gallery has-nested-images columns-default is-cropped wp-block-gallery-2 is-layout-flex wp-block-gallery-is-layout-flex\">\n<figure class=\"wp-block-image size-full\"><img decoding=\"async\" data-id=\"4506\" src=\"https:\/\/sites.ac-nancy-metz.fr\/lyc-alfred-mezieres-longwy\/wp-content\/uploads\/2026\/03\/Bac-Pro-1.png\" alt=\"\" class=\"wp-image-4506\"\/><\/figure>\n\n\n\n<figure class=\"wp-block-image size-full\"><img loading=\"lazy\" decoding=\"async\" width=\"800\" height=\"333\" data-id=\"4508\" src=\"https:\/\/sites.ac-nancy-metz.fr\/lyc-alfred-mezieres-longwy\/wp-content\/uploads\/2026\/03\/Bac-Pro2.png\" alt=\"\" class=\"wp-image-4508\" srcset=\"https:\/\/sites.ac-nancy-metz.fr\/lyc-alfred-mezieres-longwy\/wp-content\/uploads\/2026\/03\/Bac-Pro2.png 800w, https:\/\/sites.ac-nancy-metz.fr\/lyc-alfred-mezieres-longwy\/wp-content\/uploads\/2026\/03\/Bac-Pro2-300x125.png 300w, https:\/\/sites.ac-nancy-metz.fr\/lyc-alfred-mezieres-longwy\/wp-content\/uploads\/2026\/03\/Bac-Pro2-768x320.png 768w, https:\/\/sites.ac-nancy-metz.fr\/lyc-alfred-mezieres-longwy\/wp-content\/uploads\/2026\/03\/Bac-Pro2-560x233.png 560w\" sizes=\"(max-width: 800px) 100vw, 800px\" \/><\/figure>\n<\/figure>\n\n\n\n<div class=\"wp-block-group is-layout-constrained wp-block-group-is-layout-constrained\"><div class=\"wp-block-group__inner-container\">\n<figure class=\"wp-block-table is-style-stripes\"><table><tbody><tr><td class=\"has-text-align-center\" data-align=\"center\"><strong>Bac Pro  : MEI- TISEC- MELEC<\/strong><br><a href=\"http:\/\/sites.ac-nancy-metz.fr\/lyc-alfred-mezieres-longwy\/wp-content\/uploads\/2018\/06\/FicheBACPRO_BAT.pdf\" target=\"_blank\" rel=\"noreferrer noopener\">[ Cliquer pour en savoir plus ]<\/a><\/td><td class=\"has-text-align-center\" data-align=\"center\"><strong>Bac Pro :  M\u00e9tiers de la s\u00e9curit\u00e9 <\/strong><br><a href=\"http:\/\/sites.ac-nancy-metz.fr\/lyc-alfred-mezieres-longwy\/wp-content\/uploads\/2026\/03\/Bac-Pro-secu.pdf\" target=\"_blank\" rel=\"noreferrer noopener\">[ Cliquer pour en savoir plus ]<\/a><\/td><\/tr><\/tbody><\/table><\/figure>\n<\/div><\/div>\n","protected":false},"excerpt":{"rendered":"<p>Certificat d&#8217;Aptitude Professionnelle : C.A.P CAP installateur sanitaire[ Cliquer pour en savoir plus ] CAP Agent de s\u00e9curit\u00e9[ Cliquer pour<\/p>\n","protected":false},"author":1,"featured_media":0,"parent":0,"menu_order":0,"comment_status":"closed","ping_status":"closed","template":"","meta":{"_exactmetrics_skip_tracking":false,"_exactmetrics_sitenote_active":false,"_exactmetrics_sitenote_note":"","_exactmetrics_sitenote_category":0,"footnotes":""},"_links":{"self":[{"href":"https:\/\/sites.ac-nancy-metz.fr\/lyc-alfred-mezieres-longwy\/wp-json\/wp\/v2\/pages\/259"}],"collection":[{"href":"https:\/\/sites.ac-nancy-metz.fr\/lyc-alfred-mezieres-longwy\/wp-json\/wp\/v2\/pages"}],"about":[{"href":"https:\/\/sites.ac-nancy-metz.fr\/lyc-alfred-mezieres-longwy\/wp-json\/wp\/v2\/types\/page"}],"author":[{"embeddable":true,"href":"https:\/\/sites.ac-nancy-metz.fr\/lyc-alfred-mezieres-longwy\/wp-json\/wp\/v2\/users\/1"}],"replies":[{"embeddable":true,"href":"https:\/\/sites.ac-nancy-metz.fr\/lyc-alfred-mezieres-longwy\/wp-json\/wp\/v2\/comments?post=259"}],"version-history":[{"count":34,"href":"https:\/\/sites.ac-nancy-metz.fr\/lyc-alfred-mezieres-longwy\/wp-json\/wp\/v2\/pages\/259\/revisions"}],"predecessor-version":[{"id":4589,"href":"https:\/\/sites.ac-nancy-metz.fr\/lyc-alfred-mezieres-longwy\/wp-json\/wp\/v2\/pages\/259\/revisions\/4589"}],"wp:attachment":[{"href":"https:\/\/sites.ac-nancy-metz.fr\/lyc-alfred-mezieres-longwy\/wp-json\/wp\/v2\/media?parent=259"}],"curies":[{"name":"wp","href":"https:\/\/api.w.org\/{rel}","templated":true}]}}