{"id":286,"date":"2018-05-02T11:21:35","date_gmt":"2018-05-02T09:21:35","guid":{"rendered":"http:\/\/sites.ac-nancy-metz.fr\/lyc-alfred-mezieres-longwy\/?page_id=286"},"modified":"2021-03-18T17:42:30","modified_gmt":"2021-03-18T16:42:30","slug":"erasmus","status":"publish","type":"page","link":"https:\/\/sites.ac-nancy-metz.fr\/lyc-alfred-mezieres-longwy\/erasmus\/","title":{"rendered":"Erasmus"},"content":{"rendered":"\n<p class=\"has-text-align-center\"><strong><span style=\"font-family: verdana, geneva, sans-serif; color: #339966;\">ERASMUS<\/span><\/strong><\/p>\n\n\n\n<p><span style=\"font-family: verdana, geneva, sans-serif;\">Depuis 2010, notre lyc\u00e9e est d\u00e9tenteur d&#8217;une charte ERASMUS . Nous avons obtenu le renouvellement de cette charte appel\u00e9e &#8220;Charte Erasmus pour l&#8217;enseignement sup\u00e9rieur 2014-2020&#8221; et &#8220;2021-2027&#8221;<br><\/span><\/p>\n\n\n<div class=\"ead-preview\"><div class=\"ead-document\" style=\"position: relative;padding-top: 90%;\"><div class=\"ead-iframe-wrapper\"><iframe src=\"\/\/docs.google.com\/viewer?url=http%3A%2F%2Fsites.ac-nancy-metz.fr%2Flyc-alfred-mezieres-longwy%2Fwp-content%2Fuploads%2F2021%2F03%2FCharte-Erasmus.pdf&amp;embedded=true&amp;hl=en\" title=\"Document embarqu\u00e9\" class=\"ead-iframe\" style=\"width: 100%;height: 100%;border: none;position: absolute;left: 0;top: 0;visibility: hidden;\"><\/iframe><\/div>\t\t\t<div class=\"ead-document-loading\" style=\"width:100%;height:100%;position:absolute;left:0;top:0;z-index:10;\">\n\t\t\t\t<div class=\"ead-loading-wrap\">\n\t\t\t\t\t<div class=\"ead-loading-main\">\n\t\t\t\t\t\t<div class=\"ead-loading\">\n\t\t\t\t\t\t\t<img loading=\"lazy\" decoding=\"async\" src=\"https:\/\/sites.ac-nancy-metz.fr\/lyc-alfred-mezieres-longwy\/wp-content\/plugins\/embed-any-document\/images\/loading.svg\" width=\"55\" height=\"55\" alt=\"Chargeur\">\n\t\t\t\t\t\t\t<span>En cours de chargement&hellip;<\/span>\n\t\t\t\t\t\t<\/div>\n\t\t\t\t\t<\/div>\n\t\t\t\t\t<div class=\"ead-loading-foot\">\n\t\t\t\t\t\t<div class=\"ead-loading-foot-title\">\n\t\t\t\t\t\t\t<img loading=\"lazy\" decoding=\"async\" src=\"https:\/\/sites.ac-nancy-metz.fr\/lyc-alfred-mezieres-longwy\/wp-content\/plugins\/embed-any-document\/images\/EAD-logo.svg\" alt=\"Logo EAD\" width=\"36\" height=\"23\"\/>\n\t\t\t\t\t\t\t<span>Cela prend trop de temps\u00a0?<\/span>\n\t\t\t\t\t\t<\/div>\n\t\t\t\t\t\t<p>\n\t\t\t\t\t\t\t<div class=\"ead-document-btn ead-reload-btn\" role=\"button\">\n\t\t\t\t\t\t\t\t<img loading=\"lazy\" decoding=\"async\" src=\"https:\/\/sites.ac-nancy-metz.fr\/lyc-alfred-mezieres-longwy\/wp-content\/plugins\/embed-any-document\/images\/reload.svg\" alt=\"Recharger\" width=\"12\" height=\"12\"\/> Recharger le document\t\t\t\t\t\t\t<\/div>\n\t\t\t\t\t\t\t<span>|<\/span>\n\t\t\t\t\t\t\t<a href=\"http:\/\/sites.ac-nancy-metz.fr\/lyc-alfred-mezieres-longwy\/wp-content\/uploads\/2021\/03\/Charte-Erasmus.pdf\" class=\"ead-document-btn\" target=\"_blank\">\n\t\t\t\t\t\t\t\t<img loading=\"lazy\" decoding=\"async\" src=\"https:\/\/sites.ac-nancy-metz.fr\/lyc-alfred-mezieres-longwy\/wp-content\/plugins\/embed-any-document\/images\/open.svg\" alt=\"Ouvert\" width=\"12\" height=\"12\"\/> Ouvrir dans un nouvel onglet\t\t\t\t\t\t\t<\/a>\n\t\t\t\t\t<\/div>\n\t\t\t\t<\/div>\n\t\t\t<\/div>\n\t\t<\/div><p class=\"embed_download\"><a href=\"http:\/\/sites.ac-nancy-metz.fr\/lyc-alfred-mezieres-longwy\/wp-content\/uploads\/2021\/03\/Charte-Erasmus.pdf\" download >T\u00e9l\u00e9charger [0.00 B] <\/a><\/p><\/div>\n\n\n<ul><li><span style=\"font-family: verdana, geneva, sans-serif;\"><span style=\"font-family: verdana, geneva, sans-serif;\">En 2010-2011, 7 \u00e9tudiants ont pu b\u00e9n\u00e9ficier d&#8217;une bourse ERASMUS mobilit\u00e9 stage pour une p\u00e9riode de 2 mois minimum. Ils \u00e9taient 11 \u00e9tudiants en 2011-2012,&nbsp; 8 \u00e9tudiants en 2012-2013, 8 \u00e9tudiants en 2013-2014 et 13 \u00e9tudiants en 2014-2015. C\u2019est donc 47 \u00e9tudiants qui ont pu b\u00e9n\u00e9ficier de ce dispositif.<\/span><\/span><\/li><li><span style=\"font-family: verdana, geneva, sans-serif;\">Pour 2014-2016, notre lyc\u00e9e fait partie du \u00ab Consortium 2 de stage ERASMUS + \u00bb avec six autre lyc\u00e9es de l\u2019acad\u00e9mie (Lyc\u00e9e Fr\u00e9d\u00e9ric Chopin de Nancy, Lyc\u00e9e Jean-Baptiste Colbert de Thionville, Lyc\u00e9e Jean Depange de Sarreguemines, Lyc\u00e9e Louis Lapicque d\u2019Epinal et le Lyc\u00e9e Jean Baptiste Sim\u00e9on Chardin de Gerardmer) ainsi que la D.A.R.E.I.C (D\u00e9l\u00e9gation Acad\u00e9mique aux Relations Europ\u00e9ennes et International et \u00e0 la Coop\u00e9ration). Le groupement d\u2019int\u00e9r\u00eat public \u00ab GIP Formation Tout au Long de la vie \u00bb est en charge de la gestion de ce consortium. Dans ce cadre, 71 \u00e9tudiants du consortium auront la possibilit\u00e9 de b\u00e9n\u00e9ficier de bourse ERASMUS pour partir en stage dans un pays europ\u00e9en.<\/span><br><span style=\"font-family: verdana, geneva, sans-serif;\"> &nbsp;<\/span><\/li><\/ul>\n\n\n\n<p class=\"has-text-align-center\"><strong><span style=\"font-family: verdana, geneva, sans-serif; color: #339966;\">ERASMUS +<\/span><\/strong><\/p>\n\n\n\n<p><span style=\"font-family: verdana, geneva, sans-serif;\">Le lyc\u00e9e Alfred M\u00e9zi\u00e8res a \u00e9t\u00e9 retenu pour participer \u00e0 un projet de partenariat Erasmus+, financ\u00e9 par l\u2019Union europ\u00e9enne. Ce projet intitul\u00e9 \u00ab Europe 2100 \u2013 a sustainable future for a European youth \u00bb est men\u00e9 en collaboration avec trois autres \u00e9tablissements :<\/span><\/p>\n\n\n\n<ul><li><span style=\"font-family: verdana, geneva, sans-serif;\">Lituanie : Vilnius Pilaites Gimnazija (Vilnius)<\/span><\/li><li><span style=\"font-family: verdana, geneva, sans-serif;\">Italie : Liceo Bagatta (Desenzano)<\/span><\/li><li style=\"text-align: left;\"><span style=\"font-family: verdana, geneva, sans-serif;\">Pays-Bas : Kennemer College (Beverwijk)<\/span><\/li><\/ul>\n\n\n\n<p><span style=\"font-family: verdana, geneva, sans-serif;\">Le projet explore diff\u00e9rentes probl\u00e9matiques li\u00e9es au d\u00e9veloppement durable : le changement climatique, l\u2019efficacit\u00e9 \u00e9nerg\u00e9tique, le traitement des d\u00e9chets, les modes de transport durables.<\/span><br><span style=\"font-family: verdana, geneva, sans-serif;\">Pendant les deux ann\u00e9es de travail (2015-2017), les \u00e9l\u00e8ves participent \u00e0 5 r\u00e9unions internationales. Ils assistent \u00e0 des conf\u00e9rences propos\u00e9es par des experts et visitent des lieux en lien avec les th\u00e8mes abord\u00e9s.<\/span><\/p>\n","protected":false},"excerpt":{"rendered":"<p>ERASMUS Depuis 2010, notre lyc\u00e9e est d\u00e9tenteur d&#8217;une charte ERASMUS . Nous avons obtenu le renouvellement de cette charte appel\u00e9e<\/p>\n","protected":false},"author":1,"featured_media":0,"parent":0,"menu_order":0,"comment_status":"closed","ping_status":"closed","template":"","meta":{"_exactmetrics_skip_tracking":false,"_exactmetrics_sitenote_active":false,"_exactmetrics_sitenote_note":"","_exactmetrics_sitenote_category":0,"footnotes":""},"_links":{"self":[{"href":"https:\/\/sites.ac-nancy-metz.fr\/lyc-alfred-mezieres-longwy\/wp-json\/wp\/v2\/pages\/286"}],"collection":[{"href":"https:\/\/sites.ac-nancy-metz.fr\/lyc-alfred-mezieres-longwy\/wp-json\/wp\/v2\/pages"}],"about":[{"href":"https:\/\/sites.ac-nancy-metz.fr\/lyc-alfred-mezieres-longwy\/wp-json\/wp\/v2\/types\/page"}],"author":[{"embeddable":true,"href":"https:\/\/sites.ac-nancy-metz.fr\/lyc-alfred-mezieres-longwy\/wp-json\/wp\/v2\/users\/1"}],"replies":[{"embeddable":true,"href":"https:\/\/sites.ac-nancy-metz.fr\/lyc-alfred-mezieres-longwy\/wp-json\/wp\/v2\/comments?post=286"}],"version-history":[{"count":0,"href":"https:\/\/sites.ac-nancy-metz.fr\/lyc-alfred-mezieres-longwy\/wp-json\/wp\/v2\/pages\/286\/revisions"}],"wp:attachment":[{"href":"https:\/\/sites.ac-nancy-metz.fr\/lyc-alfred-mezieres-longwy\/wp-json\/wp\/v2\/media?parent=286"}],"curies":[{"name":"wp","href":"https:\/\/api.w.org\/{rel}","templated":true}]}}