{"id":291,"date":"2018-05-02T11:36:20","date_gmt":"2018-05-02T09:36:20","guid":{"rendered":"http:\/\/sites.ac-nancy-metz.fr\/lyc-alfred-mezieres-longwy\/?page_id=291"},"modified":"2018-06-17T22:31:54","modified_gmt":"2018-06-17T20:31:54","slug":"anglais","status":"publish","type":"page","link":"https:\/\/sites.ac-nancy-metz.fr\/lyc-alfred-mezieres-longwy\/anglais\/","title":{"rendered":"La section europ\u00e9enne anglais"},"content":{"rendered":"<p style=\"text-align: center;\"><strong><span style=\"font-family: verdana, geneva, sans-serif; color: #339966;\">La section europ\u00e9enne<\/span><\/strong><\/p>\n<p><img loading=\"lazy\" decoding=\"async\" class=\"aligncenter size-medium wp-image-692\" src=\"http:\/\/sites.ac-nancy-metz.fr\/lyc-alfred-mezieres-longwy\/wp-content\/uploads\/2018\/06\/brexit-1-300x158.jpg\" alt=\"\" width=\"300\" height=\"158\" srcset=\"https:\/\/sites.ac-nancy-metz.fr\/lyc-alfred-mezieres-longwy\/wp-content\/uploads\/2018\/06\/brexit-1-300x158.jpg 300w, https:\/\/sites.ac-nancy-metz.fr\/lyc-alfred-mezieres-longwy\/wp-content\/uploads\/2018\/06\/brexit-1.jpg 390w\" sizes=\"(max-width: 300px) 100vw, 300px\" \/><\/p>\n<p>Le lyc\u00e9e propose une section europ\u00e9enne anglais.<\/p>\n<p>A partir de la classe de 2nde, les \u00e9l\u00e8ves suivent\u00a0chaque semaine :<\/p>\n<ul style=\"list-style-type: disc;\">\n<li>1h de SVT en anglais ( DNL);<\/li>\n<li>1h suppl\u00e9mentaire d\u2019anglais (pratique soutenue de la langue orale \/ d\u00e9couverte de la civilisation anglo-saxonne).<\/li>\n<\/ul>\n<p>La scolarit\u00e9 en section europ\u00e9enne permet de se pr\u00e9senter \u00e0 une \u00e9valuation sp\u00e9cifique au baccalaur\u00e9at, en vue d&#8217;obtenir l&#8217;indication &#8220;section europ\u00e9enne&#8221;. Deux conditions sont requises pour obtenir cette indication :<\/p>\n<ul style=\"list-style-type: disc;\">\n<li>\u00a0avoir obtenu une note \u00e9gale ou sup\u00e9rieure \u00e0 12\/20 \u00e0 l&#8217;\u00e9preuve d\u2019anglais \u00ab\u00a0classique\u00a0\u00bb ;<\/li>\n<li>avoir obtenu une note \u00e9gale ou sup\u00e9rieure \u00e0 10\/20 \u00e0 une \u00e9valuation sp\u00e9cifique en DNL.<\/li>\n<\/ul>\n<p>Cette mention permet d\u2019attester d\u2019un bon niveau dans la langue, et cela est appr\u00e9ciable pour les poursuites dans le sup\u00e9rieur.<\/p>\n<p>Dans le cadre de la section europ\u00e9enne, les \u00e9l\u00e8ves de 2nde peuvent s\u2019inscrire \u00e0 la certification du niveau B1. Ils ont \u00e9galement la possibilit\u00e9 de faire un voyage en Grande-Bretagne\u00a0; les \u00e9l\u00e8ves de 1\u00e8re euro peuvent participer \u00e0 un \u00e9change avec une \u00e9cole bilingue en Bulgarie, l\u2019Akademik Lyudmil Stoyanov.<\/p>\n<p>L\u2019option est ouverte \u00e0 tout \u00e9l\u00e8ve souhaitant s\u2019y inscrire. Le nombre de candidatures \u00e9tant toutefois tr\u00e8s sup\u00e9rieur au nombre de places (170 candidatures pour 35 places), une s\u00e9lection est faite \u00e0 partir de l\u2019avis du professeur d\u2019anglais de 3\u00e8me et des bulletins de notes (prise en compte des r\u00e9sultats obtenus en anglais, de la motivation et de l\u2019int\u00e9r\u00eat pour la langue anglaise, de l\u2019attitude en classe).<\/p>\n","protected":false},"excerpt":{"rendered":"<p>La section europ\u00e9enne Le lyc\u00e9e propose une section europ\u00e9enne anglais. A partir de la classe de 2nde, les \u00e9l\u00e8ves suivent\u00a0chaque<\/p>\n","protected":false},"author":1,"featured_media":0,"parent":0,"menu_order":0,"comment_status":"closed","ping_status":"closed","template":"","meta":{"_exactmetrics_skip_tracking":false,"_exactmetrics_sitenote_active":false,"_exactmetrics_sitenote_note":"","_exactmetrics_sitenote_category":0,"footnotes":""},"_links":{"self":[{"href":"https:\/\/sites.ac-nancy-metz.fr\/lyc-alfred-mezieres-longwy\/wp-json\/wp\/v2\/pages\/291"}],"collection":[{"href":"https:\/\/sites.ac-nancy-metz.fr\/lyc-alfred-mezieres-longwy\/wp-json\/wp\/v2\/pages"}],"about":[{"href":"https:\/\/sites.ac-nancy-metz.fr\/lyc-alfred-mezieres-longwy\/wp-json\/wp\/v2\/types\/page"}],"author":[{"embeddable":true,"href":"https:\/\/sites.ac-nancy-metz.fr\/lyc-alfred-mezieres-longwy\/wp-json\/wp\/v2\/users\/1"}],"replies":[{"embeddable":true,"href":"https:\/\/sites.ac-nancy-metz.fr\/lyc-alfred-mezieres-longwy\/wp-json\/wp\/v2\/comments?post=291"}],"version-history":[{"count":0,"href":"https:\/\/sites.ac-nancy-metz.fr\/lyc-alfred-mezieres-longwy\/wp-json\/wp\/v2\/pages\/291\/revisions"}],"wp:attachment":[{"href":"https:\/\/sites.ac-nancy-metz.fr\/lyc-alfred-mezieres-longwy\/wp-json\/wp\/v2\/media?parent=291"}],"curies":[{"name":"wp","href":"https:\/\/api.w.org\/{rel}","templated":true}]}}