{"id":294,"date":"2018-05-02T11:40:15","date_gmt":"2018-05-02T09:40:15","guid":{"rendered":"http:\/\/sites.ac-nancy-metz.fr\/lyc-alfred-mezieres-longwy\/?page_id=294"},"modified":"2018-07-04T17:32:12","modified_gmt":"2018-07-04T15:32:12","slug":"presentation","status":"publish","type":"page","link":"https:\/\/sites.ac-nancy-metz.fr\/lyc-alfred-mezieres-longwy\/presentation\/","title":{"rendered":"La section europ\u00e9enne allemand"},"content":{"rendered":"<p style=\"text-align: center;\"><span style=\"font-family: verdana, geneva, sans-serif;\"><strong><span style=\"color: #339966;\">La \u00ab SECTION EUROP\u00c9ENNE ALLEMAND \u00bb<\/span><\/strong><\/span><\/p>\n<p><span style=\"color: #339966;\"><strong><span style=\"font-family: verdana, geneva, sans-serif;\"><a href=\"#presentation\">Pr\u00e9sentation <\/a><a href=\"#presentation\"><img loading=\"lazy\" decoding=\"async\" class=\"alignnone wp-image-1017\" src=\"http:\/\/sites.ac-nancy-metz.fr\/lyc-alfred-mezieres-longwy\/wp-content\/uploads\/2018\/07\/fleche-droite.gif\" alt=\"\" width=\"10\" height=\"15\" \/><\/a><\/span><\/strong><\/span><\/p>\n<p><strong><a href=\"#certification\">La <span style=\"font-family: verdana, geneva, sans-serif;\">certification\u00a0<img loading=\"lazy\" decoding=\"async\" class=\"alignnone wp-image-1017\" src=\"http:\/\/sites.ac-nancy-metz.fr\/lyc-alfred-mezieres-longwy\/wp-content\/uploads\/2018\/07\/fleche-droite.gif\" alt=\"\" width=\"10\" height=\"15\" \/><\/span><\/a><\/strong><\/p>\n<p><a href=\"#echange\"><strong><span style=\"font-family: verdana, geneva, sans-serif;\">L&#8217;\u00e9change avec Nagold <img loading=\"lazy\" decoding=\"async\" class=\"alignnone wp-image-1017\" src=\"http:\/\/sites.ac-nancy-metz.fr\/lyc-alfred-mezieres-longwy\/wp-content\/uploads\/2018\/07\/fleche-droite.gif\" alt=\"\" width=\"10\" height=\"15\" \/><\/span><\/strong><\/a><br \/>\n<a id=\"presentation\"><\/a><\/p>\n<p>&nbsp;<\/p>\n<p>&nbsp;<\/p>\n<p><span style=\"color: #339966;\"><strong><span style=\"font-family: verdana, geneva, sans-serif;\">Pr\u00e9sentation<\/span><\/strong><\/span><\/p>\n<p><span style=\"font-family: verdana, geneva, sans-serif;\">Cette option peut \u00eatre choisie d\u00e8s la classe de 2nde et peut se poursuivre jusqu\u2019en Terminale.<\/span><br \/>\n<span style=\"font-family: verdana, geneva, sans-serif;\">Elle permet d\u2019obtenir une\u00a0mention \u00ab europ\u00e9enne \u00bb sur le dipl\u00f4me du baccalaur\u00e9at\u00a0et atteste donc d\u2019un tr\u00e8s bon niveau en allemand. Ceci est un atout ind\u00e9niable pour la poursuite d\u2019\u00e9tudes dans de grandes \u00e9coles, \u00e0 l\u2019\u00e9tranger ou pour la recherche d\u2019un futur emploi<\/span><\/p>\n<p><span style=\"font-family: verdana, geneva, sans-serif;\">Au baccalaur\u00e9at, les \u00e9l\u00e8ves inscrits en \u00ab section euro allemand \u00bb :<br \/>\n<\/span><\/p>\n<ul>\n<li><span style=\"font-family: verdana, geneva, sans-serif;\">passent une\u00a0\u00e9preuve sp\u00e9cifique \u00e0 l\u2019oral\u00a0(r\u00e9solution d\u2019un probl\u00e8me math\u00e9matique, puis entretien). Le jour de cet oral, qui se d\u00e9roule dans un autre \u00e9tablissement, l\u2019\u00e9valuation se fait surtout sur votre niveau d\u2019allemand et votre aptitude \u00e0 communiquer avec fluidit\u00e9 dans le cadre d\u2019un exercice de maths.<\/span><\/li>\n<li><span style=\"font-family: verdana, geneva, sans-serif;\">doivent pr\u00e9parer un dossier dans lequel ils relatent leurs exp\u00e9riences dans les pays germanophones (afin d\u2019en discuter avec l\u2019examinateur au cours de l\u2019entretien)<\/span><\/li>\n<\/ul>\n<p><span style=\"font-family: verdana, geneva, sans-serif;\">Pour obtenir la mention \u00ab\u00a0EURO\u00a0\u00bb au bac, il vous faut\u00a0:<\/span><\/p>\n<ul style=\"list-style-type: disc;\">\n<li><span style=\"font-family: verdana, geneva, sans-serif;\">obtenir une note \u00e9gale ou sup\u00e9rieure \u00e0 12\/20 \u00e0 l\u2019\u00e9preuve obligatoire du premier groupe, de LV1 ou LV2, qui porte sur la langue de la section<\/span><\/li>\n<li><span style=\"font-family: verdana, geneva, sans-serif;\">obtenir une note sup\u00e9rieure ou \u00e9gale \u00e0 10\/20 \u00e0 l\u2019\u00e9valuation sp\u00e9cifique visant \u00e0 appr\u00e9cier le niveau de ma\u00eetrise de langue acquis au cours de la scolarit\u00e9.\u00a0\u00a0\u00a0<\/span><\/li>\n<\/ul>\n<p><span style=\"font-family: verdana, geneva, sans-serif;\">Le choix de cette option se traduit au niveau des enseignements par\u00a0une heure suppl\u00e9mentaire d\u2019allemand par semaine, de la seconde \u00e0 la Terminale, et par\u00a0une heure suppl\u00e9mentaire de math\u00e9matiques en allemand, appel\u00e9e DNL (discipline non linguistique). Celle-ci est dispens\u00e9e par un professeur de math\u00e9matiques ayant pass\u00e9 une certification en\u00a0 allemand.<br \/>\n<\/span><\/p>\n<p><span style=\"font-family: verdana, geneva, sans-serif;\">Enfin, l\u2019inscription \u00e0 la \u00ab section euro allemand \u00bb assure aux \u00e9l\u00e8ves la\u00a0priorit\u00e9 concernant la participation \u00e0\u00a0l\u2019\u00e9change avec Nagold\u00a0 (ville jumel\u00e9e \u00e0 Longwy) et aux autres sorties ou voyages organis\u00e9s par les professeurs d\u2019allemand. L\u2019admission se fait sur dossier, \u00e0 confectionner \u00e0 la fin de l\u2019ann\u00e9e de 3\u00e8me.<\/span><\/p>\n<p><img loading=\"lazy\" decoding=\"async\" class=\"aligncenter wp-image-712\" src=\"http:\/\/sites.ac-nancy-metz.fr\/lyc-alfred-mezieres-longwy\/wp-content\/uploads\/2018\/06\/Amitie-Longwy-nagold-300x158.jpeg\" alt=\"\" width=\"273\" height=\"144\" srcset=\"https:\/\/sites.ac-nancy-metz.fr\/lyc-alfred-mezieres-longwy\/wp-content\/uploads\/2018\/06\/Amitie-Longwy-nagold-300x158.jpeg 300w, https:\/\/sites.ac-nancy-metz.fr\/lyc-alfred-mezieres-longwy\/wp-content\/uploads\/2018\/06\/Amitie-Longwy-nagold.jpeg 390w\" sizes=\"(max-width: 273px) 100vw, 273px\" \/><br \/>\n<a id=\"certification\"><\/a><\/p>\n<p>&nbsp;<\/p>\n<p>&nbsp;<\/p>\n<p><span style=\"font-family: verdana, geneva, sans-serif; color: #339966;\"><strong>La certification<\/strong><\/span><\/p>\n<p><span style=\"font-family: verdana, geneva, sans-serif;\">La certification d&#8217;allemand est un dipl\u00f4me con\u00e7u sur la base du\u00a0Cadre europ\u00e9en commun de r\u00e9f\u00e9rence pour les langues (CECRL). Elle est propos\u00e9e aux \u00e9l\u00e8ves de 2nde qui, en fonction de leur niveau de langue, passent cette certification\u00a0au niveau B1\u00a0du Cadre europ\u00e9en commun de r\u00e9f\u00e9rence avec la possibilit\u00e9 d&#8217;obtenir une sortie\u00a0au niveau A2.<\/span><\/p>\n<p><span style=\"font-family: verdana, geneva, sans-serif;\">C\u2019est un dipl\u00f4me exigeant, mais qui prouve que vous avez acquis tr\u00e8s t\u00f4t des connaissances solides en langue vivante, dans le 4 comp\u00e9tences.<\/span><\/p>\n<p><span style=\"font-family: verdana, geneva, sans-serif;\">Cette certification est propos\u00e9e par l&#8217;Allemagne et fait l&#8217;objet d&#8217;une convention sign\u00e9e par le Minist\u00e8re de l&#8217;\u00c9ducation Nationale et la Conf\u00e9rence des ministres de l&#8217;\u00e9ducation des L\u00e4nder (KMK).<\/span><\/p>\n<p><span style=\"font-family: verdana, geneva, sans-serif;\">Elle est gratuite pour les \u00e9l\u00e8ves, tous volontaires<\/span><\/p>\n<p><span style=\"font-family: verdana, geneva, sans-serif;\">La certification est acquise au niveau B1 quand les candidats ont obtenu dans chaque activit\u00e9 langagi\u00e8re le niveau B1.<\/span><br \/>\n<span style=\"font-family: verdana, geneva, sans-serif;\">Les \u00e9l\u00e8ves qui ont obtenu le niveau B1 ou A2 re\u00e7oivent le dipl\u00f4me DSD (Deutsches Sprachdiplom) avec le relev\u00e9 de leurs notes par activit\u00e9 langagi\u00e8re.<\/span><br \/>\n<span style=\"font-family: verdana, geneva, sans-serif;\">Tous les \u00e9l\u00e8ves qui ont r\u00e9ussi au moins une activit\u00e9 re\u00e7oivent une attestation sign\u00e9e par l&#8217;autorit\u00e9 acad\u00e9mique.<br \/>\n<a id=\"echange\"><\/a><br \/>\n<\/span><\/p>\n<p>&nbsp;<\/p>\n<p><span style=\"font-family: verdana, geneva, sans-serif; color: #339966;\"><strong>L&#8217;\u00e9change avec Nagold<\/strong><\/span><\/p>\n<p><a href=\"https:\/\/www.nagold.de\/willkommen\" target=\"_blank\" rel=\"noopener\"><span style=\"font-family: verdana, geneva, sans-serif;\">Site officiel de la ville de Nagold<\/span><\/a><br \/>\n<span style=\"font-family: verdana, geneva, sans-serif;\"><a href=\"http:\/\/www.ohg-nagold.de\/\" target=\"_blank\" rel=\"noopener\">Site officiel de l\u2019Otto-Hahn-Gymnasium de Nagold<\/a><\/span><\/p>\n<p><span style=\"font-family: verdana, geneva, sans-serif;\" title=\"\"><img loading=\"lazy\" decoding=\"async\" class=\"aligncenter wp-image-713 size-medium\" src=\"http:\/\/sites.ac-nancy-metz.fr\/lyc-alfred-mezieres-longwy\/wp-content\/uploads\/2018\/06\/Colombage_Nagold-300x158.jpg\" alt=\"\" width=\"300\" height=\"158\" srcset=\"https:\/\/sites.ac-nancy-metz.fr\/lyc-alfred-mezieres-longwy\/wp-content\/uploads\/2018\/06\/Colombage_Nagold-300x158.jpg 300w, https:\/\/sites.ac-nancy-metz.fr\/lyc-alfred-mezieres-longwy\/wp-content\/uploads\/2018\/06\/Colombage_Nagold.jpg 390w\" sizes=\"(max-width: 300px) 100vw, 300px\" \/><\/span><span style=\"font-family: verdana, geneva, sans-serif;\"><a href=\"http:\/\/www.mairie-longwy.fr\/\" target=\"_blank\" rel=\"noopener\">Site officiel de la ville de Longwy<\/a><br \/>\n<\/span><\/p>\n<p><img loading=\"lazy\" decoding=\"async\" class=\"aligncenter wp-image-715 size-medium\" src=\"http:\/\/sites.ac-nancy-metz.fr\/lyc-alfred-mezieres-longwy\/wp-content\/uploads\/2018\/06\/Porte-France-Longwy-300x158.jpg\" alt=\"\" width=\"300\" height=\"158\" srcset=\"https:\/\/sites.ac-nancy-metz.fr\/lyc-alfred-mezieres-longwy\/wp-content\/uploads\/2018\/06\/Porte-France-Longwy-300x158.jpg 300w, https:\/\/sites.ac-nancy-metz.fr\/lyc-alfred-mezieres-longwy\/wp-content\/uploads\/2018\/06\/Porte-France-Longwy.jpg 390w\" sizes=\"(max-width: 300px) 100vw, 300px\" \/><\/p>\n<p><span style=\"font-family: verdana, geneva, sans-serif;\">L\u2019\u00e9change entre ces deux villes jumel\u00e9es existe depuis 1982 !<\/span><\/p>\n<p><span style=\"font-family: verdana, geneva, sans-serif;\">Il repose sur une\u00a0correspondance entre des \u00e9l\u00e8ves de 2nde\u00a0des deux lyc\u00e9es. Les Fran\u00e7ais sont accueillis pendant une semaine chez leurs correspondants allemands et les re\u00e7oivent en retour pendant une semaine \u00e0 Longwy. Une exp\u00e9rience on ne peut plus enrichissante !<\/span><br \/>\n<span style=\"font-family: verdana, geneva, sans-serif;\">Les principaux objectifs sont de d\u00e9couvrir le quotidien du correspondant, une autre culture, un autre syst\u00e8me scolaire (les \u00e9l\u00e8ves assistent \u00e0 des cours), etc. De nombreuses sorties et visites sont au programme, en Allemagne comme en France.<\/span><\/p>\n<p><img loading=\"lazy\" decoding=\"async\" class=\"aligncenter wp-image-714 size-medium\" src=\"http:\/\/sites.ac-nancy-metz.fr\/lyc-alfred-mezieres-longwy\/wp-content\/uploads\/2018\/06\/Otto-Hahn-Gymnasium-300x158.jpg\" alt=\"\" width=\"300\" height=\"158\" srcset=\"https:\/\/sites.ac-nancy-metz.fr\/lyc-alfred-mezieres-longwy\/wp-content\/uploads\/2018\/06\/Otto-Hahn-Gymnasium-300x158.jpg 300w, https:\/\/sites.ac-nancy-metz.fr\/lyc-alfred-mezieres-longwy\/wp-content\/uploads\/2018\/06\/Otto-Hahn-Gymnasium.jpg 390w\" sizes=\"(max-width: 300px) 100vw, 300px\" \/><\/p>\n<p>&nbsp;<\/p>\n","protected":false},"excerpt":{"rendered":"<p>La \u00ab SECTION EUROP\u00c9ENNE ALLEMAND \u00bb Pr\u00e9sentation La certification\u00a0 L&#8217;\u00e9change avec Nagold &nbsp; &nbsp; Pr\u00e9sentation Cette option peut \u00eatre choisie<\/p>\n","protected":false},"author":1,"featured_media":0,"parent":0,"menu_order":0,"comment_status":"closed","ping_status":"closed","template":"","meta":{"_exactmetrics_skip_tracking":false,"_exactmetrics_sitenote_active":false,"_exactmetrics_sitenote_note":"","_exactmetrics_sitenote_category":0,"footnotes":""},"_links":{"self":[{"href":"https:\/\/sites.ac-nancy-metz.fr\/lyc-alfred-mezieres-longwy\/wp-json\/wp\/v2\/pages\/294"}],"collection":[{"href":"https:\/\/sites.ac-nancy-metz.fr\/lyc-alfred-mezieres-longwy\/wp-json\/wp\/v2\/pages"}],"about":[{"href":"https:\/\/sites.ac-nancy-metz.fr\/lyc-alfred-mezieres-longwy\/wp-json\/wp\/v2\/types\/page"}],"author":[{"embeddable":true,"href":"https:\/\/sites.ac-nancy-metz.fr\/lyc-alfred-mezieres-longwy\/wp-json\/wp\/v2\/users\/1"}],"replies":[{"embeddable":true,"href":"https:\/\/sites.ac-nancy-metz.fr\/lyc-alfred-mezieres-longwy\/wp-json\/wp\/v2\/comments?post=294"}],"version-history":[{"count":0,"href":"https:\/\/sites.ac-nancy-metz.fr\/lyc-alfred-mezieres-longwy\/wp-json\/wp\/v2\/pages\/294\/revisions"}],"wp:attachment":[{"href":"https:\/\/sites.ac-nancy-metz.fr\/lyc-alfred-mezieres-longwy\/wp-json\/wp\/v2\/media?parent=294"}],"curies":[{"name":"wp","href":"https:\/\/api.w.org\/{rel}","templated":true}]}}