{"id":303,"date":"2018-05-02T11:46:13","date_gmt":"2018-05-02T09:46:13","guid":{"rendered":"http:\/\/sites.ac-nancy-metz.fr\/lyc-alfred-mezieres-longwy\/?page_id=303"},"modified":"2018-07-04T17:35:24","modified_gmt":"2018-07-04T15:35:24","slug":"la-section-europeenne-italien","status":"publish","type":"page","link":"https:\/\/sites.ac-nancy-metz.fr\/lyc-alfred-mezieres-longwy\/la-section-europeenne-italien\/","title":{"rendered":"La section europ\u00e9enne italien"},"content":{"rendered":"<p style=\"text-align: center;\"><strong><span style=\"font-family: verdana, geneva, sans-serif; color: #339966;\">La section Euro-Italien<\/span><\/strong><\/p>\n<p>&nbsp;<\/p>\n<p><span style=\"font-family: verdana, geneva, sans-serif; color: #000000;\">Elle existe depuis 2002 au lyc\u00e9e. Elle est ouverte \u00e0 tous les \u00e9l\u00e8ves du lyc\u00e9e, de la Seconde \u00e0 la Terminale.<\/span><\/p>\n<p><span style=\"font-family: verdana, geneva, sans-serif; color: #000000;\">Elle demande\u00a0: une heure de travail par semaine. Au baccalaur\u00e9at, les points au-dessus de 10 comptent double. Si vous obtenez 12\/20, les 2 points sont comptabilis\u00e9s 4 pour l\u2019examen. Chaque ann\u00e9e, depuis 2002, une tr\u00e8s grande majorit\u00e9 d\u2019\u00e9l\u00e8ves obtient des notes tr\u00e8s satisfaisantes, ce qui permet d\u2019engranger des points suppl\u00e9mentaires pour l\u2019obtention du dipl\u00f4me.<\/span><\/p>\n<p><span style=\"font-family: verdana, geneva, sans-serif; color: #000000;\">Elle propose\u00a0de\u00a0:<\/span><\/p>\n<ul style=\"list-style-type: disc;\">\n<li><span style=\"font-family: verdana, geneva, sans-serif; color: #000000;\"><span style=\"font-family: verdana, geneva, sans-serif; color: #000000;\">D\u00e9couvrir le patrimoine, l\u2019histoire, la g\u00e9ographie, la culture, les traditions de l\u2019Italie<\/span><\/span><img loading=\"lazy\" decoding=\"async\" class=\"alignleft wp-image-647 size-medium\" src=\"http:\/\/sites.ac-nancy-metz.fr\/lyc-alfred-mezieres-longwy\/wp-content\/uploads\/2018\/06\/Euro-italien-2-300x225.jpg\" alt=\"\" width=\"300\" height=\"225\" \/> <img loading=\"lazy\" decoding=\"async\" class=\"aligncenter size-full wp-image-646\" src=\"http:\/\/sites.ac-nancy-metz.fr\/lyc-alfred-mezieres-longwy\/wp-content\/uploads\/2018\/06\/Euro-italien-1.jpg\" alt=\"\" width=\"277\" height=\"229\" \/><\/li>\n<li><span style=\"font-family: verdana, geneva, sans-serif; color: #000000;\"><span style=\"font-family: verdana, geneva, sans-serif; color: #000000;\">Travailler sur des aspects plus culturels\u00a0: sites Internet d\u2019histoire, de civilisation italienne, de cin\u00e9ma,<\/span><\/span><img loading=\"lazy\" decoding=\"async\" class=\"aligncenter size-medium wp-image-648\" title=\"\" src=\"http:\/\/sites.ac-nancy-metz.fr\/lyc-alfred-mezieres-longwy\/wp-content\/uploads\/2018\/06\/Euro-italien-3-300x225.jpg\" alt=\"\" width=\"300\" height=\"225\" srcset=\"https:\/\/sites.ac-nancy-metz.fr\/lyc-alfred-mezieres-longwy\/wp-content\/uploads\/2018\/06\/Euro-italien-3-300x225.jpg 300w, https:\/\/sites.ac-nancy-metz.fr\/lyc-alfred-mezieres-longwy\/wp-content\/uploads\/2018\/06\/Euro-italien-3.jpg 321w\" sizes=\"(max-width: 300px) 100vw, 300px\" \/><\/li>\n<li><span style=\"font-family: verdana, geneva, sans-serif; color: #000000;\">Organiser des sorties, des voyages en lien avec l\u2019Italie.<br \/>\n<\/span><\/li>\n<\/ul>\n","protected":false},"excerpt":{"rendered":"<p>La section Euro-Italien &nbsp; Elle existe depuis 2002 au lyc\u00e9e. Elle est ouverte \u00e0 tous les \u00e9l\u00e8ves du lyc\u00e9e, de<\/p>\n","protected":false},"author":1,"featured_media":0,"parent":0,"menu_order":0,"comment_status":"closed","ping_status":"closed","template":"","meta":{"_exactmetrics_skip_tracking":false,"_exactmetrics_sitenote_active":false,"_exactmetrics_sitenote_note":"","_exactmetrics_sitenote_category":0,"footnotes":""},"_links":{"self":[{"href":"https:\/\/sites.ac-nancy-metz.fr\/lyc-alfred-mezieres-longwy\/wp-json\/wp\/v2\/pages\/303"}],"collection":[{"href":"https:\/\/sites.ac-nancy-metz.fr\/lyc-alfred-mezieres-longwy\/wp-json\/wp\/v2\/pages"}],"about":[{"href":"https:\/\/sites.ac-nancy-metz.fr\/lyc-alfred-mezieres-longwy\/wp-json\/wp\/v2\/types\/page"}],"author":[{"embeddable":true,"href":"https:\/\/sites.ac-nancy-metz.fr\/lyc-alfred-mezieres-longwy\/wp-json\/wp\/v2\/users\/1"}],"replies":[{"embeddable":true,"href":"https:\/\/sites.ac-nancy-metz.fr\/lyc-alfred-mezieres-longwy\/wp-json\/wp\/v2\/comments?post=303"}],"version-history":[{"count":0,"href":"https:\/\/sites.ac-nancy-metz.fr\/lyc-alfred-mezieres-longwy\/wp-json\/wp\/v2\/pages\/303\/revisions"}],"wp:attachment":[{"href":"https:\/\/sites.ac-nancy-metz.fr\/lyc-alfred-mezieres-longwy\/wp-json\/wp\/v2\/media?parent=303"}],"curies":[{"name":"wp","href":"https:\/\/api.w.org\/{rel}","templated":true}]}}