{"id":3049,"date":"2023-03-02T12:46:57","date_gmt":"2023-03-02T11:46:57","guid":{"rendered":"https:\/\/sites.ac-nancy-metz.fr\/lyc-alfred-mezieres-longwy\/?page_id=3049"},"modified":"2026-03-23T14:03:28","modified_gmt":"2026-03-23T13:03:28","slug":"bts-maintenance-des-systemes-option-d-systemes-ascenseurs-et-elevateurs-ms-sae-par-apprentissage","status":"publish","type":"page","link":"https:\/\/sites.ac-nancy-metz.fr\/lyc-alfred-mezieres-longwy\/bts-maintenance-des-systemes-option-d-systemes-ascenseurs-et-elevateurs-ms-sae-par-apprentissage\/","title":{"rendered":"BTS MS SAE"},"content":{"rendered":"\n<p class=\"has-vivid-green-cyan-color has-text-color\"><strong>BTS maintenance des syst\u00e8mes option D syst\u00e8mes ascenseurs et \u00e9l\u00e9vateurs&nbsp;(MS SAE) par apprentissage<\/strong><\/p>\n\n\n\n<figure class=\"wp-block-image size-full is-resized\"><img loading=\"lazy\" decoding=\"async\" width=\"793\" height=\"333\" src=\"http:\/\/sites.ac-nancy-metz.fr\/lyc-alfred-mezieres-longwy\/wp-content\/uploads\/2026\/03\/BTS-MS-SAE.png\" alt=\"\" class=\"wp-image-4554\" style=\"width:840px;height:auto\" srcset=\"https:\/\/sites.ac-nancy-metz.fr\/lyc-alfred-mezieres-longwy\/wp-content\/uploads\/2026\/03\/BTS-MS-SAE.png 793w, https:\/\/sites.ac-nancy-metz.fr\/lyc-alfred-mezieres-longwy\/wp-content\/uploads\/2026\/03\/BTS-MS-SAE-300x126.png 300w, https:\/\/sites.ac-nancy-metz.fr\/lyc-alfred-mezieres-longwy\/wp-content\/uploads\/2026\/03\/BTS-MS-SAE-768x323.png 768w, https:\/\/sites.ac-nancy-metz.fr\/lyc-alfred-mezieres-longwy\/wp-content\/uploads\/2026\/03\/BTS-MS-SAE-560x235.png 560w\" sizes=\"(max-width: 793px) 100vw, 793px\" \/><\/figure>\n\n\n\n<p>Ce BTS forme \u00e0 la maintenance, \u00e0 la modernisation et au remplacement&nbsp; des ascenseurs et \u00e9l\u00e9vateurs.&nbsp; <\/p>\n\n\n\n<p>Pendant sa formation, l&#8217;\u00e9l\u00e8ve apprend l&#8217;ensemble des syst\u00e8mes techniques et technologiques utilis\u00e9s des plus anciens &#8211; de 30 \u00e0 40 ans &#8211; jusqu&#8217;aux syst\u00e8mes digitaux et aux nouvelles technologies en vigueur. <\/p>\n\n\n\n<p>Il acquiert les comp\u00e9tences pour d\u00e9panner, mettre en service ces \u00e9quipements. Il est form\u00e9 aux proc\u00e9dures de s\u00e9curit\u00e9.<\/p>\n\n\n\n<p><strong>Etre ascensoriste : un secteur dynamique constamment en qu\u00eate de nouvelles \u00e9nergies&#8230;la v\u00f4tre ? <\/strong><\/p>\n\n\n<div class=\"wp-block-image\">\n<figure class=\"aligncenter size-large is-resized\"><img loading=\"lazy\" decoding=\"async\" width=\"1024\" height=\"542\" src=\"http:\/\/sites.ac-nancy-metz.fr\/lyc-alfred-mezieres-longwy\/wp-content\/uploads\/2026\/03\/Etre-ascensoriste-1-1024x542.png\" alt=\"\" class=\"wp-image-4558\" style=\"width:377px;height:auto\" srcset=\"https:\/\/sites.ac-nancy-metz.fr\/lyc-alfred-mezieres-longwy\/wp-content\/uploads\/2026\/03\/Etre-ascensoriste-1-1024x542.png 1024w, https:\/\/sites.ac-nancy-metz.fr\/lyc-alfred-mezieres-longwy\/wp-content\/uploads\/2026\/03\/Etre-ascensoriste-1-300x159.png 300w, https:\/\/sites.ac-nancy-metz.fr\/lyc-alfred-mezieres-longwy\/wp-content\/uploads\/2026\/03\/Etre-ascensoriste-1-768x406.png 768w, https:\/\/sites.ac-nancy-metz.fr\/lyc-alfred-mezieres-longwy\/wp-content\/uploads\/2026\/03\/Etre-ascensoriste-1-390x205.png 390w, https:\/\/sites.ac-nancy-metz.fr\/lyc-alfred-mezieres-longwy\/wp-content\/uploads\/2026\/03\/Etre-ascensoriste-1-560x296.png 560w, https:\/\/sites.ac-nancy-metz.fr\/lyc-alfred-mezieres-longwy\/wp-content\/uploads\/2026\/03\/Etre-ascensoriste-1.png 1352w\" sizes=\"(max-width: 1024px) 100vw, 1024px\" \/><\/figure><\/div>\n\n\n<figure class=\"wp-block-table aligncenter is-style-stripes\"><table><tbody><tr><td><a href=\"http:\/\/sites.ac-nancy-metz.fr\/lyc-alfred-mezieres-longwy\/wp-content\/uploads\/2023\/03\/Etre-ascensoriste.pdf\" target=\"_blank\" rel=\"noreferrer noopener\">[ Cliquer pour en savoir plus ]<\/a><\/td><\/tr><\/tbody><\/table><\/figure>\n\n\n\n<hr class=\"wp-block-separator has-alpha-channel-opacity\"\/>\n\n\n\n<p><strong>Etre ascensoriste : un m\u00e9tier d&#8217;avenir<\/strong><\/p>\n\n\n\n<figure class=\"wp-block-image size-large\"><img loading=\"lazy\" decoding=\"async\" width=\"1024\" height=\"309\" src=\"https:\/\/sites.ac-nancy-metz.fr\/lyc-alfred-mezieres-longwy\/wp-content\/uploads\/2026\/03\/Etre-ascensoriste-2-1024x309.png\" alt=\"\" class=\"wp-image-4561\" srcset=\"https:\/\/sites.ac-nancy-metz.fr\/lyc-alfred-mezieres-longwy\/wp-content\/uploads\/2026\/03\/Etre-ascensoriste-2-1024x309.png 1024w, https:\/\/sites.ac-nancy-metz.fr\/lyc-alfred-mezieres-longwy\/wp-content\/uploads\/2026\/03\/Etre-ascensoriste-2-300x91.png 300w, https:\/\/sites.ac-nancy-metz.fr\/lyc-alfred-mezieres-longwy\/wp-content\/uploads\/2026\/03\/Etre-ascensoriste-2-768x232.png 768w, https:\/\/sites.ac-nancy-metz.fr\/lyc-alfred-mezieres-longwy\/wp-content\/uploads\/2026\/03\/Etre-ascensoriste-2-560x169.png 560w, https:\/\/sites.ac-nancy-metz.fr\/lyc-alfred-mezieres-longwy\/wp-content\/uploads\/2026\/03\/Etre-ascensoriste-2.png 1093w\" sizes=\"(max-width: 1024px) 100vw, 1024px\" \/><\/figure>\n\n\n\n<figure class=\"wp-block-table aligncenter is-style-stripes\"><table><tbody><tr><td><a href=\"http:\/\/sites.ac-nancy-metz.fr\/lyc-alfred-mezieres-longwy\/wp-content\/uploads\/2023\/03\/Etre-ascensoriste2.pdf\" target=\"_blank\" rel=\"noreferrer noopener\">[ Cliquer pour en savoir plus] <\/a><\/td><\/tr><\/tbody><\/table><\/figure>\n\n\n\n<hr class=\"wp-block-separator has-alpha-channel-opacity\"\/>\n\n\n\n<p><strong>Cartographie des formations<\/strong> <strong>de technicien(ne) ascensoriste.<\/strong> <\/p>\n\n\n<div class=\"wp-block-image\">\n<figure class=\"aligncenter size-full is-resized\"><img loading=\"lazy\" decoding=\"async\" width=\"751\" height=\"276\" src=\"https:\/\/sites.ac-nancy-metz.fr\/lyc-alfred-mezieres-longwy\/wp-content\/uploads\/2026\/03\/BTS-Carto.png\" alt=\"\" class=\"wp-image-4563\" style=\"width:503px;height:auto\" srcset=\"https:\/\/sites.ac-nancy-metz.fr\/lyc-alfred-mezieres-longwy\/wp-content\/uploads\/2026\/03\/BTS-Carto.png 751w, https:\/\/sites.ac-nancy-metz.fr\/lyc-alfred-mezieres-longwy\/wp-content\/uploads\/2026\/03\/BTS-Carto-300x110.png 300w, https:\/\/sites.ac-nancy-metz.fr\/lyc-alfred-mezieres-longwy\/wp-content\/uploads\/2026\/03\/BTS-Carto-560x206.png 560w\" sizes=\"(max-width: 751px) 100vw, 751px\" \/><\/figure><\/div>\n\n\n<figure class=\"wp-block-table aligncenter is-style-stripes\"><table><tbody><tr><td><a href=\"http:\/\/sites.ac-nancy-metz.fr\/lyc-alfred-mezieres-longwy\/wp-content\/uploads\/2023\/03\/cartographie-formations-technicienne-ascensoriste-3.pdf\" target=\"_blank\" rel=\"noreferrer noopener\">[ Cliquer pour en savoir plus ]<\/a><\/td><\/tr><\/tbody><\/table><\/figure>\n\n\n\n<hr class=\"wp-block-separator has-alpha-channel-opacity\"\/>\n\n\n\n<p><strong>Etre ascensoriste : un m\u00e9tier qui recrute<\/strong> <\/p>\n\n\n<div class=\"wp-block-image\">\n<figure class=\"aligncenter size-full\"><img loading=\"lazy\" decoding=\"async\" width=\"636\" height=\"238\" src=\"https:\/\/sites.ac-nancy-metz.fr\/lyc-alfred-mezieres-longwy\/wp-content\/uploads\/2026\/03\/BTS-Presse.png\" alt=\"\" class=\"wp-image-4564\" srcset=\"https:\/\/sites.ac-nancy-metz.fr\/lyc-alfred-mezieres-longwy\/wp-content\/uploads\/2026\/03\/BTS-Presse.png 636w, https:\/\/sites.ac-nancy-metz.fr\/lyc-alfred-mezieres-longwy\/wp-content\/uploads\/2026\/03\/BTS-Presse-300x112.png 300w, https:\/\/sites.ac-nancy-metz.fr\/lyc-alfred-mezieres-longwy\/wp-content\/uploads\/2026\/03\/BTS-Presse-560x210.png 560w\" sizes=\"(max-width: 636px) 100vw, 636px\" \/><\/figure><\/div>\n\n\n<figure class=\"wp-block-table aligncenter is-style-stripes\"><table><tbody><tr><td><a href=\"http:\/\/sites.ac-nancy-metz.fr\/lyc-alfred-mezieres-longwy\/wp-content\/uploads\/2023\/03\/Presse-ecrite-2.pdf\" target=\"_blank\" rel=\"noreferrer noopener\">[ Cliquer pour en savoir plus ]<\/a><\/td><\/tr><\/tbody><\/table><\/figure>\n","protected":false},"excerpt":{"rendered":"<p>BTS maintenance des syst\u00e8mes option D syst\u00e8mes ascenseurs et \u00e9l\u00e9vateurs&nbsp;(MS SAE) par apprentissage Ce BTS forme \u00e0 la maintenance, \u00e0<\/p>\n","protected":false},"author":1,"featured_media":0,"parent":0,"menu_order":0,"comment_status":"closed","ping_status":"closed","template":"","meta":{"_exactmetrics_skip_tracking":false,"_exactmetrics_sitenote_active":false,"_exactmetrics_sitenote_note":"","_exactmetrics_sitenote_category":0,"footnotes":""},"_links":{"self":[{"href":"https:\/\/sites.ac-nancy-metz.fr\/lyc-alfred-mezieres-longwy\/wp-json\/wp\/v2\/pages\/3049"}],"collection":[{"href":"https:\/\/sites.ac-nancy-metz.fr\/lyc-alfred-mezieres-longwy\/wp-json\/wp\/v2\/pages"}],"about":[{"href":"https:\/\/sites.ac-nancy-metz.fr\/lyc-alfred-mezieres-longwy\/wp-json\/wp\/v2\/types\/page"}],"author":[{"embeddable":true,"href":"https:\/\/sites.ac-nancy-metz.fr\/lyc-alfred-mezieres-longwy\/wp-json\/wp\/v2\/users\/1"}],"replies":[{"embeddable":true,"href":"https:\/\/sites.ac-nancy-metz.fr\/lyc-alfred-mezieres-longwy\/wp-json\/wp\/v2\/comments?post=3049"}],"version-history":[{"count":6,"href":"https:\/\/sites.ac-nancy-metz.fr\/lyc-alfred-mezieres-longwy\/wp-json\/wp\/v2\/pages\/3049\/revisions"}],"predecessor-version":[{"id":4566,"href":"https:\/\/sites.ac-nancy-metz.fr\/lyc-alfred-mezieres-longwy\/wp-json\/wp\/v2\/pages\/3049\/revisions\/4566"}],"wp:attachment":[{"href":"https:\/\/sites.ac-nancy-metz.fr\/lyc-alfred-mezieres-longwy\/wp-json\/wp\/v2\/media?parent=3049"}],"curies":[{"name":"wp","href":"https:\/\/api.w.org\/{rel}","templated":true}]}}