{"id":307,"date":"2018-05-02T11:50:13","date_gmt":"2018-05-02T09:50:13","guid":{"rendered":"http:\/\/sites.ac-nancy-metz.fr\/lyc-alfred-mezieres-longwy\/?page_id=307"},"modified":"2018-07-04T17:43:48","modified_gmt":"2018-07-04T15:43:48","slug":"esabac","status":"publish","type":"page","link":"https:\/\/sites.ac-nancy-metz.fr\/lyc-alfred-mezieres-longwy\/esabac\/","title":{"rendered":"Esabac"},"content":{"rendered":"<p style=\"text-align: center;\"><strong><span style=\"font-family: verdana, geneva, sans-serif; color: #339966;\">ESABAC<\/span><\/strong><\/p>\n<p>&nbsp;<\/p>\n<p><img loading=\"lazy\" decoding=\"async\" class=\"aligncenter size-medium wp-image-672\" title=\"\" src=\"http:\/\/sites.ac-nancy-metz.fr\/lyc-alfred-mezieres-longwy\/wp-content\/uploads\/2018\/06\/Esabac-diplome-300x158.jpg\" alt=\"\" width=\"300\" height=\"158\" srcset=\"https:\/\/sites.ac-nancy-metz.fr\/lyc-alfred-mezieres-longwy\/wp-content\/uploads\/2018\/06\/Esabac-diplome-300x158.jpg 300w, https:\/\/sites.ac-nancy-metz.fr\/lyc-alfred-mezieres-longwy\/wp-content\/uploads\/2018\/06\/Esabac-diplome.jpg 390w\" sizes=\"(max-width: 300px) 100vw, 300px\" \/><\/p>\n<p><strong><span style=\"text-decoration: underline; font-family: verdana, geneva, sans-serif; color: #339966;\">La section Esabac<\/span><\/strong><\/p>\n<p><span style=\"font-family: verdana, geneva, sans-serif;\">La section ESABAC est unique dans le Nord de l\u2019Acad\u00e9mie de Nancy-Metz. Pour vous, futurs bacheliers, c\u2019est la possibilit\u00e9 de pr\u00e9parer un double dipl\u00f4me fran\u00e7ais et italien, en trois ans dans des conditions exceptionnelles. De la Seconde \u00e0 la Terminale, vous aurez la chance et le bonheur de suivre un enseignement linguistique, culturel et litt\u00e9raire riche et surprenant. Venez vivre avec nous cette aventure\u00a0!<\/span><\/p>\n<p><strong><span style=\"text-decoration: underline; font-family: verdana, geneva, sans-serif; color: #339966;\">Les horaires<\/span><\/strong><\/p>\n<table style=\"border-collapse: collapse; width: 100%;\" border=\"1\">\n<tbody>\n<tr>\n<td style=\"width: 50%;\"><span style=\"font-family: verdana, geneva, sans-serif;\">Langue et litt\u00e9rature italiennes<\/span><\/td>\n<td style=\"width: 50%;\"><span style=\"font-family: verdana, geneva, sans-serif;\">\u00a05 h<\/span><\/td>\n<\/tr>\n<tr>\n<td style=\"width: 50%; text-align: left;\"><span style=\"font-family: verdana, geneva, sans-serif;\">Histoire-g\u00e9ographie<\/span><br \/>\n<span style=\"font-family: verdana, geneva, sans-serif; font-size: 10pt;\">( <em>NB : les cours d&#8217;histoire-g\u00e9ographie en italien remplacent les cours d&#8217;histoire-g\u00e9ographie habituels<\/em>)<\/span><\/td>\n<td style=\"width: 50%;\"><span style=\"font-family: verdana, geneva, sans-serif;\">\u00a03 h en seconde<\/span><br \/>\n<span style=\"font-family: verdana, geneva, sans-serif;\">\u00a04 h en premi\u00e8re<\/span><br \/>\n<span style=\"font-family: verdana, geneva, sans-serif;\">\u00a04 h en terminale<\/span><\/td>\n<\/tr>\n<\/tbody>\n<\/table>\n<p><strong><span style=\"text-decoration: underline; font-family: verdana, geneva, sans-serif; color: #339966;\">Les activit\u00e9s<\/span><\/strong><\/p>\n<table style=\"border-collapse: collapse; width: 100%;\" border=\"1\">\n<tbody>\n<tr>\n<td style=\"width: 50%;\"><span style=\"font-family: verdana, geneva, sans-serif;\">Festival du film italien<\/span><\/p>\n<ul style=\"list-style-type: disc;\">\n<li><span style=\"font-family: verdana, geneva, sans-serif;\">Participation au jury &#8220;jeune&#8221;<\/span><\/li>\n<li><span style=\"font-family: verdana, geneva, sans-serif;\">Visionnage de fims<\/span><\/li>\n<li><span style=\"font-family: verdana, geneva, sans-serif;\">Conf\u00e9rences et interventions avec des r\u00e9alisateurs et des acteurs.<\/span><\/li>\n<\/ul>\n<\/td>\n<td style=\"width: 50%;\"><span style=\"font-family: verdana, geneva, sans-serif;\">Octobre-Novembre<\/span><\/td>\n<\/tr>\n<tr>\n<td style=\"width: 50%;\"><span style=\"font-family: verdana, geneva, sans-serif;\">Voyages et jumelages<\/span><\/p>\n<ul>\n<li><span style=\"font-family: verdana, geneva, sans-serif;\">Jumelages avec des lyc\u00e9es italiens Esabac (Sicile, Lombardie&#8230;)<\/span><\/li>\n<li><span style=\"font-family: verdana, geneva, sans-serif;\">Parcours culturels (V\u00e9n\u00e9tie, Emilie-Romagne, Toscane&#8230;)<\/span><\/li>\n<\/ul>\n<\/td>\n<td style=\"width: 50%;\"><span style=\"font-family: verdana, geneva, sans-serif;\">F\u00e9vrier-mars<\/span><\/td>\n<\/tr>\n<tr>\n<td style=\"width: 50%;\"><span style=\"font-family: verdana, geneva, sans-serif;\">Sortie et culture<\/span><\/p>\n<ul>\n<li><span style=\"font-family: verdana, geneva, sans-serif;\">Exposition temporaires sur l&#8217;Italie (Paris, Reims, Nancy&#8230;)<\/span><\/li>\n<li><span style=\"font-family: verdana, geneva, sans-serif;\">Visites de mus\u00e9es et sorties op\u00e9ra (Verdi, Toscanini, Rossini&#8230;)<\/span><\/li>\n<\/ul>\n<\/td>\n<td style=\"width: 50%;\"><span style=\"font-family: verdana, geneva, sans-serif;\">Toute l&#8217;ann\u00e9e<\/span><\/td>\n<\/tr>\n<tr>\n<td style=\"width: 50%;\"><span style=\"font-family: verdana, geneva, sans-serif;\">Autres<\/span><\/p>\n<ul>\n<li><span style=\"font-family: verdana, geneva, sans-serif;\">Journ\u00e9e des langues au lyc\u00e9e, pr\u00e9sentation section Esabac<\/span><\/li>\n<li><span style=\"font-family: verdana, geneva, sans-serif;\">Th\u00e9\u00e2tre (suivant l&#8217;actualit\u00e9)<\/span><\/li>\n<\/ul>\n<\/td>\n<td style=\"width: 50%;\"><span style=\"font-family: verdana, geneva, sans-serif;\">Toute l&#8217;ann\u00e9e<\/span><\/td>\n<\/tr>\n<\/tbody>\n<\/table>\n<p><strong><span style=\"text-decoration: underline; font-family: verdana, geneva, sans-serif; color: #339966;\">\u00c9quipe des professeurs<\/span><\/strong><\/p>\n<p><span style=\"font-family: verdana, geneva, sans-serif;\">Histoire-G\u00e9ographie\u00a0: Mme ANTENUCCI<\/span><\/p>\n<p><span style=\"font-family: verdana, geneva, sans-serif;\">Langue et Litt\u00e9rature\u00a0: Mme TOKARSKI et M.BACOURT<\/span><\/p>\n","protected":false},"excerpt":{"rendered":"<p>ESABAC &nbsp; La section Esabac La section ESABAC est unique dans le Nord de l\u2019Acad\u00e9mie de Nancy-Metz. Pour vous, futurs<\/p>\n","protected":false},"author":1,"featured_media":0,"parent":0,"menu_order":0,"comment_status":"closed","ping_status":"closed","template":"","meta":{"_exactmetrics_skip_tracking":false,"_exactmetrics_sitenote_active":false,"_exactmetrics_sitenote_note":"","_exactmetrics_sitenote_category":0,"footnotes":""},"_links":{"self":[{"href":"https:\/\/sites.ac-nancy-metz.fr\/lyc-alfred-mezieres-longwy\/wp-json\/wp\/v2\/pages\/307"}],"collection":[{"href":"https:\/\/sites.ac-nancy-metz.fr\/lyc-alfred-mezieres-longwy\/wp-json\/wp\/v2\/pages"}],"about":[{"href":"https:\/\/sites.ac-nancy-metz.fr\/lyc-alfred-mezieres-longwy\/wp-json\/wp\/v2\/types\/page"}],"author":[{"embeddable":true,"href":"https:\/\/sites.ac-nancy-metz.fr\/lyc-alfred-mezieres-longwy\/wp-json\/wp\/v2\/users\/1"}],"replies":[{"embeddable":true,"href":"https:\/\/sites.ac-nancy-metz.fr\/lyc-alfred-mezieres-longwy\/wp-json\/wp\/v2\/comments?post=307"}],"version-history":[{"count":0,"href":"https:\/\/sites.ac-nancy-metz.fr\/lyc-alfred-mezieres-longwy\/wp-json\/wp\/v2\/pages\/307\/revisions"}],"wp:attachment":[{"href":"https:\/\/sites.ac-nancy-metz.fr\/lyc-alfred-mezieres-longwy\/wp-json\/wp\/v2\/media?parent=307"}],"curies":[{"name":"wp","href":"https:\/\/api.w.org\/{rel}","templated":true}]}}