{"id":310,"date":"2018-05-02T11:54:11","date_gmt":"2018-05-02T09:54:11","guid":{"rendered":"http:\/\/sites.ac-nancy-metz.fr\/lyc-alfred-mezieres-longwy\/?page_id=310"},"modified":"2022-06-23T14:53:14","modified_gmt":"2022-06-23T12:53:14","slug":"option-theatre","status":"publish","type":"page","link":"https:\/\/sites.ac-nancy-metz.fr\/lyc-alfred-mezieres-longwy\/option-theatre\/","title":{"rendered":"Option th\u00e9\u00e2tre"},"content":{"rendered":"\n<p class=\"has-text-align-center\"><strong><span style=\"font-family: verdana, geneva, sans-serif; color: #339966;\">L&#8217;option th\u00e9\u00e2tre <\/span><\/strong><\/p>\n\n\n\n<p class=\"has-vivid-green-cyan-color has-text-color\"><strong>1-Qu&#8217;est-ce que l&#8217;option th\u00e9\u00e2tre au lyc\u00e9e ? <\/strong><\/p>\n\n\n\n<p>L&#8217;option th\u00e9\u00e2tre est une option de trois heures par semaine.<br>C&#8217;est un endroit o\u00f9 l&#8217;on peut s&#8217;exprimer librement et sans jugement.<\/p>\n\n\n\n<p>L&#8217;option est encadr\u00e9e par un professeur de lettres Mme Wantz et un com\u00e9dien.<\/p>\n\n\n\n<p>Au d\u00e9but de chaque cours a lieu un \u00e9chauffement th\u00e9\u00e2tral puis s&#8217;en suit une r\u00e9p\u00e9tition de la pi\u00e8ce de th\u00e9\u00e2tre.<\/p>\n\n\n\n<p>Cette option occasionne des notes et peut \u00e9ventuellement faire augmenter la moyenne. <\/p>\n\n\n\n<p class=\"has-vivid-green-cyan-color has-text-color\"><strong>2-Notre v\u00e9cu<\/strong><\/p>\n\n\n\n<p>Les \u00e9chauffements, les d\u00e9tournements de l\u2019usage premier d\u2019un objet nous ont permis d\u2019introduire le th\u00e9\u00e2tre de l\u2019absurde (sujet de cette ann\u00e9e) mais aussi de beaucoup s\u2019amuser en d\u00e9veloppant notre cr\u00e9ativit\u00e9.<\/p>\n\n\n\n<p>Nous avons pr\u00e9sent\u00e9 la c\u00e9l\u00e8bre pi\u00e8ce de th\u00e9\u00e2tre, nomm\u00e9e &#8220;La Cantatrice Chauve&#8221; de Eug\u00e8ne Ionesco puis une adaptation en pi\u00e8ce de la nouvelle &#8220;Les masques de cire&#8221;.<\/p>\n\n\n\n<p>Toute cette ann\u00e9e pass\u00e9e avec l&#8217;option th\u00e9\u00e2tre nous a apport\u00e9 plus de confiance en nous, mais aussi une forte coh\u00e9sion de groupe. Il y a eu beaucoup d\u2019\u00e9motions partag\u00e9es comme la joie et l\u2019amusement.<\/p>\n\n\n\n<p>Plusieurs sorties ont \u00e9t\u00e9 organis\u00e9es afin d\u2019enrichir notre culture personnelle et th\u00e9\u00e2trale. Ceci nous a permis de mettre en comparaison diff\u00e9rentes pi\u00e8ces.<\/p>\n\n\n\n<p class=\"has-vivid-green-cyan-color has-text-color\"><strong>3-Les apports<\/strong><\/p>\n\n\n\n<p>Lorsque l\u2019on parle d\u2019apport de confiance en soi, il y a un rel\u00e2chement de la peur du regard des autres.<\/p>\n\n\n\n<p>Cela nous a permis d\u2019am\u00e9liorer notre diction, notre articulation, notre mani\u00e8re de parler, d\u2019avoir plus d\u2019aisance \u00e0 l\u2019oral.<\/p>\n\n\n\n<p>Le th\u00e9\u00e2tre nous permettra plus tard de mieux nous exprimer lors d\u2019entretiens, d\u2019oraux par exemple.<\/p>\n\n\n\n<p>VENEZ NOMBREUX afin de d\u00e9couvrir une discipline transversale et constructive !<\/p>\n","protected":false},"excerpt":{"rendered":"<p>L&#8217;option th\u00e9\u00e2tre 1-Qu&#8217;est-ce que l&#8217;option th\u00e9\u00e2tre au lyc\u00e9e ? L&#8217;option th\u00e9\u00e2tre est une option de trois heures par semaine.C&#8217;est un<\/p>\n","protected":false},"author":1,"featured_media":0,"parent":0,"menu_order":0,"comment_status":"closed","ping_status":"closed","template":"","meta":{"_exactmetrics_skip_tracking":false,"_exactmetrics_sitenote_active":false,"_exactmetrics_sitenote_note":"","_exactmetrics_sitenote_category":0,"footnotes":""},"_links":{"self":[{"href":"https:\/\/sites.ac-nancy-metz.fr\/lyc-alfred-mezieres-longwy\/wp-json\/wp\/v2\/pages\/310"}],"collection":[{"href":"https:\/\/sites.ac-nancy-metz.fr\/lyc-alfred-mezieres-longwy\/wp-json\/wp\/v2\/pages"}],"about":[{"href":"https:\/\/sites.ac-nancy-metz.fr\/lyc-alfred-mezieres-longwy\/wp-json\/wp\/v2\/types\/page"}],"author":[{"embeddable":true,"href":"https:\/\/sites.ac-nancy-metz.fr\/lyc-alfred-mezieres-longwy\/wp-json\/wp\/v2\/users\/1"}],"replies":[{"embeddable":true,"href":"https:\/\/sites.ac-nancy-metz.fr\/lyc-alfred-mezieres-longwy\/wp-json\/wp\/v2\/comments?post=310"}],"version-history":[{"count":0,"href":"https:\/\/sites.ac-nancy-metz.fr\/lyc-alfred-mezieres-longwy\/wp-json\/wp\/v2\/pages\/310\/revisions"}],"wp:attachment":[{"href":"https:\/\/sites.ac-nancy-metz.fr\/lyc-alfred-mezieres-longwy\/wp-json\/wp\/v2\/media?parent=310"}],"curies":[{"name":"wp","href":"https:\/\/api.w.org\/{rel}","templated":true}]}}