{"id":313,"date":"2018-05-02T11:55:41","date_gmt":"2018-05-02T09:55:41","guid":{"rendered":"http:\/\/sites.ac-nancy-metz.fr\/lyc-alfred-mezieres-longwy\/?page_id=313"},"modified":"2018-07-04T10:03:38","modified_gmt":"2018-07-04T08:03:38","slug":"section-sportive","status":"publish","type":"page","link":"https:\/\/sites.ac-nancy-metz.fr\/lyc-alfred-mezieres-longwy\/section-sportive\/","title":{"rendered":"Sections sportives"},"content":{"rendered":"<h1 style=\"text-align: center;\"><span style=\"font-size: 12pt;\"><strong><span style=\"font-family: verdana, geneva, sans-serif; color: #339966;\">Sections sportives<\/span><\/strong><\/span><\/h1>\n<p><strong><span style=\"font-family: verdana, geneva, sans-serif; color: #339966;\">Golf<\/span><\/strong><\/p>\n<p><span style=\"font-family: verdana, geneva, sans-serif;\">La section sportive scolaire golf permet aux \u00e9l\u00e8ves de s&#8217;entrainer tous les mardi apr\u00e8s midi <\/span><span style=\"font-family: verdana, geneva, sans-serif;\">dans le cadre de leur emploi du temps sur les installations du golf international de Longwy.<\/span><\/p>\n<p><a title=\"\" href=\"http:\/\/sites.ac-nancy-metz.fr\/lyc-alfred-mezieres-longwy\/wp-content\/uploads\/2018\/06\/Golf_longwy.jpg\"><img loading=\"lazy\" decoding=\"async\" class=\"aligncenter wp-image-634\" title=\"\" src=\"http:\/\/sites.ac-nancy-metz.fr\/lyc-alfred-mezieres-longwy\/wp-content\/uploads\/2018\/06\/Golf_longwy-300x169.jpg\" alt=\"\" width=\"330\" height=\"186\" srcset=\"https:\/\/sites.ac-nancy-metz.fr\/lyc-alfred-mezieres-longwy\/wp-content\/uploads\/2018\/06\/Golf_longwy-300x169.jpg 300w, https:\/\/sites.ac-nancy-metz.fr\/lyc-alfred-mezieres-longwy\/wp-content\/uploads\/2018\/06\/Golf_longwy-768x432.jpg 768w, https:\/\/sites.ac-nancy-metz.fr\/lyc-alfred-mezieres-longwy\/wp-content\/uploads\/2018\/06\/Golf_longwy.jpg 800w\" sizes=\"(max-width: 330px) 100vw, 330px\" \/><\/a><\/p>\n<p><span style=\"font-family: verdana, geneva, sans-serif;\">Encadr\u00e9e par M. Mathieu et M.Gr\u00e9go, elle accueille joueurs confirm\u00e9s comme d\u00e9butants <\/span><span style=\"font-family: verdana, geneva, sans-serif;\">\u00e0 raison de 3 heures semaines.<br \/>\n<\/span><span style=\"font-family: verdana, geneva, sans-serif;\">L&#8217;objectif est de passer la carte verte pour les d\u00e9butants, <\/span><span style=\"font-family: verdana, geneva, sans-serif;\">d&#8217;am\u00e9liorer leur index et de d\u00e9fendre les couleurs du lyc\u00e9e <\/span><span style=\"font-family: verdana, geneva, sans-serif;\">en comp\u00e9tition scolaire pour les autres.<\/span><\/p>\n<p><strong><span style=\"font-family: verdana, geneva, sans-serif; color: #339966;\">Handball<\/span><\/strong><\/p>\n<div>\n<div>\n<div>\n<div><span style=\"font-family: verdana, geneva, sans-serif;\">2017-2018: 13 sportifs composent la section handball.<br \/>\n<\/span><span style=\"font-family: verdana, geneva, sans-serif;\">Deux entrainements hebdomadaires: le mardi et le jeudi de 16h00 \u00e0 17h30<\/span><\/div>\n<p><a title=\"\" href=\"http:\/\/sites.ac-nancy-metz.fr\/lyc-alfred-mezieres-longwy\/wp-content\/uploads\/2018\/06\/Handball-Longwy.jpg\"><img loading=\"lazy\" decoding=\"async\" class=\"aligncenter wp-image-639\" src=\"http:\/\/sites.ac-nancy-metz.fr\/lyc-alfred-mezieres-longwy\/wp-content\/uploads\/2018\/06\/Handball-Longwy-166x300.jpg\" alt=\"\" width=\"178\" height=\"322\" srcset=\"https:\/\/sites.ac-nancy-metz.fr\/lyc-alfred-mezieres-longwy\/wp-content\/uploads\/2018\/06\/Handball-Longwy-166x300.jpg 166w, https:\/\/sites.ac-nancy-metz.fr\/lyc-alfred-mezieres-longwy\/wp-content\/uploads\/2018\/06\/Handball-Longwy.jpg 455w\" sizes=\"(max-width: 178px) 100vw, 178px\" \/><\/a><\/p>\n<\/div>\n<p><span style=\"font-family: verdana, geneva, sans-serif;\">Vice champion de FRANCE UNSS \u00e9tablissement\u00a0 en 2017 <\/span><\/p>\n<\/div>\n<p><span style=\"font-family: verdana, geneva, sans-serif;\">4eme de FRANCE UNSS section sportive en 2018<\/span><\/p>\n<\/div>\n<div><span style=\"font-family: verdana, geneva, sans-serif;\">Responsable: Farnier Yann<\/span><\/div>\n","protected":false},"excerpt":{"rendered":"<p>Sections sportives Golf La section sportive scolaire golf permet aux \u00e9l\u00e8ves de s&#8217;entrainer tous les mardi apr\u00e8s midi dans le<\/p>\n","protected":false},"author":1,"featured_media":0,"parent":0,"menu_order":0,"comment_status":"closed","ping_status":"closed","template":"","meta":{"_exactmetrics_skip_tracking":false,"_exactmetrics_sitenote_active":false,"_exactmetrics_sitenote_note":"","_exactmetrics_sitenote_category":0,"footnotes":""},"_links":{"self":[{"href":"https:\/\/sites.ac-nancy-metz.fr\/lyc-alfred-mezieres-longwy\/wp-json\/wp\/v2\/pages\/313"}],"collection":[{"href":"https:\/\/sites.ac-nancy-metz.fr\/lyc-alfred-mezieres-longwy\/wp-json\/wp\/v2\/pages"}],"about":[{"href":"https:\/\/sites.ac-nancy-metz.fr\/lyc-alfred-mezieres-longwy\/wp-json\/wp\/v2\/types\/page"}],"author":[{"embeddable":true,"href":"https:\/\/sites.ac-nancy-metz.fr\/lyc-alfred-mezieres-longwy\/wp-json\/wp\/v2\/users\/1"}],"replies":[{"embeddable":true,"href":"https:\/\/sites.ac-nancy-metz.fr\/lyc-alfred-mezieres-longwy\/wp-json\/wp\/v2\/comments?post=313"}],"version-history":[{"count":0,"href":"https:\/\/sites.ac-nancy-metz.fr\/lyc-alfred-mezieres-longwy\/wp-json\/wp\/v2\/pages\/313\/revisions"}],"wp:attachment":[{"href":"https:\/\/sites.ac-nancy-metz.fr\/lyc-alfred-mezieres-longwy\/wp-json\/wp\/v2\/media?parent=313"}],"curies":[{"name":"wp","href":"https:\/\/api.w.org\/{rel}","templated":true}]}}