{"id":322,"date":"2018-05-02T12:10:39","date_gmt":"2018-05-02T10:10:39","guid":{"rendered":"http:\/\/sites.ac-nancy-metz.fr\/lyc-alfred-mezieres-longwy\/?page_id=322"},"modified":"2018-09-17T22:38:43","modified_gmt":"2018-09-17T20:38:43","slug":"sante-et-social","status":"publish","type":"page","link":"https:\/\/sites.ac-nancy-metz.fr\/lyc-alfred-mezieres-longwy\/sante-et-social\/","title":{"rendered":"Sant\u00e9 et social"},"content":{"rendered":"<p><span style=\"color: #339966; font-family: verdana, geneva, sans-serif;\"><strong>Infirmi\u00e8re de l\u2019\u00c9ducation Nationale<\/strong><\/span><\/p>\n<p><span style=\"font-family: verdana, geneva, sans-serif;\"><span style=\"color: #339966;\">Accueil<\/span> :<\/span><\/p>\n<p><span style=\"font-family: verdana, geneva, sans-serif;\">Bureau infirmier Malraux<\/span><br \/>\n<span style=\"font-family: verdana, geneva, sans-serif;\">03.82.39.53.58<\/span><\/p>\n<p><span style=\"font-family: verdana, geneva, sans-serif;\">Bureau infirmier Aviation<\/span><br \/>\n<span style=\"font-family: verdana, geneva, sans-serif;\">03.82.39.54.55<\/span><\/p>\n<iframe src=\"\/\/docs.google.com\/viewer?url=http%3A%2F%2Fsites.ac-nancy-metz.fr%2Flyc-alfred-mezieres-longwy%2Fwp-content%2Fuploads%2F2018%2F09%2FInfirmiere-education-nationale.pdf&hl=fr&embedded=true\" class=\"gde-frame\" style=\"width:100%; height:500px; border: none;\" scrolling=\"no\"><\/iframe>\n<p class=\"gde-text\"><a href=\"http:\/\/sites.ac-nancy-metz.fr\/lyc-alfred-mezieres-longwy\/wp-content\/uploads\/2018\/09\/Infirmiere-education-nationale.pdf\" class=\"gde-link\">T\u00e9l\u00e9charger (PDF, 709KB)<\/a><\/p>\n<p><span style=\"font-family: verdana, geneva, sans-serif;\"><span style=\"color: #339966;\"><strong>L\u2019infirmi\u00e8re de l\u2019\u00c9ducation Nationale au sein de l&#8217;\u00e9tablissement<\/strong>.<\/span> <\/span><\/p>\n<p><span style=\"font-family: verdana, geneva, sans-serif;\"><span style=\"color: #339966;\">Missions<\/span> : <\/span><\/p>\n<p><span style=\"font-family: verdana, geneva, sans-serif;\">Elle s\u2019inscrit dans la politique g\u00e9n\u00e9rale de l\u2019\u00c9ducation Nationale qui est de promouvoir la r\u00e9ussite des \u00e9l\u00e8ves et des \u00e9tudiants ; elle concourt \u00e0 cet objectif par la promotion de la sant\u00e9 des jeunes et participe plus largement \u00e0 la politique du pays en mati\u00e8re de pr\u00e9vention et d\u2019\u00e9ducation \u00e0 la sant\u00e9.<\/span><\/p>\n<p><span style=\"font-family: verdana, geneva, sans-serif;\">La mission de promotion de la sant\u00e9 en faveur des \u00e9l\u00e8ves a pour objectif essentiel et sp\u00e9cifique de veiller \u00e0 leur bien-\u00eatre, les accompagner dans la construction de leur personnalit\u00e9 individuelle et collective.<\/span><\/p>\n<p><span style=\"font-family: verdana, geneva, sans-serif;\"><span style=\"color: #339966;\">Fonctions<\/span> : <\/span><\/p>\n<ul style=\"list-style-type: disc;\">\n<li><span style=\"font-family: verdana, geneva, sans-serif;\">Accueillir et accompagner les \u00e9l\u00e8ves.<\/span><\/li>\n<li><span style=\"font-family: verdana, geneva, sans-serif;\">Organiser les urgences et les soins.<\/span><\/li>\n<li><span style=\"font-family: verdana, geneva, sans-serif;\">Administrer certains m\u00e9dicaments d\u2019usage courant (type parac\u00e9tamol\u2026).<\/span><\/li>\n<li><span style=\"font-family: verdana, geneva, sans-serif;\">Administrer une contraception d\u2019urgence selon le protocole du 06\/01\/00.<\/span><\/li>\n<li><span style=\"font-family: verdana, geneva, sans-serif;\">Donner des conseils de sant\u00e9.<\/span><\/li>\n<li><span style=\"font-family: verdana, geneva, sans-serif;\">Organiser un suivi infirmier.<\/span><\/li>\n<li><span style=\"font-family: verdana, geneva, sans-serif;\">Suivre les \u00e9l\u00e8ves signal\u00e9s par les membres de l\u2019\u00e9quipe \u00e9ducative.<\/span><\/li>\n<li><span style=\"font-family: verdana, geneva, sans-serif;\">Agir en cas de maladies transmissibles survenues en milieu scolaire.<\/span><\/li>\n<li><span style=\"font-family: verdana, geneva, sans-serif;\">Intervenir en urgence aupr\u00e8s d\u2019enfants ou d\u2019adolescents en danger (victimes de maltraitance ou de violences sexuelles)<\/span><\/li>\n<li><span style=\"font-family: verdana, geneva, sans-serif;\">Contribuer \u00e0 l\u2019int\u00e9gration scolaire des enfants et adolescents atteints de handicap.<\/span><\/li>\n<li><span style=\"font-family: verdana, geneva, sans-serif;\">Aider \u00e0 la scolarisation des enfants atteints de troubles de la sant\u00e9 \u00e9voluant sur une longue p\u00e9riode (Mise en place des aides existantes).<\/span><\/li>\n<li><span style=\"font-family: verdana, geneva, sans-serif;\">D\u00e9velopper une dynamique d\u2019\u00e9ducation \u00e0 la sant\u00e9.<\/span><\/li>\n<li><span style=\"font-family: verdana, geneva, sans-serif;\">Mettre en place des actions permettant d\u2019am\u00e9liorer la qualit\u00e9 de vie des \u00e9l\u00e8ves en mati\u00e8re d\u2019hygi\u00e8ne, de s\u00e9curit\u00e9 et d\u2019ergonomie.<\/span><\/li>\n<li><span style=\"font-family: verdana, geneva, sans-serif;\">D\u00e9velopper une dynamique d\u2019\u00e9ducation \u00e0 la sant\u00e9 (Voir les diff\u00e9rentes actions faites au Lyc\u00e9e).<br \/>\n<\/span><\/li>\n<li><span style=\"font-family: verdana, geneva, sans-serif;\">Mettre en place des dispositifs adapt\u00e9s en cas d\u2019\u00e9v\u00e8nements graves survenant dans la communaut\u00e9 scolaire.<\/span><\/li>\n<\/ul>\n<p><span style=\"font-family: verdana, geneva, sans-serif;\">Pour toutes ces actions l\u2019infirmier(\u00e8re) travaille en partenariat, \u00e0 l\u2019interne, avec les diff\u00e9rents membres de l\u2019\u00e9quipe \u00e9ducative, \u00e0 l\u2019externe, avec d\u2019autres services, institutions ou associations, tous agr\u00e9\u00e9s par l\u2019\u00e9ducation nationale.<\/span><\/p>\n<p><span style=\"font-family: verdana, geneva, sans-serif;\">L\u2019 infirmier(\u00e8re) de l\u2019\u00e9ducation nationale est plac\u00e9 sous l\u2019autorit\u00e9 hi\u00e9rarchique directe du chef d\u2019\u00e9tablissement dont il (elle) est le r\u00e9f\u00e9rent sant\u00e9 et le conseiller technique.<\/span><\/p>\n<p><span style=\"font-family: verdana, geneva, sans-serif; color: #339966;\"><strong>Assistante Sociale Scolaire<\/strong><\/span><\/p>\n<p><span style=\"font-family: verdana, geneva, sans-serif;\">Bient\u00f4t en ligne &#8230;<\/span><\/p>\n<p><span style=\"font-family: verdana, geneva, sans-serif; color: #339966;\"><strong> Psychologues de l\u2019\u00e9ducation nationale : PsyEN (Conseill\u00e8res d\u2019Orientation)<\/strong><\/span><\/p>\n<p><span style=\"font-family: verdana, geneva, sans-serif;\">Bient\u00f4t en ligne &#8230;<\/span><\/p>\n","protected":false},"excerpt":{"rendered":"<p>Infirmi\u00e8re de l\u2019\u00c9ducation Nationale Accueil : Bureau infirmier Malraux 03.82.39.53.58 Bureau infirmier Aviation 03.82.39.54.55 L\u2019infirmi\u00e8re de l\u2019\u00c9ducation Nationale au sein<\/p>\n","protected":false},"author":1,"featured_media":0,"parent":0,"menu_order":0,"comment_status":"closed","ping_status":"closed","template":"","meta":{"_exactmetrics_skip_tracking":false,"_exactmetrics_sitenote_active":false,"_exactmetrics_sitenote_note":"","_exactmetrics_sitenote_category":0,"footnotes":""},"_links":{"self":[{"href":"https:\/\/sites.ac-nancy-metz.fr\/lyc-alfred-mezieres-longwy\/wp-json\/wp\/v2\/pages\/322"}],"collection":[{"href":"https:\/\/sites.ac-nancy-metz.fr\/lyc-alfred-mezieres-longwy\/wp-json\/wp\/v2\/pages"}],"about":[{"href":"https:\/\/sites.ac-nancy-metz.fr\/lyc-alfred-mezieres-longwy\/wp-json\/wp\/v2\/types\/page"}],"author":[{"embeddable":true,"href":"https:\/\/sites.ac-nancy-metz.fr\/lyc-alfred-mezieres-longwy\/wp-json\/wp\/v2\/users\/1"}],"replies":[{"embeddable":true,"href":"https:\/\/sites.ac-nancy-metz.fr\/lyc-alfred-mezieres-longwy\/wp-json\/wp\/v2\/comments?post=322"}],"version-history":[{"count":0,"href":"https:\/\/sites.ac-nancy-metz.fr\/lyc-alfred-mezieres-longwy\/wp-json\/wp\/v2\/pages\/322\/revisions"}],"wp:attachment":[{"href":"https:\/\/sites.ac-nancy-metz.fr\/lyc-alfred-mezieres-longwy\/wp-json\/wp\/v2\/media?parent=322"}],"curies":[{"name":"wp","href":"https:\/\/api.w.org\/{rel}","templated":true}]}}