{"id":3403,"date":"2023-09-05T10:40:22","date_gmt":"2023-09-05T08:40:22","guid":{"rendered":"https:\/\/sites.ac-nancy-metz.fr\/lyc-alfred-mezieres-longwy\/?page_id=3403"},"modified":"2023-09-05T10:52:09","modified_gmt":"2023-09-05T08:52:09","slug":"option-lvc-espagnol","status":"publish","type":"page","link":"https:\/\/sites.ac-nancy-metz.fr\/lyc-alfred-mezieres-longwy\/option-lvc-espagnol\/","title":{"rendered":"Option Espagnol Langue Vivante C"},"content":{"rendered":"\n<p class=\"has-text-align-center has-vivid-green-cyan-color has-text-color\"><strong>Option Espagnol Langue Vivante C<\/strong><\/p>\n\n\n<div class=\"wp-block-image\">\n<figure class=\"aligncenter size-full is-resized\"><img loading=\"lazy\" decoding=\"async\" src=\"https:\/\/sites.ac-nancy-metz.fr\/lyc-alfred-mezieres-longwy\/wp-content\/uploads\/2023\/09\/Image1.png\" alt=\"\" class=\"wp-image-3406\" style=\"width:340px;height:476px\" width=\"340\" height=\"476\" srcset=\"https:\/\/sites.ac-nancy-metz.fr\/lyc-alfred-mezieres-longwy\/wp-content\/uploads\/2023\/09\/Image1.png 482w, https:\/\/sites.ac-nancy-metz.fr\/lyc-alfred-mezieres-longwy\/wp-content\/uploads\/2023\/09\/Image1-214x300.png 214w\" sizes=\"(max-width: 340px) 100vw, 340px\" \/><\/figure><\/div>\n\n\n<p class=\"has-vivid-green-cyan-color has-text-color\"><strong>Qu\u2019est-ce que la langue LVC\u00a0?<\/strong><\/p>\n\n\n\n<p>Vous pouvez choisir d\u2019apprendre une nouvelle langue vivante.<\/p>\n\n\n\n<p>Si vous souhaitez commencer l\u2019apprentissage de la langue vivante C espagnol, vous devez indiquer sur votre dossier le choix de l\u2019option qui sera suivie de septembre \u00e0 juin.<\/p>\n\n\n\n<p class=\"has-vivid-green-cyan-color has-text-color\"><strong>Les modalit\u00e9s de la langue LVC\u00a0:<\/strong><\/p>\n\n\n\n<ul>\n<li>En seconde\u00a0il y a\u00a0: 3 heures par semaine, niveau vis\u00e9 A1\/A2. La moyenne obtenue en espagnol s\u2019ajoute aux autres moyennes. L\u2019\u00e9l\u00e8ve pourra poursuivre cette option en 1\u00e8re ou bien l\u2019abandonner.<\/li>\n<\/ul>\n\n\n\n<ul>\n<li>En premi\u00e8re il y a\u00a0: 3 heures par semaine, niveau vis\u00e9 A2\/B1. La moyenne annuelle b\u00e9n\u00e9ficie d\u2019un coefficient 2 pour le baccalaur\u00e9at.\u00a0L\u2019\u00e9l\u00e8ve pourra poursuivre cette option en terminale ou bien l\u2019abandonner.<\/li>\n<\/ul>\n\n\n\n<ul>\n<li>En terminale\u00a0il y a\u00a0: 3 heures par semaine, niveau vis\u00e9 B1. La moyenne annuelle b\u00e9n\u00e9ficie d\u2019un coefficient 2 pour le baccalaur\u00e9at. Les \u00e9l\u00e8ves ayant suivi l\u2019enseignement de l\u2019espagnol en terminale ont la possibilit\u00e9 de changer de langue pour la poursuite de leurs \u00e9tudes post bac.<\/li>\n<\/ul>\n\n\n\n<p class=\"has-vivid-green-cyan-color has-text-color\"><strong>\u00c0 qui s\u2019adresse cette option\u00a0<\/strong>?<\/p>\n\n\n\n<p>Cette option s\u2019adresse \u00e0 des \u00e9l\u00e8ves motiv\u00e9s, curieux, cr\u00e9atifs et int\u00e9ress\u00e9s.<br>Alors, n\u2019h\u00e9sitez pas \u00e0 vous inscrire. C\u2019est un v\u00e9ritable atout de pouvoir cumuler l\u2019apprentissage des langues vivantes.<\/p>\n\n\n\n<p class=\"has-vivid-green-cyan-color has-text-color\"><strong>Que fait-on en cours\u00a0?<\/strong><\/p>\n\n\n\n<figure class=\"wp-block-table\"><table><tbody><tr><td><strong>Nous r\u00e9alisons des projets\u00a0:<\/strong><br><em>Participation \u00e0 la semaine des langues \u00e0 travers la th\u00e9matique du sport<\/em>.<\/td><td><strong>Nous mettons l\u2019accent sur l\u2019aspect culturel\u00a0:<\/strong> \u00a0<br><em>Atelier flamenco et percussions avec une danseuse professionnelle et un musicien<\/em>.<\/td><\/tr><tr><td><strong>Nous travaillons en groupe\u00a0:<\/strong><br><em>Petit effectif<\/em>.<\/td><td><strong>Nous faisons des voyages linguistiques\u00a0:<\/strong><br><em>Exemple voyage en Espagne.<\/em><\/td><\/tr><tr><td><strong>Nous produisons des expos\u00e9s\u00a0:<\/strong><br><em>Travaux sp\u00e9cifiques en lien avec les f\u00eates colombiennes et l\u2019assistante de langue de Colombie.\u00a0<\/em><\/td><td><strong>Nous travaillons la culture \u00e0 travers les axes du tronc commun\u00a0:<\/strong><br><em>D\u00e9couverte de l\u2019Am\u00e9rique latine \u00e0 travers la biodiversit\u00e9, par exemple.<\/em><\/td><\/tr><\/tbody><\/table><\/figure>\n","protected":false},"excerpt":{"rendered":"<p>Option Espagnol Langue Vivante C Qu\u2019est-ce que la langue LVC\u00a0? Vous pouvez choisir d\u2019apprendre une nouvelle langue vivante. Si vous<\/p>\n","protected":false},"author":1,"featured_media":0,"parent":0,"menu_order":0,"comment_status":"closed","ping_status":"closed","template":"","meta":{"_exactmetrics_skip_tracking":false,"_exactmetrics_sitenote_active":false,"_exactmetrics_sitenote_note":"","_exactmetrics_sitenote_category":0,"footnotes":""},"_links":{"self":[{"href":"https:\/\/sites.ac-nancy-metz.fr\/lyc-alfred-mezieres-longwy\/wp-json\/wp\/v2\/pages\/3403"}],"collection":[{"href":"https:\/\/sites.ac-nancy-metz.fr\/lyc-alfred-mezieres-longwy\/wp-json\/wp\/v2\/pages"}],"about":[{"href":"https:\/\/sites.ac-nancy-metz.fr\/lyc-alfred-mezieres-longwy\/wp-json\/wp\/v2\/types\/page"}],"author":[{"embeddable":true,"href":"https:\/\/sites.ac-nancy-metz.fr\/lyc-alfred-mezieres-longwy\/wp-json\/wp\/v2\/users\/1"}],"replies":[{"embeddable":true,"href":"https:\/\/sites.ac-nancy-metz.fr\/lyc-alfred-mezieres-longwy\/wp-json\/wp\/v2\/comments?post=3403"}],"version-history":[{"count":0,"href":"https:\/\/sites.ac-nancy-metz.fr\/lyc-alfred-mezieres-longwy\/wp-json\/wp\/v2\/pages\/3403\/revisions"}],"wp:attachment":[{"href":"https:\/\/sites.ac-nancy-metz.fr\/lyc-alfred-mezieres-longwy\/wp-json\/wp\/v2\/media?parent=3403"}],"curies":[{"name":"wp","href":"https:\/\/api.w.org\/{rel}","templated":true}]}}