{"id":354,"date":"2018-05-02T13:35:45","date_gmt":"2018-05-02T11:35:45","guid":{"rendered":"http:\/\/sites.ac-nancy-metz.fr\/lyc-alfred-mezieres-longwy\/?page_id=354"},"modified":"2018-07-04T17:28:31","modified_gmt":"2018-07-04T15:28:31","slug":"etwinning","status":"publish","type":"page","link":"https:\/\/sites.ac-nancy-metz.fr\/lyc-alfred-mezieres-longwy\/etwinning\/","title":{"rendered":"\u00c9cole eTwinning"},"content":{"rendered":"<p style=\"text-align: center;\"><span style=\"font-size: 12pt; font-family: verdana, geneva, sans-serif; color: #339966;\"><strong>eTwinning<\/strong>\u00a0<\/span><\/p>\n<p style=\"text-align: center;\"><span style=\"font-family: verdana, geneva, sans-serif;\">Le Lyc\u00e9e Alfred M\u00e9zi\u00e8res\u00a0labellis\u00e9\u00a0 \u00ab \u00e9cole eTwinning \u00bb. <\/span><\/p>\n<p><img loading=\"lazy\" decoding=\"async\" class=\"aligncenter wp-image-414 \" title=\"\" src=\"http:\/\/sites.ac-nancy-metz.fr\/lyc-alfred-mezieres-longwy\/wp-content\/uploads\/2018\/05\/eTwinning-School.jpg\" alt=\"Le lyc\u00e9e Alfred M\u00e9zi\u00e8res de Longwy et labellis\u00e9 \u00ab \u00e9cole eTwinning \u00bb\" width=\"487\" height=\"271\" srcset=\"https:\/\/sites.ac-nancy-metz.fr\/lyc-alfred-mezieres-longwy\/wp-content\/uploads\/2018\/05\/eTwinning-School.jpg 800w, https:\/\/sites.ac-nancy-metz.fr\/lyc-alfred-mezieres-longwy\/wp-content\/uploads\/2018\/05\/eTwinning-School-300x167.jpg 300w, https:\/\/sites.ac-nancy-metz.fr\/lyc-alfred-mezieres-longwy\/wp-content\/uploads\/2018\/05\/eTwinning-School-768x427.jpg 768w\" sizes=\"(max-width: 487px) 100vw, 487px\" \/><\/p>\n<p><strong>\u00a0<\/strong><\/p>\n<p><span style=\"font-family: verdana, geneva, sans-serif;\">Le label\u00a0<em>eTwinning school<\/em>\u00a0a\u00a0\u00e9t\u00e9 attribu\u00e9 \u00e0\u00a056 \u00e9tablissements fran\u00e7ais et 1 211\u00a0\u00e9tablissements scolaires\u00a0dans toute l&#8217;Europe. Dans l&#8217;acad\u00e9mie de Nancy-Metz, seul notre \u00e9tablissement a \u00e9t\u00e9 labellis\u00e9.<\/span><\/p>\n<p><span style=\"font-family: verdana, geneva, sans-serif;\">eTwinning est une plateforme cr\u00e9\u00e9e par la Commission Europ\u00e9enne (<a href=\"https:\/\/www.etwinning.net\/fr\/pub\/index.htm\" target=\"_blank\" rel=\"noopener\">www.etwinning.fr<\/a>) qui permet la mise en relation de classes europ\u00e9ennes pour conduire des projets collaboratifs a\u0300 distance en utilisant des outils num\u00e9riques.<\/span><\/p>\n<p><span style=\"font-family: verdana, geneva, sans-serif;\">Plusieurs projets sont initi\u00e9s chaque ann\u00e9e dans des classes du lyc\u00e9e par des enseignants.<\/span><\/p>\n<p><span style=\"font-family: verdana, geneva, sans-serif;\">Le label r\u00e9compense les \u00e9tablissements reconnus comme leaders dans les domaines suivants\u00a0:\u00a0pratique num\u00e9rique, s\u00e9curit\u00e9 en ligne, approches p\u00e9dagogiques novatrices et cr\u00e9atives, promotion de la formation continue du personnel, promotion des pratiques d\u2019apprentissage collaboratif avec le personnel et les \u00e9l\u00e8ves.<\/span><\/p>\n<p>&nbsp;<\/p>\n<p><span style=\"font-family: verdana, geneva, sans-serif;\">\u00a0<\/span><\/p>\n","protected":false},"excerpt":{"rendered":"<p>eTwinning\u00a0 Le Lyc\u00e9e Alfred M\u00e9zi\u00e8res\u00a0labellis\u00e9\u00a0 \u00ab \u00e9cole eTwinning \u00bb. \u00a0 Le label\u00a0eTwinning school\u00a0a\u00a0\u00e9t\u00e9 attribu\u00e9 \u00e0\u00a056 \u00e9tablissements fran\u00e7ais et 1 211\u00a0\u00e9tablissements<\/p>\n","protected":false},"author":1,"featured_media":0,"parent":0,"menu_order":0,"comment_status":"closed","ping_status":"closed","template":"","meta":{"_exactmetrics_skip_tracking":false,"_exactmetrics_sitenote_active":false,"_exactmetrics_sitenote_note":"","_exactmetrics_sitenote_category":0,"footnotes":""},"_links":{"self":[{"href":"https:\/\/sites.ac-nancy-metz.fr\/lyc-alfred-mezieres-longwy\/wp-json\/wp\/v2\/pages\/354"}],"collection":[{"href":"https:\/\/sites.ac-nancy-metz.fr\/lyc-alfred-mezieres-longwy\/wp-json\/wp\/v2\/pages"}],"about":[{"href":"https:\/\/sites.ac-nancy-metz.fr\/lyc-alfred-mezieres-longwy\/wp-json\/wp\/v2\/types\/page"}],"author":[{"embeddable":true,"href":"https:\/\/sites.ac-nancy-metz.fr\/lyc-alfred-mezieres-longwy\/wp-json\/wp\/v2\/users\/1"}],"replies":[{"embeddable":true,"href":"https:\/\/sites.ac-nancy-metz.fr\/lyc-alfred-mezieres-longwy\/wp-json\/wp\/v2\/comments?post=354"}],"version-history":[{"count":0,"href":"https:\/\/sites.ac-nancy-metz.fr\/lyc-alfred-mezieres-longwy\/wp-json\/wp\/v2\/pages\/354\/revisions"}],"wp:attachment":[{"href":"https:\/\/sites.ac-nancy-metz.fr\/lyc-alfred-mezieres-longwy\/wp-json\/wp\/v2\/media?parent=354"}],"curies":[{"name":"wp","href":"https:\/\/api.w.org\/{rel}","templated":true}]}}