{"id":4216,"date":"2025-09-10T08:38:24","date_gmt":"2025-09-10T06:38:24","guid":{"rendered":"https:\/\/sites.ac-nancy-metz.fr\/lyc-alfred-mezieres-longwy\/?page_id=4216"},"modified":"2025-09-10T08:44:44","modified_gmt":"2025-09-10T06:44:44","slug":"agence-comptable","status":"publish","type":"page","link":"https:\/\/sites.ac-nancy-metz.fr\/lyc-alfred-mezieres-longwy\/agence-comptable\/","title":{"rendered":"Agence Comptable"},"content":{"rendered":"\n<p class=\"has-vivid-green-cyan-color has-text-color has-link-color wp-elements-e89f5e4119e1696239fc179e48633267\"><strong>Le lyc\u00e9e Alfred M\u00e9zi\u00e8res de Longwy est le si\u00e8ge d\u2019une agence comptable de onze \u00e9tablissements<\/strong>\u00a0:<\/p>\n\n\n\n<ul>\n<li>Lyc\u00e9e Alfred M\u00e9zi\u00e8res de Longwy<\/li>\n\n\n\n<li>Coll\u00e8ge Anatole France de Mont Saint Martin<\/li>\n\n\n\n<li>Coll\u00e8ge L\u00e9odile Bera de Longlaville<\/li>\n\n\n\n<li>Lyc\u00e9e professionnel Darche de Longwy<\/li>\n\n\n\n<li>Coll\u00e8ge Emile Gall\u00e9 de Lexy<\/li>\n\n\n\n<li>Coll\u00e8ge Albert Lebrun de Longwy<\/li>\n\n\n\n<li>Coll\u00e8ge Paul Verlaine de Longuyon<\/li>\n\n\n\n<li>Coll\u00e8ge Pierre Brossolette de R\u00e9hon<\/li>\n\n\n\n<li>Lyc\u00e9e professionnel Jean-Marc Reiser de Longlaville<\/li>\n\n\n\n<li>Coll\u00e8ge Th\u00e9odore Monod de Villerupt<\/li>\n\n\n\n<li>Coll\u00e8ge Vauban de Longwy<\/li>\n<\/ul>\n\n\n\n<p>L\u2019agence comptable est en charge du paiement des d\u00e9penses, de l\u2019encaissement des recettes, du recouvrement et de la tenue de la comptabilit\u00e9 des \u00e9tablissements.<\/p>\n\n\n\n<p>L\u2019agent comptable a \u00e9galement un r\u00f4le de conseil aupr\u00e8s des \u00e9tablissements rattach\u00e9s \u00e0 l\u2019agence.<\/p>\n\n\n\n<p>Contact\u00a0: <strong>ce.0540030p_gc@ac-nancy-metz.fr <\/strong><\/p>\n","protected":false},"excerpt":{"rendered":"<p>Le lyc\u00e9e Alfred M\u00e9zi\u00e8res de Longwy est le si\u00e8ge d\u2019une agence comptable de onze \u00e9tablissements\u00a0: L\u2019agence comptable est en charge<\/p>\n","protected":false},"author":1,"featured_media":0,"parent":0,"menu_order":0,"comment_status":"closed","ping_status":"closed","template":"","meta":{"_exactmetrics_skip_tracking":false,"_exactmetrics_sitenote_active":false,"_exactmetrics_sitenote_note":"","_exactmetrics_sitenote_category":0,"footnotes":""},"_links":{"self":[{"href":"https:\/\/sites.ac-nancy-metz.fr\/lyc-alfred-mezieres-longwy\/wp-json\/wp\/v2\/pages\/4216"}],"collection":[{"href":"https:\/\/sites.ac-nancy-metz.fr\/lyc-alfred-mezieres-longwy\/wp-json\/wp\/v2\/pages"}],"about":[{"href":"https:\/\/sites.ac-nancy-metz.fr\/lyc-alfred-mezieres-longwy\/wp-json\/wp\/v2\/types\/page"}],"author":[{"embeddable":true,"href":"https:\/\/sites.ac-nancy-metz.fr\/lyc-alfred-mezieres-longwy\/wp-json\/wp\/v2\/users\/1"}],"replies":[{"embeddable":true,"href":"https:\/\/sites.ac-nancy-metz.fr\/lyc-alfred-mezieres-longwy\/wp-json\/wp\/v2\/comments?post=4216"}],"version-history":[{"count":0,"href":"https:\/\/sites.ac-nancy-metz.fr\/lyc-alfred-mezieres-longwy\/wp-json\/wp\/v2\/pages\/4216\/revisions"}],"wp:attachment":[{"href":"https:\/\/sites.ac-nancy-metz.fr\/lyc-alfred-mezieres-longwy\/wp-json\/wp\/v2\/media?parent=4216"}],"curies":[{"name":"wp","href":"https:\/\/api.w.org\/{rel}","templated":true}]}}