{"id":466,"date":"2018-05-04T13:07:13","date_gmt":"2018-05-04T11:07:13","guid":{"rendered":"http:\/\/sites.ac-nancy-metz.fr\/lyc-alfred-mezieres-longwy\/?page_id=466"},"modified":"2026-03-17T08:40:22","modified_gmt":"2026-03-17T07:40:22","slug":"mentions-legales","status":"publish","type":"page","link":"https:\/\/sites.ac-nancy-metz.fr\/lyc-alfred-mezieres-longwy\/mentions-legales\/","title":{"rendered":"Mentions l\u00e9gales"},"content":{"rendered":"<p><strong><span style=\"font-family: verdana, geneva, sans-serif; color: #339966;\">Directeur de publication<br \/>\n<\/span><\/strong><strong><span style=\"font-family: verdana, geneva, sans-serif;\">M. Pierre-Fran\u00e7ois MOURIER<\/span><\/strong><br \/>\n<span style=\"font-family: verdana, geneva, sans-serif;\">Recteur de la r\u00e9gion acad\u00e9mique Grand Est<\/span><br \/>\n<span style=\"font-family: verdana, geneva, sans-serif;\">Recteur de l&#8217;acad\u00e9mie de Nancy-Metz<\/span><br \/>\n<span style=\"font-family: verdana, geneva, sans-serif;\">Chancelier des Universit\u00e9s<\/span><\/p>\n<p><span style=\"color: #339966;\"><strong><span style=\"font-family: verdana, geneva, sans-serif;\">Raison sociale et h\u00e9bergeur<br \/>\n<\/span><\/strong><\/span><span style=\"font-family: verdana, geneva, sans-serif;\">Rectorat de la R\u00e9gion Acad\u00e9mique Grand Est et l&#8217;Acad\u00e9mie de Nancy-Metz<br \/>\n<\/span><span style=\"font-family: verdana, geneva, sans-serif;\">9 rue des Brice, Rond-Point Marguerite.<br \/>\n<\/span><span style=\"font-family: verdana, geneva, sans-serif;\">C.S 30013<br \/>\n<\/span><span style=\"font-family: verdana, geneva, sans-serif;\">54035 NANCY CEDEX<br \/>\n03 83 86 20 20<br \/>\n<a href=\"https:\/\/www.ac-nancy-metz.fr\/\" target=\"_blank\" rel=\"noopener\">https:\/\/www.ac-nancy-metz.fr\/<\/a><br \/>\n<\/span><\/p>\n<p><strong><span style=\"font-family: verdana, geneva, sans-serif; color: #339966;\">Responsable de la publication<br \/>\n<\/span><\/strong><strong><span style=\"font-family: verdana, geneva, sans-serif;\">M. Jean-Marc Charpentier<\/span><\/strong><br \/>\n<span style=\"font-family: verdana, geneva, sans-serif;\">Proviseure<\/span><br \/>\n<span style=\"font-family: verdana, geneva, sans-serif;\">Lyc\u00e9e polyvalent Alfred M\u00e9zi\u00e8res<\/span><br \/>\n<span style=\"font-family: verdana, geneva, sans-serif;\">3 avenue Andr\u00e9 Malraux<\/span><br \/>\n<span style=\"font-family: verdana, geneva, sans-serif;\">54400 Longwy<\/span><br \/>\n<span style=\"font-family: verdana, geneva, sans-serif;\">03 82 39 53 53<br \/>\n<a href=\"https:\/\/sites.ac-nancy-metz.fr\/lyc-alfred-mezieres-longwy\/contactez-nous\/\" target=\"_blank\" rel=\"noopener\">Nous contacter<\/a><br \/>\n<\/span><\/p>\n<p><span style=\"font-family: verdana, geneva, sans-serif;\"><strong><span style=\"color: #339966;\">Concepteur et gestionnaire du site<br \/>\n<\/span><\/strong><\/span><strong><span style=\"font-family: verdana, geneva, sans-serif;\">M. \u00c9ric FONTE<\/span><\/strong><br \/>\n<span style=\"font-family: verdana, geneva, sans-serif;\">Professeur d\u2019histoire-g\u00e9ographie<\/span><br \/>\n<span style=\"font-family: verdana, geneva, sans-serif;\">Lyc\u00e9e polyvalent Alfred M\u00e9zi\u00e8res<\/span><br \/>\n<span style=\"font-family: verdana, geneva, sans-serif;\">3 avenue Andr\u00e9 Malraux<\/span><br \/>\n<span style=\"font-family: verdana, geneva, sans-serif;\">54400 Longwy<\/span><br \/>\n<span style=\"font-family: verdana, geneva, sans-serif;\">03 82 39 53 53<\/span><\/p>\n<p><strong><span style=\"font-family: verdana, geneva, sans-serif; color: #339966;\">Droit d\u2019acc\u00e8s, de rectification et de suppression des donn\u00e9es personnelles<br \/>\n<\/span><\/strong><span style=\"font-family: verdana, geneva, sans-serif;\">Conform\u00e9ment aux textes europ\u00e9ens et fran\u00e7ais en vigueur et notamment la loi du N\u00b0 78-17 du 6 janvier 1978 relative \u00e0 l\u2019informatique, aux fichiers et aux libert\u00e9s, \u00e0 la loi n\u00b02018-493 du 20 juin 2018 et au r\u00e8glement g\u00e9n\u00e9ral (UE) 2016\/79 du 27 avril 2016 sur la protection des donn\u00e9es (R.G.P.D),le lyc\u00e9e Alfred M\u00e9zi\u00e8res de Longwy vous informe que vous disposez d\u2019un droit g\u00e9n\u00e9ral d\u2019acc\u00e8s, de rectification et de suppression de l\u2019ensemble des donn\u00e9es personnelles vous concernant et dont nous disposons.<\/span><\/p>\n<p><span style=\"font-family: verdana, geneva, sans-serif;\">Vous pouvez exercer ce droit aupr\u00e8s du responsable de la publication, du gestionnaire de site ou aupr\u00e8s de la D.R.A.N.E ( <em>D\u00e9l\u00e9gation R\u00e9gionale Acad\u00e9mique au Num\u00e9rique \u00c9ducatif<\/em>).<br \/>\nRectorat de Nancy-Metz<br \/>\n03 83 86 27 69<br \/>\nce.dane@ac-nancy-metz.fr<br \/>\n<\/span><\/p>\n<p><strong><span style=\"font-family: verdana, geneva, sans-serif; color: #339966;\">Droit d&#8217;acc\u00e8s, de rectification et de suppression des donn\u00e9es g\u00e9n\u00e9rales<br \/>\n<\/span><\/strong><span style=\"font-family: verdana, geneva, sans-serif;\">Les informations qui figurent sur ce site ont fait l&#8217;objet d&#8217;un contr\u00f4le pr\u00e9alable avant leur mise en ligne, en cas d&#8217;erreur ou d&#8217;omission, toute personne dispose d&#8217;un droit de rectification.<\/span><\/p>\n<p><span style=\"font-family: verdana, geneva, sans-serif;\">Vous pouvez exercer ce droit aupr\u00e8s du responsable de la publication, du gestionnaire de site ou aupr\u00e8s de la D.R.A.N.E ( <em>D\u00e9l\u00e9gation R\u00e9gionale Acad\u00e9mique au Num\u00e9rique \u00c9ducatif<\/em>).<br \/>\nRectorat de Nancy-Metz<br \/>\n03 83 86 27 69<br \/>\nce.dane@ac-nancy-metz.fr<\/span><\/p>\n<p><span style=\"font-family: verdana, geneva, sans-serif;\"><strong><span style=\"color: #339966;\">Droit de r\u00e9ponse &#8211; responsable de la r\u00e9daction<br \/>\n<\/span><\/strong><\/span><span style=\"font-family: verdana, geneva, sans-serif;\">Vous pouvez exercer ce droit aupr\u00e8s du responsable de la publication, du gestionnaire de site ou aupr\u00e8s de la D.R.A.N.E (<em>D\u00e9l\u00e9gation R\u00e9gionale Acad\u00e9mique au Num\u00e9rique \u00c9ducatif<\/em>).<br \/>\nRectorat de Nancy-Metz<br \/>\n03 83 86 27 69<br \/>\nce.dane@ac-nancy-metz.fr<\/span><\/p>\n<p><strong><span style=\"font-family: verdana, geneva, sans-serif; color: #339966;\">Donn\u00e9es statistiques<br \/>\n<\/span><\/strong><span style=\"font-family: verdana, geneva, sans-serif;\">Les donn\u00e9es recueillies au moyen du formulaire, sont destin\u00e9es uniquement au lyc\u00e9e Alfred M\u00e9zi\u00e8res de Longwy.<br \/>\n<\/span><span style=\"font-family: verdana, geneva, sans-serif;\">Nous mesurons le nombre de visites, le nombre de pages vues ainsi que l\u2019activit\u00e9 et la localisation des visiteurs sur le site avec l\u2019outil Google Analytics.<br \/>\n<\/span><\/p>\n<p><span style=\"font-family: verdana, geneva, sans-serif;\">Certaines fonctionnalit\u00e9s du site (<em>lecteurs vid\u00e9os, contenus interactifs, affichage de contenus issus de plateformes sociales, etc.<\/em>) font appel \u00e0 des services propos\u00e9s par des tiers. Ces fonctionnalit\u00e9s d\u00e9posent des cookies permettant aux tiers d\u2019identifier les sites que vous consultez et les contenus auxquels vous vous int\u00e9ressez.<\/span><\/p>\n<p><strong><span style=\"font-family: verdana, geneva, sans-serif; color: #339966;\">A propos des cookies<br \/>\n<\/span><\/strong><span style=\"font-family: verdana, geneva, sans-serif;\">Tout internaute a la possibilit\u00e9 de refuser l&#8217;enregistrement de ces donn\u00e9es en modifiant la configuration du navigateur de son ordinateur qui autorise ou non l&#8217;enregistrement de cookies (fichier texte d\u00e9pos\u00e9 sur votre ordinateur).<br \/>\n<\/span><span style=\"font-family: verdana, geneva, sans-serif;\">Proc\u00e9dures \u00e0 suivre pour g\u00e9rer les cookies au niveau de votre navigateur\u00a0:<\/span><\/p>\n<p><span style=\"font-family: verdana, geneva, sans-serif;\"><a href=\"https:\/\/support.google.com\/chrome\/answer\/95647?hl=fr\" target=\"_blank\" rel=\"noopener\">Chrome<\/a><\/span><br \/>\n<span style=\"font-family: verdana, geneva, sans-serif;\"><a href=\"https:\/\/support.microsoft.com\/en-us\/help\/17442\/windows-internet-explorer-delete-manage-cookies#ie=ie-9\" target=\"_blank\" rel=\"noopener\">Edge<\/a><\/span><br \/>\n<span style=\"font-family: verdana, geneva, sans-serif;\"><a href=\"https:\/\/support.apple.com\/kb\/PH17191?locale=en_US&amp;viewlocale=fr_FR\" target=\"_blank\" rel=\"noopener\">Safari<\/a><\/span><br \/>\n<span style=\"font-family: verdana, geneva, sans-serif;\"><a href=\"https:\/\/www.opera.com\/help\/tutorials\/security\/privacy\/\" target=\"_blank\" rel=\"noopener\">Opera<\/a><\/span><br \/>\n<span style=\"font-family: verdana, geneva, sans-serif;\"><a href=\"https:\/\/support.mozilla.org\/fr\/kb\/activer-desactiver-cookies-preferences?redirectlocale=fr&amp;redirectslug=activer-desactiver-cookies\" target=\"_blank\" rel=\"noopener\">Firefox<\/a><\/span><\/p>\n<p><span style=\"font-family: verdana, geneva, sans-serif;\">Les soci\u00e9t\u00e9s de mesure d&#8217;audience proposent une option permettant de bloquer la collecte d&#8217;information sur notre site Pour savoir comment activer cette option, suivez les indications fournies sur le site\u00a0: <a href=\"https:\/\/support.google.com\/analytics\/answer\/181881?hl=fr\" target=\"_blank\" rel=\"noopener\">Mesure d\u2019audience Google Analytics (Google)<\/a><\/span><\/p>\n<p><strong><span style=\"font-family: verdana, geneva, sans-serif; color: #339966;\">Utilisation de l\u2019information<\/span><\/strong><\/p>\n<p><span style=\"font-family: verdana, geneva, sans-serif; color: #339966;\">Liens hypertextes<br \/>\n<\/span><span style=\"font-family: verdana, geneva, sans-serif;\">Le lyc\u00e9e Alfred M\u00e9zi\u00e8res de Longwy autorise tout site internet ou tout autre support \u00e0 mettre en place un lien hypertexte pointant vers le contenu du site. La mention explicite du site dans l&#8217;intitul\u00e9 du lien est souhait\u00e9e.<\/span><\/p>\n<p><span style=\"font-family: verdana, geneva, sans-serif; color: #339966;\">Responsabilit\u00e9<br \/>\n<\/span><span style=\"font-family: verdana, geneva, sans-serif;\">Le site du lyc\u00e9e Alfred M\u00e9zi\u00e8res\u00a0 propose de nombreux liens vers d&#8217;autres sites : sites institutionnels, sites d&#8217;associations, d&#8217;entreprises partenaires, sites \u00e9trangers. La responsabilit\u00e9 du directeur de publication et\/ou du gestionnaire , n&#8217;est pas engag\u00e9e par les contenus des sites cit\u00e9s.<\/span><\/p>\n<p><span style=\"font-family: verdana, geneva, sans-serif; color: #339966;\">Droit de reproduction<br \/>\n<\/span><span style=\"font-family: verdana, geneva, sans-serif;\">Toute utilisation des iconographies (images, photographies\u2026) est soumise \u00e0 autorisation du lyc\u00e9e Alfred M\u00e9zi\u00e8res.<\/span><\/p>\n","protected":false},"excerpt":{"rendered":"<p>Directeur de publication M. Pierre-Fran\u00e7ois MOURIER Recteur de la r\u00e9gion acad\u00e9mique Grand Est Recteur de l&#8217;acad\u00e9mie de Nancy-Metz Chancelier des<\/p>\n","protected":false},"author":1,"featured_media":0,"parent":0,"menu_order":0,"comment_status":"closed","ping_status":"closed","template":"","meta":{"_exactmetrics_skip_tracking":false,"_exactmetrics_sitenote_active":false,"_exactmetrics_sitenote_note":"","_exactmetrics_sitenote_category":0,"footnotes":""},"_links":{"self":[{"href":"https:\/\/sites.ac-nancy-metz.fr\/lyc-alfred-mezieres-longwy\/wp-json\/wp\/v2\/pages\/466"}],"collection":[{"href":"https:\/\/sites.ac-nancy-metz.fr\/lyc-alfred-mezieres-longwy\/wp-json\/wp\/v2\/pages"}],"about":[{"href":"https:\/\/sites.ac-nancy-metz.fr\/lyc-alfred-mezieres-longwy\/wp-json\/wp\/v2\/types\/page"}],"author":[{"embeddable":true,"href":"https:\/\/sites.ac-nancy-metz.fr\/lyc-alfred-mezieres-longwy\/wp-json\/wp\/v2\/users\/1"}],"replies":[{"embeddable":true,"href":"https:\/\/sites.ac-nancy-metz.fr\/lyc-alfred-mezieres-longwy\/wp-json\/wp\/v2\/comments?post=466"}],"version-history":[{"count":3,"href":"https:\/\/sites.ac-nancy-metz.fr\/lyc-alfred-mezieres-longwy\/wp-json\/wp\/v2\/pages\/466\/revisions"}],"predecessor-version":[{"id":4460,"href":"https:\/\/sites.ac-nancy-metz.fr\/lyc-alfred-mezieres-longwy\/wp-json\/wp\/v2\/pages\/466\/revisions\/4460"}],"wp:attachment":[{"href":"https:\/\/sites.ac-nancy-metz.fr\/lyc-alfred-mezieres-longwy\/wp-json\/wp\/v2\/media?parent=466"}],"curies":[{"name":"wp","href":"https:\/\/api.w.org\/{rel}","templated":true}]}}