{"id":1275,"date":"2024-07-15T13:51:57","date_gmt":"2024-07-15T11:51:57","guid":{"rendered":"https:\/\/sites.ac-nancy-metz.fr\/lyc-arthur-varoquaux\/?page_id=1275"},"modified":"2025-06-30T17:57:41","modified_gmt":"2025-06-30T15:57:41","slug":"informations-de-rentree-2024","status":"publish","type":"page","link":"https:\/\/sites.ac-nancy-metz.fr\/lyc-arthur-varoquaux\/informations-de-rentree-2024\/","title":{"rendered":"Informations de rentr\u00e9e 2025"},"content":{"rendered":"\t\t<div data-elementor-type=\"wp-page\" data-elementor-id=\"1275\" class=\"elementor elementor-1275\">\n\t\t\t\t\t\t<section class=\"elementor-section elementor-top-section elementor-element elementor-element-3fdccd17 elementor-section-boxed elementor-section-height-default elementor-section-height-default\" data-id=\"3fdccd17\" data-element_type=\"section\">\n\t\t\t\t\t\t<div class=\"elementor-container elementor-column-gap-default\">\n\t\t\t\t\t<div class=\"elementor-column elementor-col-100 elementor-top-column elementor-element elementor-element-1b223a90\" data-id=\"1b223a90\" data-element_type=\"column\">\n\t\t\t<div class=\"elementor-widget-wrap elementor-element-populated\">\n\t\t\t\t\t\t<div class=\"elementor-element elementor-element-61e62bde elementor-widget elementor-widget-text-editor\" data-id=\"61e62bde\" data-element_type=\"widget\" data-widget_type=\"text-editor.default\">\n\t\t\t\t<div class=\"elementor-widget-container\">\n\t\t\t\t\t\t\t\t\t<p><strong>RENTREE DES ELEVES DE SECONDE<\/strong><\/p>\n<p><!-- \/wp:paragraph --><\/p>\n<p><!-- wp:paragraph --><\/p>\n<p><strong><strong><u>Lundi 1er septembre 2025 :<\/u><\/strong><\/strong><\/p>\n<p><!-- \/wp:paragraph --><\/p>\n<p><!-- wp:paragraph --><\/p>\n<p>8h15 \u00e0 9h30 : rentr\u00e9e des internes<\/p>\n<p><!-- \/wp:paragraph --><\/p>\n<p><!-- wp:paragraph --><\/p>\n<p>9h30 \u00e0 10h15\u00a0: r\u00e9union d\u2019information internat pour les responsables l\u00e9gaux (salle 4011)<\/p>\n<p><!-- \/wp:paragraph --><\/p>\n<p><!-- wp:paragraph --><\/p>\n<p>10h25\u00a0: Prise en charge de tous les \u00e9l\u00e8ves de seconde par le professeur principal<\/p>\n<p><!-- \/wp:paragraph --><\/p>\n<p><!-- wp:paragraph --><\/p>\n<p>12h15 \u2013 14h30\u00a0: pause d\u00e9jeuner<\/p>\n<p><!-- \/wp:paragraph --><\/p>\n<p><!-- wp:paragraph --><\/p>\n<p>14h30 : visite du lyc\u00e9e par le professeur principal<\/p>\n<p><!-- \/wp:paragraph --><\/p>\n<p><!-- wp:paragraph --><\/p>\n<p>17h30\u00a0: fin de la journ\u00e9e<\/p>\n<p><!-- \/wp:paragraph --><\/p>\n<p><!-- wp:separator --><\/p>\n<hr class=\"wp-block-separator has-alpha-channel-opacity\" \/>\n<p><!-- \/wp:separator --><\/p>\n<p><!-- wp:paragraph --><\/p>\n<p><strong>RENTREE DES ELEVES DE PREMIERE ET TERMINALE :<\/strong><\/p>\n<p><!-- \/wp:paragraph --><\/p>\n<p><!-- wp:paragraph --><\/p>\n<p><\/p>\n<p class=\"MsoNormal\"><b><u><strong><u>Lundi 1e septembre 2025\u00a0: \u00e9l\u00e8ves internes uniquement\u00a0<\/u>:<\/strong><\/u><\/b><\/p>\n<p><\/p>\n<p><!-- \/wp:paragraph --><\/p>\n<p><!-- wp:paragraph --><\/p>\n<p><\/p>\n<p class=\"MsoNormal\"><span style=\"font-size: 14.0pt; mso-bidi-font-size: 12.0pt; font-family: 'Calibri',sans-serif; mso-ascii-theme-font: minor-latin; mso-hansi-theme-font: minor-latin; mso-bidi-theme-font: minor-latin;\">15h30 \u2013 16h30\u00a0: r\u00e9union d\u2019information (\u00e9l\u00e8ves + responsables) salle 4011<\/span><\/p>\n<p>16h30\u00a0: installation dans les chambres<\/p>\n<p class=\"MsoNormal\"><\/p>\n<p class=\"MsoNormal\"><\/p>\n<p><!-- \/wp:paragraph --><\/p>\n<p><!-- wp:paragraph --><\/p>\n<p><strong><u>Mardi 2 septembre pour tous les \u00e9l\u00e8ves\u00a0<\/u><\/strong><strong>:<\/strong><\/p>\n<p><!-- \/wp:paragraph --><\/p>\n<p><!-- wp:paragraph --><\/p>\n<p>8h15\u00a0: accueil par le professeur principal<\/p>\n<p><!-- \/wp:paragraph --><\/p>\n<p><!-- wp:paragraph --><\/p>\n<p>A partir de 10h25\u00a0: cours selon l\u2019emploi du temps<\/p>\n<p><!-- \/wp:paragraph --><\/p>\n<p><!-- wp:separator --><\/p>\n<p><strong>\u00a0<\/strong><\/p>\n<p><strong>RENTREE DES ELEVES DE BTS<\/strong><\/p>\n<p><!-- \/wp:paragraph --><\/p>\n<p><!-- wp:paragraph --><\/p>\n<p>Lundi 1er septembre 2025 \u00e0 17h30 <strong>pour les \u00e9tudiants internes uniquement<\/strong><\/p>\n<p><!-- \/wp:paragraph --><\/p>\n<p><!-- wp:paragraph --><\/p>\n<p><strong><u>Mardi 2 septembre pour tous les \u00e9tudiants<\/u>:<\/strong><\/p>\n<p><!-- \/wp:paragraph --><\/p>\n<p><!-- wp:paragraph --><\/p>\n<p>8h15\u00a0: accueil par le professeur principal<\/p>\n<p><!-- \/wp:paragraph --><\/p>\n<p><!-- wp:paragraph --><\/p>\n<p>A partir de 10h25\u00a0: cours selon l\u2019emploi du temps<\/p>\n<p><!-- \/wp:paragraph --><\/p>\t\t\t\t\t\t\t\t<\/div>\n\t\t\t\t<\/div>\n\t\t\t\t\t<\/div>\n\t\t<\/div>\n\t\t\t\t\t<\/div>\n\t\t<\/section>\n\t\t\t\t<\/div>\n\t\t","protected":false},"excerpt":{"rendered":"<p>RENTREE DES ELEVES DE SECONDE Lundi 1er septembre 2025 : 8h15 \u00e0 9h30 : rentr\u00e9e des internes 9h30 \u00e0 10h15\u00a0: r\u00e9union d\u2019information internat pour les responsables l\u00e9gaux (salle 4011) 10h25\u00a0: Prise en charge de tous les \u00e9l\u00e8ves de seconde par le professeur principal 12h15 \u2013 14h30\u00a0: pause d\u00e9jeuner 14h30 : [&hellip;]<\/p>\n","protected":false},"author":1,"featured_media":0,"parent":0,"menu_order":0,"comment_status":"closed","ping_status":"closed","template":"","meta":{"_themeisle_gutenberg_block_has_review":false,"footnotes":""},"class_list":["post-1275","page","type-page","status-publish","hentry"],"_links":{"self":[{"href":"https:\/\/sites.ac-nancy-metz.fr\/lyc-arthur-varoquaux\/wp-json\/wp\/v2\/pages\/1275","targetHints":{"allow":["GET"]}}],"collection":[{"href":"https:\/\/sites.ac-nancy-metz.fr\/lyc-arthur-varoquaux\/wp-json\/wp\/v2\/pages"}],"about":[{"href":"https:\/\/sites.ac-nancy-metz.fr\/lyc-arthur-varoquaux\/wp-json\/wp\/v2\/types\/page"}],"author":[{"embeddable":true,"href":"https:\/\/sites.ac-nancy-metz.fr\/lyc-arthur-varoquaux\/wp-json\/wp\/v2\/users\/1"}],"replies":[{"embeddable":true,"href":"https:\/\/sites.ac-nancy-metz.fr\/lyc-arthur-varoquaux\/wp-json\/wp\/v2\/comments?post=1275"}],"version-history":[{"count":17,"href":"https:\/\/sites.ac-nancy-metz.fr\/lyc-arthur-varoquaux\/wp-json\/wp\/v2\/pages\/1275\/revisions"}],"predecessor-version":[{"id":1886,"href":"https:\/\/sites.ac-nancy-metz.fr\/lyc-arthur-varoquaux\/wp-json\/wp\/v2\/pages\/1275\/revisions\/1886"}],"wp:attachment":[{"href":"https:\/\/sites.ac-nancy-metz.fr\/lyc-arthur-varoquaux\/wp-json\/wp\/v2\/media?parent=1275"}],"curies":[{"name":"wp","href":"https:\/\/api.w.org\/{rel}","templated":true}]}}