{"id":131,"date":"2023-04-21T16:40:46","date_gmt":"2023-04-21T14:40:46","guid":{"rendered":"https:\/\/sites.ac-nancy-metz.fr\/lyc-arthur-varoquaux\/?page_id=131"},"modified":"2025-07-08T08:45:17","modified_gmt":"2025-07-08T06:45:17","slug":"horaires","status":"publish","type":"page","link":"https:\/\/sites.ac-nancy-metz.fr\/lyc-arthur-varoquaux\/horaires\/","title":{"rendered":"Horaires"},"content":{"rendered":"\n<figure class=\"wp-block-image size-full\"><img fetchpriority=\"high\" decoding=\"async\" width=\"2157\" height=\"2560\" src=\"https:\/\/sites.ac-nancy-metz.fr\/lyc-arthur-varoquaux\/wp-content\/uploads\/2025\/07\/horaires-Varoquaux-scaled.png\" alt=\"\" class=\"wp-image-1892\" srcset=\"https:\/\/sites.ac-nancy-metz.fr\/lyc-arthur-varoquaux\/wp-content\/uploads\/2025\/07\/horaires-Varoquaux-scaled.png 2157w, https:\/\/sites.ac-nancy-metz.fr\/lyc-arthur-varoquaux\/wp-content\/uploads\/2025\/07\/horaires-Varoquaux-253x300.png 253w, https:\/\/sites.ac-nancy-metz.fr\/lyc-arthur-varoquaux\/wp-content\/uploads\/2025\/07\/horaires-Varoquaux-863x1024.png 863w, https:\/\/sites.ac-nancy-metz.fr\/lyc-arthur-varoquaux\/wp-content\/uploads\/2025\/07\/horaires-Varoquaux-768x912.png 768w, https:\/\/sites.ac-nancy-metz.fr\/lyc-arthur-varoquaux\/wp-content\/uploads\/2025\/07\/horaires-Varoquaux-1294x1536.png 1294w, https:\/\/sites.ac-nancy-metz.fr\/lyc-arthur-varoquaux\/wp-content\/uploads\/2025\/07\/horaires-Varoquaux-1726x2048.png 1726w\" sizes=\"(max-width: 2157px) 100vw, 2157px\" \/><\/figure>\n\n\n\n<p>Les cours ont lieu du lundi matin au vendredi soir, mercredi apr\u00e8s-midi compris.<\/p>\n\n\n\n<p><strong>Il n\u2019y a pas de cours le samedi matin<\/strong> mais l&rsquo;\u00e9tablissement peut \u00eatre ouvert ponctuellement (devoirs de rattrapage, examens, journ\u00e9e portes ouvertes, forum des m\u00e9tiers &#8230;)<\/p>\n","protected":false},"excerpt":{"rendered":"<p>Les cours ont lieu du lundi matin au vendredi soir, mercredi apr\u00e8s-midi compris. Il n\u2019y a pas de cours le samedi matin mais l&rsquo;\u00e9tablissement peut \u00eatre ouvert ponctuellement (devoirs de rattrapage, examens, journ\u00e9e portes ouvertes, forum des m\u00e9tiers &#8230;)<\/p>\n","protected":false},"author":1,"featured_media":145,"parent":0,"menu_order":0,"comment_status":"closed","ping_status":"closed","template":"page-templates\/template-page-sidebar.php","meta":{"_themeisle_gutenberg_block_has_review":false,"footnotes":""},"class_list":["post-131","page","type-page","status-publish","has-post-thumbnail","hentry"],"_links":{"self":[{"href":"https:\/\/sites.ac-nancy-metz.fr\/lyc-arthur-varoquaux\/wp-json\/wp\/v2\/pages\/131","targetHints":{"allow":["GET"]}}],"collection":[{"href":"https:\/\/sites.ac-nancy-metz.fr\/lyc-arthur-varoquaux\/wp-json\/wp\/v2\/pages"}],"about":[{"href":"https:\/\/sites.ac-nancy-metz.fr\/lyc-arthur-varoquaux\/wp-json\/wp\/v2\/types\/page"}],"author":[{"embeddable":true,"href":"https:\/\/sites.ac-nancy-metz.fr\/lyc-arthur-varoquaux\/wp-json\/wp\/v2\/users\/1"}],"replies":[{"embeddable":true,"href":"https:\/\/sites.ac-nancy-metz.fr\/lyc-arthur-varoquaux\/wp-json\/wp\/v2\/comments?post=131"}],"version-history":[{"count":7,"href":"https:\/\/sites.ac-nancy-metz.fr\/lyc-arthur-varoquaux\/wp-json\/wp\/v2\/pages\/131\/revisions"}],"predecessor-version":[{"id":1894,"href":"https:\/\/sites.ac-nancy-metz.fr\/lyc-arthur-varoquaux\/wp-json\/wp\/v2\/pages\/131\/revisions\/1894"}],"wp:featuredmedia":[{"embeddable":true,"href":"https:\/\/sites.ac-nancy-metz.fr\/lyc-arthur-varoquaux\/wp-json\/wp\/v2\/media\/145"}],"wp:attachment":[{"href":"https:\/\/sites.ac-nancy-metz.fr\/lyc-arthur-varoquaux\/wp-json\/wp\/v2\/media?parent=131"}],"curies":[{"name":"wp","href":"https:\/\/api.w.org\/{rel}","templated":true}]}}