{"id":167,"date":"2023-05-08T15:57:59","date_gmt":"2023-05-08T13:57:59","guid":{"rendered":"https:\/\/sites.ac-nancy-metz.fr\/lyc-arthur-varoquaux\/?page_id=167"},"modified":"2024-10-04T18:34:28","modified_gmt":"2024-10-04T16:34:28","slug":"coordonnees","status":"publish","type":"page","link":"https:\/\/sites.ac-nancy-metz.fr\/lyc-arthur-varoquaux\/coordonnees\/","title":{"rendered":"Contact"},"content":{"rendered":"\t\t<div data-elementor-type=\"wp-page\" data-elementor-id=\"167\" class=\"elementor elementor-167\">\n\t\t\t\t\t\t<section class=\"elementor-section elementor-top-section elementor-element elementor-element-499c9cc8 elementor-section-boxed elementor-section-height-default elementor-section-height-default\" data-id=\"499c9cc8\" data-element_type=\"section\">\n\t\t\t\t\t\t<div class=\"elementor-container elementor-column-gap-default\">\n\t\t\t\t\t<div class=\"elementor-column elementor-col-100 elementor-top-column elementor-element elementor-element-3b3cb8b7\" data-id=\"3b3cb8b7\" data-element_type=\"column\">\n\t\t\t<div class=\"elementor-widget-wrap elementor-element-populated\">\n\t\t\t\t\t\t<div class=\"elementor-element elementor-element-fde7945 elementor-widget elementor-widget-text-editor\" data-id=\"fde7945\" data-element_type=\"widget\" data-widget_type=\"text-editor.default\">\n\t\t\t\t<div class=\"elementor-widget-container\">\n\t\t\t\t\t\t\t\t\t<p class=\"has-text-align-center\" style=\"font-size: 18px;\"><strong>LYCEE ARTHUR VAROQUAUX<\/strong><\/p><p style=\"font-size: 18px;\"><\/p><p style=\"font-size: 18px;\"><\/p><p class=\"has-text-align-center\" style=\"font-size: 18px;\"><em>10, R<\/em><em>ue Jean Moulin<\/em>&nbsp;<em>&nbsp;<\/em><\/p><p class=\"has-text-align-center\" style=\"font-size: 18px;\"><em>BP 10049&nbsp;&nbsp;<\/em><\/p><p class=\"has-text-align-center\" style=\"font-size: 18px;\"><em>5<\/em><em>4 510 TOMBLAINE&nbsp;<\/em><\/p><p style=\"font-size: 18px;\"><\/p><p style=\"font-size: 18px;\"><\/p><p class=\"has-text-align-center\" style=\"font-size: 18px;\"><em>T\u00e9l : 03 83 29 28 35&nbsp;<\/em><\/p><p style=\"font-size: 18px; text-align: center;\">courriel: ce.0540044@ac-nancy-metz.fr<\/p>\t\t\t\t\t\t\t\t<\/div>\n\t\t\t\t<\/div>\n\t\t\t\t<div class=\"elementor-element elementor-element-a4a6c8c elementor-widget-divider--view-line elementor-widget elementor-widget-divider\" data-id=\"a4a6c8c\" data-element_type=\"widget\" data-widget_type=\"divider.default\">\n\t\t\t\t<div class=\"elementor-widget-container\">\n\t\t\t\t\t\t\t<div class=\"elementor-divider\">\n\t\t\t<span class=\"elementor-divider-separator\">\n\t\t\t\t\t\t<\/span>\n\t\t<\/div>\n\t\t\t\t\t\t<\/div>\n\t\t\t\t<\/div>\n\t\t\t\t<div class=\"elementor-element elementor-element-305aa6e4 elementor-widget__width-initial elementor-widget elementor-widget-text-editor\" data-id=\"305aa6e4\" data-element_type=\"widget\" data-widget_type=\"text-editor.default\">\n\t\t\t\t<div class=\"elementor-widget-container\">\n\t\t\t\t\t\t\t\t\t<p><\/p>\n<div class=\"is-layout-constrained wp-block-group-is-layout-constrained\"><div class=\"wp-block-group__inner-container\">\n<p><\/p>\n<p>\n<\/p><\/div>\n<p><\/p>\n<p><\/p>\n<p><strong>Vie Scolaire:<\/strong>&nbsp; retards \/ absences des \u00e9l\u00e8ves:<\/p>\n<ul>\n<li>Privil\u00e9giez ProNote : d\u00e9clarez l&rsquo;absence ou le retard depuis votre compte responsable<\/li>\n<li>03.83.18.03.62 (en journ\u00e9e)<\/li>\n<li>vie-scolaire1.0540044E@ac-nancy-metz.fr<\/li>\n<\/ul>\n<p><b>Pour contacter l&rsquo;Internat:&nbsp;<\/b><\/p>\n<ul>\n<li>Privil\u00e9giez ProNote (contact AED Internat)<\/li>\n<li>internat-varoquaux@ac-nancy-metz.fr<\/li>\n<\/ul>\n<p><em>IMPORTANT: Pour tous les \u00e9l\u00e8ves, responsables et personnels du lyc\u00e9e, merci d&rsquo;utiliser le mode discussion de ProNote.<\/em><\/p>\n<p><\/p>\n<p><\/p>\n<p><\/p>\n<p><\/p>\n<p><\/p>\n<p><\/p>\n<p><\/p>\n<p><a href=\"http:\/\/www4.ac-nancy-metz.fr\/lyc-arthur-varoquaux\/?page_id=467\" target=\"_blank\" rel=\"noreferrer noopener\">&nbsp;<\/a><\/p>\n<p><\/p>\t\t\t\t\t\t\t\t<\/div>\n\t\t\t\t<\/div>\n\t\t\t\t\t<\/div>\n\t\t<\/div>\n\t\t\t\t\t<\/div><\/div>\n\t\t<\/section>\n\t\t\t\t<\/div>\n\t\t","protected":false},"excerpt":{"rendered":"<p>LYCEE ARTHUR VAROQUAUX 10, Rue Jean Moulin&nbsp;&nbsp; BP 10049&nbsp;&nbsp; 54 510 TOMBLAINE&nbsp; T\u00e9l : 03 83 29 28 35&nbsp; courriel: ce.0540044@ac-nancy-metz.fr Vie Scolaire:&nbsp; retards \/ absences des \u00e9l\u00e8ves: Privil\u00e9giez ProNote : d\u00e9clarez l&rsquo;absence ou le retard depuis votre compte responsable 03.83.18.03.62 (en journ\u00e9e) vie-scolaire1.0540044E@ac-nancy-metz.fr Pour contacter l&rsquo;Internat:&nbsp; Privil\u00e9giez ProNote (contact [&hellip;]<\/p>\n","protected":false},"author":1,"featured_media":145,"parent":0,"menu_order":0,"comment_status":"closed","ping_status":"closed","template":"","meta":{"_themeisle_gutenberg_block_has_review":false,"footnotes":""},"class_list":["post-167","page","type-page","status-publish","has-post-thumbnail","hentry"],"_links":{"self":[{"href":"https:\/\/sites.ac-nancy-metz.fr\/lyc-arthur-varoquaux\/wp-json\/wp\/v2\/pages\/167","targetHints":{"allow":["GET"]}}],"collection":[{"href":"https:\/\/sites.ac-nancy-metz.fr\/lyc-arthur-varoquaux\/wp-json\/wp\/v2\/pages"}],"about":[{"href":"https:\/\/sites.ac-nancy-metz.fr\/lyc-arthur-varoquaux\/wp-json\/wp\/v2\/types\/page"}],"author":[{"embeddable":true,"href":"https:\/\/sites.ac-nancy-metz.fr\/lyc-arthur-varoquaux\/wp-json\/wp\/v2\/users\/1"}],"replies":[{"embeddable":true,"href":"https:\/\/sites.ac-nancy-metz.fr\/lyc-arthur-varoquaux\/wp-json\/wp\/v2\/comments?post=167"}],"version-history":[{"count":28,"href":"https:\/\/sites.ac-nancy-metz.fr\/lyc-arthur-varoquaux\/wp-json\/wp\/v2\/pages\/167\/revisions"}],"predecessor-version":[{"id":1311,"href":"https:\/\/sites.ac-nancy-metz.fr\/lyc-arthur-varoquaux\/wp-json\/wp\/v2\/pages\/167\/revisions\/1311"}],"wp:featuredmedia":[{"embeddable":true,"href":"https:\/\/sites.ac-nancy-metz.fr\/lyc-arthur-varoquaux\/wp-json\/wp\/v2\/media\/145"}],"wp:attachment":[{"href":"https:\/\/sites.ac-nancy-metz.fr\/lyc-arthur-varoquaux\/wp-json\/wp\/v2\/media?parent=167"}],"curies":[{"name":"wp","href":"https:\/\/api.w.org\/{rel}","templated":true}]}}