{"id":179,"date":"2023-05-08T16:03:37","date_gmt":"2023-05-08T14:03:37","guid":{"rendered":"https:\/\/sites.ac-nancy-metz.fr\/lyc-arthur-varoquaux\/?page_id=179"},"modified":"2023-05-18T17:10:00","modified_gmt":"2023-05-18T15:10:00","slug":"histoire","status":"publish","type":"page","link":"https:\/\/sites.ac-nancy-metz.fr\/lyc-arthur-varoquaux\/histoire\/","title":{"rendered":"Histoire"},"content":{"rendered":"<div class=\"wp-block-image\">\n<figure class=\"alignright size-full is-resized\"><img fetchpriority=\"high\" decoding=\"async\" src=\"https:\/\/sites.ac-nancy-metz.fr\/lyc-arthur-varoquaux\/wp-content\/uploads\/2023\/05\/arthur-varoquaux.jpg\" alt=\"\" class=\"wp-image-236\" width=\"223\" height=\"261\" srcset=\"https:\/\/sites.ac-nancy-metz.fr\/lyc-arthur-varoquaux\/wp-content\/uploads\/2023\/05\/arthur-varoquaux.jpg 446w, https:\/\/sites.ac-nancy-metz.fr\/lyc-arthur-varoquaux\/wp-content\/uploads\/2023\/05\/arthur-varoquaux-257x300.jpg 257w\" sizes=\"(max-width: 223px) 100vw, 223px\" \/><\/figure>\n<\/div>\n\n\n<p>Arthur Varoquaux est n\u00e9 le 22 d\u00e9cembre 1879 dans un petit village Ardennais. Sp\u00e9cialiste en Physique, il rejoint ensuite l\u2019\u00c9cole Normale Sup\u00e9rieure de Saint-Cloud. Directeur de l\u2019\u00c9cole Nationale Professionnelle de Nancy depuis 1935, il consacrera toute sa carri\u00e8re \u00e0 la promotion de l\u2019enseignement technique au sein de l\u2019\u00c9cole Publique.<\/p>\n\n\n\n<p><\/p>\n\n\n\n<p class=\"has-text-align-left\">Pendant l\u2019Occupation, Arthur Varoquaux a recueilli des enfants Juifs qu\u2019il cachait \u00e0 l\u2019\u00c9cole Professionnelle de la rue des Jardiniers \u00e0 Nancy.<\/p>\n\n\n\n<p><\/p>\n\n\n\n<p><\/p>\n\n\n\n<p>Sur proposition du Recteur d\u2019Acad\u00e9mie, le Lyc\u00e9e Technique d\u2019\u00c9tat Mixte transf\u00e9r\u00e9 \u00e0 Tomblaine en 1973, porte le nom d\u2019Arthur VAROQUAUX afin d\u2019honorer sa m\u00e9moire.<a href=\"http:\/\/www4.ac-nancy-metz.fr\/lyc-arthur-varoquaux\/wp-content\/uploads\/2019\/02\/logoVaroq3.png\"><\/a><\/p>\n","protected":false},"excerpt":{"rendered":"<p>Arthur Varoquaux est n\u00e9 le 22 d\u00e9cembre 1879 dans un petit village Ardennais. Sp\u00e9cialiste en Physique, il rejoint ensuite l\u2019\u00c9cole Normale Sup\u00e9rieure de Saint-Cloud. Directeur de l\u2019\u00c9cole Nationale Professionnelle de Nancy depuis 1935, il consacrera toute sa carri\u00e8re \u00e0 la promotion de l\u2019enseignement technique au sein de l\u2019\u00c9cole Publique. Pendant [&hellip;]<\/p>\n","protected":false},"author":1,"featured_media":145,"parent":0,"menu_order":0,"comment_status":"closed","ping_status":"closed","template":"","meta":{"_themeisle_gutenberg_block_has_review":false,"footnotes":""},"class_list":["post-179","page","type-page","status-publish","has-post-thumbnail","hentry"],"_links":{"self":[{"href":"https:\/\/sites.ac-nancy-metz.fr\/lyc-arthur-varoquaux\/wp-json\/wp\/v2\/pages\/179","targetHints":{"allow":["GET"]}}],"collection":[{"href":"https:\/\/sites.ac-nancy-metz.fr\/lyc-arthur-varoquaux\/wp-json\/wp\/v2\/pages"}],"about":[{"href":"https:\/\/sites.ac-nancy-metz.fr\/lyc-arthur-varoquaux\/wp-json\/wp\/v2\/types\/page"}],"author":[{"embeddable":true,"href":"https:\/\/sites.ac-nancy-metz.fr\/lyc-arthur-varoquaux\/wp-json\/wp\/v2\/users\/1"}],"replies":[{"embeddable":true,"href":"https:\/\/sites.ac-nancy-metz.fr\/lyc-arthur-varoquaux\/wp-json\/wp\/v2\/comments?post=179"}],"version-history":[{"count":9,"href":"https:\/\/sites.ac-nancy-metz.fr\/lyc-arthur-varoquaux\/wp-json\/wp\/v2\/pages\/179\/revisions"}],"predecessor-version":[{"id":388,"href":"https:\/\/sites.ac-nancy-metz.fr\/lyc-arthur-varoquaux\/wp-json\/wp\/v2\/pages\/179\/revisions\/388"}],"wp:featuredmedia":[{"embeddable":true,"href":"https:\/\/sites.ac-nancy-metz.fr\/lyc-arthur-varoquaux\/wp-json\/wp\/v2\/media\/145"}],"wp:attachment":[{"href":"https:\/\/sites.ac-nancy-metz.fr\/lyc-arthur-varoquaux\/wp-json\/wp\/v2\/media?parent=179"}],"curies":[{"name":"wp","href":"https:\/\/api.w.org\/{rel}","templated":true}]}}