{"id":182,"date":"2023-05-08T16:04:23","date_gmt":"2023-05-08T14:04:23","guid":{"rendered":"https:\/\/sites.ac-nancy-metz.fr\/lyc-arthur-varoquaux\/?page_id=182"},"modified":"2025-03-04T18:02:06","modified_gmt":"2025-03-04T17:02:06","slug":"seconde","status":"publish","type":"page","link":"https:\/\/sites.ac-nancy-metz.fr\/lyc-arthur-varoquaux\/seconde\/","title":{"rendered":"Seconde G\u00e9n\u00e9rale et Technologique"},"content":{"rendered":"\n<figure class=\"wp-block-gallery has-nested-images columns-default is-cropped wp-block-gallery-1 is-layout-flex wp-block-gallery-is-layout-flex\">\n<figure class=\"wp-block-image size-full\"><img fetchpriority=\"high\" decoding=\"async\" width=\"612\" height=\"910\" data-id=\"1549\" src=\"https:\/\/sites.ac-nancy-metz.fr\/lyc-arthur-varoquaux\/wp-content\/uploads\/2025\/03\/SECONDE_GT.png\" alt=\"\" class=\"wp-image-1549\" srcset=\"https:\/\/sites.ac-nancy-metz.fr\/lyc-arthur-varoquaux\/wp-content\/uploads\/2025\/03\/SECONDE_GT.png 612w, https:\/\/sites.ac-nancy-metz.fr\/lyc-arthur-varoquaux\/wp-content\/uploads\/2025\/03\/SECONDE_GT-202x300.png 202w\" sizes=\"(max-width: 612px) 100vw, 612px\" \/><\/figure>\n<\/figure>\n\n\n\n<p><strong>ENSEIGNEMENTS TECHNOLOGIQUES OPTIONNELS<\/strong> (en seconde uniquement &#8211; 1,5h\/semaine)<\/p>\n\n\n\n<div data-wp-interactive=\"core\/file\" class=\"wp-block-file\"><object data-wp-bind--hidden=\"!state.hasPdfPreview\" hidden class=\"wp-block-file__embed\" data=\"https:\/\/sites.ac-nancy-metz.fr\/lyc-arthur-varoquaux\/wp-content\/uploads\/2025\/03\/Plaquette_ETO_Biotech_2025-1.pdf\" type=\"application\/pdf\" style=\"width:100%;height:600px\" aria-label=\"Contenu embarqu\u00e9 Plaquette_ETO_Biotech_2025.\"><\/object><a id=\"wp-block-file--media-e41f12bd-0f46-4762-a226-433c9f895b19\" href=\"https:\/\/sites.ac-nancy-metz.fr\/lyc-arthur-varoquaux\/wp-content\/uploads\/2025\/03\/Plaquette_ETO_Biotech_2025-1.pdf\">Plaquette_ETO_Biotech_2025<\/a><a href=\"https:\/\/sites.ac-nancy-metz.fr\/lyc-arthur-varoquaux\/wp-content\/uploads\/2025\/03\/Plaquette_ETO_Biotech_2025-1.pdf\" class=\"wp-block-file__button wp-element-button\" download aria-describedby=\"wp-block-file--media-e41f12bd-0f46-4762-a226-433c9f895b19\">T\u00e9l\u00e9charger<\/a><\/div>\n\n\n\n<div data-wp-interactive=\"core\/file\" class=\"wp-block-file\"><object data-wp-bind--hidden=\"!state.hasPdfPreview\" hidden class=\"wp-block-file__embed\" data=\"https:\/\/sites.ac-nancy-metz.fr\/lyc-arthur-varoquaux\/wp-content\/uploads\/2025\/03\/Plaquette_ETO-Sante-Social-2025.pdf\" type=\"application\/pdf\" style=\"width:100%;height:600px\" aria-label=\"Contenu embarqu\u00e9 Plaquette_ETO Sant\u00e9-Social-2025.\"><\/object><a id=\"wp-block-file--media-8c416171-b258-40f5-bb07-b9612b82258d\" href=\"https:\/\/sites.ac-nancy-metz.fr\/lyc-arthur-varoquaux\/wp-content\/uploads\/2025\/03\/Plaquette_ETO-Sante-Social-2025.pdf\">Plaquette_ETO Sant\u00e9-Social-2025<\/a><a href=\"https:\/\/sites.ac-nancy-metz.fr\/lyc-arthur-varoquaux\/wp-content\/uploads\/2025\/03\/Plaquette_ETO-Sante-Social-2025.pdf\" class=\"wp-block-file__button wp-element-button\" download aria-describedby=\"wp-block-file--media-8c416171-b258-40f5-bb07-b9612b82258d\">T\u00e9l\u00e9charger<\/a><\/div>\n\n\n\n<div data-wp-interactive=\"core\/file\" class=\"wp-block-file\"><object data-wp-bind--hidden=\"!state.hasPdfPreview\" hidden class=\"wp-block-file__embed\" data=\"https:\/\/sites.ac-nancy-metz.fr\/lyc-arthur-varoquaux\/wp-content\/uploads\/2025\/03\/plaquette_ETO_SL_2025.pdf\" type=\"application\/pdf\" style=\"width:100%;height:600px\" aria-label=\"Contenu embarqu\u00e9 plaquette_ETO_SL_2025.\"><\/object><a id=\"wp-block-file--media-ee78cf12-7c79-4cd5-90a3-6370257cc1cf\" href=\"https:\/\/sites.ac-nancy-metz.fr\/lyc-arthur-varoquaux\/wp-content\/uploads\/2025\/03\/plaquette_ETO_SL_2025.pdf\">plaquette_ETO_SL_2025<\/a><a href=\"https:\/\/sites.ac-nancy-metz.fr\/lyc-arthur-varoquaux\/wp-content\/uploads\/2025\/03\/plaquette_ETO_SL_2025.pdf\" class=\"wp-block-file__button wp-element-button\" download aria-describedby=\"wp-block-file--media-ee78cf12-7c79-4cd5-90a3-6370257cc1cf\">T\u00e9l\u00e9charger<\/a><\/div>\n\n\n\n<p><strong>ARTS PLASTIQUES : en seconde uniquement &#8211; 3h par semaine<\/strong><\/p>\n\n\n\n<div data-wp-interactive=\"core\/file\" class=\"wp-block-file\"><object data-wp-bind--hidden=\"!state.hasPdfPreview\" hidden class=\"wp-block-file__embed\" data=\"https:\/\/sites.ac-nancy-metz.fr\/lyc-arthur-varoquaux\/wp-content\/uploads\/2025\/03\/OPTION-ARTS-PLASTIQUES-SECONDE-5.pdf\" type=\"application\/pdf\" style=\"width:100%;height:600px\" aria-label=\"Contenu embarqu\u00e9 OPTION-ARTS-PLASTIQUES-SECONDE-5.\"><\/object><a id=\"wp-block-file--media-e8e9f670-8f90-4cbd-8905-2173a2fb47bd\" href=\"https:\/\/sites.ac-nancy-metz.fr\/lyc-arthur-varoquaux\/wp-content\/uploads\/2025\/03\/OPTION-ARTS-PLASTIQUES-SECONDE-5.pdf\">OPTION-ARTS-PLASTIQUES-SECONDE-5<\/a><a href=\"https:\/\/sites.ac-nancy-metz.fr\/lyc-arthur-varoquaux\/wp-content\/uploads\/2025\/03\/OPTION-ARTS-PLASTIQUES-SECONDE-5.pdf\" class=\"wp-block-file__button wp-element-button\" download aria-describedby=\"wp-block-file--media-e8e9f670-8f90-4cbd-8905-2173a2fb47bd\">T\u00e9l\u00e9charger<\/a><\/div>\n\n\n\n<p><strong>LSF &#8211; 3 ans (2h\/semaine en seconde, premi\u00e8re et terminale g\u00e9n\u00e9rale ou ST2S) :<\/strong><\/p>\n\n\n\n<div data-wp-interactive=\"core\/file\" class=\"wp-block-file\"><object data-wp-bind--hidden=\"!state.hasPdfPreview\" hidden class=\"wp-block-file__embed\" data=\"https:\/\/sites.ac-nancy-metz.fr\/lyc-arthur-varoquaux\/wp-content\/uploads\/2025\/03\/plaquette-LSF_2025-1.pdf\" type=\"application\/pdf\" style=\"width:100%;height:600px\" aria-label=\"Contenu embarqu\u00e9 plaquette LSF_2025.\"><\/object><a id=\"wp-block-file--media-30a4ce44-8710-403d-8cdd-137452822c5b\" href=\"https:\/\/sites.ac-nancy-metz.fr\/lyc-arthur-varoquaux\/wp-content\/uploads\/2025\/03\/plaquette-LSF_2025-1.pdf\">plaquette LSF_2025<\/a><a href=\"https:\/\/sites.ac-nancy-metz.fr\/lyc-arthur-varoquaux\/wp-content\/uploads\/2025\/03\/plaquette-LSF_2025-1.pdf\" class=\"wp-block-file__button wp-element-button\" download aria-describedby=\"wp-block-file--media-30a4ce44-8710-403d-8cdd-137452822c5b\">T\u00e9l\u00e9charger<\/a><\/div>\n\n\n\n<p><strong>SECTION EURO : sur dossier &#8211; 2h par semaine en seconde , premi\u00e8re et terminale g\u00e9n\u00e9rale<\/strong><\/p>\n\n\n\n<div data-wp-interactive=\"core\/file\" class=\"wp-block-file\"><object data-wp-bind--hidden=\"!state.hasPdfPreview\" hidden class=\"wp-block-file__embed\" data=\"https:\/\/sites.ac-nancy-metz.fr\/lyc-arthur-varoquaux\/wp-content\/uploads\/2025\/03\/Plaquette_Section_euro_2025.pdf\" type=\"application\/pdf\" style=\"width:100%;height:600px\" aria-label=\"Contenu embarqu\u00e9 Plaquette_Section_euro_2025.\"><\/object><a id=\"wp-block-file--media-975807f3-2a49-4eba-82e7-1cc03310b31a\" href=\"https:\/\/sites.ac-nancy-metz.fr\/lyc-arthur-varoquaux\/wp-content\/uploads\/2025\/03\/Plaquette_Section_euro_2025.pdf\">Plaquette_Section_euro_2025<\/a><a href=\"https:\/\/sites.ac-nancy-metz.fr\/lyc-arthur-varoquaux\/wp-content\/uploads\/2025\/03\/Plaquette_Section_euro_2025.pdf\" class=\"wp-block-file__button wp-element-button\" download aria-describedby=\"wp-block-file--media-975807f3-2a49-4eba-82e7-1cc03310b31a\">T\u00e9l\u00e9charger<\/a><\/div>\n\n\n\n<div class=\"wp-block-file\"><a href=\"blob:https:\/\/sites.ac-nancy-metz.fr\/lyc-arthur-varoquaux\/4b7256c9-9e92-4379-b68f-b499a39b85b5\" class=\"wp-block-file__button wp-element-button\" download>T\u00e9l\u00e9charger<\/a><\/div>\n\n\n\n<p><strong>LATIN : poursuite du coll\u00e8ge &#8211; 3h en seconde, premi\u00e8re et terminale g\u00e9n\u00e9rale<\/strong><\/p>\n\n\n\n<div data-wp-interactive=\"core\/file\" class=\"wp-block-file\"><object data-wp-bind--hidden=\"!state.hasPdfPreview\" hidden class=\"wp-block-file__embed\" data=\"https:\/\/sites.ac-nancy-metz.fr\/lyc-arthur-varoquaux\/wp-content\/uploads\/2025\/03\/Plaquette_option_latin.pdf\" type=\"application\/pdf\" style=\"width:100%;height:600px\" aria-label=\"Contenu embarqu\u00e9 Plaquette_option_latin.\"><\/object><a id=\"wp-block-file--media-4440c56a-53b1-4ac3-9a59-3eeaff191ffb\" href=\"https:\/\/sites.ac-nancy-metz.fr\/lyc-arthur-varoquaux\/wp-content\/uploads\/2025\/03\/Plaquette_option_latin.pdf\">Plaquette_option_latin<\/a><a href=\"https:\/\/sites.ac-nancy-metz.fr\/lyc-arthur-varoquaux\/wp-content\/uploads\/2025\/03\/Plaquette_option_latin.pdf\" class=\"wp-block-file__button wp-element-button\" download aria-describedby=\"wp-block-file--media-4440c56a-53b1-4ac3-9a59-3eeaff191ffb\">T\u00e9l\u00e9charger<\/a><\/div>\n\n\n\n<p><\/p>\n","protected":false},"excerpt":{"rendered":"<p>ENSEIGNEMENTS TECHNOLOGIQUES OPTIONNELS (en seconde uniquement &#8211; 1,5h\/semaine) ARTS PLASTIQUES : en seconde uniquement &#8211; 3h par semaine LSF &#8211; 3 ans (2h\/semaine en seconde, premi\u00e8re et terminale g\u00e9n\u00e9rale ou ST2S) : SECTION EURO : sur dossier &#8211; 2h par semaine en seconde , premi\u00e8re et terminale g\u00e9n\u00e9rale LATIN : [&hellip;]<\/p>\n","protected":false},"author":1,"featured_media":145,"parent":0,"menu_order":0,"comment_status":"closed","ping_status":"closed","template":"","meta":{"_themeisle_gutenberg_block_has_review":false,"footnotes":""},"class_list":["post-182","page","type-page","status-publish","has-post-thumbnail","hentry"],"_links":{"self":[{"href":"https:\/\/sites.ac-nancy-metz.fr\/lyc-arthur-varoquaux\/wp-json\/wp\/v2\/pages\/182","targetHints":{"allow":["GET"]}}],"collection":[{"href":"https:\/\/sites.ac-nancy-metz.fr\/lyc-arthur-varoquaux\/wp-json\/wp\/v2\/pages"}],"about":[{"href":"https:\/\/sites.ac-nancy-metz.fr\/lyc-arthur-varoquaux\/wp-json\/wp\/v2\/types\/page"}],"author":[{"embeddable":true,"href":"https:\/\/sites.ac-nancy-metz.fr\/lyc-arthur-varoquaux\/wp-json\/wp\/v2\/users\/1"}],"replies":[{"embeddable":true,"href":"https:\/\/sites.ac-nancy-metz.fr\/lyc-arthur-varoquaux\/wp-json\/wp\/v2\/comments?post=182"}],"version-history":[{"count":22,"href":"https:\/\/sites.ac-nancy-metz.fr\/lyc-arthur-varoquaux\/wp-json\/wp\/v2\/pages\/182\/revisions"}],"predecessor-version":[{"id":1576,"href":"https:\/\/sites.ac-nancy-metz.fr\/lyc-arthur-varoquaux\/wp-json\/wp\/v2\/pages\/182\/revisions\/1576"}],"wp:featuredmedia":[{"embeddable":true,"href":"https:\/\/sites.ac-nancy-metz.fr\/lyc-arthur-varoquaux\/wp-json\/wp\/v2\/media\/145"}],"wp:attachment":[{"href":"https:\/\/sites.ac-nancy-metz.fr\/lyc-arthur-varoquaux\/wp-json\/wp\/v2\/media?parent=182"}],"curies":[{"name":"wp","href":"https:\/\/api.w.org\/{rel}","templated":true}]}}