{"id":185,"date":"2023-05-08T16:05:01","date_gmt":"2023-05-08T14:05:01","guid":{"rendered":"https:\/\/sites.ac-nancy-metz.fr\/lyc-arthur-varoquaux\/?page_id=185"},"modified":"2025-03-04T18:02:22","modified_gmt":"2025-03-04T17:02:22","slug":"premiere","status":"publish","type":"page","link":"https:\/\/sites.ac-nancy-metz.fr\/lyc-arthur-varoquaux\/premiere\/","title":{"rendered":"Premi\u00e8re et Terminale G\u00e9n\u00e9rale"},"content":{"rendered":"\n<figure class=\"wp-block-image size-full\"><img fetchpriority=\"high\" decoding=\"async\" width=\"594\" height=\"442\" src=\"https:\/\/sites.ac-nancy-metz.fr\/lyc-arthur-varoquaux\/wp-content\/uploads\/2025\/03\/ES-PG.png\" alt=\"\" class=\"wp-image-1562\" srcset=\"https:\/\/sites.ac-nancy-metz.fr\/lyc-arthur-varoquaux\/wp-content\/uploads\/2025\/03\/ES-PG.png 594w, https:\/\/sites.ac-nancy-metz.fr\/lyc-arthur-varoquaux\/wp-content\/uploads\/2025\/03\/ES-PG-300x223.png 300w\" sizes=\"(max-width: 594px) 100vw, 594px\" \/><\/figure>\n\n\n\n<figure class=\"wp-block-image size-large\"><img decoding=\"async\" width=\"1024\" height=\"165\" src=\"https:\/\/sites.ac-nancy-metz.fr\/lyc-arthur-varoquaux\/wp-content\/uploads\/2023\/05\/exclusivement-varoquaux-1024x165.png\" alt=\"\" class=\"wp-image-262\" srcset=\"https:\/\/sites.ac-nancy-metz.fr\/lyc-arthur-varoquaux\/wp-content\/uploads\/2023\/05\/exclusivement-varoquaux-1024x165.png 1024w, https:\/\/sites.ac-nancy-metz.fr\/lyc-arthur-varoquaux\/wp-content\/uploads\/2023\/05\/exclusivement-varoquaux-300x48.png 300w, https:\/\/sites.ac-nancy-metz.fr\/lyc-arthur-varoquaux\/wp-content\/uploads\/2023\/05\/exclusivement-varoquaux-768x124.png 768w, https:\/\/sites.ac-nancy-metz.fr\/lyc-arthur-varoquaux\/wp-content\/uploads\/2023\/05\/exclusivement-varoquaux.png 1156w\" sizes=\"(max-width: 1024px) 100vw, 1024px\" \/><\/figure>\n\n\n\n<p><strong> EN TERMINALE<\/strong> <strong>GENERALE:<\/strong><\/p>\n\n\n\n<div data-wp-interactive=\"core\/file\" class=\"wp-block-file\"><object data-wp-bind--hidden=\"!state.hasPdfPreview\" hidden class=\"wp-block-file__embed\" data=\"https:\/\/sites.ac-nancy-metz.fr\/lyc-arthur-varoquaux\/wp-content\/uploads\/2023\/05\/ES-Arts-Plastiques-PREM-TERM-GENERALE.pdf\" type=\"application\/pdf\" style=\"width:100%;height:600px\" aria-label=\"Contenu embarqu\u00e9 ES-Arts-Plastiques-PREM-TERM-GENERALE.\"><\/object><a id=\"wp-block-file--media-727933de-2c1b-4eba-bbf5-7634268b2760\" href=\"https:\/\/sites.ac-nancy-metz.fr\/lyc-arthur-varoquaux\/wp-content\/uploads\/2023\/05\/ES-Arts-Plastiques-PREM-TERM-GENERALE.pdf\">ES-Arts-Plastiques-PREM-TERM-GENERALE<\/a><a href=\"https:\/\/sites.ac-nancy-metz.fr\/lyc-arthur-varoquaux\/wp-content\/uploads\/2023\/05\/ES-Arts-Plastiques-PREM-TERM-GENERALE.pdf\" class=\"wp-block-file__button wp-element-button\" download aria-describedby=\"wp-block-file--media-727933de-2c1b-4eba-bbf5-7634268b2760\">T\u00e9l\u00e9charger<\/a><\/div>\n\n\n\n<ul class=\"wp-block-list\">\n<li>L\u2019option <strong>MATHEMATIQUES COMPLEMENTAIRES<\/strong>&nbsp;est destin\u00e9e prioritairement aux \u00e9l\u00e8ves qui, ayant suivi la sp\u00e9cialit\u00e9 math\u00e9matiques en premi\u00e8re et ne souhaitant pas poursuivre cet enseignement en terminale, ont cependant besoin de compl\u00e9ter leurs connaissances math\u00e9matiques par un enseignement adapt\u00e9 \u00e0 leur poursuite d&rsquo;\u00e9tude dans l&rsquo;enseignement sup\u00e9rieur. C&rsquo;est le cas en particulier pour les \u00e9l\u00e8ves qui se destineraient aux \u00e9tudes m\u00e9dicales ou en sciences sociales ou \u00e9conomiques. (3h\/semaine)<\/li>\n\n\n\n<li>L\u2019option <strong>MATHEMATIQUES EXPERTES<\/strong> est destin\u00e9e aux \u00e9l\u00e8ves qui ont un go\u00fbt affirm\u00e9 pour les math\u00e9matiques, et qui visent des formations o\u00f9 les math\u00e9matiques occupent une place pr\u00e9pond\u00e9rante. Par rapport \u00e0 l&rsquo;enseignement de sp\u00e9cialit\u00e9, il permet d&rsquo;aborder de fa\u00e7on approfondie de nouveaux champs d&rsquo;\u00e9tude. (3h\/semaine)<\/li>\n<\/ul>\n","protected":false},"excerpt":{"rendered":"<p>EN TERMINALE GENERALE:<\/p>\n","protected":false},"author":1,"featured_media":145,"parent":0,"menu_order":0,"comment_status":"closed","ping_status":"closed","template":"","meta":{"_themeisle_gutenberg_block_has_review":false,"footnotes":""},"class_list":["post-185","page","type-page","status-publish","has-post-thumbnail","hentry"],"_links":{"self":[{"href":"https:\/\/sites.ac-nancy-metz.fr\/lyc-arthur-varoquaux\/wp-json\/wp\/v2\/pages\/185","targetHints":{"allow":["GET"]}}],"collection":[{"href":"https:\/\/sites.ac-nancy-metz.fr\/lyc-arthur-varoquaux\/wp-json\/wp\/v2\/pages"}],"about":[{"href":"https:\/\/sites.ac-nancy-metz.fr\/lyc-arthur-varoquaux\/wp-json\/wp\/v2\/types\/page"}],"author":[{"embeddable":true,"href":"https:\/\/sites.ac-nancy-metz.fr\/lyc-arthur-varoquaux\/wp-json\/wp\/v2\/users\/1"}],"replies":[{"embeddable":true,"href":"https:\/\/sites.ac-nancy-metz.fr\/lyc-arthur-varoquaux\/wp-json\/wp\/v2\/comments?post=185"}],"version-history":[{"count":21,"href":"https:\/\/sites.ac-nancy-metz.fr\/lyc-arthur-varoquaux\/wp-json\/wp\/v2\/pages\/185\/revisions"}],"predecessor-version":[{"id":1563,"href":"https:\/\/sites.ac-nancy-metz.fr\/lyc-arthur-varoquaux\/wp-json\/wp\/v2\/pages\/185\/revisions\/1563"}],"wp:featuredmedia":[{"embeddable":true,"href":"https:\/\/sites.ac-nancy-metz.fr\/lyc-arthur-varoquaux\/wp-json\/wp\/v2\/media\/145"}],"wp:attachment":[{"href":"https:\/\/sites.ac-nancy-metz.fr\/lyc-arthur-varoquaux\/wp-json\/wp\/v2\/media?parent=185"}],"curies":[{"name":"wp","href":"https:\/\/api.w.org\/{rel}","templated":true}]}}