{"id":193,"date":"2023-05-08T16:15:28","date_gmt":"2023-05-08T14:15:28","guid":{"rendered":"https:\/\/sites.ac-nancy-metz.fr\/lyc-arthur-varoquaux\/?page_id=193"},"modified":"2025-03-04T18:09:46","modified_gmt":"2025-03-04T17:09:46","slug":"sections-sportives","status":"publish","type":"page","link":"https:\/\/sites.ac-nancy-metz.fr\/lyc-arthur-varoquaux\/sections-sportives\/","title":{"rendered":"Nos partenaires"},"content":{"rendered":"\n<p>Scolarisation des sportifs de haut niveau accueillis au sein du Creps de Lorraine :<\/p>\n\n\n\n<figure class=\"wp-block-image size-full\"><a href=\"https:\/\/www.creps-nancy.fr\/\"><img decoding=\"async\" width=\"180\" height=\"180\" src=\"https:\/\/sites.ac-nancy-metz.fr\/lyc-arthur-varoquaux\/wp-content\/uploads\/2023\/05\/CREPS.jpg\" alt=\"\" class=\"wp-image-454\" srcset=\"https:\/\/sites.ac-nancy-metz.fr\/lyc-arthur-varoquaux\/wp-content\/uploads\/2023\/05\/CREPS.jpg 180w, https:\/\/sites.ac-nancy-metz.fr\/lyc-arthur-varoquaux\/wp-content\/uploads\/2023\/05\/CREPS-150x150.jpg 150w\" sizes=\"(max-width: 180px) 100vw, 180px\" \/><\/a><\/figure>\n\n\n\n<p>3 Sections Sportives (aviron, gymnastique et Rugby):<\/p>\n\n\n\n<figure class=\"wp-block-image size-full\"><a href=\"https:\/\/www.avironnancy.com\/\"><img decoding=\"async\" width=\"206\" height=\"85\" src=\"https:\/\/sites.ac-nancy-metz.fr\/lyc-arthur-varoquaux\/wp-content\/uploads\/2023\/05\/SNN.webp\" alt=\"\" class=\"wp-image-457\"\/><\/a><\/figure>\n\n\n\n<figure class=\"wp-block-image size-large is-resized\"><a href=\"https:\/\/nancy-seichamps-rugby.ffr.fr\/\"><img fetchpriority=\"high\" decoding=\"async\" width=\"874\" height=\"1024\" src=\"https:\/\/sites.ac-nancy-metz.fr\/lyc-arthur-varoquaux\/wp-content\/uploads\/2023\/05\/NSR-874x1024.png\" alt=\"\" class=\"wp-image-464\" style=\"width:194px;height:228px\" srcset=\"https:\/\/sites.ac-nancy-metz.fr\/lyc-arthur-varoquaux\/wp-content\/uploads\/2023\/05\/NSR-874x1024.png 874w, https:\/\/sites.ac-nancy-metz.fr\/lyc-arthur-varoquaux\/wp-content\/uploads\/2023\/05\/NSR-256x300.png 256w, https:\/\/sites.ac-nancy-metz.fr\/lyc-arthur-varoquaux\/wp-content\/uploads\/2023\/05\/NSR-768x900.png 768w, https:\/\/sites.ac-nancy-metz.fr\/lyc-arthur-varoquaux\/wp-content\/uploads\/2023\/05\/NSR-1311x1536.png 1311w, https:\/\/sites.ac-nancy-metz.fr\/lyc-arthur-varoquaux\/wp-content\/uploads\/2023\/05\/NSR.png 1600w\" sizes=\"(max-width: 874px) 100vw, 874px\" \/><\/a><\/figure>\n\n\n\n<p>Scolarisation des \u00e9l\u00e8ves accueillis au sein de l&rsquo;Institut des Sourds de la Malgrange :<\/p>\n\n\n\n<figure class=\"wp-block-image size-full\"><a href=\"https:\/\/www.institut-malgrange.fr\/dev3\/\"><img loading=\"lazy\" decoding=\"async\" width=\"128\" height=\"109\" src=\"https:\/\/sites.ac-nancy-metz.fr\/lyc-arthur-varoquaux\/wp-content\/uploads\/2023\/05\/ISM.png\" alt=\"\" class=\"wp-image-467\"\/><\/a><\/figure>\n\n\n\n<p>Passage du BIA en partenariat avec l&rsquo;a\u00e9roclub de Tomblaine \u00ab\u00a0les ailes Nanc\u00e9iennes\u00a0\u00bb :<\/p>\n\n\n\n<figure class=\"wp-block-image size-full is-resized\"><a href=\"https:\/\/www.nancy-aero.com\/\"><img loading=\"lazy\" decoding=\"async\" width=\"320\" height=\"320\" src=\"https:\/\/sites.ac-nancy-metz.fr\/lyc-arthur-varoquaux\/wp-content\/uploads\/2023\/05\/AN.png\" alt=\"\" class=\"wp-image-469\" style=\"width:176px;height:176px\" srcset=\"https:\/\/sites.ac-nancy-metz.fr\/lyc-arthur-varoquaux\/wp-content\/uploads\/2023\/05\/AN.png 320w, https:\/\/sites.ac-nancy-metz.fr\/lyc-arthur-varoquaux\/wp-content\/uploads\/2023\/05\/AN-300x300.png 300w, https:\/\/sites.ac-nancy-metz.fr\/lyc-arthur-varoquaux\/wp-content\/uploads\/2023\/05\/AN-150x150.png 150w\" sizes=\"(max-width: 320px) 100vw, 320px\" \/><\/a><\/figure>\n\n\n\n<p>Le Campus des m\u00e9tiers et des qualifications d\u2019excellence \u00ab Autonomie et Inclusion \u00bb dont le lyc\u00e9e est le si\u00e8ge :<\/p>\n\n\n\n<figure class=\"wp-block-image size-full\"><a href=\"https:\/\/www.cmqeautonomieetinclusion.com\/\"><img loading=\"lazy\" decoding=\"async\" width=\"322\" height=\"235\" src=\"https:\/\/sites.ac-nancy-metz.fr\/lyc-arthur-varoquaux\/wp-content\/uploads\/2023\/05\/Campus.jpg\" alt=\"\" class=\"wp-image-470\" srcset=\"https:\/\/sites.ac-nancy-metz.fr\/lyc-arthur-varoquaux\/wp-content\/uploads\/2023\/05\/Campus.jpg 322w, https:\/\/sites.ac-nancy-metz.fr\/lyc-arthur-varoquaux\/wp-content\/uploads\/2023\/05\/Campus-300x219.jpg 300w\" sizes=\"(max-width: 322px) 100vw, 322px\" \/><\/a><\/figure>\n\n\n\n<p>Le th\u00e9\u00e2tre G\u00e9rard Philippe de Frouard :<\/p>\n\n\n\n<figure class=\"wp-block-image size-full is-resized\"><a href=\"https:\/\/billetterie-tgp-frouard.mapado.com\/\"><img loading=\"lazy\" decoding=\"async\" width=\"759\" height=\"481\" src=\"https:\/\/sites.ac-nancy-metz.fr\/lyc-arthur-varoquaux\/wp-content\/uploads\/2023\/05\/TGP.png\" alt=\"\" class=\"wp-image-471\" style=\"width:237px;height:150px\" srcset=\"https:\/\/sites.ac-nancy-metz.fr\/lyc-arthur-varoquaux\/wp-content\/uploads\/2023\/05\/TGP.png 759w, https:\/\/sites.ac-nancy-metz.fr\/lyc-arthur-varoquaux\/wp-content\/uploads\/2023\/05\/TGP-300x190.png 300w\" sizes=\"(max-width: 759px) 100vw, 759px\" \/><\/a><\/figure>\n\n\n\n<p>Le cin\u00e9ma Royal \u00e0 Saint Max :<\/p>\n\n\n\n<figure class=\"wp-block-image size-full is-resized\"><a href=\"https:\/\/www.cinema-royal.com\/\"><img loading=\"lazy\" decoding=\"async\" width=\"513\" height=\"141\" src=\"https:\/\/sites.ac-nancy-metz.fr\/lyc-arthur-varoquaux\/wp-content\/uploads\/2023\/05\/cinema-royal-st-max.jpg\" alt=\"\" class=\"wp-image-474\" style=\"width:375px;height:103px\" srcset=\"https:\/\/sites.ac-nancy-metz.fr\/lyc-arthur-varoquaux\/wp-content\/uploads\/2023\/05\/cinema-royal-st-max.jpg 513w, https:\/\/sites.ac-nancy-metz.fr\/lyc-arthur-varoquaux\/wp-content\/uploads\/2023\/05\/cinema-royal-st-max-300x82.jpg 300w\" sizes=\"(max-width: 513px) 100vw, 513px\" \/><\/a><\/figure>\n","protected":false},"excerpt":{"rendered":"<p>Scolarisation des sportifs de haut niveau accueillis au sein du Creps de Lorraine : 3 Sections Sportives (aviron, gymnastique et Rugby): Scolarisation des \u00e9l\u00e8ves accueillis au sein de l&rsquo;Institut des Sourds de la Malgrange : Passage du BIA en partenariat avec l&rsquo;a\u00e9roclub de Tomblaine \u00ab\u00a0les ailes Nanc\u00e9iennes\u00a0\u00bb : Le Campus [&hellip;]<\/p>\n","protected":false},"author":1,"featured_media":0,"parent":0,"menu_order":0,"comment_status":"closed","ping_status":"closed","template":"","meta":{"_themeisle_gutenberg_block_has_review":false,"footnotes":""},"class_list":["post-193","page","type-page","status-publish","hentry"],"_links":{"self":[{"href":"https:\/\/sites.ac-nancy-metz.fr\/lyc-arthur-varoquaux\/wp-json\/wp\/v2\/pages\/193","targetHints":{"allow":["GET"]}}],"collection":[{"href":"https:\/\/sites.ac-nancy-metz.fr\/lyc-arthur-varoquaux\/wp-json\/wp\/v2\/pages"}],"about":[{"href":"https:\/\/sites.ac-nancy-metz.fr\/lyc-arthur-varoquaux\/wp-json\/wp\/v2\/types\/page"}],"author":[{"embeddable":true,"href":"https:\/\/sites.ac-nancy-metz.fr\/lyc-arthur-varoquaux\/wp-json\/wp\/v2\/users\/1"}],"replies":[{"embeddable":true,"href":"https:\/\/sites.ac-nancy-metz.fr\/lyc-arthur-varoquaux\/wp-json\/wp\/v2\/comments?post=193"}],"version-history":[{"count":17,"href":"https:\/\/sites.ac-nancy-metz.fr\/lyc-arthur-varoquaux\/wp-json\/wp\/v2\/pages\/193\/revisions"}],"predecessor-version":[{"id":1582,"href":"https:\/\/sites.ac-nancy-metz.fr\/lyc-arthur-varoquaux\/wp-json\/wp\/v2\/pages\/193\/revisions\/1582"}],"wp:attachment":[{"href":"https:\/\/sites.ac-nancy-metz.fr\/lyc-arthur-varoquaux\/wp-json\/wp\/v2\/media?parent=193"}],"curies":[{"name":"wp","href":"https:\/\/api.w.org\/{rel}","templated":true}]}}