{"id":196,"date":"2023-05-08T16:16:36","date_gmt":"2023-05-08T14:16:36","guid":{"rendered":"https:\/\/sites.ac-nancy-metz.fr\/lyc-arthur-varoquaux\/?page_id=196"},"modified":"2025-04-14T23:44:47","modified_gmt":"2025-04-14T21:44:47","slug":"bts-scientifiques","status":"publish","type":"page","link":"https:\/\/sites.ac-nancy-metz.fr\/lyc-arthur-varoquaux\/bts-scientifiques\/","title":{"rendered":"BTS scientifiques"},"content":{"rendered":"\n<p><a href=\"\/bts-abm\">BTS ABM &#8211; analyses de biologie m\u00e9dicale<\/a><\/p>\n\n\n\n<p><a href=\"\/bts-2m\">BTS 2M &#8211; m\u00e9tiers de la mesure<\/a><\/p>\n\n\n\n<p><a href=\"\/bts-me-metiers-de-leau\">BTS ME &#8211; m\u00e9tiers de l&rsquo;eau<\/a><\/p>\n\n\n\n<p><\/p>\n","protected":false},"excerpt":{"rendered":"<p>BTS ABM &#8211; analyses de biologie m\u00e9dicale BTS 2M &#8211; m\u00e9tiers de la mesure BTS ME &#8211; m\u00e9tiers de l&rsquo;eau<\/p>\n","protected":false},"author":1,"featured_media":0,"parent":0,"menu_order":0,"comment_status":"closed","ping_status":"closed","template":"","meta":{"_themeisle_gutenberg_block_has_review":false,"footnotes":""},"class_list":["post-196","page","type-page","status-publish","hentry"],"_links":{"self":[{"href":"https:\/\/sites.ac-nancy-metz.fr\/lyc-arthur-varoquaux\/wp-json\/wp\/v2\/pages\/196","targetHints":{"allow":["GET"]}}],"collection":[{"href":"https:\/\/sites.ac-nancy-metz.fr\/lyc-arthur-varoquaux\/wp-json\/wp\/v2\/pages"}],"about":[{"href":"https:\/\/sites.ac-nancy-metz.fr\/lyc-arthur-varoquaux\/wp-json\/wp\/v2\/types\/page"}],"author":[{"embeddable":true,"href":"https:\/\/sites.ac-nancy-metz.fr\/lyc-arthur-varoquaux\/wp-json\/wp\/v2\/users\/1"}],"replies":[{"embeddable":true,"href":"https:\/\/sites.ac-nancy-metz.fr\/lyc-arthur-varoquaux\/wp-json\/wp\/v2\/comments?post=196"}],"version-history":[{"count":9,"href":"https:\/\/sites.ac-nancy-metz.fr\/lyc-arthur-varoquaux\/wp-json\/wp\/v2\/pages\/196\/revisions"}],"predecessor-version":[{"id":1833,"href":"https:\/\/sites.ac-nancy-metz.fr\/lyc-arthur-varoquaux\/wp-json\/wp\/v2\/pages\/196\/revisions\/1833"}],"wp:attachment":[{"href":"https:\/\/sites.ac-nancy-metz.fr\/lyc-arthur-varoquaux\/wp-json\/wp\/v2\/media?parent=196"}],"curies":[{"name":"wp","href":"https:\/\/api.w.org\/{rel}","templated":true}]}}