{"id":201,"date":"2023-05-08T16:17:11","date_gmt":"2023-05-08T14:17:11","guid":{"rendered":"https:\/\/sites.ac-nancy-metz.fr\/lyc-arthur-varoquaux\/?page_id=201"},"modified":"2025-02-28T11:45:34","modified_gmt":"2025-02-28T10:45:34","slug":"bts-sante-et-social","status":"publish","type":"page","link":"https:\/\/sites.ac-nancy-metz.fr\/lyc-arthur-varoquaux\/bts-sante-et-social\/","title":{"rendered":"BTS Sant\u00e9 et Social"},"content":{"rendered":"\n<p><a href=\"\/bts-esf\">BTS ESF &#8211; \u00e9conomie sociale familiale<\/a><\/p>\n\n\n\n<p><a href=\"\/bts-sp3s\">BTS SP3S &#8211; services et prestations des secteurs sanitaire et social<\/a><\/p>\n\n\n\n<p><a href=\"\/decesf\">DECESF &#8211; dipl\u00f4me d&rsquo;\u00e9tat de conseiller en \u00e9conomie sociale familiale<\/a><\/p>\n\n\n\n<p><\/p>\n","protected":false},"excerpt":{"rendered":"<p>BTS ESF &#8211; \u00e9conomie sociale familiale BTS SP3S &#8211; services et prestations des secteurs sanitaire et social DECESF &#8211; dipl\u00f4me d&rsquo;\u00e9tat de conseiller en \u00e9conomie sociale familiale<\/p>\n","protected":false},"author":1,"featured_media":0,"parent":0,"menu_order":0,"comment_status":"closed","ping_status":"closed","template":"","meta":{"_themeisle_gutenberg_block_has_review":false,"footnotes":""},"class_list":["post-201","page","type-page","status-publish","hentry"],"_links":{"self":[{"href":"https:\/\/sites.ac-nancy-metz.fr\/lyc-arthur-varoquaux\/wp-json\/wp\/v2\/pages\/201","targetHints":{"allow":["GET"]}}],"collection":[{"href":"https:\/\/sites.ac-nancy-metz.fr\/lyc-arthur-varoquaux\/wp-json\/wp\/v2\/pages"}],"about":[{"href":"https:\/\/sites.ac-nancy-metz.fr\/lyc-arthur-varoquaux\/wp-json\/wp\/v2\/types\/page"}],"author":[{"embeddable":true,"href":"https:\/\/sites.ac-nancy-metz.fr\/lyc-arthur-varoquaux\/wp-json\/wp\/v2\/users\/1"}],"replies":[{"embeddable":true,"href":"https:\/\/sites.ac-nancy-metz.fr\/lyc-arthur-varoquaux\/wp-json\/wp\/v2\/comments?post=201"}],"version-history":[{"count":7,"href":"https:\/\/sites.ac-nancy-metz.fr\/lyc-arthur-varoquaux\/wp-json\/wp\/v2\/pages\/201\/revisions"}],"predecessor-version":[{"id":815,"href":"https:\/\/sites.ac-nancy-metz.fr\/lyc-arthur-varoquaux\/wp-json\/wp\/v2\/pages\/201\/revisions\/815"}],"wp:attachment":[{"href":"https:\/\/sites.ac-nancy-metz.fr\/lyc-arthur-varoquaux\/wp-json\/wp\/v2\/media?parent=201"}],"curies":[{"name":"wp","href":"https:\/\/api.w.org\/{rel}","templated":true}]}}