{"id":203,"date":"2023-05-08T16:17:41","date_gmt":"2023-05-08T14:17:41","guid":{"rendered":"https:\/\/sites.ac-nancy-metz.fr\/lyc-arthur-varoquaux\/?page_id=203"},"modified":"2026-03-09T12:45:19","modified_gmt":"2026-03-09T11:45:19","slug":"decesf","status":"publish","type":"page","link":"https:\/\/sites.ac-nancy-metz.fr\/lyc-arthur-varoquaux\/decesf\/","title":{"rendered":"DECESF"},"content":{"rendered":"\n<p><strong>Pr\u00e9sentation du DECESF<\/strong><\/p>\n\n\n\n<p><\/p>\n\n\n\n<p><object width=\"300\" height=\"150\" style=\"width: 100%; height: 600px;\" data=\"https:\/\/sites.ac-nancy-metz.fr\/lyc-arthur-varoquaux\/wp-content\/uploads\/2025\/02\/Plaquette_DE_CESF_2025-1.pdf\" type=\"application\/pdf\" aria-label=\"Plaquette_DE_CESF_2025\"><\/object><a href=\"https:\/\/sites.ac-nancy-metz.fr\/lyc-arthur-varoquaux\/wp-content\/uploads\/2025\/02\/Plaquette_DE_CESF_2025-1.pdf\" id=\"wp-block-file--media-e58b4e18-3144-43a2-8844-a2615ffad70a\"><strong>Plaquette_DE_CESF_2026<\/strong><\/a><\/p>\n\n\n\n<p><a aria-describedby=\"wp-block-file--media-e58b4e18-3144-43a2-8844-a2615ffad70a\" download=\"\" href=\"https:\/\/sites.ac-nancy-metz.fr\/lyc-arthur-varoquaux\/wp-content\/uploads\/2025\/02\/Plaquette_DE_CESF_2025-1.pdf\"><strong>T\u00e9l\u00e9charger<\/strong><\/a><\/p>\n\n\n\n<p><\/p>\n\n\n\n<hr class=\"wp-block-separator has-alpha-channel-opacity\"\/>\n\n\n\n<p><\/p>\n\n\n\n<p><\/p>\n\n\n\n<p><strong>3 documents \u00e0 t\u00e9l\u00e9charger:<\/strong><\/p>\n\n\n\n<p><\/p>\n\n\n\n<p>1. Conditions d&rsquo;admission:<\/p>\n\n\n\n<div data-wp-interactive=\"core\/file\" class=\"wp-block-file\"><object data-wp-bind--hidden=\"!state.hasPdfPreview\" hidden class=\"wp-block-file__embed\" data=\"https:\/\/sites.ac-nancy-metz.fr\/lyc-arthur-varoquaux\/wp-content\/uploads\/2026\/03\/conditions-dadmission-2026.pdf\" type=\"application\/pdf\" style=\"width:100%;height:674px\" aria-label=\"Contenu embarqu\u00e9 conditions d&apos;admission 2026.\"><\/object><a id=\"wp-block-file--media-b297fcff-729d-4795-9a04-125a626a2747\" href=\"https:\/\/sites.ac-nancy-metz.fr\/lyc-arthur-varoquaux\/wp-content\/uploads\/2026\/03\/conditions-dadmission-2026.pdf\">conditions d&rsquo;admission 2026<\/a><a href=\"https:\/\/sites.ac-nancy-metz.fr\/lyc-arthur-varoquaux\/wp-content\/uploads\/2026\/03\/conditions-dadmission-2026.pdf\" class=\"wp-block-file__button wp-element-button\" download aria-describedby=\"wp-block-file--media-b297fcff-729d-4795-9a04-125a626a2747\">T\u00e9l\u00e9charger<\/a><\/div>\n\n\n\n<p><\/p>\n\n\n\n<p><\/p>\n\n\n\n<hr class=\"wp-block-separator has-alpha-channel-opacity\"\/>\n\n\n\n<hr class=\"wp-block-separator has-alpha-channel-opacity\"\/>\n\n\n\n<p><\/p>\n\n\n\n<p><\/p>\n\n\n\n<p>2. Dossier de candidature:<\/p>\n\n\n\n<div data-wp-interactive=\"core\/file\" class=\"wp-block-file\" style=\"border-style:none;border-width:0px;border-radius:0px\"><object data-wp-bind--hidden=\"!state.hasPdfPreview\" hidden class=\"wp-block-file__embed\" data=\"https:\/\/sites.ac-nancy-metz.fr\/lyc-arthur-varoquaux\/wp-content\/uploads\/2026\/03\/dossier-de-candidature-2026.pdf\" type=\"application\/pdf\" style=\"width:100%;height:600px\" aria-label=\"Contenu embarqu\u00e9 dossier de candidature 2026.\"><\/object><a id=\"wp-block-file--media-a64f8698-1e3f-435b-b32d-180995467018\" href=\"https:\/\/sites.ac-nancy-metz.fr\/lyc-arthur-varoquaux\/wp-content\/uploads\/2026\/03\/dossier-de-candidature-2026.pdf\">dossier de candidature 2026<\/a><a href=\"https:\/\/sites.ac-nancy-metz.fr\/lyc-arthur-varoquaux\/wp-content\/uploads\/2026\/03\/dossier-de-candidature-2026.pdf\" class=\"wp-block-file__button wp-element-button\" download aria-describedby=\"wp-block-file--media-a64f8698-1e3f-435b-b32d-180995467018\">T\u00e9l\u00e9charger<\/a><\/div>\n\n\n\n<p><\/p>\n\n\n\n<p><\/p>\n\n\n\n<hr class=\"wp-block-separator has-alpha-channel-opacity\"\/>\n\n\n\n<hr class=\"wp-block-separator has-alpha-channel-opacity\"\/>\n\n\n\n<p><\/p>\n\n\n\n<p><\/p>\n\n\n\n<p><\/p>\n\n\n\n<p><\/p>\n\n\n\n<p><\/p>\n\n\n\n<p>3. Evaluation de stage<\/p>\n\n\n\n<p><object width=\"300\" height=\"150\" style=\"width: 100%; height: 600px;\" data=\"https:\/\/sites.ac-nancy-metz.fr\/lyc-arthur-varoquaux\/wp-content\/uploads\/2024\/02\/evaluation-de-stage-2eme-annee.pdf\" type=\"application\/pdf\" aria-label=\"evaluation-de-stage-2eme-annee\"><\/object><a id=\"wp-block-file--media-634ad84f-1f27-453b-b962-cb3861ef7428\" href=\"https:\/\/sites.ac-nancy-metz.fr\/lyc-arthur-varoquaux\/wp-content\/uploads\/2024\/02\/evaluation-de-stage-2eme-annee.pdf\">evaluation-de-stage-2eme-annee<\/a><a href=\"https:\/\/sites.ac-nancy-metz.fr\/lyc-arthur-varoquaux\/wp-content\/uploads\/2024\/02\/evaluation-de-stage-2eme-annee.pdf\" download=\"\" aria-describedby=\"wp-block-file--media-634ad84f-1f27-453b-b962-cb3861ef7428\">T\u00e9l\u00e9charger<\/a><\/p>\n\n\n\n<p><\/p>\n\n\n\n<hr class=\"wp-block-separator has-alpha-channel-opacity\"\/>\n\n\n\n<p><\/p>\n\n\n\n<p><strong>Dossier d&rsquo;inscription 2025-2026 pour les candidats retenus<\/strong> (4 fichiers)<\/p>\n\n\n\n<p><\/p>\n\n\n\n<ol class=\"wp-block-list\">\n<li>Notice<\/li>\n<\/ol>\n\n\n\n<p><\/p>\n\n\n\n<div data-wp-interactive=\"core\/file\" class=\"wp-block-file\"><object data-wp-bind--hidden=\"!state.hasPdfPreview\" hidden class=\"wp-block-file__embed\" data=\"https:\/\/sites.ac-nancy-metz.fr\/lyc-arthur-varoquaux\/wp-content\/uploads\/2025\/06\/1.-Notice-dinformation-pour-inscription-decesf.pdf\" type=\"application\/pdf\" style=\"width:100%;height:600px\" aria-label=\"Contenu embarqu\u00e9 1. Notice d&apos;information pour inscription decesf.\"><\/object><a id=\"wp-block-file--media-b4525209-4a49-4a09-9120-c8600fad3553\" href=\"https:\/\/sites.ac-nancy-metz.fr\/lyc-arthur-varoquaux\/wp-content\/uploads\/2025\/06\/1.-Notice-dinformation-pour-inscription-decesf.pdf\">1. Notice d&rsquo;information pour inscription decesf<\/a><a href=\"https:\/\/sites.ac-nancy-metz.fr\/lyc-arthur-varoquaux\/wp-content\/uploads\/2025\/06\/1.-Notice-dinformation-pour-inscription-decesf.pdf\" class=\"wp-block-file__button wp-element-button\" download aria-describedby=\"wp-block-file--media-b4525209-4a49-4a09-9120-c8600fad3553\">T\u00e9l\u00e9charger<\/a><\/div>\n\n\n\n<p><\/p>\n\n\n\n<p><\/p>\n\n\n\n<p>2. Dossier d&rsquo;inscription 2025-2026<\/p>\n\n\n\n<div data-wp-interactive=\"core\/file\" class=\"wp-block-file\"><object data-wp-bind--hidden=\"!state.hasPdfPreview\" hidden class=\"wp-block-file__embed\" data=\"https:\/\/sites.ac-nancy-metz.fr\/lyc-arthur-varoquaux\/wp-content\/uploads\/2025\/06\/2.-dossier-inscription-DECESF-25-56.pdf\" type=\"application\/pdf\" style=\"width:100%;height:600px\" aria-label=\"Contenu embarqu\u00e9 2. dossier inscription DECESF 25 56.\"><\/object><a id=\"wp-block-file--media-1db27fe3-856e-4fc4-a754-f24146ae5acf\" href=\"https:\/\/sites.ac-nancy-metz.fr\/lyc-arthur-varoquaux\/wp-content\/uploads\/2025\/06\/2.-dossier-inscription-DECESF-25-56.pdf\">2. dossier inscription DECESF 25 56<\/a><a href=\"https:\/\/sites.ac-nancy-metz.fr\/lyc-arthur-varoquaux\/wp-content\/uploads\/2025\/06\/2.-dossier-inscription-DECESF-25-56.pdf\" class=\"wp-block-file__button wp-element-button\" download aria-describedby=\"wp-block-file--media-1db27fe3-856e-4fc4-a754-f24146ae5acf\">T\u00e9l\u00e9charger<\/a><\/div>\n\n\n\n<p><\/p>\n\n\n\n<p>3. Fiche infirmerie<\/p>\n\n\n\n<div data-wp-interactive=\"core\/file\" class=\"wp-block-file\"><object data-wp-bind--hidden=\"!state.hasPdfPreview\" hidden class=\"wp-block-file__embed\" data=\"https:\/\/sites.ac-nancy-metz.fr\/lyc-arthur-varoquaux\/wp-content\/uploads\/2025\/06\/3.-Fiche-Infirmerie.pdf\" type=\"application\/pdf\" style=\"width:100%;height:600px\" aria-label=\"Contenu embarqu\u00e9 3. Fiche Infirmerie.\"><\/object><a id=\"wp-block-file--media-da4d8e1a-7517-44af-a784-531cd5066e23\" href=\"https:\/\/sites.ac-nancy-metz.fr\/lyc-arthur-varoquaux\/wp-content\/uploads\/2025\/06\/3.-Fiche-Infirmerie.pdf\">3. Fiche Infirmerie<\/a><a href=\"https:\/\/sites.ac-nancy-metz.fr\/lyc-arthur-varoquaux\/wp-content\/uploads\/2025\/06\/3.-Fiche-Infirmerie.pdf\" class=\"wp-block-file__button wp-element-button\" download aria-describedby=\"wp-block-file--media-da4d8e1a-7517-44af-a784-531cd5066e23\">T\u00e9l\u00e9charger<\/a><\/div>\n\n\n\n<p><\/p>\n\n\n\n<p>4. Tarifs restauration post bac (du 1e janvier 2025 au 31 d\u00e9cembre 2025)<\/p>\n\n\n\n<div data-wp-interactive=\"core\/file\" class=\"wp-block-file\"><object data-wp-bind--hidden=\"!state.hasPdfPreview\" hidden class=\"wp-block-file__embed\" data=\"https:\/\/sites.ac-nancy-metz.fr\/lyc-arthur-varoquaux\/wp-content\/uploads\/2025\/06\/4.-Tarifs-restauration-Post-bac-2024-2025.pdf\" type=\"application\/pdf\" style=\"width:100%;height:600px\" aria-label=\"Contenu embarqu\u00e9 4. Tarifs restauration Post bac 2024-2025.\"><\/object><a id=\"wp-block-file--media-40bb6585-9371-4ceb-a0ce-0cb1850a54f8\" href=\"https:\/\/sites.ac-nancy-metz.fr\/lyc-arthur-varoquaux\/wp-content\/uploads\/2025\/06\/4.-Tarifs-restauration-Post-bac-2024-2025.pdf\">4. Tarifs restauration Post bac 2024-2025<\/a><a href=\"https:\/\/sites.ac-nancy-metz.fr\/lyc-arthur-varoquaux\/wp-content\/uploads\/2025\/06\/4.-Tarifs-restauration-Post-bac-2024-2025.pdf\" class=\"wp-block-file__button wp-element-button\" download aria-describedby=\"wp-block-file--media-40bb6585-9371-4ceb-a0ce-0cb1850a54f8\">T\u00e9l\u00e9charger<\/a><\/div>\n\n\n\n<p>5. Affiche Adh\u00e9sion MDL 2025-2026<\/p>\n\n\n\n<div data-wp-interactive=\"core\/file\" class=\"wp-block-file\"><object data-wp-bind--hidden=\"!state.hasPdfPreview\" hidden class=\"wp-block-file__embed\" data=\"https:\/\/sites.ac-nancy-metz.fr\/lyc-arthur-varoquaux\/wp-content\/uploads\/2025\/06\/5.-Affiche-adhesion-MDL-2025_2026.pdf\" type=\"application\/pdf\" style=\"width:100%;height:600px\" aria-label=\"Contenu embarqu\u00e9 5. Affiche adh\u00e9sion MDL 2025_2026.\"><\/object><a id=\"wp-block-file--media-aecc2c4d-e482-4bb8-95ad-a57da822648a\" href=\"https:\/\/sites.ac-nancy-metz.fr\/lyc-arthur-varoquaux\/wp-content\/uploads\/2025\/06\/5.-Affiche-adhesion-MDL-2025_2026.pdf\">5. Affiche adh\u00e9sion MDL 2025_2026<\/a><a href=\"https:\/\/sites.ac-nancy-metz.fr\/lyc-arthur-varoquaux\/wp-content\/uploads\/2025\/06\/5.-Affiche-adhesion-MDL-2025_2026.pdf\" class=\"wp-block-file__button wp-element-button\" download aria-describedby=\"wp-block-file--media-aecc2c4d-e482-4bb8-95ad-a57da822648a\">T\u00e9l\u00e9charger<\/a><\/div>\n\n\n\n<p><\/p>\n\n\n\n<hr class=\"wp-block-separator has-alpha-channel-opacity\"\/>\n\n\n\n<p><\/p>\n\n\n\n<p><\/p>\n\n\n\n<p><\/p>\n","protected":false},"excerpt":{"rendered":"<p>Pr\u00e9sentation du DECESF Plaquette_DE_CESF_2026 T\u00e9l\u00e9charger 3 documents \u00e0 t\u00e9l\u00e9charger: 1. Conditions d&rsquo;admission: 2. Dossier de candidature: 3. Evaluation de stage evaluation-de-stage-2eme-anneeT\u00e9l\u00e9charger Dossier d&rsquo;inscription 2025-2026 pour les candidats retenus (4 fichiers) 2. Dossier d&rsquo;inscription 2025-2026 3. Fiche infirmerie 4. Tarifs restauration post bac (du 1e janvier 2025 au 31 d\u00e9cembre 2025) [&hellip;]<\/p>\n","protected":false},"author":1,"featured_media":0,"parent":0,"menu_order":0,"comment_status":"closed","ping_status":"closed","template":"","meta":{"_themeisle_gutenberg_block_has_review":false,"footnotes":""},"class_list":["post-203","page","type-page","status-publish","hentry"],"_links":{"self":[{"href":"https:\/\/sites.ac-nancy-metz.fr\/lyc-arthur-varoquaux\/wp-json\/wp\/v2\/pages\/203","targetHints":{"allow":["GET"]}}],"collection":[{"href":"https:\/\/sites.ac-nancy-metz.fr\/lyc-arthur-varoquaux\/wp-json\/wp\/v2\/pages"}],"about":[{"href":"https:\/\/sites.ac-nancy-metz.fr\/lyc-arthur-varoquaux\/wp-json\/wp\/v2\/types\/page"}],"author":[{"embeddable":true,"href":"https:\/\/sites.ac-nancy-metz.fr\/lyc-arthur-varoquaux\/wp-json\/wp\/v2\/users\/1"}],"replies":[{"embeddable":true,"href":"https:\/\/sites.ac-nancy-metz.fr\/lyc-arthur-varoquaux\/wp-json\/wp\/v2\/comments?post=203"}],"version-history":[{"count":36,"href":"https:\/\/sites.ac-nancy-metz.fr\/lyc-arthur-varoquaux\/wp-json\/wp\/v2\/pages\/203\/revisions"}],"predecessor-version":[{"id":2357,"href":"https:\/\/sites.ac-nancy-metz.fr\/lyc-arthur-varoquaux\/wp-json\/wp\/v2\/pages\/203\/revisions\/2357"}],"wp:attachment":[{"href":"https:\/\/sites.ac-nancy-metz.fr\/lyc-arthur-varoquaux\/wp-json\/wp\/v2\/media?parent=203"}],"curies":[{"name":"wp","href":"https:\/\/api.w.org\/{rel}","templated":true}]}}