{"id":213,"date":"2023-05-08T16:25:58","date_gmt":"2023-05-08T14:25:58","guid":{"rendered":"https:\/\/sites.ac-nancy-metz.fr\/lyc-arthur-varoquaux\/?page_id=213"},"modified":"2025-02-24T23:25:59","modified_gmt":"2025-02-24T22:25:59","slug":"actions-et-projets","status":"publish","type":"page","link":"https:\/\/sites.ac-nancy-metz.fr\/lyc-arthur-varoquaux\/actions-et-projets\/","title":{"rendered":"Actions et projets"},"content":{"rendered":"\n<p><strong>CVL<\/strong><\/p>\n\n\n\n<figure class=\"wp-block-image size-large\"><img fetchpriority=\"high\" decoding=\"async\" width=\"1024\" height=\"578\" src=\"https:\/\/sites.ac-nancy-metz.fr\/lyc-arthur-varoquaux\/wp-content\/uploads\/2023\/05\/Octobre-rose-1-1024x578.jpg\" alt=\"\" class=\"wp-image-624\" srcset=\"https:\/\/sites.ac-nancy-metz.fr\/lyc-arthur-varoquaux\/wp-content\/uploads\/2023\/05\/Octobre-rose-1-1024x578.jpg 1024w, https:\/\/sites.ac-nancy-metz.fr\/lyc-arthur-varoquaux\/wp-content\/uploads\/2023\/05\/Octobre-rose-1-300x169.jpg 300w, https:\/\/sites.ac-nancy-metz.fr\/lyc-arthur-varoquaux\/wp-content\/uploads\/2023\/05\/Octobre-rose-1-768x433.jpg 768w, https:\/\/sites.ac-nancy-metz.fr\/lyc-arthur-varoquaux\/wp-content\/uploads\/2023\/05\/Octobre-rose-1.jpg 1303w\" sizes=\"(max-width: 1024px) 100vw, 1024px\" \/><\/figure>\n\n\n\n<p><strong>CESCE<\/strong><\/p>\n\n\n<p>\n\n\n<p><\/p>\n\n\n<p><style>\/*! elementor - v3.15.0 - 20-08-2023 *\/<br \/>\n.elementor-widget-image{text-align:center}.elementor-widget-image a{display:inline-block}.elementor-widget-image a img[src$=\".svg\"]{width:48px}.elementor-widget-image img{vertical-align:middle;display:inline-block}<\/style><\/p>\n<p>Le jeudi 21 novembre 2024, 53 \u00e9l\u00e8ves de premi\u00e8re du lyc\u00e9e Varoquaux se sont rendus en Moselle, accompagn\u00e9s par quatre professeurs dans le cadre du programme d&rsquo;histoire, HGGSP et fran\u00e7ais.<\/p>\n<p>\u00a0A Gravelotte, les \u00e9l\u00e8ves ont \u00e9tudi\u00e9 le d\u00e9roulement de ce conflit sur le lieu m\u00eame de la bataille sanglante qui se d\u00e9roula le 18 ao\u00fbt 1870, avec un parcours permettant de voir une riche collection d&rsquo;armes, d&rsquo;uniformes et de tableaux, ainsi que le cimeti\u00e8re allemand situ\u00e9 en face du mus\u00e9e.\u00a0<\/p>\n<p>Durant l&rsquo;apr\u00e8s &#8211; midi, le groupe a d\u00e9couvert le Fort Wagner \u00e0 Verny, vaste fortification allemande construite de 1904 \u00e0 1910 pour prot\u00e9ger Metz, avec ses salles montrant la vie de la garnison \u00e0 l&rsquo;\u00e9poque.\u00a0<\/p>\n<p>Le tir au canon a \u00e9t\u00e9 beaucoup appr\u00e9ci\u00e9 par les visiteurs!<\/p>\n<p>Cette journ\u00e9e sera exploit\u00e9e dans les cours d&rsquo;histoire, HGGSP et de fran\u00e7ais avec des \u00e9tudes de cartes et de textes contemporains.\u00a0\u00bb<\/p>\n<p><img loading=\"lazy\" decoding=\"async\" width=\"750\" height=\"563\" src=\"https:\/\/sites.ac-nancy-metz.fr\/lyc-arthur-varoquaux\/wp-content\/uploads\/2024\/12\/IMG_20241121_104835.jpg\" alt=\"\" loading=\"lazy\" srcset=\"https:\/\/sites.ac-nancy-metz.fr\/lyc-arthur-varoquaux\/wp-content\/uploads\/2024\/12\/IMG_20241121_104835.jpg 1024w, https:\/\/sites.ac-nancy-metz.fr\/lyc-arthur-varoquaux\/wp-content\/uploads\/2024\/12\/IMG_20241121_104835-300x225.jpg 300w, https:\/\/sites.ac-nancy-metz.fr\/lyc-arthur-varoquaux\/wp-content\/uploads\/2024\/12\/IMG_20241121_104835-768x576.jpg 768w\" sizes=\"auto, (max-width: 750px) 100vw, 750px\" \/><br \/><img loading=\"lazy\" decoding=\"async\" width=\"750\" height=\"563\" src=\"https:\/\/sites.ac-nancy-metz.fr\/lyc-arthur-varoquaux\/wp-content\/uploads\/2024\/12\/IMG_20241121_110207.jpg\" alt=\"\" loading=\"lazy\" srcset=\"https:\/\/sites.ac-nancy-metz.fr\/lyc-arthur-varoquaux\/wp-content\/uploads\/2024\/12\/IMG_20241121_110207.jpg 1024w, https:\/\/sites.ac-nancy-metz.fr\/lyc-arthur-varoquaux\/wp-content\/uploads\/2024\/12\/IMG_20241121_110207-300x225.jpg 300w, https:\/\/sites.ac-nancy-metz.fr\/lyc-arthur-varoquaux\/wp-content\/uploads\/2024\/12\/IMG_20241121_110207-768x576.jpg 768w\" sizes=\"auto, (max-width: 750px) 100vw, 750px\" \/><br \/><img loading=\"lazy\" decoding=\"async\" width=\"363\" height=\"768\" src=\"https:\/\/sites.ac-nancy-metz.fr\/lyc-arthur-varoquaux\/wp-content\/uploads\/2024\/12\/20240312_105225.jpg\" alt=\"\" loading=\"lazy\" srcset=\"https:\/\/sites.ac-nancy-metz.fr\/lyc-arthur-varoquaux\/wp-content\/uploads\/2024\/12\/20240312_105225.jpg 363w, https:\/\/sites.ac-nancy-metz.fr\/lyc-arthur-varoquaux\/wp-content\/uploads\/2024\/12\/20240312_105225-142x300.jpg 142w\" sizes=\"auto, (max-width: 363px) 100vw, 363px\" \/><\/p>\n<blockquote cite=\"mid:800d731c7701dc01.674b5f86@ac-nancy-metz.fr\" type=\"cite\" style=\"box-sizing: inherit; font-size: 13px; line-height: var(--step); margin-bottom: 0.8rem; padding-top: 0.2rem; font-style: italic; color: #243238; font-family: 'Open Sans', sans-serif;\">\n<p>&nbsp;<\/p>\n<\/blockquote>\n<p><img loading=\"lazy\" decoding=\"async\" width=\"750\" height=\"355\" src=\"https:\/\/sites.ac-nancy-metz.fr\/lyc-arthur-varoquaux\/wp-content\/uploads\/2024\/12\/20241121_144357.jpg\" alt=\"\" loading=\"lazy\" srcset=\"https:\/\/sites.ac-nancy-metz.fr\/lyc-arthur-varoquaux\/wp-content\/uploads\/2024\/12\/20241121_144357.jpg 1024w, https:\/\/sites.ac-nancy-metz.fr\/lyc-arthur-varoquaux\/wp-content\/uploads\/2024\/12\/20241121_144357-300x142.jpg 300w, https:\/\/sites.ac-nancy-metz.fr\/lyc-arthur-varoquaux\/wp-content\/uploads\/2024\/12\/20241121_144357-768x364.jpg 768w\" sizes=\"auto, (max-width: 750px) 100vw, 750px\" \/><br \/><img loading=\"lazy\" decoding=\"async\" width=\"750\" height=\"354\" src=\"https:\/\/sites.ac-nancy-metz.fr\/lyc-arthur-varoquaux\/wp-content\/uploads\/2024\/12\/20241121_152511.jpg\" alt=\"\" loading=\"lazy\" srcset=\"https:\/\/sites.ac-nancy-metz.fr\/lyc-arthur-varoquaux\/wp-content\/uploads\/2024\/12\/20241121_152511.jpg 1024w, https:\/\/sites.ac-nancy-metz.fr\/lyc-arthur-varoquaux\/wp-content\/uploads\/2024\/12\/20241121_152511-300x142.jpg 300w, https:\/\/sites.ac-nancy-metz.fr\/lyc-arthur-varoquaux\/wp-content\/uploads\/2024\/12\/20241121_152511-768x363.jpg 768w\" sizes=\"auto, (max-width: 750px) 100vw, 750px\" \/><\/p>\n\n\n<p>Le CESCE s&rsquo;engage dans la lutte contre la pr\u00e9carit\u00e9 menstruelle : un distributeur de protections p\u00e9riodiques est en acc\u00e8s libre dans les toilettes filles du lyc\u00e9e.<\/p>\n\n\n\n<div data-wp-interactive=\"core\/file\" class=\"wp-block-file\"><object data-wp-bind--hidden=\"!state.hasPdfPreview\" hidden class=\"wp-block-file__embed\" data=\"https:\/\/sites.ac-nancy-metz.fr\/lyc-arthur-varoquaux\/wp-content\/uploads\/2023\/05\/MCIe-CLR.pdf\" type=\"application\/pdf\" style=\"width:100%;height:600px\" aria-label=\"Contenu embarqu\u00e9 MCIe-CLR.\"><\/object><a id=\"wp-block-file--media-160fd8ce-ecfd-4885-a2e9-c0eaf2976ee5\" href=\"https:\/\/sites.ac-nancy-metz.fr\/lyc-arthur-varoquaux\/wp-content\/uploads\/2023\/05\/MCIe-CLR.pdf\">MCIe-CLR<\/a><a href=\"https:\/\/sites.ac-nancy-metz.fr\/lyc-arthur-varoquaux\/wp-content\/uploads\/2023\/05\/MCIe-CLR.pdf\" class=\"wp-block-file__button wp-element-button\" download aria-describedby=\"wp-block-file--media-160fd8ce-ecfd-4885-a2e9-c0eaf2976ee5\">T\u00e9l\u00e9charger<\/a><\/div>\n\n\n\n<h1 class=\"wp-block-heading\">Le tribunal des \u00e9nergies<\/h1>\n\n\n\n<p id=\"resume\">PROGRAMME&nbsp; JEUDI 1ER JUIN \u00e0 la maison des sports de Tomblaine<\/p>\n\n\n\n<p>09h00&nbsp;:<\/p>\n\n\n\n<ul class=\"wp-block-list\">\n<li>Intervention de M. HUSSON, professeur \u00e9m\u00e9rite de G\u00e9ographie \u00e0 l\u2019Universit\u00e9 de Lorraine (Laboratoire LOTERR)&nbsp;:&nbsp;<strong>les enjeux \u00e9nerg\u00e9tiques et leurs \u00e9volutions en lien avec les \u00ab&nbsp;urgences&nbsp;\u00bb climatiques, environnementales et soci\u00e9tales.<\/strong><\/li>\n<\/ul>\n\n\n\n<p>09h45&nbsp;:&nbsp;&nbsp;&nbsp;&nbsp;&nbsp;&nbsp;&nbsp;&nbsp;&nbsp;&nbsp;&nbsp;<\/p>\n\n\n\n<p>&#8211;&nbsp;&nbsp;&nbsp;&nbsp;&nbsp;&nbsp; Bilan \u00e9nerg\u00e9tique et financier, analyse des factures du lyc\u00e9e des derni\u00e8res ann\u00e9es.<\/p>\n\n\n\n<p>&#8211;&nbsp;&nbsp;&nbsp;&nbsp;&nbsp;&nbsp; Pr\u00e9sentation des transferts thermiques effectu\u00e9s par les \u00e9l\u00e8ves dans les b\u00e2timents d\u2019internat.<\/p>\n\n\n\n<p>10h20\/12h&nbsp;:<\/p>\n\n\n\n<ul class=\"wp-block-list\">\n<li>Proc\u00e8s&nbsp;du biogaz, des \u00e9nergies fossiles, du charbon, du p\u00e9trole, du gaz, du nucl\u00e9aire\u2026 pr\u00e9sid\u00e9s par M. le Juge, M. le Procureur, intervention \u00e0 la barre des avocats de chaque \u00ab&nbsp;partie&nbsp;\u00bb.<\/li>\n\n\n\n<li>Interventions multiples de groupes et classes du lyc\u00e9e sur les \u00e9nergies d\u2019aujourd\u2019hui et de demain.<\/li>\n<\/ul>\n\n\n\n<p>PAUSE DEJEUNER<\/p>\n\n\n\n<p>13H30-15H30<\/p>\n\n\n\n<ul class=\"wp-block-list\">\n<li>La philo en POST-IT&nbsp;: quels sont les r\u00f4les des experts dans la d\u00e9mocratie&nbsp;?<\/li>\n\n\n\n<li>Proc\u00e8s des \u00e9nergies renouvelables (l\u2019\u00e9olien, le photovolta\u00efque, l\u2019hydraulique, le solaire, la g\u00e9othermie\u2026) pr\u00e9sid\u00e9s par M. le Juge, M. le Procureur, intervention \u00e0 la barre des avocats de chaque \u00ab&nbsp;partie&nbsp;\u00bb.<\/li>\n\n\n\n<li>La philo en POST-IT&nbsp;: La sobri\u00e9t\u00e9 peut-elle rendre heureux&nbsp;?<\/li>\n\n\n\n<li>Interventions multiples de groupes et classes du lyc\u00e9e sur les \u00e9nergies d\u2019aujourd\u2019hui et de demain.<\/li>\n<\/ul>\n\n\n\n<p>15h30- 16h45&nbsp;:<\/p>\n\n\n\n<ul class=\"wp-block-list\">\n<li>Film \u00ab&nbsp;APRES DEMAIN&nbsp;\u00bb de Cyril Dion (2019), projet\u00e9 \u00e0 la Maison Des Lyc\u00e9ens pour les \u00e9l\u00e8ves.&nbsp;&nbsp;<\/li>\n\n\n\n<li>D\u00e9lib\u00e9rations du jury et des jur\u00e9s<\/li>\n<\/ul>\n\n\n\n<p><strong>Escape Game: A la recherche du Varoquion<\/strong><\/p>\n\n\n\n<figure class=\"wp-block-image size-full\"><img decoding=\"async\" width=\"646\" height=\"156\" src=\"https:\/\/sites.ac-nancy-metz.fr\/lyc-arthur-varoquaux\/wp-content\/uploads\/2023\/05\/Varoquion.jpg\" alt=\"\" class=\"wp-image-631\" srcset=\"https:\/\/sites.ac-nancy-metz.fr\/lyc-arthur-varoquaux\/wp-content\/uploads\/2023\/05\/Varoquion.jpg 646w, https:\/\/sites.ac-nancy-metz.fr\/lyc-arthur-varoquaux\/wp-content\/uploads\/2023\/05\/Varoquion-300x72.jpg 300w\" sizes=\"(max-width: 646px) 100vw, 646px\" \/><\/figure>\n\n\n\n<p><strong>NAH &#8211; Non au Harc\u00e8lement &#8211; Concours de slam<\/strong><\/p>\n\n\n\n<figure class=\"wp-block-image size-full\"><img decoding=\"async\" width=\"281\" height=\"401\" src=\"https:\/\/sites.ac-nancy-metz.fr\/lyc-arthur-varoquaux\/wp-content\/uploads\/2023\/05\/slam.jpg\" alt=\"\" class=\"wp-image-634\" srcset=\"https:\/\/sites.ac-nancy-metz.fr\/lyc-arthur-varoquaux\/wp-content\/uploads\/2023\/05\/slam.jpg 281w, https:\/\/sites.ac-nancy-metz.fr\/lyc-arthur-varoquaux\/wp-content\/uploads\/2023\/05\/slam-210x300.jpg 210w\" sizes=\"(max-width: 281px) 100vw, 281px\" \/><\/figure>\n\n\n\n<hr class=\"wp-block-separator has-alpha-channel-opacity\"\/>\n\n\n\n<h2 class=\"wp-block-heading\">Devoir de M\u00e9moire<\/h2>\n\n\n\n<p>Le blog de la DNL Histoire-g\u00e9ographie: cliquez <strong><a href=\"http:\/\/dnlhistoire.blogspot.com\/2019\/04\/berlin-une-ville-dans-lhistoire-1er-5.html?m=1\">ici<\/a><\/strong>.<\/p>\n\n\n\n<p>Centenaire de la Grande Guerre : LA FRONTI\u00c8RE DE L\u2019EST DE 1871 \u00c0 1918. L\u2019ALSACE \u2013 MOSELLE ENTRE FRANCE ET ALLEMAGNE : cliquez <strong><a href=\"http:\/\/varoquaux-1916-2016.blogspot.com\/2019\/03\/la-frontiere-de-lest-de-1871-1918.html?m=1\" data-type=\"URL\" data-id=\"http:\/\/varoquaux-1916-2016.blogspot.com\/2019\/03\/la-frontiere-de-lest-de-1871-1918.html?m=1\">ici<\/a><\/strong>.<\/p>\n\n\n\n<p>Carnet d&rsquo;un Poilu : LES CARNETS DE GUERRE DU LIEUTENANT-COLONEL UDALRIC VIET 1914-1918 &#8211; 1939-1945 : cliquez <strong><a href=\"http:\/\/carnet-udaric-viet.blogspot.com\/2015\/02\/les-carnets-de-guerre-du-lieutenant.html?m=1\" data-type=\"URL\" data-id=\"http:\/\/carnet-udaric-viet.blogspot.com\/2015\/02\/les-carnets-de-guerre-du-lieutenant.html?m=1\">ici<\/a><\/strong>.<\/p>\n\n\n\n<p>Guillaume Apollinaire et la Grande Guerre : cliquez <strong><a href=\"http:\/\/lsgroupe1.blogspot.com\/2015\/06\/cest-la-fin-de-lannee.html?m=1\" data-type=\"URL\" data-id=\"http:\/\/lsgroupe1.blogspot.com\/2015\/06\/cest-la-fin-de-lannee.html?m=1\">ici<\/a><\/strong>.<\/p>\n","protected":false},"excerpt":{"rendered":"<p>CVL CESCE Le jeudi 21 novembre 2024, 53 \u00e9l\u00e8ves de premi\u00e8re du lyc\u00e9e Varoquaux se sont rendus en Moselle, accompagn\u00e9s par quatre professeurs dans le cadre du programme d&rsquo;histoire, HGGSP et fran\u00e7ais. \u00a0A Gravelotte, les \u00e9l\u00e8ves ont \u00e9tudi\u00e9 le d\u00e9roulement de ce conflit sur le lieu m\u00eame de la bataille [&hellip;]<\/p>\n","protected":false},"author":1,"featured_media":0,"parent":0,"menu_order":0,"comment_status":"closed","ping_status":"closed","template":"","meta":{"_themeisle_gutenberg_block_has_review":false,"footnotes":""},"class_list":["post-213","page","type-page","status-publish","hentry"],"_links":{"self":[{"href":"https:\/\/sites.ac-nancy-metz.fr\/lyc-arthur-varoquaux\/wp-json\/wp\/v2\/pages\/213","targetHints":{"allow":["GET"]}}],"collection":[{"href":"https:\/\/sites.ac-nancy-metz.fr\/lyc-arthur-varoquaux\/wp-json\/wp\/v2\/pages"}],"about":[{"href":"https:\/\/sites.ac-nancy-metz.fr\/lyc-arthur-varoquaux\/wp-json\/wp\/v2\/types\/page"}],"author":[{"embeddable":true,"href":"https:\/\/sites.ac-nancy-metz.fr\/lyc-arthur-varoquaux\/wp-json\/wp\/v2\/users\/1"}],"replies":[{"embeddable":true,"href":"https:\/\/sites.ac-nancy-metz.fr\/lyc-arthur-varoquaux\/wp-json\/wp\/v2\/comments?post=213"}],"version-history":[{"count":19,"href":"https:\/\/sites.ac-nancy-metz.fr\/lyc-arthur-varoquaux\/wp-json\/wp\/v2\/pages\/213\/revisions"}],"predecessor-version":[{"id":1368,"href":"https:\/\/sites.ac-nancy-metz.fr\/lyc-arthur-varoquaux\/wp-json\/wp\/v2\/pages\/213\/revisions\/1368"}],"wp:attachment":[{"href":"https:\/\/sites.ac-nancy-metz.fr\/lyc-arthur-varoquaux\/wp-json\/wp\/v2\/media?parent=213"}],"curies":[{"name":"wp","href":"https:\/\/api.w.org\/{rel}","templated":true}]}}