{"id":215,"date":"2023-05-08T16:26:24","date_gmt":"2023-05-08T14:26:24","guid":{"rendered":"https:\/\/sites.ac-nancy-metz.fr\/lyc-arthur-varoquaux\/?page_id=215"},"modified":"2023-05-19T17:55:33","modified_gmt":"2023-05-19T15:55:33","slug":"mdl","status":"publish","type":"page","link":"https:\/\/sites.ac-nancy-metz.fr\/lyc-arthur-varoquaux\/mdl\/","title":{"rendered":"Maison des lyc\u00e9ens"},"content":{"rendered":"\n<p>La MDL&nbsp; est un lieu d\u2019accueil convivial qui a pour vocation d\u2019apporter un moment de d\u00e9tente et d\u2019expression aux \u00e9l\u00e8ves, de cr\u00e9er ou favoriser des moments de partages, de respect mutuel et d\u2019impulser les valeurs r\u00e9publicaines et citoyennes et de vie en soci\u00e9t\u00e9. Le but est de rendre les \u00e9l\u00e8ves responsables, autonomes et d\u00e9velopper le travail en \u00e9quipe, d\u2019organiser des activit\u00e9s pour contribuer \u00e0 l\u2019am\u00e9lioration de la vie du lyc\u00e9e.<\/p>\n\n\n<div class=\"wp-block-image\">\n<figure class=\"aligncenter\"><img decoding=\"async\" src=\"http:\/\/www4.ac-nancy-metz.fr\/lyc-arthur-varoquaux\/wp-content\/uploads\/2021\/06\/MDL-Tables.jpg\" alt=\"\" class=\"wp-image-5355\"\/><\/figure>\n<\/div>\n\n\n<p>Lieu d\u2019inclusion, la MDL facilite l\u2019information des \u00e9l\u00e8ves, notamment sur les actions culturelles, artistiques, sportives et citoyennes du lyc\u00e9e Varoquaux.&nbsp;Elle participe au d\u00e9veloppement du \u00ab cin\u00e9ma au lyc\u00e9e&nbsp;\u00bb, encourage la diffusion et la participation \u00e0 des manifestations culturelles ou sportives et organise des rencontres avec des artistes et des \u0153uvres au sein de notre \u00e9tablissement.<\/p>\n\n\n\n<p><strong>MDL pour des Lyc\u00e9ens&nbsp; &amp; par des Lyc\u00e9ens<\/strong><\/p>\n\n\n\n<p>La MDL a un statut associatif de loi 1901, son bureau est compos\u00e9 par des \u00e9l\u00e8ves de la seconde au BTS et des adultes r\u00e9f\u00e9rents sous la tutelle d\u2019un assistant d\u2019\u00e9ducation et d\u2019un CPE. Les principes de fonctionnement sont fix\u00e9s dans les statuts de l\u2019association.<\/p>\n\n\n\n<p><strong>MDL pour des Lyc\u00e9ens<\/strong><\/p>\n\n\n<div class=\"wp-block-image\">\n<figure class=\"aligncenter\"><a href=\"http:\/\/www4.ac-nancy-metz.fr\/lyc-arthur-varoquaux\/?attachment_id=5356\"><img decoding=\"async\" src=\"http:\/\/www4.ac-nancy-metz.fr\/lyc-arthur-varoquaux\/wp-content\/uploads\/2021\/06\/MDL-Jeux.jpg\" alt=\"\" class=\"wp-image-5356\"\/><\/a><\/figure>\n<\/div>\n\n\n<p>La MDL poss\u00e8de une vaste salle avec sa propre sc\u00e8ne pour l\u2019organisation d\u2019\u00e9v\u00e8nements.<\/p>\n\n\n\n<p>Elle accueille l\u2019ensemble des lyc\u00e9ens toute au long de la semaine. Elle met \u00e0 disposition des jeux de soci\u00e9t\u00e9s, jeux de cartes, billards, baby-foot et propose l\u2019animation d\u2019ateliers musiques et th\u00e9\u00e2tres\u2026<\/p>\n\n\n\n<p>Elle organise r\u00e9guli\u00e8rement des soir\u00e9es \u00e0 th\u00e8mes pour les internes afin de leur apporter un peu de sympathie et de bienveillance. Ces moments privil\u00e9gi\u00e9s&nbsp; contribuent \u00e0 am\u00e9liorer leur bien-\u00eatre dans le lyc\u00e9e et de combler l\u2019\u00e9loignement de leurs proches.<\/p>\n\n\n\n<figure class=\"wp-block-image size-large\"><img fetchpriority=\"high\" decoding=\"async\" width=\"1024\" height=\"724\" src=\"https:\/\/sites.ac-nancy-metz.fr\/lyc-arthur-varoquaux\/wp-content\/uploads\/2023\/05\/Goodies-prix-1024x724.jpg\" alt=\"\" class=\"wp-image-615\" srcset=\"https:\/\/sites.ac-nancy-metz.fr\/lyc-arthur-varoquaux\/wp-content\/uploads\/2023\/05\/Goodies-prix-1024x724.jpg 1024w, https:\/\/sites.ac-nancy-metz.fr\/lyc-arthur-varoquaux\/wp-content\/uploads\/2023\/05\/Goodies-prix-300x212.jpg 300w, https:\/\/sites.ac-nancy-metz.fr\/lyc-arthur-varoquaux\/wp-content\/uploads\/2023\/05\/Goodies-prix-768x543.jpg 768w, https:\/\/sites.ac-nancy-metz.fr\/lyc-arthur-varoquaux\/wp-content\/uploads\/2023\/05\/Goodies-prix-1536x1086.jpg 1536w, https:\/\/sites.ac-nancy-metz.fr\/lyc-arthur-varoquaux\/wp-content\/uploads\/2023\/05\/Goodies-prix-2048x1448.jpg 2048w\" sizes=\"(max-width: 1024px) 100vw, 1024px\" \/><\/figure>\n\n\n\n<figure class=\"wp-block-image size-large\"><img decoding=\"async\" width=\"1024\" height=\"724\" src=\"https:\/\/sites.ac-nancy-metz.fr\/lyc-arthur-varoquaux\/wp-content\/uploads\/2023\/05\/bic-4-couleurs-1024x724.jpg\" alt=\"\" class=\"wp-image-616\" srcset=\"https:\/\/sites.ac-nancy-metz.fr\/lyc-arthur-varoquaux\/wp-content\/uploads\/2023\/05\/bic-4-couleurs-1024x724.jpg 1024w, https:\/\/sites.ac-nancy-metz.fr\/lyc-arthur-varoquaux\/wp-content\/uploads\/2023\/05\/bic-4-couleurs-300x212.jpg 300w, https:\/\/sites.ac-nancy-metz.fr\/lyc-arthur-varoquaux\/wp-content\/uploads\/2023\/05\/bic-4-couleurs-768x543.jpg 768w, https:\/\/sites.ac-nancy-metz.fr\/lyc-arthur-varoquaux\/wp-content\/uploads\/2023\/05\/bic-4-couleurs-1536x1086.jpg 1536w, https:\/\/sites.ac-nancy-metz.fr\/lyc-arthur-varoquaux\/wp-content\/uploads\/2023\/05\/bic-4-couleurs-2048x1448.jpg 2048w\" sizes=\"(max-width: 1024px) 100vw, 1024px\" \/><\/figure>\n","protected":false},"excerpt":{"rendered":"<p>La MDL&nbsp; est un lieu d\u2019accueil convivial qui a pour vocation d\u2019apporter un moment de d\u00e9tente et d\u2019expression aux \u00e9l\u00e8ves, de cr\u00e9er ou favoriser des moments de partages, de respect mutuel et d\u2019impulser les valeurs r\u00e9publicaines et citoyennes et de vie en soci\u00e9t\u00e9. Le but est de rendre les \u00e9l\u00e8ves [&hellip;]<\/p>\n","protected":false},"author":1,"featured_media":145,"parent":0,"menu_order":0,"comment_status":"closed","ping_status":"closed","template":"","meta":{"_themeisle_gutenberg_block_has_review":false,"footnotes":""},"class_list":["post-215","page","type-page","status-publish","has-post-thumbnail","hentry"],"_links":{"self":[{"href":"https:\/\/sites.ac-nancy-metz.fr\/lyc-arthur-varoquaux\/wp-json\/wp\/v2\/pages\/215","targetHints":{"allow":["GET"]}}],"collection":[{"href":"https:\/\/sites.ac-nancy-metz.fr\/lyc-arthur-varoquaux\/wp-json\/wp\/v2\/pages"}],"about":[{"href":"https:\/\/sites.ac-nancy-metz.fr\/lyc-arthur-varoquaux\/wp-json\/wp\/v2\/types\/page"}],"author":[{"embeddable":true,"href":"https:\/\/sites.ac-nancy-metz.fr\/lyc-arthur-varoquaux\/wp-json\/wp\/v2\/users\/1"}],"replies":[{"embeddable":true,"href":"https:\/\/sites.ac-nancy-metz.fr\/lyc-arthur-varoquaux\/wp-json\/wp\/v2\/comments?post=215"}],"version-history":[{"count":3,"href":"https:\/\/sites.ac-nancy-metz.fr\/lyc-arthur-varoquaux\/wp-json\/wp\/v2\/pages\/215\/revisions"}],"predecessor-version":[{"id":617,"href":"https:\/\/sites.ac-nancy-metz.fr\/lyc-arthur-varoquaux\/wp-json\/wp\/v2\/pages\/215\/revisions\/617"}],"wp:featuredmedia":[{"embeddable":true,"href":"https:\/\/sites.ac-nancy-metz.fr\/lyc-arthur-varoquaux\/wp-json\/wp\/v2\/media\/145"}],"wp:attachment":[{"href":"https:\/\/sites.ac-nancy-metz.fr\/lyc-arthur-varoquaux\/wp-json\/wp\/v2\/media?parent=215"}],"curies":[{"name":"wp","href":"https:\/\/api.w.org\/{rel}","templated":true}]}}