{"id":219,"date":"2023-05-08T16:27:11","date_gmt":"2023-05-08T14:27:11","guid":{"rendered":"https:\/\/sites.ac-nancy-metz.fr\/lyc-arthur-varoquaux\/?page_id=219"},"modified":"2024-04-17T11:33:23","modified_gmt":"2024-04-17T09:33:23","slug":"prix-et-recompenses","status":"publish","type":"page","link":"https:\/\/sites.ac-nancy-metz.fr\/lyc-arthur-varoquaux\/prix-et-recompenses\/","title":{"rendered":"Prix et r\u00e9compenses"},"content":{"rendered":"\n<figure class=\"wp-block-table aligncenter\"><table><tbody><tr><td><strong>2023-2024<\/strong><\/td><\/tr><\/tbody><\/table><\/figure>\n\n\n\n<h2 class=\"wp-block-heading\"><\/h2>\n\n\n\n<p><strong>Label \u00e9galit\u00e9 filles gar\u00e7ons<\/strong><\/p>\n\n\n\n<figure class=\"wp-block-image size-large\"><img fetchpriority=\"high\" decoding=\"async\" width=\"1024\" height=\"684\" src=\"https:\/\/sites.ac-nancy-metz.fr\/lyc-arthur-varoquaux\/wp-content\/uploads\/2024\/04\/label-1024x684.png\" alt=\"\" class=\"wp-image-1221\" srcset=\"https:\/\/sites.ac-nancy-metz.fr\/lyc-arthur-varoquaux\/wp-content\/uploads\/2024\/04\/label-1024x684.png 1024w, https:\/\/sites.ac-nancy-metz.fr\/lyc-arthur-varoquaux\/wp-content\/uploads\/2024\/04\/label-300x201.png 300w, https:\/\/sites.ac-nancy-metz.fr\/lyc-arthur-varoquaux\/wp-content\/uploads\/2024\/04\/label-768x513.png 768w, https:\/\/sites.ac-nancy-metz.fr\/lyc-arthur-varoquaux\/wp-content\/uploads\/2024\/04\/label-360x240.png 360w, https:\/\/sites.ac-nancy-metz.fr\/lyc-arthur-varoquaux\/wp-content\/uploads\/2024\/04\/label.png 1155w\" sizes=\"(max-width: 1024px) 100vw, 1024px\" \/><\/figure>\n\n\n\n<hr class=\"wp-block-separator has-alpha-channel-opacity\"\/>\n\n\n\n<div style=\"width: 100%;\"><div style=\"position: relative; padding-bottom: 56.25%; padding-top: 0; height: 0;\"><iframe title=\"Un lyc\u00e9e en action\" frameborder=\"0\" width=\"1200px\" height=\"675px\" style=\"position: absolute; top: 0; left: 0; width: 100%; height: 100%;\" src=\"https:\/\/view.genial.ly\/62ab398ac1b4b2001afede8b\" type=\"text\/html\" allowscriptaccess=\"always\" allowfullscreen=\"true\" scrolling=\"yes\" allownetworking=\"all\"><\/iframe> <\/div> <\/div>\n\n\n\n<hr class=\"wp-block-separator has-alpha-channel-opacity\"\/>\n\n\n\n<p>Lou (seconde) gagne le prix de la jeune po\u00e9sie 2023 <a href=\"https:\/\/amopa.asso.fr\/concours\/plaisir-decrire\/\" data-type=\"URL\" data-id=\"https:\/\/amopa.asso.fr\/concours\/plaisir-decrire\/\">Amopa<\/a><\/p>\n\n\n\n<figure class=\"wp-block-gallery has-nested-images columns-default is-cropped wp-block-gallery-1 is-layout-flex wp-block-gallery-is-layout-flex\">\n<figure class=\"wp-block-image size-large\"><img decoding=\"async\" width=\"1024\" height=\"768\" data-id=\"872\" src=\"https:\/\/sites.ac-nancy-metz.fr\/lyc-arthur-varoquaux\/wp-content\/uploads\/2023\/06\/IMG_7825-1-1024x768.jpg\" alt=\"\" class=\"wp-image-872\" srcset=\"https:\/\/sites.ac-nancy-metz.fr\/lyc-arthur-varoquaux\/wp-content\/uploads\/2023\/06\/IMG_7825-1-1024x768.jpg 1024w, https:\/\/sites.ac-nancy-metz.fr\/lyc-arthur-varoquaux\/wp-content\/uploads\/2023\/06\/IMG_7825-1-300x225.jpg 300w, https:\/\/sites.ac-nancy-metz.fr\/lyc-arthur-varoquaux\/wp-content\/uploads\/2023\/06\/IMG_7825-1-768x576.jpg 768w, https:\/\/sites.ac-nancy-metz.fr\/lyc-arthur-varoquaux\/wp-content\/uploads\/2023\/06\/IMG_7825-1-1536x1152.jpg 1536w, https:\/\/sites.ac-nancy-metz.fr\/lyc-arthur-varoquaux\/wp-content\/uploads\/2023\/06\/IMG_7825-1.jpg 2016w\" sizes=\"(max-width: 1024px) 100vw, 1024px\" \/><\/figure>\n\n\n\n<figure class=\"wp-block-image size-large\"><img decoding=\"async\" width=\"645\" height=\"912\" data-id=\"873\" src=\"https:\/\/sites.ac-nancy-metz.fr\/lyc-arthur-varoquaux\/wp-content\/uploads\/2023\/06\/Lou-D.jpg\" alt=\"\" class=\"wp-image-873\" srcset=\"https:\/\/sites.ac-nancy-metz.fr\/lyc-arthur-varoquaux\/wp-content\/uploads\/2023\/06\/Lou-D.jpg 645w, https:\/\/sites.ac-nancy-metz.fr\/lyc-arthur-varoquaux\/wp-content\/uploads\/2023\/06\/Lou-D-212x300.jpg 212w\" sizes=\"(max-width: 645px) 100vw, 645px\" \/><\/figure>\n<\/figure>\n\n\n\n<hr class=\"wp-block-separator has-alpha-channel-opacity\"\/>\n\n\n\n<p><strong>Concours <a href=\"https:\/\/www.olympiades-chimie.fr\/\" data-type=\"URL\" data-id=\"https:\/\/www.olympiades-chimie.fr\/\">Olympiades de la Chimie<\/a> 2022-2023<\/strong><\/p>\n\n\n\n<figure class=\"wp-block-image size-full\"><img loading=\"lazy\" decoding=\"async\" width=\"331\" height=\"267\" src=\"https:\/\/sites.ac-nancy-metz.fr\/lyc-arthur-varoquaux\/wp-content\/uploads\/2023\/06\/ol.jpg\" alt=\"\" class=\"wp-image-880\" srcset=\"https:\/\/sites.ac-nancy-metz.fr\/lyc-arthur-varoquaux\/wp-content\/uploads\/2023\/06\/ol.jpg 331w, https:\/\/sites.ac-nancy-metz.fr\/lyc-arthur-varoquaux\/wp-content\/uploads\/2023\/06\/ol-300x242.jpg 300w\" sizes=\"(max-width: 331px) 100vw, 331px\" \/><\/figure>\n\n\n\n<p>165 \u00e9l\u00e8ves \u00e9taient inscrits &nbsp;au concours des Olympiades de la chimie au niveau acad\u00e9mique dont &nbsp;10 \u00e9l\u00e8ves du lyc\u00e9e Varoquaux :<\/p>\n\n\n\n<p>&#8211;  Manon, Cassandra , Julie, Eloise, Arthur, Lou, Tilliam (terminale technologique)<\/p>\n\n\n\n<p>&#8211; Skender (premi\u00e8re technologique)<\/p>\n\n\n\n<p>&#8211; Lyne et Jade (premi\u00e8re g\u00e9n\u00e9rale)<\/p>\n\n\n\n<p>24 \u00e9l\u00e8ves ont \u00e9t\u00e9 s\u00e9lectionn\u00e9s pour participer \u00e0 la finale r\u00e9gionale qui a eu lieu le mercredi&nbsp;<\/p>\n\n\n\n<p>22 mars \u00e0 l&rsquo;ENSIC<\/p>\n\n\n\n<p>A l&rsquo;issue de la finale&nbsp; Arthur a termin\u00e9 3<sup>i\u00e8me&nbsp;<\/sup>et Julie 10&nbsp;<sup>i\u00e8me<\/sup><\/p>\n\n\n\n<p>La remise des prix a eu lieu samedi &nbsp;04 juin \u00e0 l&rsquo;ENSIC.<\/p>\n\n\n\n<p>F\u00e9licitations aux laur\u00e9ats et \u00e0 tous les \u00e9l\u00e8ves qui ont particip\u00e9 \u00e0 la pr\u00e9paration des Olympiades de la chimie.<\/p>\n\n\n\n<hr class=\"wp-block-separator has-alpha-channel-opacity\"\/>\n\n\n\n<p><strong>BTS SP3S &#8211; laur\u00e9ats du 4\u00e8me CONCOURS \u00ab Jeunes, Solidaires et Citoyens \u00bb. P\u00f4le Sant\u00e9-Social.<\/strong><\/p>\n\n\n\n<p>\u00ab&nbsp;Le concours&nbsp;<strong>\u00ab&nbsp;Jeunes, solidaires et citoyens&nbsp;\u00bb<\/strong>&nbsp;vise, dans le cadre du parcours citoyen et en lien avec les programmes d&rsquo;enseignement moral et civique, \u00e0 faire r\u00e9fl\u00e9chir les \u00e9l\u00e8ves et \u00e9tudiants sur la solidarit\u00e9 et ce qu\u2019elle signifie, sur les finalit\u00e9s de la S\u00e9curit\u00e9 sociale, sur leur propre rapport \u00e0 la S\u00e9curit\u00e9 sociale et leurs responsabilit\u00e9s en tant qu\u2019usagers du syst\u00e8me et en tant que citoyens \u00bb.&nbsp;<em>Secu-jeunes.fr<\/em><\/p>\n\n\n\n<p>Pour la 4<sup>\u00e8me<\/sup>&nbsp;\u00e9dition du concours et pour la 3<sup>\u00e8me<\/sup>&nbsp;fois laur\u00e9ats, les \u00e9tudiants de classe de BTS SP3S du Lyc\u00e9e Arthur Varoquaux ont \u00e9t\u00e9 r\u00e9compens\u00e9s par L\u2019Ecole Nationale Sup\u00e9rieure de S\u00e9curit\u00e9 Sociale au Minist\u00e8re des Solidarit\u00e9s et de la Sant\u00e9 \u00e0 Paris le Jeudi 19 mai 2022 pour la production intitul\u00e9e \u00ab&nbsp;Crise sanitaire et \u00e9thique&nbsp;\u00bb pour r\u00e9pondre au th\u00e8me&nbsp;:&nbsp; Quelles le\u00e7ons tirer de la crise sanitaire sur le plan \u00e9thique ?<\/p>\n\n\n\n<p>Les \u00e9tudiantes ont r\u00e9alis\u00e9 un plaidoyer \u00e0 partir de recherches documentaires et entretiens men\u00e9s aupr\u00e8s des acteurs de l\u2019assurance maladie \u00e0 Nancy.<\/p>\n\n\n\n<p>Vous retrouverez sur le site&nbsp;<a href=\"https:\/\/secu-jeunes.fr\/\">secu-jeunes.fr&nbsp;<\/a>, Espace Concours, les productions 2022 ainsi que celles des concours pr\u00e9c\u00e9dents.<\/p>\n\n\n\n<p>Bravo \u00e0 Ang\u00e8le, Clara, Flavie et Katya, \u00e9tudiantes de deuxi\u00e8me ann\u00e9e, laur\u00e9ates r\u00e9gionales et nationales pour l\u2019\u00e9dition 2022.<\/p>\n\n\n\n<figure class=\"wp-block-image size-large\"><img loading=\"lazy\" decoding=\"async\" width=\"768\" height=\"1024\" src=\"https:\/\/sites.ac-nancy-metz.fr\/lyc-arthur-varoquaux\/wp-content\/uploads\/2023\/06\/IMG_1071-768x1024.jpg\" alt=\"\" class=\"wp-image-877\" srcset=\"https:\/\/sites.ac-nancy-metz.fr\/lyc-arthur-varoquaux\/wp-content\/uploads\/2023\/06\/IMG_1071-768x1024.jpg 768w, https:\/\/sites.ac-nancy-metz.fr\/lyc-arthur-varoquaux\/wp-content\/uploads\/2023\/06\/IMG_1071-225x300.jpg 225w, https:\/\/sites.ac-nancy-metz.fr\/lyc-arthur-varoquaux\/wp-content\/uploads\/2023\/06\/IMG_1071-1152x1536.jpg 1152w, https:\/\/sites.ac-nancy-metz.fr\/lyc-arthur-varoquaux\/wp-content\/uploads\/2023\/06\/IMG_1071-rotated.jpg 1512w\" sizes=\"(max-width: 768px) 100vw, 768px\" \/><\/figure>\n\n\n\n<hr class=\"wp-block-separator has-alpha-channel-opacity\"\/>\n","protected":false},"excerpt":{"rendered":"<p>2023-2024 Label \u00e9galit\u00e9 filles gar\u00e7ons Lou (seconde) gagne le prix de la jeune po\u00e9sie 2023 Amopa Concours Olympiades de la Chimie 2022-2023 165 \u00e9l\u00e8ves \u00e9taient inscrits &nbsp;au concours des Olympiades de la chimie au niveau acad\u00e9mique dont &nbsp;10 \u00e9l\u00e8ves du lyc\u00e9e Varoquaux : &#8211; Manon, Cassandra , Julie, Eloise, Arthur, [&hellip;]<\/p>\n","protected":false},"author":1,"featured_media":0,"parent":0,"menu_order":0,"comment_status":"closed","ping_status":"closed","template":"","meta":{"_themeisle_gutenberg_block_has_review":false,"footnotes":""},"class_list":["post-219","page","type-page","status-publish","hentry"],"_links":{"self":[{"href":"https:\/\/sites.ac-nancy-metz.fr\/lyc-arthur-varoquaux\/wp-json\/wp\/v2\/pages\/219","targetHints":{"allow":["GET"]}}],"collection":[{"href":"https:\/\/sites.ac-nancy-metz.fr\/lyc-arthur-varoquaux\/wp-json\/wp\/v2\/pages"}],"about":[{"href":"https:\/\/sites.ac-nancy-metz.fr\/lyc-arthur-varoquaux\/wp-json\/wp\/v2\/types\/page"}],"author":[{"embeddable":true,"href":"https:\/\/sites.ac-nancy-metz.fr\/lyc-arthur-varoquaux\/wp-json\/wp\/v2\/users\/1"}],"replies":[{"embeddable":true,"href":"https:\/\/sites.ac-nancy-metz.fr\/lyc-arthur-varoquaux\/wp-json\/wp\/v2\/comments?post=219"}],"version-history":[{"count":13,"href":"https:\/\/sites.ac-nancy-metz.fr\/lyc-arthur-varoquaux\/wp-json\/wp\/v2\/pages\/219\/revisions"}],"predecessor-version":[{"id":1225,"href":"https:\/\/sites.ac-nancy-metz.fr\/lyc-arthur-varoquaux\/wp-json\/wp\/v2\/pages\/219\/revisions\/1225"}],"wp:attachment":[{"href":"https:\/\/sites.ac-nancy-metz.fr\/lyc-arthur-varoquaux\/wp-json\/wp\/v2\/media?parent=219"}],"curies":[{"name":"wp","href":"https:\/\/api.w.org\/{rel}","templated":true}]}}