{"id":438,"date":"2023-05-18T19:07:33","date_gmt":"2023-05-18T17:07:33","guid":{"rendered":"https:\/\/sites.ac-nancy-metz.fr\/lyc-arthur-varoquaux\/?page_id=438"},"modified":"2025-03-04T18:06:28","modified_gmt":"2025-03-04T17:06:28","slug":"arts-plastiques","status":"publish","type":"page","link":"https:\/\/sites.ac-nancy-metz.fr\/lyc-arthur-varoquaux\/arts-plastiques\/","title":{"rendered":"Arts Plastiques"},"content":{"rendered":"\n<p>Option en seconde (3h)<\/p>\n\n\n\n<div data-wp-interactive=\"core\/file\" class=\"wp-block-file\"><object data-wp-bind--hidden=\"!state.hasPdfPreview\" hidden class=\"wp-block-file__embed\" data=\"https:\/\/sites.ac-nancy-metz.fr\/lyc-arthur-varoquaux\/wp-content\/uploads\/2025\/03\/OPTION-ARTS-PLASTIQUES-SECONDE-5.pdf\" type=\"application\/pdf\" style=\"width:100%;height:600px\" aria-label=\"Contenu embarqu\u00e9 OPTION-ARTS-PLASTIQUES-SECONDE-5.\"><\/object><a id=\"wp-block-file--media-ea687138-4f3d-46ea-bbfd-0a7ce1d52a1d\" href=\"https:\/\/sites.ac-nancy-metz.fr\/lyc-arthur-varoquaux\/wp-content\/uploads\/2025\/03\/OPTION-ARTS-PLASTIQUES-SECONDE-5.pdf\">OPTION-ARTS-PLASTIQUES-SECONDE-5<\/a><a href=\"https:\/\/sites.ac-nancy-metz.fr\/lyc-arthur-varoquaux\/wp-content\/uploads\/2025\/03\/OPTION-ARTS-PLASTIQUES-SECONDE-5.pdf\" class=\"wp-block-file__button wp-element-button\" download aria-describedby=\"wp-block-file--media-ea687138-4f3d-46ea-bbfd-0a7ce1d52a1d\">T\u00e9l\u00e9charger<\/a><\/div>\n\n\n\n<p>Possibilit\u00e9 de choisir l&rsquo;enseignement de sp\u00e9cialit\u00e9 en Premi\u00e8re (4h) et terminale (6h) <strong>(fili\u00e8re g\u00e9n\u00e9rale)<\/strong><\/p>\n\n\n\n<div data-wp-interactive=\"core\/file\" class=\"wp-block-file\"><object data-wp-bind--hidden=\"!state.hasPdfPreview\" hidden class=\"wp-block-file__embed\" data=\"https:\/\/sites.ac-nancy-metz.fr\/lyc-arthur-varoquaux\/wp-content\/uploads\/2025\/03\/plaquette_ES_ARTS_-Pla_2025.pdf\" type=\"application\/pdf\" style=\"width:100%;height:600px\" aria-label=\"Contenu embarqu\u00e9 plaquette_ES_ARTS_ Pla_2025.\"><\/object><a id=\"wp-block-file--media-01f3e3c3-7a7b-47d6-bdc2-8f8c520df6cd\" href=\"https:\/\/sites.ac-nancy-metz.fr\/lyc-arthur-varoquaux\/wp-content\/uploads\/2025\/03\/plaquette_ES_ARTS_-Pla_2025.pdf\">plaquette_ES_ARTS_ Pla_2025<\/a><a href=\"https:\/\/sites.ac-nancy-metz.fr\/lyc-arthur-varoquaux\/wp-content\/uploads\/2025\/03\/plaquette_ES_ARTS_-Pla_2025.pdf\" class=\"wp-block-file__button wp-element-button\" download aria-describedby=\"wp-block-file--media-01f3e3c3-7a7b-47d6-bdc2-8f8c520df6cd\">T\u00e9l\u00e9charger<\/a><\/div>\n\n\n\n<p>Pour suivre l&rsquo;actualit\u00e9 des \u00e9l\u00e8ves, cliquez ici:<\/p>\n\n\n\n<div class=\"wp-block-buttons is-content-justification-center is-layout-flex wp-container-core-buttons-is-layout-5b5683f2 wp-block-buttons-is-layout-flex\">\n<div class=\"wp-block-button\"><a class=\"wp-block-button__link has-text-align-center wp-element-button\" href=\"https:\/\/www.instagram.com\/art.varoq\/?igshid=NTc4MTIwNjQ2YQ%3D%3D\" target=\"_blank\" rel=\"noreferrer noopener\">INSTAGRAM<\/a><\/div>\n<\/div>\n","protected":false},"excerpt":{"rendered":"<p>Option en seconde (3h) Possibilit\u00e9 de choisir l&rsquo;enseignement de sp\u00e9cialit\u00e9 en Premi\u00e8re (4h) et terminale (6h) (fili\u00e8re g\u00e9n\u00e9rale) Pour suivre l&rsquo;actualit\u00e9 des \u00e9l\u00e8ves, cliquez ici:<\/p>\n","protected":false},"author":1,"featured_media":0,"parent":0,"menu_order":0,"comment_status":"closed","ping_status":"closed","template":"","meta":{"_themeisle_gutenberg_block_has_review":false,"footnotes":""},"class_list":["post-438","page","type-page","status-publish","hentry"],"_links":{"self":[{"href":"https:\/\/sites.ac-nancy-metz.fr\/lyc-arthur-varoquaux\/wp-json\/wp\/v2\/pages\/438","targetHints":{"allow":["GET"]}}],"collection":[{"href":"https:\/\/sites.ac-nancy-metz.fr\/lyc-arthur-varoquaux\/wp-json\/wp\/v2\/pages"}],"about":[{"href":"https:\/\/sites.ac-nancy-metz.fr\/lyc-arthur-varoquaux\/wp-json\/wp\/v2\/types\/page"}],"author":[{"embeddable":true,"href":"https:\/\/sites.ac-nancy-metz.fr\/lyc-arthur-varoquaux\/wp-json\/wp\/v2\/users\/1"}],"replies":[{"embeddable":true,"href":"https:\/\/sites.ac-nancy-metz.fr\/lyc-arthur-varoquaux\/wp-json\/wp\/v2\/comments?post=438"}],"version-history":[{"count":9,"href":"https:\/\/sites.ac-nancy-metz.fr\/lyc-arthur-varoquaux\/wp-json\/wp\/v2\/pages\/438\/revisions"}],"predecessor-version":[{"id":1580,"href":"https:\/\/sites.ac-nancy-metz.fr\/lyc-arthur-varoquaux\/wp-json\/wp\/v2\/pages\/438\/revisions\/1580"}],"wp:attachment":[{"href":"https:\/\/sites.ac-nancy-metz.fr\/lyc-arthur-varoquaux\/wp-json\/wp\/v2\/media?parent=438"}],"curies":[{"name":"wp","href":"https:\/\/api.w.org\/{rel}","templated":true}]}}