{"id":46,"date":"2023-04-21T15:13:25","date_gmt":"2023-04-21T13:13:25","guid":{"rendered":"https:\/\/sites.ac-nancy-metz.fr\/lyc-arthur-varoquaux\/?page_id=46"},"modified":"2026-02-09T23:32:34","modified_gmt":"2026-02-09T22:32:34","slug":"home","status":"publish","type":"page","link":"https:\/\/sites.ac-nancy-metz.fr\/lyc-arthur-varoquaux\/","title":{"rendered":"Accueil"},"content":{"rendered":"\t\t<div data-elementor-type=\"wp-page\" data-elementor-id=\"46\" class=\"elementor elementor-46\">\n\t\t\t\t\t\t<section class=\"elementor-section elementor-top-section elementor-element elementor-element-2d28432f elementor-section-boxed elementor-section-height-default elementor-section-height-default\" data-id=\"2d28432f\" data-element_type=\"section\">\n\t\t\t\t\t\t<div class=\"elementor-container elementor-column-gap-default\">\n\t\t\t\t\t<div class=\"elementor-column elementor-col-100 elementor-top-column elementor-element elementor-element-4869c9a3\" data-id=\"4869c9a3\" data-element_type=\"column\">\n\t\t\t<div class=\"elementor-widget-wrap elementor-element-populated\">\n\t\t\t\t\t\t<div class=\"elementor-element elementor-element-23dec789 elementor-widget elementor-widget-text-editor\" data-id=\"23dec789\" data-element_type=\"widget\" data-widget_type=\"text-editor.default\">\n\t\t\t\t<div class=\"elementor-widget-container\">\n\t\t\t\t\t\t\t\t\t<div class=\"wp-block-cover alignfull is-light hestia-clear-top-padding\">\n<p><span aria-hidden=\"true\" class=\"wp-block-cover__background has-white-background-color has-background-dim-100 has-background-dim\"><\/span><\/p>\n<div class=\"wp-block-cover__inner-container\">\n<p><\/p>\n<h1 class=\"wp-block-heading has-text-align-center has-text-color\" style=\"color: #3c4858;\"><strong>Un lyc\u00e9e &#8230;<\/strong><\/h1>\n<p><\/p>\n<p><\/p>\n<div style=\"height: 40px;\" aria-hidden=\"true\" class=\"wp-block-spacer\"><\/div>\n<p><\/p>\n<p><\/p>\n<div class=\"wp-block-columns container is-layout-flex wp-container-core-columns-is-layout-28f84493 wp-block-columns-is-layout-flex\">\n<p><\/p>\n<div class=\"wp-block-column is-layout-flow wp-block-column-is-layout-flow\">\n<p><div class=\"wp-block-image\"><\/p>\n<figure class=\"aligncenter size-large\"><img decoding=\"async\" src=\"https:\/\/sites.ac-nancy-metz.fr\/lyc-arthur-varoquaux\/wp-content\/uploads\/2023\/05\/campus.png\" alt=\"\" width=\"64\" height=\"64\" class=\"alignnone size-full wp-image-239\" \/><\/figure>\n<p><\/div><\/p>\n<p><\/p>\n<h5 class=\"wp-block-heading has-text-align-center has-text-color\" style=\"color: #3c4858; font-size: 18px;\">qui s&rsquo;inscrit dans un esprit Campus<\/h5>\n<p><\/p>\n<p><\/p>\n<ul>\n<li><span>Un espace v\u00e9g\u00e9talis\u00e9 de 5 hectares<\/span><\/li>\n<li style=\"text-align: left;\"><span>Une Maison des lyc\u00e9ens (MDL) dynamique : vente de caf\u00e9, de goodies, gestion des billards\/baby-foot, organisation de manifestations culturelles, de f\u00eates&#8230;<\/span><\/li>\n<li><span>De nombreuses actions de sensibilisation organis\u00e9es par le comit\u00e9 d\u2019\u00e9ducation \u00e0 la sant\u00e9 et \u00e0 la citoyennet\u00e9 et \u00e0 l&rsquo;environnement<\/span><\/li>\n<li><span>Un internat mixte de 300 places<\/span><\/li>\n<li><span>Une caf\u00e9t\u00e9ria pour les \u00e9tudiants<\/span><\/li>\n<li><span>Un conseil de la vie des lyc\u00e9ens et une \u00e9co assembl\u00e9e\u00a0actifs et porteurs de projets<\/span><\/li>\n<\/ul>\n<p><\/p>\n<p><\/p>\n<div style=\"height: 25px;\" aria-hidden=\"true\" class=\"wp-block-spacer\"><\/div>\n<p><\/p>\n<\/div>\n<p><\/p>\n<p><\/p>\n<div class=\"wp-block-column is-layout-flow wp-block-column-is-layout-flow\">\n<p><div class=\"wp-block-image\"><\/p>\n<figure class=\"aligncenter size-large\"><img decoding=\"async\" src=\"https:\/\/sites.ac-nancy-metz.fr\/lyc-arthur-varoquaux\/wp-content\/uploads\/2023\/05\/partenariats.png\" alt=\"\" width=\"64\" height=\"64\" class=\"alignnone size-full wp-image-241\" \/><\/figure>\n<p><\/div><\/p>\n<p><\/p>\n<h5 class=\"wp-block-heading has-text-align-center has-text-color\" style=\"color: #3c4858; font-size: 18px;\">qui peut s&rsquo;appuyer sur ses partenaires<\/h5>\n<p><\/p>\n<p><\/p>\n<p><\/p>\n<ul>\n<li>L\u2019a\u00e9roclub \u00ab les ailes Nanc\u00e9iennes \u00bb permettant aux \u00e9l\u00e8ves de passer leur brevet d\u2019initiation a\u00e9ronautique (BIA)<\/li>\n<li>L\u2019association \u00ab De la Meurthe et Moselle aux grandes \u00e9coles \u00bb pour la mise en place d\u2019un mentorat par des \u00e9tudiants volontaires<\/li>\n<li>L\u2019institut des Sourds de la Malgrange<\/li>\n<li>Les acteurs de la cord\u00e9e de la r\u00e9ussite \u00ab Le sup\u00e9rieur en sant\u00e9 social, pourquoi pas moi ? \u00bb<\/li>\n<li>Le Campus des m\u00e9tiers et des qualifications d\u2019excellence \u00ab Autonomie et Inclusion \u00bb dont le lyc\u00e9e est le si\u00e8ge<\/li>\n<li>Le th\u00e9\u00e2tre G\u00e9rard Philippe de Frouard<\/li>\n<li>Le cin\u00e9ma Royal \u00e0 Saint-Max<\/li>\n<\/ul>\n<p><\/p>\n<p><\/p>\n<div style=\"height: 25px;\" aria-hidden=\"true\" class=\"wp-block-spacer\"><\/div>\n<p><\/p>\n<\/div>\n<p><\/p>\n<p><\/p>\n<div class=\"wp-block-column is-layout-flow wp-block-column-is-layout-flow\">\n<p><div class=\"wp-block-image\"><\/p>\n<figure class=\"aligncenter size-large\"><img decoding=\"async\" src=\"https:\/\/sites.ac-nancy-metz.fr\/lyc-arthur-varoquaux\/wp-content\/uploads\/2023\/05\/sport.png\" alt=\"\" width=\"64\" height=\"64\" class=\"alignnone size-full wp-image-240\" \/><\/figure>\n<p><\/div><\/p>\n<p><\/p>\n<h5 class=\"wp-block-heading has-text-align-center has-text-color\" style=\"color: #3c4858; font-size: 18px;\">qui est tourn\u00e9 vers la pratique du sport<\/h5>\n<p><\/p>\n<p><\/p>\n<ul>\n<li>Section sportive aviron en lien avec le club \u00ab Sport Nautique Nancy \u00bb<\/li>\n<li>Section sportive rugby en lien avec le club \u00ab Nancy Seichamps Rugby\u00bb<\/li>\n<li>Section d\u2019excellence sportive en lien avec le club \u00ab Rondade salto Tomblaine \u00bb<\/li>\n<li>La scolarisation des sportifs de haut niveau accueillis au sein du Creps de Lorraine<\/li>\n<li>Une association sportive qui propose de nombreuses activit\u00e9s p\u00e9riodiques (cross-training, badminton, volley, futsal, basket, self-defense, body zen &#8211; yoga, stretching, relaxation &#8211; musculation) ou ponctuelles (Color Run, cross, run &amp; bike, zumba, olympiades&#8230;)<\/li>\n<\/ul>\n<p><\/p>\n<p><\/p>\n<\/div>\n<\/div>\n<\/div>\n<\/div>\n<div class=\"wp-block-columns container\">\n<div class=\"wp-block-column col-md-6 col-md-offset1\">\n<figure class=\"wp-block-image size-large\"><\/figure>\n<p><\/p>\n<p><\/p>\n<p><\/p>\n<\/div>\n<p><\/p>\n<\/div>\n<p><\/p>\t\t\t\t\t\t\t\t<\/div>\n\t\t\t\t<\/div>\n\t\t\t\t\t<\/div>\n\t\t<\/div>\n\t\t\t\t\t<\/div>\n\t\t<\/section>\n\t\t\t\t<section class=\"elementor-section elementor-top-section elementor-element elementor-element-2aa291b elementor-section-boxed elementor-section-height-default elementor-section-height-default\" data-id=\"2aa291b\" data-element_type=\"section\">\n\t\t\t\t\t\t<div class=\"elementor-container elementor-column-gap-default\">\n\t\t\t\t\t<div class=\"elementor-column elementor-col-100 elementor-top-column elementor-element elementor-element-4285341\" data-id=\"4285341\" data-element_type=\"column\">\n\t\t\t<div class=\"elementor-widget-wrap elementor-element-populated\">\n\t\t\t\t\t\t<div class=\"elementor-element elementor-element-8fa4210 elementor-widget elementor-widget-text-editor\" data-id=\"8fa4210\" data-element_type=\"widget\" data-widget_type=\"text-editor.default\">\n\t\t\t\t<div class=\"elementor-widget-container\">\n\t\t\t\t\t\t\t\t\t<h5>Le r\u00e8glement int\u00e9rieur du lyc\u00e9e : <a href=\"https:\/\/sites.ac-nancy-metz.fr\/lyc-arthur-varoquaux\/wp-content\/uploads\/2026\/02\/RI-2025-2026.pdf\">ici<\/a>.<\/h5>\t\t\t\t\t\t\t\t<\/div>\n\t\t\t\t<\/div>\n\t\t\t\t\t<\/div>\n\t\t<\/div>\n\t\t\t\t\t<\/div>\n\t\t<\/section>\n\t\t\t\t<\/div>\n\t\t","protected":false},"excerpt":{"rendered":"<p>Un lyc\u00e9e &#8230; qui s&rsquo;inscrit dans un esprit Campus Un espace v\u00e9g\u00e9talis\u00e9 de 5 hectares Une Maison des lyc\u00e9ens (MDL) dynamique : vente de caf\u00e9, de goodies, gestion des billards\/baby-foot, organisation de manifestations culturelles, de f\u00eates&#8230; De nombreuses actions de sensibilisation organis\u00e9es par le comit\u00e9 d\u2019\u00e9ducation \u00e0 la sant\u00e9 et [&hellip;]<\/p>\n","protected":false},"author":1,"featured_media":828,"parent":0,"menu_order":0,"comment_status":"closed","ping_status":"closed","template":"","meta":{"_themeisle_gutenberg_block_has_review":false,"footnotes":""},"class_list":["post-46","page","type-page","status-publish","has-post-thumbnail","hentry"],"_links":{"self":[{"href":"https:\/\/sites.ac-nancy-metz.fr\/lyc-arthur-varoquaux\/wp-json\/wp\/v2\/pages\/46","targetHints":{"allow":["GET"]}}],"collection":[{"href":"https:\/\/sites.ac-nancy-metz.fr\/lyc-arthur-varoquaux\/wp-json\/wp\/v2\/pages"}],"about":[{"href":"https:\/\/sites.ac-nancy-metz.fr\/lyc-arthur-varoquaux\/wp-json\/wp\/v2\/types\/page"}],"author":[{"embeddable":true,"href":"https:\/\/sites.ac-nancy-metz.fr\/lyc-arthur-varoquaux\/wp-json\/wp\/v2\/users\/1"}],"replies":[{"embeddable":true,"href":"https:\/\/sites.ac-nancy-metz.fr\/lyc-arthur-varoquaux\/wp-json\/wp\/v2\/comments?post=46"}],"version-history":[{"count":89,"href":"https:\/\/sites.ac-nancy-metz.fr\/lyc-arthur-varoquaux\/wp-json\/wp\/v2\/pages\/46\/revisions"}],"predecessor-version":[{"id":2326,"href":"https:\/\/sites.ac-nancy-metz.fr\/lyc-arthur-varoquaux\/wp-json\/wp\/v2\/pages\/46\/revisions\/2326"}],"wp:featuredmedia":[{"embeddable":true,"href":"https:\/\/sites.ac-nancy-metz.fr\/lyc-arthur-varoquaux\/wp-json\/"}],"wp:attachment":[{"href":"https:\/\/sites.ac-nancy-metz.fr\/lyc-arthur-varoquaux\/wp-json\/wp\/v2\/media?parent=46"}],"curies":[{"name":"wp","href":"https:\/\/api.w.org\/{rel}","templated":true}]}}