{"id":67,"date":"2023-04-21T15:13:55","date_gmt":"2023-04-21T13:13:55","guid":{"rendered":"https:\/\/sites.ac-nancy-metz.fr\/lyc-arthur-varoquaux\/?page_id=67"},"modified":"2023-04-21T16:20:00","modified_gmt":"2023-04-21T14:20:00","slug":"mot-proviseur","status":"publish","type":"page","link":"https:\/\/sites.ac-nancy-metz.fr\/lyc-arthur-varoquaux\/mot-proviseur\/","title":{"rendered":"Le mot du proviseur"},"content":{"rendered":"\t\t<div data-elementor-type=\"wp-page\" data-elementor-id=\"67\" class=\"elementor elementor-67\">\n\t\t\t\t\t\t<section class=\"elementor-section elementor-top-section elementor-element elementor-element-d4dfc1a elementor-section-boxed elementor-section-height-default elementor-section-height-default\" data-id=\"d4dfc1a\" data-element_type=\"section\">\n\t\t\t\t\t\t<div class=\"elementor-container elementor-column-gap-default\">\n\t\t\t\t\t<div class=\"elementor-column elementor-col-100 elementor-top-column elementor-element elementor-element-b45f046\" data-id=\"b45f046\" data-element_type=\"column\">\n\t\t\t<div class=\"elementor-widget-wrap elementor-element-populated\">\n\t\t\t\t\t\t<div class=\"elementor-element elementor-element-f8e27cf elementor-widget elementor-widget-heading\" data-id=\"f8e27cf\" data-element_type=\"widget\" data-widget_type=\"heading.default\">\n\t\t\t\t<div class=\"elementor-widget-container\">\n\t\t\t\t\t<h2 class=\"elementor-heading-title elementor-size-default\">Le mot du proviseur<\/h2>\t\t\t\t<\/div>\n\t\t\t\t<\/div>\n\t\t\t\t\t<\/div>\n\t\t<\/div>\n\t\t\t\t\t<\/div>\n\t\t<\/section>\n\t\t\t\t<section class=\"elementor-section elementor-top-section elementor-element elementor-element-aab9967 elementor-section-boxed elementor-section-height-default elementor-section-height-default\" data-id=\"aab9967\" data-element_type=\"section\">\n\t\t\t\t\t\t<div class=\"elementor-container elementor-column-gap-default\">\n\t\t\t\t\t<div class=\"elementor-column elementor-col-100 elementor-top-column elementor-element elementor-element-e9b2c66\" data-id=\"e9b2c66\" data-element_type=\"column\">\n\t\t\t<div class=\"elementor-widget-wrap elementor-element-populated\">\n\t\t\t\t\t\t<div class=\"elementor-element elementor-element-9419bd1 elementor-widget elementor-widget-image\" data-id=\"9419bd1\" data-element_type=\"widget\" data-widget_type=\"image.default\">\n\t\t\t\t<div class=\"elementor-widget-container\">\n\t\t\t\t\t\t\t\t\t\t\t\t\t\t\t<img decoding=\"async\" src=\"https:\/\/sites.ac-nancy-metz.fr\/lyc-arthur-varoquaux\/wp-content\/uploads\/2023\/04\/logoVaroq1-300x248-1.png\" title=\"\" alt=\"\" loading=\"lazy\" \/>\t\t\t\t\t\t\t\t\t\t\t\t\t\t\t<\/div>\n\t\t\t\t<\/div>\n\t\t\t\t<div class=\"elementor-element elementor-element-3123b55 elementor-widget elementor-widget-text-editor\" data-id=\"3123b55\" data-element_type=\"widget\" data-widget_type=\"text-editor.default\">\n\t\t\t\t<div class=\"elementor-widget-container\">\n\t\t\t\t\t\t\t\t\t<p><span>L\u2019identit\u00e9 du lyc\u00e9e Varoquaux repose sur une compl\u00e9mentarit\u00e9 des fili\u00e8res et des possibilit\u00e9s nombreuses de formation. Construite autour des m\u00e9tiers de la Chimie, de la Physique, de la Biochimie, du G\u00e9nie biologique, des m\u00e9tiers de la sant\u00e9 et du social ainsi que ceux de la gestion, elle s\u2019est \u00e9galement nourrie de sa voie g\u00e9n\u00e9rale, hier L, ES et S, demain articul\u00e9e autour des sp\u00e9cialit\u00e9s.<\/span><\/p><p><span>D\u00e9clin\u00e9e en pr\u00e9- et post- Baccalaur\u00e9at, l\u2019offre de formation du lyc\u00e9e Varoquaux sera renforc\u00e9e par la r\u00e9forme du lyc\u00e9e, \u00e0 la rentr\u00e9e 2019. Aux\u00a0<a href=\"http:\/\/www4.ac-nancy-metz.fr\/lyc-arthur-varoquaux\/?page_id=4433\" target=\"_blank\" rel=\"noopener noreferrer\">sept sp\u00e9cialit\u00e9s des classes de 1\u00e8res et terminales g\u00e9n\u00e9rales vient s\u2019ajouter la sp\u00e9cialit\u00e9 Arts plastiques<\/a>, dispens\u00e9e uniquement dans notre \u00e9tablissement pour le bassin nanc\u00e9en. Les partenariats en cours avec l\u2019Universit\u00e9 de Lorraine doivent permettre des liens encore plus forts avec le sup\u00e9rieur et des liaisons favorisant l\u2019accueil de nos publics respectifs.<\/span><\/p><p><span>La r\u00e9novation lourde engag\u00e9e par le lyc\u00e9e gr\u00e2ce \u00e0 l\u2019intervention de l\u2019Etat et de la R\u00e9gion Grand Est offre des conditions d\u2019\u00e9tude et d\u2019apprentissage de grande qualit\u00e9 \u00e0 l\u2019ensemble des lyc\u00e9ens et \u00e9tudiants des\u00a0<a href=\"http:\/\/www4.ac-nancy-metz.fr\/lyc-arthur-varoquaux\/?page_id=613\" target=\"_blank\" rel=\"noopener noreferrer\">cinq BTS et du Dipl\u00f4me de conseiller en ESF<\/a>. La construction du p\u00f4le Biochimie-G\u00e9nie Biologique inaugur\u00e9e \u00e0 la rentr\u00e9e 2018, la reconstruction de l\u2019espace BTS \u00ab\u00a0M\u00e9tiers de l\u2019eau\u00a0\u00bb, l\u2019\u00e9quipement de toutes les salles en outils mis au service de la p\u00e9dagogie (wifi, vid\u00e9oprojecteurs, lyc\u00e9e 4.0\u2026) plaident pour la r\u00e9ussite de notre public. L\u2019espace ouvert et a\u00e9r\u00e9 fait du lyc\u00e9e un mini campus dans lequel\u00a0 il est agr\u00e9able d\u2019y travailler.<\/span><\/p><p><span>Enfin, les nombreux projets d\u2019ouverture culturelle, nourris des enseignements obligatoires ou optionnels (Latin, Arts plastiques, Langue des Signes Fran\u00e7aise, section europ\u00e9enne Anglais, enseignements technologiques optionnels\u2026) participent \u00e0 la construction intellectuelle et sociale de nos \u00e9l\u00e8ves et \u00e9tudiants. La richesse des actions propos\u00e9es dans le cadre du CESC ou en mati\u00e8re d\u2019orientation t\u00e9moigne de notre souci\u00a0 du bien-\u00eatre de notre public.<\/span><\/p><p><span>Ce site t\u00e9moigne de la richesse de la vie d\u2019un grand lyc\u00e9e o\u00f9 il est agr\u00e9able d\u2019apprendre. Bienvenue \u00e0 Varoquaux.<\/span><\/p>\t\t\t\t\t\t\t\t<\/div>\n\t\t\t\t<\/div>\n\t\t\t\t\t<\/div>\n\t\t<\/div>\n\t\t\t\t\t<\/div>\n\t\t<\/section>\n\t\t\t\t<\/div>\n\t\t","protected":false},"excerpt":{"rendered":"<p>Le mot du proviseur L\u2019identit\u00e9 du lyc\u00e9e Varoquaux repose sur une compl\u00e9mentarit\u00e9 des fili\u00e8res et des possibilit\u00e9s nombreuses de formation. Construite autour des m\u00e9tiers de la Chimie, de la Physique, de la Biochimie, du G\u00e9nie biologique, des m\u00e9tiers de la sant\u00e9 et du social ainsi que ceux de la gestion, [&hellip;]<\/p>\n","protected":false},"author":1,"featured_media":0,"parent":0,"menu_order":0,"comment_status":"closed","ping_status":"closed","template":"page-templates\/template-pagebuilder-full-width.php","meta":{"_themeisle_gutenberg_block_has_review":false,"footnotes":""},"class_list":["post-67","page","type-page","status-publish","hentry"],"_links":{"self":[{"href":"https:\/\/sites.ac-nancy-metz.fr\/lyc-arthur-varoquaux\/wp-json\/wp\/v2\/pages\/67","targetHints":{"allow":["GET"]}}],"collection":[{"href":"https:\/\/sites.ac-nancy-metz.fr\/lyc-arthur-varoquaux\/wp-json\/wp\/v2\/pages"}],"about":[{"href":"https:\/\/sites.ac-nancy-metz.fr\/lyc-arthur-varoquaux\/wp-json\/wp\/v2\/types\/page"}],"author":[{"embeddable":true,"href":"https:\/\/sites.ac-nancy-metz.fr\/lyc-arthur-varoquaux\/wp-json\/wp\/v2\/users\/1"}],"replies":[{"embeddable":true,"href":"https:\/\/sites.ac-nancy-metz.fr\/lyc-arthur-varoquaux\/wp-json\/wp\/v2\/comments?post=67"}],"version-history":[{"count":18,"href":"https:\/\/sites.ac-nancy-metz.fr\/lyc-arthur-varoquaux\/wp-json\/wp\/v2\/pages\/67\/revisions"}],"predecessor-version":[{"id":121,"href":"https:\/\/sites.ac-nancy-metz.fr\/lyc-arthur-varoquaux\/wp-json\/wp\/v2\/pages\/67\/revisions\/121"}],"wp:attachment":[{"href":"https:\/\/sites.ac-nancy-metz.fr\/lyc-arthur-varoquaux\/wp-json\/wp\/v2\/media?parent=67"}],"curies":[{"name":"wp","href":"https:\/\/api.w.org\/{rel}","templated":true}]}}