{"id":675,"date":"2023-05-23T10:59:02","date_gmt":"2023-05-23T08:59:02","guid":{"rendered":"https:\/\/sites.ac-nancy-metz.fr\/lyc-arthur-varoquaux\/?page_id=675"},"modified":"2025-06-12T15:10:10","modified_gmt":"2025-06-12T13:10:10","slug":"materiel-pour-la-rentree","status":"publish","type":"page","link":"https:\/\/sites.ac-nancy-metz.fr\/lyc-arthur-varoquaux\/materiel-pour-la-rentree\/","title":{"rendered":"Mat\u00e9riel pour la rentr\u00e9e 2025"},"content":{"rendered":"\n<p>Il n&rsquo;y a plus de manuels papier. Les lyc\u00e9ens de la R\u00e9gion Grand Est sont tous dot\u00e9s gratuitement d&rsquo;un ordinateur et de manuels num\u00e9riques \u00e0 la rentr\u00e9e (voir <a href=\"https:\/\/www.jeunest.fr\/lycee-4-0\/\">ici<\/a>).<\/p>\n\n\n\n<p>Les fournitures de base sont attendues \u00e0 la rentr\u00e9e (agenda, copies simples, doubles, de quoi \u00e9crire&#8230;). Chaque professeur informera sa classe de ses besoins \u00e0 la rentr\u00e9e (cahiers, classeurs&#8230;) Le mat\u00e9riel sp\u00e9cifique est d\u00e9crit dans la liste ci-dessous:<\/p>\n\n\n\n<p><strong>&gt;&gt;&gt; Mat\u00e9riel pour la rentr\u00e9e, y compris informatique (\u00e9couteurs et cl\u00e9 USB):<\/strong><\/p>\n\n\n\n<div data-wp-interactive=\"core\/file\" class=\"wp-block-file\"><object data-wp-bind--hidden=\"!state.hasPdfPreview\" hidden class=\"wp-block-file__embed\" data=\"https:\/\/sites.ac-nancy-metz.fr\/lyc-arthur-varoquaux\/wp-content\/uploads\/2025\/06\/materiel_rentree_2025-V2.pdf\" type=\"application\/pdf\" style=\"width:100%;height:600px\" aria-label=\"Contenu embarqu\u00e9 materiel_rentree_2025 V2.\"><\/object><a id=\"wp-block-file--media-b3f84058-8cb1-414a-a754-992ffe5f6836\" href=\"https:\/\/sites.ac-nancy-metz.fr\/lyc-arthur-varoquaux\/wp-content\/uploads\/2025\/06\/materiel_rentree_2025-V2.pdf\">materiel_rentree_2025 V2<\/a><a href=\"https:\/\/sites.ac-nancy-metz.fr\/lyc-arthur-varoquaux\/wp-content\/uploads\/2025\/06\/materiel_rentree_2025-V2.pdf\" class=\"wp-block-file__button wp-element-button\" download aria-describedby=\"wp-block-file--media-b3f84058-8cb1-414a-a754-992ffe5f6836\">T\u00e9l\u00e9charger<\/a><\/div>\n\n\n\n<p>&gt;&gt;&gt; Guide lunettes de laboratoire :<\/p>\n\n\n\n<div data-wp-interactive=\"core\/file\" class=\"wp-block-file\"><object data-wp-bind--hidden=\"!state.hasPdfPreview\" hidden class=\"wp-block-file__embed\" data=\"https:\/\/sites.ac-nancy-metz.fr\/lyc-arthur-varoquaux\/wp-content\/uploads\/2025\/06\/GUIDE-LUNETTES-DE-LABORATOIRE.pdf\" type=\"application\/pdf\" style=\"width:100%;height:600px\" aria-label=\"Contenu embarqu\u00e9 GUIDE LUNETTES DE LABORATOIRE.\"><\/object><a id=\"wp-block-file--media-83d9a533-2492-4cdf-85c2-cbb156086d04\" href=\"https:\/\/sites.ac-nancy-metz.fr\/lyc-arthur-varoquaux\/wp-content\/uploads\/2025\/06\/GUIDE-LUNETTES-DE-LABORATOIRE.pdf\">GUIDE LUNETTES DE LABORATOIRE<\/a><a href=\"https:\/\/sites.ac-nancy-metz.fr\/lyc-arthur-varoquaux\/wp-content\/uploads\/2025\/06\/GUIDE-LUNETTES-DE-LABORATOIRE.pdf\" class=\"wp-block-file__button wp-element-button\" download aria-describedby=\"wp-block-file--media-83d9a533-2492-4cdf-85c2-cbb156086d04\">T\u00e9l\u00e9charger<\/a><\/div>\n\n\n\n<p>Des achats group\u00e9s sont possibles \u00e0 la rentr\u00e9e pour: lunettes ou surlunettes de laboratoire, poires aspirantes de chimie et sabots de laboratoire ainsi que pour les ouvrages de l\u2019UPBM .<\/p>\n\n\n\n<p>Possibilit\u00e9 d\u2019acc\u00e9der aux commandes group\u00e9es par l\u2019Association Varoquaux Labo :<\/p>\n\n\n\n<figure class=\"wp-block-image size-large\"><a href=\"https:\/\/www.payasso.fr\/association-varoquaux-labo\/vente-epi\"><img fetchpriority=\"high\" decoding=\"async\" width=\"1024\" height=\"362\" src=\"https:\/\/sites.ac-nancy-metz.fr\/lyc-arthur-varoquaux\/wp-content\/uploads\/2023\/06\/commandeAssoc-1024x362.png\" alt=\"\" class=\"wp-image-889\" srcset=\"https:\/\/sites.ac-nancy-metz.fr\/lyc-arthur-varoquaux\/wp-content\/uploads\/2023\/06\/commandeAssoc-1024x362.png 1024w, https:\/\/sites.ac-nancy-metz.fr\/lyc-arthur-varoquaux\/wp-content\/uploads\/2023\/06\/commandeAssoc-300x106.png 300w, https:\/\/sites.ac-nancy-metz.fr\/lyc-arthur-varoquaux\/wp-content\/uploads\/2023\/06\/commandeAssoc-768x271.png 768w, https:\/\/sites.ac-nancy-metz.fr\/lyc-arthur-varoquaux\/wp-content\/uploads\/2023\/06\/commandeAssoc-1536x542.png 1536w, https:\/\/sites.ac-nancy-metz.fr\/lyc-arthur-varoquaux\/wp-content\/uploads\/2023\/06\/commandeAssoc.png 2039w\" sizes=\"(max-width: 1024px) 100vw, 1024px\" \/><\/a><\/figure>\n\n\n\n<p><\/p>\n","protected":false},"excerpt":{"rendered":"<p>Il n&rsquo;y a plus de manuels papier. Les lyc\u00e9ens de la R\u00e9gion Grand Est sont tous dot\u00e9s gratuitement d&rsquo;un ordinateur et de manuels num\u00e9riques \u00e0 la rentr\u00e9e (voir ici). Les fournitures de base sont attendues \u00e0 la rentr\u00e9e (agenda, copies simples, doubles, de quoi \u00e9crire&#8230;). Chaque professeur informera sa classe [&hellip;]<\/p>\n","protected":false},"author":1,"featured_media":0,"parent":0,"menu_order":0,"comment_status":"closed","ping_status":"closed","template":"","meta":{"_themeisle_gutenberg_block_has_review":false,"footnotes":""},"class_list":["post-675","page","type-page","status-publish","hentry"],"_links":{"self":[{"href":"https:\/\/sites.ac-nancy-metz.fr\/lyc-arthur-varoquaux\/wp-json\/wp\/v2\/pages\/675","targetHints":{"allow":["GET"]}}],"collection":[{"href":"https:\/\/sites.ac-nancy-metz.fr\/lyc-arthur-varoquaux\/wp-json\/wp\/v2\/pages"}],"about":[{"href":"https:\/\/sites.ac-nancy-metz.fr\/lyc-arthur-varoquaux\/wp-json\/wp\/v2\/types\/page"}],"author":[{"embeddable":true,"href":"https:\/\/sites.ac-nancy-metz.fr\/lyc-arthur-varoquaux\/wp-json\/wp\/v2\/users\/1"}],"replies":[{"embeddable":true,"href":"https:\/\/sites.ac-nancy-metz.fr\/lyc-arthur-varoquaux\/wp-json\/wp\/v2\/comments?post=675"}],"version-history":[{"count":11,"href":"https:\/\/sites.ac-nancy-metz.fr\/lyc-arthur-varoquaux\/wp-json\/wp\/v2\/pages\/675\/revisions"}],"predecessor-version":[{"id":1860,"href":"https:\/\/sites.ac-nancy-metz.fr\/lyc-arthur-varoquaux\/wp-json\/wp\/v2\/pages\/675\/revisions\/1860"}],"wp:attachment":[{"href":"https:\/\/sites.ac-nancy-metz.fr\/lyc-arthur-varoquaux\/wp-json\/wp\/v2\/media?parent=675"}],"curies":[{"name":"wp","href":"https:\/\/api.w.org\/{rel}","templated":true}]}}