{"id":777,"date":"2023-05-29T12:21:18","date_gmt":"2023-05-29T10:21:18","guid":{"rendered":"https:\/\/sites.ac-nancy-metz.fr\/lyc-arthur-varoquaux\/?page_id=777"},"modified":"2025-03-05T12:19:40","modified_gmt":"2025-03-05T11:19:40","slug":"internat","status":"publish","type":"page","link":"https:\/\/sites.ac-nancy-metz.fr\/lyc-arthur-varoquaux\/internat\/","title":{"rendered":"Internat"},"content":{"rendered":"\n<figure class=\"wp-block-image size-full\"><img fetchpriority=\"high\" decoding=\"async\" width=\"877\" height=\"886\" src=\"https:\/\/sites.ac-nancy-metz.fr\/lyc-arthur-varoquaux\/wp-content\/uploads\/2023\/05\/Internat.jpg\" alt=\"\" class=\"wp-image-778\" srcset=\"https:\/\/sites.ac-nancy-metz.fr\/lyc-arthur-varoquaux\/wp-content\/uploads\/2023\/05\/Internat.jpg 877w, https:\/\/sites.ac-nancy-metz.fr\/lyc-arthur-varoquaux\/wp-content\/uploads\/2023\/05\/Internat-297x300.jpg 297w, https:\/\/sites.ac-nancy-metz.fr\/lyc-arthur-varoquaux\/wp-content\/uploads\/2023\/05\/Internat-768x776.jpg 768w\" sizes=\"(max-width: 877px) 100vw, 877px\" \/><\/figure>\n\n\n\n<p>Notre internat mixte accueille pr\u00e8s de 300 \u00e9l\u00e8ves (220 filles environ et une soixantaine de gar\u00e7ons) de la seconde au BTS.<\/p>\n\n\n\n<p>Il regroupe des \u00e9l\u00e8ves et \u00e9tudiants de VAROQUAUX, et du LP Marie MARVINGT (\u00e9tablissement voisin)<\/p>\n\n\n\n<p>LES CHAMBRES :<\/p>\n\n\n\n<p>Il y a diff\u00e9rents types de chambres :<\/p>\n\n\n\n<p>\u2013 des chambres de 2 lits<\/p>\n\n\n\n<p>\u2013 des chambres de 3 lits<\/p>\n\n\n\n<p>\u2013 des chambres de 4 lits&nbsp;<\/p>\n\n\n\n<figure class=\"wp-block-image size-full\"><img decoding=\"async\" width=\"594\" height=\"445\" src=\"https:\/\/sites.ac-nancy-metz.fr\/lyc-arthur-varoquaux\/wp-content\/uploads\/2023\/06\/Image3.jpg\" alt=\"\" class=\"wp-image-842\" srcset=\"https:\/\/sites.ac-nancy-metz.fr\/lyc-arthur-varoquaux\/wp-content\/uploads\/2023\/06\/Image3.jpg 594w, https:\/\/sites.ac-nancy-metz.fr\/lyc-arthur-varoquaux\/wp-content\/uploads\/2023\/06\/Image3-300x225.jpg 300w\" sizes=\"(max-width: 594px) 100vw, 594px\" \/><\/figure>\n\n\n\n<figure class=\"wp-block-image size-full\"><img decoding=\"async\" width=\"328\" height=\"428\" src=\"https:\/\/sites.ac-nancy-metz.fr\/lyc-arthur-varoquaux\/wp-content\/uploads\/2023\/06\/Image4.jpg\" alt=\"\" class=\"wp-image-843\" srcset=\"https:\/\/sites.ac-nancy-metz.fr\/lyc-arthur-varoquaux\/wp-content\/uploads\/2023\/06\/Image4.jpg 328w, https:\/\/sites.ac-nancy-metz.fr\/lyc-arthur-varoquaux\/wp-content\/uploads\/2023\/06\/Image4-230x300.jpg 230w\" sizes=\"(max-width: 328px) 100vw, 328px\" \/><\/figure>\n\n\n\n<p>\u2013des chambres r\u00e9serv\u00e9es et adapt\u00e9s aux \u00e9l\u00e8ves porteurs de handicap.<\/p>\n\n\n\n<p>Dans chaque chambre, les \u00e9l\u00e8ves ont \u00e0 leur disposition, un lit, un bureau individuel, une petite armoire individuelle qui ferme \u00e0 clef (pr\u00e9voir deux cadenas en d\u00e9but d\u2019ann\u00e9e), une penderie et des lavabos. Charge aux internes d\u2019apporter leur linge de lit.<\/p>\n\n\n\n<p>Notre internat peut se visiter chaque ann\u00e9e lors de la journ\u00e9e \u00ab portes ouvertes \u00bb organis\u00e9e g\u00e9n\u00e9ralement en f\u00e9vrier\/mars.<\/p>\n\n\n\n<p>A chaque \u00e9tage des internats, des salles collectives de travail et de repos sont accessibles aux \u00e9l\u00e8ves avant le couvre-feu de 22h15.<\/p>\n\n\n\n<p><strong>Ouverture :&nbsp; du dimanche soir 20h00 au vendredi 17h45<\/strong><\/p>\n\n\n\n<p><strong>En cas d\u2019ouverture du lyc\u00e9e le samedi, l\u2019internat est ouvert le vendredi soir.<\/strong><\/p>\n\n\n\n<p>Fermeture :&nbsp; week-end + vacances scolaires<\/p>\n\n\n\n<p>L\u2019accueil des \u00e9l\u00e8ves internes est assur\u00e9 chaque soir, \u00e0 partir de 17h30, par une dizaine d\u2019AED et un CPE.&nbsp;<\/p>\n\n\n\n<p>Une infirmi\u00e8re scolaire est d\u2019astreinte chaque nuit, ainsi qu\u2019un veilleur de nuit.<\/p>\n\n\n\n<p>Chaque soir les \u00e9l\u00e8ves ont un temps d\u2019\u00e9tudes obligatoire, en salle de classe pour les \u00e9l\u00e8ves de secondes, \u00e0 leur bureau pour les \u00e9l\u00e8ves de premi\u00e8res, et BTS-<\/p>\n\n\n\n<p>Des sorties cin\u00e9ma, th\u00e9\u00e2tre sont programm\u00e9es plusieurs fois dans l\u2019ann\u00e9e et encadr\u00e9es par des AED.<\/p>\n\n\n\n<p>Une fois par trimestre, une soir\u00e9e est organis\u00e9e \u00e0 la Maison des lyc\u00e9ens (Soir\u00e9e halloween, Blind test, boum du lyc\u00e9e)<\/p>\n\n\n\n<p><\/p>\n","protected":false},"excerpt":{"rendered":"<p>Notre internat mixte accueille pr\u00e8s de 300 \u00e9l\u00e8ves (220 filles environ et une soixantaine de gar\u00e7ons) de la seconde au BTS. Il regroupe des \u00e9l\u00e8ves et \u00e9tudiants de VAROQUAUX, et du LP Marie MARVINGT (\u00e9tablissement voisin) LES CHAMBRES : Il y a diff\u00e9rents types de chambres : \u2013 des chambres [&hellip;]<\/p>\n","protected":false},"author":1,"featured_media":0,"parent":0,"menu_order":0,"comment_status":"closed","ping_status":"closed","template":"","meta":{"_themeisle_gutenberg_block_has_review":false,"footnotes":""},"class_list":["post-777","page","type-page","status-publish","hentry"],"_links":{"self":[{"href":"https:\/\/sites.ac-nancy-metz.fr\/lyc-arthur-varoquaux\/wp-json\/wp\/v2\/pages\/777","targetHints":{"allow":["GET"]}}],"collection":[{"href":"https:\/\/sites.ac-nancy-metz.fr\/lyc-arthur-varoquaux\/wp-json\/wp\/v2\/pages"}],"about":[{"href":"https:\/\/sites.ac-nancy-metz.fr\/lyc-arthur-varoquaux\/wp-json\/wp\/v2\/types\/page"}],"author":[{"embeddable":true,"href":"https:\/\/sites.ac-nancy-metz.fr\/lyc-arthur-varoquaux\/wp-json\/wp\/v2\/users\/1"}],"replies":[{"embeddable":true,"href":"https:\/\/sites.ac-nancy-metz.fr\/lyc-arthur-varoquaux\/wp-json\/wp\/v2\/comments?post=777"}],"version-history":[{"count":4,"href":"https:\/\/sites.ac-nancy-metz.fr\/lyc-arthur-varoquaux\/wp-json\/wp\/v2\/pages\/777\/revisions"}],"predecessor-version":[{"id":1600,"href":"https:\/\/sites.ac-nancy-metz.fr\/lyc-arthur-varoquaux\/wp-json\/wp\/v2\/pages\/777\/revisions\/1600"}],"wp:attachment":[{"href":"https:\/\/sites.ac-nancy-metz.fr\/lyc-arthur-varoquaux\/wp-json\/wp\/v2\/media?parent=777"}],"curies":[{"name":"wp","href":"https:\/\/api.w.org\/{rel}","templated":true}]}}