{"id":783,"date":"2023-05-29T12:28:26","date_gmt":"2023-05-29T10:28:26","guid":{"rendered":"https:\/\/sites.ac-nancy-metz.fr\/lyc-arthur-varoquaux\/?page_id=783"},"modified":"2025-04-13T22:49:41","modified_gmt":"2025-04-13T20:49:41","slug":"bts-abm","status":"publish","type":"page","link":"https:\/\/sites.ac-nancy-metz.fr\/lyc-arthur-varoquaux\/bts-abm\/","title":{"rendered":"BTS BM Biologie M\u00e9dicale"},"content":{"rendered":"<h4>Analyses de Biologie M\u00e9dicale<\/h4>\n<object width=\"300\" height=\"150\" style=\"width: 100%; height: 600px;\" data=\"https:\/\/sites.ac-nancy-metz.fr\/lyc-arthur-varoquaux\/wp-content\/uploads\/2025\/03\/plaquette_BTS_BM_2025.pdf\" type=\"application\/pdf\" aria-label=\"plaquette_BTS_BM_2025\"><\/object><a id=\"wp-block-file--media-ab940191-1554-4a17-ac18-f1165349b7a2\" href=\"https:\/\/sites.ac-nancy-metz.fr\/lyc-arthur-varoquaux\/wp-content\/uploads\/2025\/03\/plaquette_BTS_BM_2025.pdf\">plaquette_BTS_BM_2025<\/a><a href=\"https:\/\/sites.ac-nancy-metz.fr\/lyc-arthur-varoquaux\/wp-content\/uploads\/2025\/03\/plaquette_BTS_BM_2025.pdf\" download=\"\" aria-describedby=\"wp-block-file--media-ab940191-1554-4a17-ac18-f1165349b7a2\">T\u00e9l\u00e9charger<\/a>\n\n<!-- \/wp:post-content -->\n\n<iframe title=\"BTS Analyses de Biologie M\u00e9dicale\" width=\"750\" height=\"563\" src=\"https:\/\/www.youtube.com\/embed\/7MRsnkQdCCs?feature=oembed\" frameborder=\"0\" allow=\"accelerometer; autoplay; clipboard-write; encrypted-media; gyroscope; picture-in-picture; web-share\" referrerpolicy=\"strict-origin-when-cross-origin\" allowfullscreen><\/iframe>\n\n<!-- wp:spacer -->\n<div style=\"height: 100px;\" aria-hidden=\"true\" class=\"wp-block-spacer\"><\/div>\n<!-- \/wp:spacer -->\n\n<!-- wp:heading {\"level\":3} -->\n<h3 class=\"wp-block-heading\">Salles de cours et TP<\/h3>\n<!-- \/wp:heading -->\n\n<!-- wp:algori-360-image\/block-algori-360-image {\"url\":\"https:\/\/sites.ac-nancy-metz.fr\/lyc-arthur-varoquaux\/wp-content\/uploads\/2025\/04\/BTS-BM-7031-scaled.jpg\",\"id\":1676} -->\n<figure style=\"width: 600px; height: 300px;\" class=\"wp-block-algori-360-image-block-algori-360-image alignundefined\"><a-scene loading-screen=\"enabled: false;\" device-orientation-permission-ui=\"enabled: false\" embedded=\"\" inspector=\"\" keyboard-shortcuts=\"\" screenshot=\"\" vr-mode-ui=\"\"><a-entity camera=\"\" look-controls=\"reverseMouseDrag: true\" position=\"\" rotation=\"\"><\/a-entity><a-sky src=\"https:\/\/sites.ac-nancy-metz.fr\/lyc-arthur-varoquaux\/wp-content\/uploads\/2025\/04\/BTS-BM-7031-scaled.jpg\" material=\"\" geometry=\"\" scale=\"\"><\/a-sky><canvas class=\"a-canvas a-grab-cursor\" data-aframe-canvas=\"true\" width=\"900\" height=\"450\"><\/canvas>\n<div class=\"a-enter-vr\" aframe-injected=\"\"><button class=\"a-enter-vr-button\" title=\"Enter VR mode with a headset or fullscreen mode on a desktop. Visit https:\/\/webvr.rocks or https:\/\/webvr.info for more information.\" aframe-injected=\"\"><\/button><\/div>\n<div class=\"a-enter-ar a-hidden\" aframe-injected=\"\"><button class=\"a-enter-ar-button\" title=\"Enter AR mode with a headset or handheld device. Visit https:\/\/webvr.rocks or https:\/\/webvr.info for more information.\" aframe-injected=\"\"><\/button><\/div>\n<div class=\"a-orientation-modal a-hidden\" aframe-injected=\"\"><button aframe-injected=\"\">Exit VR<\/button><\/div>\n<a-entity light=\"\" data-aframe-default-light=\"\" aframe-injected=\"\"><\/a-entity><a-entity light=\"\" position=\"\" data-aframe-default-light=\"\" aframe-injected=\"\"><\/a-entity><\/a-scene><\/figure>\n<!-- \/wp:algori-360-image\/block-algori-360-image -->\n\n<!-- wp:algori-360-image\/block-algori-360-image {\"url\":\"https:\/\/sites.ac-nancy-metz.fr\/lyc-arthur-varoquaux\/wp-content\/uploads\/2025\/04\/BTS-BM-7030-scaled.jpg\",\"id\":1675} -->\n<figure style=\"width: 600px; height: 300px;\" class=\"wp-block-algori-360-image-block-algori-360-image alignundefined\"><a-scene loading-screen=\"enabled: false;\" device-orientation-permission-ui=\"enabled: false\" embedded=\"\" inspector=\"\" keyboard-shortcuts=\"\" screenshot=\"\" vr-mode-ui=\"\"><a-entity camera=\"\" look-controls=\"reverseMouseDrag: true\" position=\"\" rotation=\"\"><\/a-entity><a-sky src=\"https:\/\/sites.ac-nancy-metz.fr\/lyc-arthur-varoquaux\/wp-content\/uploads\/2025\/04\/BTS-BM-7030-scaled.jpg\" material=\"\" geometry=\"\" scale=\"\"><\/a-sky><canvas class=\"a-canvas a-grab-cursor\" data-aframe-canvas=\"true\" width=\"900\" height=\"450\"><\/canvas><a-entity camera=\"\" position=\"\" wasd-controls=\"\" rotation=\"\" look-controls=\"\" aframe-injected=\"\"><\/a-entity>\n<div class=\"a-enter-vr\" aframe-injected=\"\"><button class=\"a-enter-vr-button\" title=\"Enter VR mode with a headset or fullscreen mode on a desktop. Visit https:\/\/webvr.rocks or https:\/\/webvr.info for more information.\" aframe-injected=\"\"><\/button><\/div>\n<div class=\"a-enter-ar a-hidden\" aframe-injected=\"\"><button class=\"a-enter-ar-button\" title=\"Enter AR mode with a headset or handheld device. Visit https:\/\/webvr.rocks or https:\/\/webvr.info for more information.\" aframe-injected=\"\"><\/button><\/div>\n<div class=\"a-orientation-modal a-hidden\" aframe-injected=\"\"><button aframe-injected=\"\">Exit VR<\/button><\/div>\n<a-entity light=\"\" data-aframe-default-light=\"\" aframe-injected=\"\"><\/a-entity><a-entity light=\"\" position=\"\" data-aframe-default-light=\"\" aframe-injected=\"\"><\/a-entity><\/a-scene><\/figure>\n<!-- \/wp:algori-360-image\/block-algori-360-image -->\n\n<!-- wp:spacer -->\n<div style=\"height: 100px;\" aria-hidden=\"true\" class=\"wp-block-spacer\"><\/div>\n<!-- \/wp:spacer -->","protected":false},"excerpt":{"rendered":"<p>Analyses de Biologie M\u00e9dicale plaquette_BTS_BM_2025T\u00e9l\u00e9charger Salles de cours et TP Exit VR Exit VR<\/p>\n","protected":false},"author":1,"featured_media":0,"parent":0,"menu_order":0,"comment_status":"closed","ping_status":"closed","template":"","meta":{"_themeisle_gutenberg_block_has_review":false,"footnotes":""},"class_list":["post-783","page","type-page","status-publish","hentry"],"_links":{"self":[{"href":"https:\/\/sites.ac-nancy-metz.fr\/lyc-arthur-varoquaux\/wp-json\/wp\/v2\/pages\/783","targetHints":{"allow":["GET"]}}],"collection":[{"href":"https:\/\/sites.ac-nancy-metz.fr\/lyc-arthur-varoquaux\/wp-json\/wp\/v2\/pages"}],"about":[{"href":"https:\/\/sites.ac-nancy-metz.fr\/lyc-arthur-varoquaux\/wp-json\/wp\/v2\/types\/page"}],"author":[{"embeddable":true,"href":"https:\/\/sites.ac-nancy-metz.fr\/lyc-arthur-varoquaux\/wp-json\/wp\/v2\/users\/1"}],"replies":[{"embeddable":true,"href":"https:\/\/sites.ac-nancy-metz.fr\/lyc-arthur-varoquaux\/wp-json\/wp\/v2\/comments?post=783"}],"version-history":[{"count":14,"href":"https:\/\/sites.ac-nancy-metz.fr\/lyc-arthur-varoquaux\/wp-json\/wp\/v2\/pages\/783\/revisions"}],"predecessor-version":[{"id":1792,"href":"https:\/\/sites.ac-nancy-metz.fr\/lyc-arthur-varoquaux\/wp-json\/wp\/v2\/pages\/783\/revisions\/1792"}],"wp:attachment":[{"href":"https:\/\/sites.ac-nancy-metz.fr\/lyc-arthur-varoquaux\/wp-json\/wp\/v2\/media?parent=783"}],"curies":[{"name":"wp","href":"https:\/\/api.w.org\/{rel}","templated":true}]}}