{"id":791,"date":"2023-05-29T12:33:22","date_gmt":"2023-05-29T10:33:22","guid":{"rendered":"https:\/\/sites.ac-nancy-metz.fr\/lyc-arthur-varoquaux\/?page_id=791"},"modified":"2025-04-14T23:42:21","modified_gmt":"2025-04-14T21:42:21","slug":"bts-2m","status":"publish","type":"page","link":"https:\/\/sites.ac-nancy-metz.fr\/lyc-arthur-varoquaux\/bts-2m\/","title":{"rendered":"BTS 2M M\u00e9tiers de la Mesure"},"content":{"rendered":"<h3>M\u00e9tiers de la Mesure<\/h3>\n<p><!-- \/wp:post-content --><!-- wp:file {\"id\":1464,\"href\":\"https:\/\/sites.ac-nancy-metz.fr\/lyc-arthur-varoquaux\/wp-content\/uploads\/2025\/02\/Plaquette_BTS_Metiers_de_le_Mesure_2025-2.pdf\",\"displayPreview\":true} --><\/p>\n<p><object width=\"300\" height=\"150\" style=\"width: 100%; height: 600px;\" data=\"https:\/\/sites.ac-nancy-metz.fr\/lyc-arthur-varoquaux\/wp-content\/uploads\/2025\/02\/Plaquette_BTS_Metiers_de_le_Mesure_2025-2.pdf\" type=\"application\/pdf\" aria-label=\"Plaquette_BTS_Metiers_de_le_Mesure_2025\"><\/object><a id=\"wp-block-file--media-0577fb56-f5c7-43a3-b000-fcb3ccc78668\" href=\"https:\/\/sites.ac-nancy-metz.fr\/lyc-arthur-varoquaux\/wp-content\/uploads\/2025\/02\/Plaquette_BTS_Metiers_de_le_Mesure_2025-2.pdf\">Plaquette_BTS_Metiers_de_le_Mesure_2025<\/a><a href=\"https:\/\/sites.ac-nancy-metz.fr\/lyc-arthur-varoquaux\/wp-content\/uploads\/2025\/02\/Plaquette_BTS_Metiers_de_le_Mesure_2025-2.pdf\" download=\"\" aria-describedby=\"wp-block-file--media-0577fb56-f5c7-43a3-b000-fcb3ccc78668\">T\u00e9l\u00e9charger<\/a><\/p>\n<p><!-- \/wp:file --><!-- wp:paragraph --><\/p>\n<p><!-- \/wp:paragraph --><\/p>\n<h3>Immersion dans la M\u00e9trologie Industrielle<\/h3>\n<p id=\"resume\">Ce vendredi 14 mars, les \u00e9tudiants du BTS M\u00e9tiers de la Mesure ont pu d\u00e9couvrir la <strong>licence professionnelle M\u00e9tiers de l\u2019Instrumentation, de la Mesure et du Contr\u00f4le<\/strong> <strong>Qualit\u00e9<\/strong> de l<strong>&lsquo;IUT Nancy-Brabois<\/strong>, sur le site de Lun\u00e9ville.<\/p>\n<p>A leur arriv\u00e9e, les \u00e9tudiant ont \u00e9t\u00e9 accueillis chaleureusement par\u00a0<strong>Monsieur Didier Lommel\u00e9<\/strong>\u00a0qui leur a pr\u00e9sent\u00e9 les objectifs et les sp\u00e9cificit\u00e9s de cette\u00a0<strong><em>licence professionnelle ainsi que les d\u00e9bouch\u00e9s<\/em>.<\/strong><\/p>\n<p>\u00a0La matin\u00e9e s\u2019est poursuivie par une d\u00e9couverte des salles d\u00e9di\u00e9es et des \u00e9quipements scientifiques de\u00a0\u00a0pointe utilis\u00e9s dans le cadre de cette formation. A la fin de cette premi\u00e8re demi-journ\u00e9e,\u00a0<i><strong>les \u00e9tudiants ont\u00a0<\/strong><\/i><i><strong>pu s&rsquo;initier \u00e0 des mesures de temp\u00e9ratures et au contr\u00f4le qualit\u00e9 d&rsquo;\u00e9chantillons de couleurs \u00e0 l&rsquo;aide d\u2019un\u00a0<\/strong><\/i><i><strong>\u00a0spectrophotom\u00e8tre portable industriel.<\/strong><\/i><\/p>\n<figure><\/figure>\n<p><img fetchpriority=\"high\" decoding=\"async\" width=\"750\" height=\"557\" src=\"https:\/\/sites.ac-nancy-metz.fr\/lyc-arthur-varoquaux\/wp-content\/uploads\/2025\/03\/00_spectrophotometre.jpg\" alt=\"\" srcset=\"https:\/\/sites.ac-nancy-metz.fr\/lyc-arthur-varoquaux\/wp-content\/uploads\/2025\/03\/00_spectrophotometre.jpg 1024w, https:\/\/sites.ac-nancy-metz.fr\/lyc-arthur-varoquaux\/wp-content\/uploads\/2025\/03\/00_spectrophotometre-300x223.jpg 300w, https:\/\/sites.ac-nancy-metz.fr\/lyc-arthur-varoquaux\/wp-content\/uploads\/2025\/03\/00_spectrophotometre-768x571.jpg 768w\" sizes=\"(max-width: 750px) 100vw, 750px\" \/><\/p>\n<p>La pause d\u00e9jeuner, offerte par la licence, a \u00e9t\u00e9 l&rsquo;occasion d&rsquo;un moment de convivialit\u00e9. Les \u00e9tudiants en ont\u00a0 profit\u00e9 pour d\u00e9fier leurs enseignants au babyfoot. Malgr\u00e9 leur enthousiasme, ils ont d\u00fb s\u2019incliner d\u2019un but\u00a0\u00a0face \u00e0 l\u2019exp\u00e9rience des professeurs.<\/p>\n<p><strong>L&rsquo;apr\u00e8s-midi a \u00e9t\u00e9 consacr\u00e9 \u00e0 des\u00a0<\/strong><i><strong>travaux pratiques de m\u00e9trologie industrielle<\/strong><\/i><i>,<\/i>\u00a0encadr\u00e9s par\u00a0<strong>Monsieur\u00a0<\/strong><strong>\u00a0Cyril Domptail<\/strong>, agr\u00e9g\u00e9 en G\u00e9nie m\u00e9canique.\u00a0<i><strong>Les \u00e9tudiants ont eu le privil\u00e8ge d\u2019utiliser des machines de <\/strong><\/i><i><strong>mesure tridimensionnelles optiques, des MMT automatiques, des bras de mesure et m\u00eame des scanners<\/strong><\/i><i><strong>\u00a03D.<\/strong><\/i><\/p>\n<p><style type=\"text\/css\">\n\t\t\t#gallery-1 {<br \/>\t\t\t\tmargin: auto;<br \/>\t\t\t}<br \/>\t\t\t#gallery-1 .gallery-item {<br \/>\t\t\t\tfloat: left;<br \/>\t\t\t\tmargin-top: 10px;<br \/>\t\t\t\ttext-align: center;<br \/>\t\t\t\twidth: 33%;<br \/>\t\t\t}<br \/>\t\t\t#gallery-1 img {<br \/>\t\t\t\tborder: 2px solid #cfcfcf;<br \/>\t\t\t}<br \/>\t\t\t#gallery-1 .gallery-caption {<br \/>\t\t\t\tmargin-left: 0;<br \/>\t\t\t}<br \/>\t\t\t\/* see gallery_shortcode() in wp-includes\/media.php *\/<br \/>\t\t<\/style><\/p>\n<dl>\n<dt><a data-elementor-open-lightbox=\"yes\" data-elementor-lightbox-slideshow=\"2b018de\" data-elementor-lightbox-title=\"07_bras_mesure\" data-e-action-hash=\"#elementor-action%3Aaction%3Dlightbox%26settings%3DeyJpZCI6MTY1NiwidXJsIjoiaHR0cHM6XC9cL3NpdGVzLmFjLW5hbmN5LW1ldHouZnJcL2x5Yy1hcnRodXItdmFyb3F1YXV4XC93cC1jb250ZW50XC91cGxvYWRzXC8yMDI1XC8wM1wvMDdfYnJhc19tZXN1cmUuanBnIiwic2xpZGVzaG93IjoiMmIwMThkZSJ9\" href=\"https:\/\/sites.ac-nancy-metz.fr\/lyc-arthur-varoquaux\/wp-content\/uploads\/2025\/03\/07_bras_mesure.jpg\"><img width=\"150\" height=\"150\" src=\"https:\/\/sites.ac-nancy-metz.fr\/lyc-arthur-varoquaux\/wp-content\/uploads\/2025\/03\/07_bras_mesure-150x150.jpg\" alt=\"\" aria-describedby=\"gallery-1-1656\" decoding=\"async\" \/><\/a><\/dt>\n<dd id=\"gallery-1-1656\">Bras de Mesure<\/dd>\n<\/dl>\n<dl>\n<dt><a data-elementor-open-lightbox=\"yes\" data-elementor-lightbox-slideshow=\"2b018de\" data-elementor-lightbox-title=\"05_MMT_tridimensionnelle2\" data-e-action-hash=\"#elementor-action%3Aaction%3Dlightbox%26settings%3DeyJpZCI6MTY1MywidXJsIjoiaHR0cHM6XC9cL3NpdGVzLmFjLW5hbmN5LW1ldHouZnJcL2x5Yy1hcnRodXItdmFyb3F1YXV4XC93cC1jb250ZW50XC91cGxvYWRzXC8yMDI1XC8wM1wvMDVfTU1UX3RyaWRpbWVuc2lvbm5lbGxlMi5qcGciLCJzbGlkZXNob3ciOiIyYjAxOGRlIn0%3D\" href=\"https:\/\/sites.ac-nancy-metz.fr\/lyc-arthur-varoquaux\/wp-content\/uploads\/2025\/03\/05_MMT_tridimensionnelle2.jpg\"><img width=\"150\" height=\"150\" src=\"https:\/\/sites.ac-nancy-metz.fr\/lyc-arthur-varoquaux\/wp-content\/uploads\/2025\/03\/05_MMT_tridimensionnelle2-150x150.jpg\" alt=\"\" aria-describedby=\"gallery-1-1653\" decoding=\"async\" \/><\/a><\/dt>\n<dd id=\"gallery-1-1653\">MMT tridimensionnelle<\/dd>\n<\/dl>\n<dl>\n<dt><a data-elementor-open-lightbox=\"yes\" data-elementor-lightbox-slideshow=\"2b018de\" data-elementor-lightbox-title=\"04_bras de mesure2\" data-e-action-hash=\"#elementor-action%3Aaction%3Dlightbox%26settings%3DeyJpZCI6MTY1MSwidXJsIjoiaHR0cHM6XC9cL3NpdGVzLmFjLW5hbmN5LW1ldHouZnJcL2x5Yy1hcnRodXItdmFyb3F1YXV4XC93cC1jb250ZW50XC91cGxvYWRzXC8yMDI1XC8wM1wvMDRfYnJhcy1kZS1tZXN1cmUyLmpwZyIsInNsaWRlc2hvdyI6IjJiMDE4ZGUifQ%3D%3D\" href=\"https:\/\/sites.ac-nancy-metz.fr\/lyc-arthur-varoquaux\/wp-content\/uploads\/2025\/03\/04_bras-de-mesure2.jpg\"><img loading=\"lazy\" width=\"150\" height=\"150\" src=\"https:\/\/sites.ac-nancy-metz.fr\/lyc-arthur-varoquaux\/wp-content\/uploads\/2025\/03\/04_bras-de-mesure2-150x150.jpg\" alt=\"\" aria-describedby=\"gallery-1-1651\" decoding=\"async\" \/><\/a><\/dt>\n<dd id=\"gallery-1-1651\">Bras de Mesure<\/dd>\n<\/dl>\n<dl>\n<dt><a data-elementor-open-lightbox=\"yes\" data-elementor-lightbox-slideshow=\"2b018de\" data-elementor-lightbox-title=\"05_MMT_tridimensionnelle\" data-e-action-hash=\"#elementor-action%3Aaction%3Dlightbox%26settings%3DeyJpZCI6MTY1MiwidXJsIjoiaHR0cHM6XC9cL3NpdGVzLmFjLW5hbmN5LW1ldHouZnJcL2x5Yy1hcnRodXItdmFyb3F1YXV4XC93cC1jb250ZW50XC91cGxvYWRzXC8yMDI1XC8wM1wvMDVfTU1UX3RyaWRpbWVuc2lvbm5lbGxlLmpwZyIsInNsaWRlc2hvdyI6IjJiMDE4ZGUifQ%3D%3D\" href=\"https:\/\/sites.ac-nancy-metz.fr\/lyc-arthur-varoquaux\/wp-content\/uploads\/2025\/03\/05_MMT_tridimensionnelle.jpg\"><img loading=\"lazy\" width=\"150\" height=\"150\" src=\"https:\/\/sites.ac-nancy-metz.fr\/lyc-arthur-varoquaux\/wp-content\/uploads\/2025\/03\/05_MMT_tridimensionnelle-150x150.jpg\" alt=\"\" aria-describedby=\"gallery-1-1652\" decoding=\"async\" \/><\/a><\/dt>\n<dd id=\"gallery-1-1652\">MMT Tridimensionnelle<\/dd>\n<\/dl>\n<dl>\n<dt><a data-elementor-open-lightbox=\"yes\" data-elementor-lightbox-slideshow=\"2b018de\" data-elementor-lightbox-title=\"01_MMT_optique\" data-e-action-hash=\"#elementor-action%3Aaction%3Dlightbox%26settings%3DeyJpZCI6MTY0OCwidXJsIjoiaHR0cHM6XC9cL3NpdGVzLmFjLW5hbmN5LW1ldHouZnJcL2x5Yy1hcnRodXItdmFyb3F1YXV4XC93cC1jb250ZW50XC91cGxvYWRzXC8yMDI1XC8wM1wvMDFfTU1UX29wdGlxdWUuanBnIiwic2xpZGVzaG93IjoiMmIwMThkZSJ9\" href=\"https:\/\/sites.ac-nancy-metz.fr\/lyc-arthur-varoquaux\/wp-content\/uploads\/2025\/03\/01_MMT_optique.jpg\"><img loading=\"lazy\" width=\"150\" height=\"150\" src=\"https:\/\/sites.ac-nancy-metz.fr\/lyc-arthur-varoquaux\/wp-content\/uploads\/2025\/03\/01_MMT_optique-150x150.jpg\" alt=\"\" aria-describedby=\"gallery-1-1648\" decoding=\"async\" \/><\/a><\/dt>\n<dd id=\"gallery-1-1648\">MMT Optique<\/dd>\n<\/dl>\n<dl>\n<dt><a data-elementor-open-lightbox=\"yes\" data-elementor-lightbox-slideshow=\"2b018de\" data-elementor-lightbox-title=\"06_Scanner_3D\" data-e-action-hash=\"#elementor-action%3Aaction%3Dlightbox%26settings%3DeyJpZCI6MTY1NCwidXJsIjoiaHR0cHM6XC9cL3NpdGVzLmFjLW5hbmN5LW1ldHouZnJcL2x5Yy1hcnRodXItdmFyb3F1YXV4XC93cC1jb250ZW50XC91cGxvYWRzXC8yMDI1XC8wM1wvMDZfU2Nhbm5lcl8zRC5qcGciLCJzbGlkZXNob3ciOiIyYjAxOGRlIn0%3D\" href=\"https:\/\/sites.ac-nancy-metz.fr\/lyc-arthur-varoquaux\/wp-content\/uploads\/2025\/03\/06_Scanner_3D.jpg\"><img loading=\"lazy\" width=\"150\" height=\"150\" src=\"https:\/\/sites.ac-nancy-metz.fr\/lyc-arthur-varoquaux\/wp-content\/uploads\/2025\/03\/06_Scanner_3D-150x150.jpg\" alt=\"\" aria-describedby=\"gallery-1-1654\" decoding=\"async\" \/><\/a><\/dt>\n<dd id=\"gallery-1-1654\">Scanner 3D<\/dd>\n<\/dl>\n<p><strong>Cette visite,<\/strong> organis\u00e9e gr\u00e2ce \u00e0 l&rsquo;implication de\u00a0<strong>M. Maginot<\/strong>\u00a0en collaboration avec\u00a0<strong>M. Lommel\u00e9<\/strong>,\u00a0<strong>avait un\u00a0<\/strong><strong style=\"font-size: inherit;\">double objectif\u00a0<\/strong>:\u00a0<\/p>\n<ul>\n<li><em><strong>faire d\u00e9couvrir \u00e0 nos \u00e9tudiants une poursuite d\u2019\u00e9tudes envisageable apr\u00e8s le BTS 2M;<\/strong><\/em><\/li>\n<\/ul>\n<ul>\n<li><em><strong>\u00a0leur offrir une exp\u00e9rience pratique sur des \u00e9quipements industriels de pointe<\/strong><\/em>, inaccessibles financi\u00e8rement pour notre \u00e9tablissement.<\/li>\n<\/ul>\n<p>Cette journ\u00e9e pourrait \u00eatre le point de d\u00e9part d&rsquo;une collaboration durable, avec potentiellement la mise en place d&rsquo;une convention permettant aux \u00e9tudiants de b\u00e9n\u00e9ficier de s\u00e9ances de TP industriels sur le site de\u00a0Lun\u00e9ville une \u00e0 deux fois par an.<\/p>\n<p>Un grand merci \u00e0 tous les acteurs de cette journ\u00e9e enrichissante pour nos \u00e9tudiants, en particulier \u00e0 l&rsquo;IUT\u00a0qui a mis sp\u00e9cialement un bus \u00e0 disposition prenant en charge le co\u00fbt du d\u00e9placement.<\/p>\n<p><strong>Gr\u00e9gory Rougeaux<\/strong>\u00a0<\/p>\n<h3><\/h3>\n\n<!-- wp:spacer -->\n<div style=\"height:100px\" aria-hidden=\"true\" class=\"wp-block-spacer\"><\/div>\n<!-- \/wp:spacer -->\n\n<!-- wp:heading {\"level\":3} -->\n<h3 class=\"wp-block-heading\">Salles de cours et TP<\/h3>\n<!-- \/wp:heading -->\n\n<!-- wp:algori-360-image\/block-algori-360-image {\"url\":\"https:\/\/sites.ac-nancy-metz.fr\/lyc-arthur-varoquaux\/wp-content\/uploads\/2025\/04\/BTS-2M-3009-scaled.jpg\",\"id\":1672} -->\n<figure style=\"width:600px;height:300px\" class=\"wp-block-algori-360-image-block-algori-360-image alignundefined\"><a-scene loading-screen=\"enabled: false;\" device-orientation-permission-ui=\"enabled: false\" embedded=\"\"><a-entity camera=\"\" look-controls=\"reverseMouseDrag: true\"><\/a-entity><a-sky src=\"https:\/\/sites.ac-nancy-metz.fr\/lyc-arthur-varoquaux\/wp-content\/uploads\/2025\/04\/BTS-2M-3009-scaled.jpg\"><\/a-sky><\/a-scene><\/figure>\n<!-- \/wp:algori-360-image\/block-algori-360-image -->\n\n<!-- wp:algori-360-image\/block-algori-360-image {\"url\":\"https:\/\/sites.ac-nancy-metz.fr\/lyc-arthur-varoquaux\/wp-content\/uploads\/2025\/04\/BTS-2M-2003-scaled.jpg\",\"id\":1671} -->\n<figure style=\"width:600px;height:300px\" class=\"wp-block-algori-360-image-block-algori-360-image alignundefined\"><a-scene loading-screen=\"enabled: false;\" device-orientation-permission-ui=\"enabled: false\" embedded=\"\"><a-entity camera=\"\" look-controls=\"reverseMouseDrag: true\"><\/a-entity><a-sky src=\"https:\/\/sites.ac-nancy-metz.fr\/lyc-arthur-varoquaux\/wp-content\/uploads\/2025\/04\/BTS-2M-2003-scaled.jpg\"><\/a-sky><\/a-scene><\/figure>\n<!-- \/wp:algori-360-image\/block-algori-360-image -->\n\n<!-- wp:spacer -->\n<div style=\"height:100px\" aria-hidden=\"true\" class=\"wp-block-spacer\"><\/div>\n<!-- \/wp:spacer -->","protected":false},"excerpt":{"rendered":"<p>M\u00e9tiers de la Mesure Plaquette_BTS_Metiers_de_le_Mesure_2025T\u00e9l\u00e9charger Immersion dans la M\u00e9trologie Industrielle Ce vendredi 14 mars, les \u00e9tudiants du BTS M\u00e9tiers de la Mesure ont pu d\u00e9couvrir la licence professionnelle M\u00e9tiers de l\u2019Instrumentation, de la Mesure et du Contr\u00f4le Qualit\u00e9 de l&lsquo;IUT Nancy-Brabois, sur le site de Lun\u00e9ville. A leur arriv\u00e9e, les [&hellip;]<\/p>\n","protected":false},"author":1,"featured_media":0,"parent":0,"menu_order":0,"comment_status":"closed","ping_status":"closed","template":"","meta":{"_themeisle_gutenberg_block_has_review":false,"footnotes":""},"class_list":["post-791","page","type-page","status-publish","hentry"],"_links":{"self":[{"href":"https:\/\/sites.ac-nancy-metz.fr\/lyc-arthur-varoquaux\/wp-json\/wp\/v2\/pages\/791","targetHints":{"allow":["GET"]}}],"collection":[{"href":"https:\/\/sites.ac-nancy-metz.fr\/lyc-arthur-varoquaux\/wp-json\/wp\/v2\/pages"}],"about":[{"href":"https:\/\/sites.ac-nancy-metz.fr\/lyc-arthur-varoquaux\/wp-json\/wp\/v2\/types\/page"}],"author":[{"embeddable":true,"href":"https:\/\/sites.ac-nancy-metz.fr\/lyc-arthur-varoquaux\/wp-json\/wp\/v2\/users\/1"}],"replies":[{"embeddable":true,"href":"https:\/\/sites.ac-nancy-metz.fr\/lyc-arthur-varoquaux\/wp-json\/wp\/v2\/comments?post=791"}],"version-history":[{"count":65,"href":"https:\/\/sites.ac-nancy-metz.fr\/lyc-arthur-varoquaux\/wp-json\/wp\/v2\/pages\/791\/revisions"}],"predecessor-version":[{"id":1832,"href":"https:\/\/sites.ac-nancy-metz.fr\/lyc-arthur-varoquaux\/wp-json\/wp\/v2\/pages\/791\/revisions\/1832"}],"wp:attachment":[{"href":"https:\/\/sites.ac-nancy-metz.fr\/lyc-arthur-varoquaux\/wp-json\/wp\/v2\/media?parent=791"}],"curies":[{"name":"wp","href":"https:\/\/api.w.org\/{rel}","templated":true}]}}