{"id":824,"date":"2023-05-30T08:25:49","date_gmt":"2023-05-30T06:25:49","guid":{"rendered":"https:\/\/sites.ac-nancy-metz.fr\/lyc-arthur-varoquaux\/?page_id=824"},"modified":"2023-06-19T09:43:56","modified_gmt":"2023-06-19T07:43:56","slug":"bts-par-apprentissage","status":"publish","type":"page","link":"https:\/\/sites.ac-nancy-metz.fr\/lyc-arthur-varoquaux\/bts-par-apprentissage\/","title":{"rendered":"BTS par apprentissage"},"content":{"rendered":"\n<p>Le BTS M\u00e9tiers de l&rsquo;Eau et le BTS Economie Sociale Familiale sont propos\u00e9s en apprentissage au lyc\u00e9e.<\/p>\n\n\n\n<p>Renseignements aupr\u00e8s du Directeur D\u00e9l\u00e9gu\u00e9 aux Formations Professionnelles et Technologiques au 03 83 29 28 35 ou ce.0540044@ac-nancy-metz.fr<\/p>\n\n\n\n<hr class=\"wp-block-separator has-alpha-channel-opacity\"\/>\n\n\n\n<div data-wp-interactive=\"core\/file\" class=\"wp-block-file\"><object data-wp-bind--hidden=\"!state.hasPdfPreview\" hidden class=\"wp-block-file__embed\" data=\"https:\/\/sites.ac-nancy-metz.fr\/lyc-arthur-varoquaux\/wp-content\/uploads\/2023\/06\/Fiche-apprentissage_BTS_ESF.pdf\" type=\"application\/pdf\" style=\"width:100%;height:600px\" aria-label=\"Contenu embarqu\u00e9 Fiche-apprentissage_BTS_ESF.\"><\/object><a id=\"wp-block-file--media-d5013fe4-350a-42ac-8d55-b809da25c0c0\" href=\"https:\/\/sites.ac-nancy-metz.fr\/lyc-arthur-varoquaux\/wp-content\/uploads\/2023\/06\/Fiche-apprentissage_BTS_ESF.pdf\">Fiche-apprentissage_BTS_ESF<\/a><a href=\"https:\/\/sites.ac-nancy-metz.fr\/lyc-arthur-varoquaux\/wp-content\/uploads\/2023\/06\/Fiche-apprentissage_BTS_ESF.pdf\" class=\"wp-block-file__button wp-element-button\" download aria-describedby=\"wp-block-file--media-d5013fe4-350a-42ac-8d55-b809da25c0c0\">T\u00e9l\u00e9charger<\/a><\/div>\n","protected":false},"excerpt":{"rendered":"<p>Le BTS M\u00e9tiers de l&rsquo;Eau et le BTS Economie Sociale Familiale sont propos\u00e9s en apprentissage au lyc\u00e9e. Renseignements aupr\u00e8s du Directeur D\u00e9l\u00e9gu\u00e9 aux Formations Professionnelles et Technologiques au 03 83 29 28 35 ou ce.0540044@ac-nancy-metz.fr<\/p>\n","protected":false},"author":1,"featured_media":0,"parent":0,"menu_order":0,"comment_status":"closed","ping_status":"closed","template":"","meta":{"_themeisle_gutenberg_block_has_review":false,"footnotes":""},"class_list":["post-824","page","type-page","status-publish","hentry"],"_links":{"self":[{"href":"https:\/\/sites.ac-nancy-metz.fr\/lyc-arthur-varoquaux\/wp-json\/wp\/v2\/pages\/824","targetHints":{"allow":["GET"]}}],"collection":[{"href":"https:\/\/sites.ac-nancy-metz.fr\/lyc-arthur-varoquaux\/wp-json\/wp\/v2\/pages"}],"about":[{"href":"https:\/\/sites.ac-nancy-metz.fr\/lyc-arthur-varoquaux\/wp-json\/wp\/v2\/types\/page"}],"author":[{"embeddable":true,"href":"https:\/\/sites.ac-nancy-metz.fr\/lyc-arthur-varoquaux\/wp-json\/wp\/v2\/users\/1"}],"replies":[{"embeddable":true,"href":"https:\/\/sites.ac-nancy-metz.fr\/lyc-arthur-varoquaux\/wp-json\/wp\/v2\/comments?post=824"}],"version-history":[{"count":6,"href":"https:\/\/sites.ac-nancy-metz.fr\/lyc-arthur-varoquaux\/wp-json\/wp\/v2\/pages\/824\/revisions"}],"predecessor-version":[{"id":919,"href":"https:\/\/sites.ac-nancy-metz.fr\/lyc-arthur-varoquaux\/wp-json\/wp\/v2\/pages\/824\/revisions\/919"}],"wp:attachment":[{"href":"https:\/\/sites.ac-nancy-metz.fr\/lyc-arthur-varoquaux\/wp-json\/wp\/v2\/media?parent=824"}],"curies":[{"name":"wp","href":"https:\/\/api.w.org\/{rel}","templated":true}]}}