{"id":952,"date":"2023-06-23T18:27:32","date_gmt":"2023-06-23T16:27:32","guid":{"rendered":"https:\/\/sites.ac-nancy-metz.fr\/lyc-arthur-varoquaux\/?page_id=952"},"modified":"2026-03-05T20:42:11","modified_gmt":"2026-03-05T19:42:11","slug":"inscriptions-2","status":"publish","type":"page","link":"https:\/\/sites.ac-nancy-metz.fr\/lyc-arthur-varoquaux\/inscriptions-2\/","title":{"rendered":"Inscriptions"},"content":{"rendered":"\n<p><strong>Pr\u00e9-bac : seconde &#8211; premi\u00e8re &#8211; terminale<\/strong> <strong>g\u00e9n\u00e9rale ou technologique<\/strong><\/p>\n\n\n\n<p>Les inscriptions au lyc\u00e9e sont soumises \u00e0 l&rsquo;affectation par la direction des services d\u00e9partementaux de l&rsquo;\u00e9ducation nationale de Meurthe et Moselle.<\/p>\n\n\n\n<p>6 JUILLET 2026 : LES ELEVES AFFECTES AU LYCEE EN PREMIERE GENERALE TELECHERGERONT LE PDF CI-DESSOUS. Toutes les consignes y figurent, merci de vous y r\u00e9f\u00e9rer.<\/p>\n\n\n\n<p><strong>Post bac : BTS<\/strong><\/p>\n\n\n\n<p>Les inscriptions en Section de Technicien Sup\u00e9rieur sont soumises \u00e0 affectation via Parcoursup.<\/p>\n\n\n\n<p>Pour les \u00e9tudiants admis, le dossier d&rsquo;inscription sera disponible en t\u00e9l\u00e9chargement prochainement.<\/p>\n\n\n\n<p><strong>DECESF<\/strong><\/p>\n\n\n\n<p>Les inscriptions en DECESF sont soumises \u00e0 une \u00e9tude de dossier et un entretien.<\/p>\n\n\n\n<ul class=\"wp-block-list\">\n<li>pour voir les conditions d&rsquo;admission et le dossier de candidature, cliquez <a href=\"https:\/\/sites.ac-nancy-metz.fr\/lyc-arthur-varoquaux\/decesf\/\" data-type=\"page\" data-id=\"203\">ici<\/a>.<\/li>\n\n\n\n<li>Vous \u00eates admis? T\u00e9l\u00e9chargez le dossier d&rsquo;inscription ult\u00e9rieurement.<\/li>\n<\/ul>\n","protected":false},"excerpt":{"rendered":"<p>Pr\u00e9-bac : seconde &#8211; premi\u00e8re &#8211; terminale g\u00e9n\u00e9rale ou technologique Les inscriptions au lyc\u00e9e sont soumises \u00e0 l&rsquo;affectation par la direction des services d\u00e9partementaux de l&rsquo;\u00e9ducation nationale de Meurthe et Moselle. 6 JUILLET 2026 : LES ELEVES AFFECTES AU LYCEE EN PREMIERE GENERALE TELECHERGERONT LE PDF CI-DESSOUS. Toutes les consignes [&hellip;]<\/p>\n","protected":false},"author":1,"featured_media":0,"parent":0,"menu_order":0,"comment_status":"closed","ping_status":"closed","template":"","meta":{"_themeisle_gutenberg_block_has_review":false,"footnotes":""},"class_list":["post-952","page","type-page","status-publish","hentry"],"_links":{"self":[{"href":"https:\/\/sites.ac-nancy-metz.fr\/lyc-arthur-varoquaux\/wp-json\/wp\/v2\/pages\/952","targetHints":{"allow":["GET"]}}],"collection":[{"href":"https:\/\/sites.ac-nancy-metz.fr\/lyc-arthur-varoquaux\/wp-json\/wp\/v2\/pages"}],"about":[{"href":"https:\/\/sites.ac-nancy-metz.fr\/lyc-arthur-varoquaux\/wp-json\/wp\/v2\/types\/page"}],"author":[{"embeddable":true,"href":"https:\/\/sites.ac-nancy-metz.fr\/lyc-arthur-varoquaux\/wp-json\/wp\/v2\/users\/1"}],"replies":[{"embeddable":true,"href":"https:\/\/sites.ac-nancy-metz.fr\/lyc-arthur-varoquaux\/wp-json\/wp\/v2\/comments?post=952"}],"version-history":[{"count":13,"href":"https:\/\/sites.ac-nancy-metz.fr\/lyc-arthur-varoquaux\/wp-json\/wp\/v2\/pages\/952\/revisions"}],"predecessor-version":[{"id":2344,"href":"https:\/\/sites.ac-nancy-metz.fr\/lyc-arthur-varoquaux\/wp-json\/wp\/v2\/pages\/952\/revisions\/2344"}],"wp:attachment":[{"href":"https:\/\/sites.ac-nancy-metz.fr\/lyc-arthur-varoquaux\/wp-json\/wp\/v2\/media?parent=952"}],"curies":[{"name":"wp","href":"https:\/\/api.w.org\/{rel}","templated":true}]}}