{"id":1128,"date":"2024-05-21T13:41:57","date_gmt":"2024-05-21T11:41:57","guid":{"rendered":"https:\/\/sites.ac-nancy-metz.fr\/lyc-jean-prouve-nancy\/?page_id=1128"},"modified":"2024-06-24T10:25:31","modified_gmt":"2024-06-24T08:25:31","slug":"ulis","status":"publish","type":"page","link":"https:\/\/sites.ac-nancy-metz.fr\/lyc-jean-prouve-nancy\/ulis\/","title":{"rendered":"ULIS"},"content":{"rendered":"\n<h1 class=\"has-text-color wp-block-heading\" style=\"color:#42a2a4\">Ulis-LP<\/h1>\n\n\n\n<h3 class=\"has-text-color wp-block-heading\" style=\"color:#42a2a4\">Pr\u00e9sentation du dispositif<\/h3>\n\n\n\n<p>L\u2019Ulis-LP du Lyc\u00e9e Professionnel Jean Prouv\u00e9<br>est un dispositif d\u2019accompagnement des \u00e9l\u00e8ves en situation de handicap. Qui accueille une douzaine d\u2019\u00e9l\u00e8ves.<br><br>C\u2019est un dispositif et non une classe. L\u2019orientation est faite \u00e0 la fois par la MDPH et l\u2019Inspection Acad\u00e9mique<br><br>Une coordinatrice en assure l\u2019organisation, en lien avec l\u2019ensemble de l\u2019\u00e9quipe \u00e9ducative.<br>Une AESH est rattach\u00e9e en permanence au dispositif.<br><br>Les \u00e9l\u00e8ves b\u00e9n\u00e9ficient ainsi d\u2019un suivi bienveillant leur permettant de r\u00e9ussir au lyc\u00e9e tout en d\u00e9veloppant leur autonomie afin de construire ou de consolider leur projet professionnel.<\/p>\n\n\n\n<h3 class=\"has-text-color wp-block-heading\" style=\"color:#42a2a4\">Projet professionnel<\/h3>\n\n\n\n<p class=\"has-text-color\" style=\"color:#42a2a4\"><strong>Le projet professionnel n\u2019est pas ou peu d\u00e9fini :<\/strong><\/p>\n\n\n\n<p>l\u2019\u00e9l\u00e8ve s\u2019engage alors pour une ann\u00e9e de r\u00e9flexion et de d\u00e9couverte pour le construire gr\u00e2ce \u00e0 des inclusions dans les sp\u00e9cialit\u00e9s professionnelles du lyc\u00e9e, des immersions dans d\u2019autres lyc\u00e9es et des stages en milieux professionnel.<\/p>\n\n\n\n<p class=\"has-text-color\" style=\"color:#42a2a4\"><strong>Le projet professionnel est d\u00e9fini :<\/strong><\/p>\n\n\n\n<p>l\u2019\u00e9l\u00e8ve poursuit en CAP ou en Bac Pro avec l\u2019appui du dispositif Ulis.\u00a0<\/p>\n\n\n\n<p>Fonctionnement<\/p>\n\n\n\n<p>Les \u00e9l\u00e8ves sont inscrits dans une classe de r\u00e9f\u00e9rence et suivent les enseignements selon leurs possibilit\u00e9s. Cela peut \u00e9voluer au cours de l\u2019ann\u00e9e.<\/p>\n\n\n\n<p>Les \u00e9l\u00e8ves b\u00e9n\u00e9ficient de temps de regroupements pour les activit\u00e9s d\u2019appui \u00e0 la scolarit\u00e9, les recherches de stage ou des projets sp\u00e9cifiques.<\/p>\n\n\n\n<p>Objectifs<\/p>\n\n\n\n<p>D\u00e9velopper l&rsquo;autonomie personnelle (transports, vie sociale et professionnelle) <br>Former un Citoyen responsable<br>Poursuivre les apprentissages scolaires tout en d\u00e9veloppant des comp\u00e9tences professionnelles<br>Construire un projet professionnel pour devenir un adulte autonome<\/p>\n\n\n\n<p>Le dispositif Ulis-LP permet dans un premier temps de d\u00e9couvrir des formations professionnelles puis dans un second, de tendre vers une certification dans le domaine envisag\u00e9 (CAP ou Bac Pro).<br><br>En premi\u00e8re ann\u00e9e, dite ann\u00e9e SAS, les \u00e9l\u00e8ves d\u00e9couvrent les formations propos\u00e9es en interne ou en r\u00e9seau avec les autres lyc\u00e9es professionnels du bassin.<br>Des stages en entreprise sont mis en place afin de confirmer ou infirmer le projet.<br><br>Les 2 ann\u00e9es suivantes permettent l\u2019inscription puis la formation dans le m\u00e9tier choisi avec le suivi du dispositif. Le dipl\u00f4me ou une attestation de comp\u00e9tences valide cette formation.<br><br>L\u2019accompagnement se poursuit apr\u00e8s la formation, avec la mise en lien pour l\u2019insertion dans la vie active, si n\u00e9cessaire demande de RQTH, avec CAP-Emploi.<\/p>\n\n\n\n<p><strong><a href=\"https:\/\/www.onisep.fr\/formation\/apres-la-3-la-voie-professionnelle\/en-situation-de-handicap-les-ulis-en-lycee-professionnel\">Liens utiles<\/a><\/strong><\/p>\n\n\n\n<p><a href=\"https:\/\/www.onisep.fr\/formation\/apres-la-3-la-voie-professionnelle\/en-situation-de-handicap-les-ulis-en-lycee-professionnel\">https<\/a><a href=\"https:\/\/www.onisep.fr\/formation\/apres-la-3-la-voie-professionnelle\/en-situation-de-handicap-les-ulis-en-lycee-professionnel\">:\/\/<\/a><a href=\"https:\/\/www.onisep.fr\/formation\/apres-la-3-la-voie-professionnelle\/en-situation-de-handicap-les-ulis-en-lycee-professionnel\">www.onisep.fr\/formation\/apres-la-3-la-voie-professionnelle\/en-situation-de-handicap-les-ulis-en-lycee-professionnel<\/a><\/p>\n\n\n\n<p><a href=\"https:\/\/www.education.gouv.fr\/bo\/16\/Hebdo45\/MENE1634901C.htm\">https:\/\/<\/a><a href=\"https:\/\/www.education.gouv.fr\/bo\/16\/Hebdo45\/MENE1634901C.htm\">www.education.gouv.fr\/bo\/16\/Hebdo45\/MENE1634901C.htm<\/a><\/p>\n\n\n\n<p><a href=\"https:\/\/eduscol.education.fr\/1170\/formation-et-insertion-professionnelles-des-eleves-en-situation-de-handicap\">https:\/\/<\/a><a href=\"https:\/\/eduscol.education.fr\/1170\/formation-et-insertion-professionnelles-des-eleves-en-situation-de-handicap\">eduscol.education.fr\/1170\/formation-et-insertion-professionnelles-des-eleves-en-situation-de-handicap<\/a><\/p>\n\n\n\n<p><a href=\"https:\/\/www.education.gouv.fr\/bo\/16\/Hebdo45\/MENE1634901C.htm?cid_bo=110092\">https:\/\/<\/a><a href=\"https:\/\/www.education.gouv.fr\/bo\/16\/Hebdo45\/MENE1634901C.htm?cid_bo=110092\">www.education.gouv.fr\/bo\/16\/Hebdo45\/MENE1634901C.htm?cid_bo=110092<\/a><\/p>\n\n\n\n<p><a href=\"https:\/\/www.capemploi-54.com\/\">https:\/\/www.capemploi-54.com<\/a><a href=\"https:\/\/www.capemploi-54.com\/\">\/<\/a><\/p>\n","protected":false},"excerpt":{"rendered":"<p>Ulis-LP Pr\u00e9sentation du dispositif L\u2019Ulis-LP du Lyc\u00e9e Professionnel Jean Prouv\u00e9est un dispositif d\u2019accompagnement des \u00e9l\u00e8ves en situation de handicap. Qui accueille une douzaine d\u2019\u00e9l\u00e8ves. C\u2019est un dispositif et non une classe. L\u2019orientation est faite \u00e0 la fois par la MDPH et l\u2019Inspection Acad\u00e9mique Une coordinatrice en assure l\u2019organisation, en lien avec l\u2019ensemble de l\u2019\u00e9quipe \u00e9ducative.Une [&hellip;]<\/p>\n","protected":false},"author":4,"featured_media":0,"parent":0,"menu_order":0,"comment_status":"closed","ping_status":"closed","template":"","meta":{"footnotes":""},"class_list":["post-1128","page","type-page","status-publish","hentry","entry"],"_links":{"self":[{"href":"https:\/\/sites.ac-nancy-metz.fr\/lyc-jean-prouve-nancy\/wp-json\/wp\/v2\/pages\/1128","targetHints":{"allow":["GET"]}}],"collection":[{"href":"https:\/\/sites.ac-nancy-metz.fr\/lyc-jean-prouve-nancy\/wp-json\/wp\/v2\/pages"}],"about":[{"href":"https:\/\/sites.ac-nancy-metz.fr\/lyc-jean-prouve-nancy\/wp-json\/wp\/v2\/types\/page"}],"author":[{"embeddable":true,"href":"https:\/\/sites.ac-nancy-metz.fr\/lyc-jean-prouve-nancy\/wp-json\/wp\/v2\/users\/4"}],"replies":[{"embeddable":true,"href":"https:\/\/sites.ac-nancy-metz.fr\/lyc-jean-prouve-nancy\/wp-json\/wp\/v2\/comments?post=1128"}],"version-history":[{"count":6,"href":"https:\/\/sites.ac-nancy-metz.fr\/lyc-jean-prouve-nancy\/wp-json\/wp\/v2\/pages\/1128\/revisions"}],"predecessor-version":[{"id":1600,"href":"https:\/\/sites.ac-nancy-metz.fr\/lyc-jean-prouve-nancy\/wp-json\/wp\/v2\/pages\/1128\/revisions\/1600"}],"wp:attachment":[{"href":"https:\/\/sites.ac-nancy-metz.fr\/lyc-jean-prouve-nancy\/wp-json\/wp\/v2\/media?parent=1128"}],"curies":[{"name":"wp","href":"https:\/\/api.w.org\/{rel}","templated":true}]}}