{"id":1174,"date":"2024-05-22T09:57:50","date_gmt":"2024-05-22T07:57:50","guid":{"rendered":"https:\/\/sites.ac-nancy-metz.fr\/lyc-jean-prouve-nancy\/?page_id=1174"},"modified":"2024-06-17T19:20:11","modified_gmt":"2024-06-17T17:20:11","slug":"cap-peinture-en-carrosserie","status":"publish","type":"page","link":"https:\/\/sites.ac-nancy-metz.fr\/lyc-jean-prouve-nancy\/cap-peinture-en-carrosserie\/","title":{"rendered":"CAP Peintre automobile"},"content":{"rendered":"\n<h1 class=\"has-text-color wp-block-heading\" style=\"color:#42a2a4\">CAP Peintre automobile<\/h1>\n\n\n\n<h3 class=\"has-text-color wp-block-heading\" style=\"color:#42a2a4\">Satisfaction et r\u00e9ussite des apprentis <\/h3>\n\n\n\n<p>20% : Satisfaisant<br>80% : Tr\u00e8s satisfaisant<\/p>\n\n\n\n<p>100% de r\u00e9ussite aux examens en 2023<\/p>\n\n\n\n<h2 class=\"has-text-color wp-block-heading\" style=\"color:#42a2a4\">Documents joints<\/h2>\n\n\n\n<div class=\"wp-block-file\"><a id=\"wp-block-file--media-98193eaa-f683-400e-8c4d-949356e58fac\" href=\"https:\/\/sites.ac-nancy-metz.fr\/lyc-jean-prouve-nancy\/wp-content\/uploads\/2024\/06\/UFA-Jean-prouve-Fiche-produit-CAP-PA.pdf\">CAP Peintre automobile<\/a><a href=\"https:\/\/sites.ac-nancy-metz.fr\/lyc-jean-prouve-nancy\/wp-content\/uploads\/2024\/06\/UFA-Jean-prouve-Fiche-produit-CAP-PA.pdf\" class=\"wp-block-file__button\" download aria-describedby=\"wp-block-file--media-98193eaa-f683-400e-8c4d-949356e58fac\">T\u00e9l\u00e9charger<\/a><\/div>\n\n\n\n<h2 class=\"has-text-color wp-block-heading\" style=\"color:#42a2a4\">Pr\u00e9 candidater<\/h2>\n\n\n\n<p>La pr\u00e9 candidature peut \u00eatre effectu\u00e9e m\u00eame si le jeune n&rsquo;a pas encore trouv\u00e9 de lieu d&rsquo;apprentissage<\/p>\n\n\n\n<div class=\"wp-block-file\"><a id=\"wp-block-file--media-98193eaa-f683-400e-8c4d-949356e58fac\" href=\"https:\/\/sites.ac-nancy-metz.fr\/lyc-jean-prouve-nancy\/wp-content\/uploads\/2024\/06\/pre-candidature.docx\">Plus d&rsquo;informations<\/a><a href=\"https:\/\/sites.ac-nancy-metz.fr\/lyc-jean-prouve-nancy\/wp-content\/uploads\/2024\/06\/pre-candidature.docx\" class=\"wp-block-file__button\" download aria-describedby=\"wp-block-file--media-98193eaa-f683-400e-8c4d-949356e58fac\">T\u00e9l\u00e9charger<\/a><\/div>\n\n\n<div class=\"wp-block-image\">\n<figure class=\"alignleft is-resized\"><img loading=\"lazy\" decoding=\"async\" src=\"https:\/\/sites.ac-nancy-metz.fr\/lyc-jean-prouve-nancy\/wp-content\/uploads\/2024\/06\/QR-CODE-Portail-pre-candidature-netypareo-1.png\" alt=\"\" class=\"wp-image-1558\" width=\"183\" height=\"183\" srcset=\"https:\/\/sites.ac-nancy-metz.fr\/lyc-jean-prouve-nancy\/wp-content\/uploads\/2024\/06\/QR-CODE-Portail-pre-candidature-netypareo-1.png 834w, https:\/\/sites.ac-nancy-metz.fr\/lyc-jean-prouve-nancy\/wp-content\/uploads\/2024\/06\/QR-CODE-Portail-pre-candidature-netypareo-1-300x300.png 300w, https:\/\/sites.ac-nancy-metz.fr\/lyc-jean-prouve-nancy\/wp-content\/uploads\/2024\/06\/QR-CODE-Portail-pre-candidature-netypareo-1-150x150.png 150w, https:\/\/sites.ac-nancy-metz.fr\/lyc-jean-prouve-nancy\/wp-content\/uploads\/2024\/06\/QR-CODE-Portail-pre-candidature-netypareo-1-768x768.png 768w, https:\/\/sites.ac-nancy-metz.fr\/lyc-jean-prouve-nancy\/wp-content\/uploads\/2024\/06\/QR-CODE-Portail-pre-candidature-netypareo-1-600x600.png 600w\" sizes=\"auto, (max-width: 183px) 100vw, 183px\" \/><\/figure>\n<\/div>","protected":false},"excerpt":{"rendered":"<p>CAP Peintre automobile Satisfaction et r\u00e9ussite des apprentis 20% : Satisfaisant80% : Tr\u00e8s satisfaisant 100% de r\u00e9ussite aux examens en 2023 Documents joints Pr\u00e9 candidater La pr\u00e9 candidature peut \u00eatre effectu\u00e9e m\u00eame si le jeune n&rsquo;a pas encore trouv\u00e9 de lieu d&rsquo;apprentissage<\/p>\n","protected":false},"author":4,"featured_media":0,"parent":0,"menu_order":0,"comment_status":"closed","ping_status":"closed","template":"","meta":{"footnotes":""},"class_list":["post-1174","page","type-page","status-publish","hentry","entry"],"_links":{"self":[{"href":"https:\/\/sites.ac-nancy-metz.fr\/lyc-jean-prouve-nancy\/wp-json\/wp\/v2\/pages\/1174","targetHints":{"allow":["GET"]}}],"collection":[{"href":"https:\/\/sites.ac-nancy-metz.fr\/lyc-jean-prouve-nancy\/wp-json\/wp\/v2\/pages"}],"about":[{"href":"https:\/\/sites.ac-nancy-metz.fr\/lyc-jean-prouve-nancy\/wp-json\/wp\/v2\/types\/page"}],"author":[{"embeddable":true,"href":"https:\/\/sites.ac-nancy-metz.fr\/lyc-jean-prouve-nancy\/wp-json\/wp\/v2\/users\/4"}],"replies":[{"embeddable":true,"href":"https:\/\/sites.ac-nancy-metz.fr\/lyc-jean-prouve-nancy\/wp-json\/wp\/v2\/comments?post=1174"}],"version-history":[{"count":5,"href":"https:\/\/sites.ac-nancy-metz.fr\/lyc-jean-prouve-nancy\/wp-json\/wp\/v2\/pages\/1174\/revisions"}],"predecessor-version":[{"id":1571,"href":"https:\/\/sites.ac-nancy-metz.fr\/lyc-jean-prouve-nancy\/wp-json\/wp\/v2\/pages\/1174\/revisions\/1571"}],"wp:attachment":[{"href":"https:\/\/sites.ac-nancy-metz.fr\/lyc-jean-prouve-nancy\/wp-json\/wp\/v2\/media?parent=1174"}],"curies":[{"name":"wp","href":"https:\/\/api.w.org\/{rel}","templated":true}]}}