{"id":234,"date":"2022-06-02T13:23:29","date_gmt":"2022-06-02T11:23:29","guid":{"rendered":"http:\/\/localhost\/SiteJeanProuve\/?page_id=234"},"modified":"2024-06-14T11:07:19","modified_gmt":"2024-06-14T09:07:19","slug":"visite-du-lycee","status":"publish","type":"page","link":"https:\/\/sites.ac-nancy-metz.fr\/lyc-jean-prouve-nancy\/visite-du-lycee\/","title":{"rendered":"Visite du lyc\u00e9e"},"content":{"rendered":"\n<h1 class=\"wp-block-heading\">Plan de masse du lyc\u00e9e<\/h1>\n\n\n\n<figure class=\"wp-block-image size-large is-resized is-style-default\"><img loading=\"lazy\" decoding=\"async\" src=\"..\/plan-de-masse-total.jpg\" alt=\"plan de masse du lyc\u00e9e jean prouv\u00e9\" class=\"wp-image-236\" width=\"1024\" height=\"485\"\/><\/figure>\n\n\n\n<p>vid\u00e9o de visitedu lyc\u00e9e &#8230;<\/p>\n\n\n\n<script>\nfunction toggleText(t){\n  var x = document.getElementById(t);\n  if (x.style.display === \"none\") {\n    x.style.display = \"block\";\n  } else {\n    x.style.display = \"none\";\n  }\n}\n<\/script>\n<style>\nh2:hover {\n  color: #42a2a4;\n}\n<\/style>\n<span onclick=\"toggleText('batA')\"><a style=\"text-decoration: none;\"><h2>&rArr; B\u00e2timent A : Administration<\/h2><\/a><\/span>\n<div id=\"batA\" style=\"display: none;\">\n\n\n\n<p>Vous y trouvez&nbsp;:<\/p>\n\n\n\n<ul class=\"wp-block-list\"><li>les bureaux de la direction et de l\u2019administration.<\/li><li>l\u2019accueil&nbsp;: passage oblig\u00e9 (parents, entreprises, visiteurs) avant d\u2019acc\u00e9der \u00e0 toute autre partie de l\u2019\u00e9tablissement.<\/li><\/ul>\n\n\n\n<figure class=\"wp-block-image size-full is-resized is-style-default\"><img loading=\"lazy\" decoding=\"async\" src=\"https:\/\/sites.ac-nancy-metz.fr\/lyc-jean-prouve-nancy\/wp-content\/uploads\/2024\/06\/IMG_8615.jpg\" alt=\"\" class=\"wp-image-1460\" width=\"581\" height=\"436\" srcset=\"https:\/\/sites.ac-nancy-metz.fr\/lyc-jean-prouve-nancy\/wp-content\/uploads\/2024\/06\/IMG_8615.jpg 640w, https:\/\/sites.ac-nancy-metz.fr\/lyc-jean-prouve-nancy\/wp-content\/uploads\/2024\/06\/IMG_8615-300x225.jpg 300w\" sizes=\"auto, (max-width: 581px) 100vw, 581px\" \/><\/figure>\n\n\n\n<\/div>\n<span onclick=\"toggleText('batB')\"><a style=\"text-decoration: none;\"><h2>&rArr; B\u00e2timent B : Enseignement g\u00e9n\u00e9ral \/ Restaurant scolaire<\/h2><\/a><\/span>\n<div id=\"batB\" style=\"display: none;\">\n\n\n\n<p>Vous y trouvez&nbsp;:<\/p>\n\n\n\n<ul class=\"wp-block-list\"><li>Les bureaux de la Vie scolaire.<\/li><li>Le CDI.<\/li><li>L\u2019infirmerie.<\/li><li>Le restaurant scolaire.<\/li><li>Le bureau de l\u2019agent-chef<\/li><li>Les salles de cours de l\u2019enseignement g\u00e9n\u00e9ral\u00a0: sciences, langues, lettres, histoire g\u00e9ographie etc<\/li><li>Les salles de cours d\u00e9di\u00e9es au bac professionnel \u00ab\u00a0proth\u00e9sistes dentaires\u00a0\u00bb.<\/li><\/ul>\n\n\n\n<p>Entr\u00e9e b\u00e2timent B<\/p>\n\n\n\n<figure class=\"wp-block-image size-full is-resized\"><img loading=\"lazy\" decoding=\"async\" src=\"https:\/\/sites.ac-nancy-metz.fr\/lyc-jean-prouve-nancy\/wp-content\/uploads\/2024\/06\/IMG_8616.jpg\" alt=\"\" class=\"wp-image-1462\" width=\"574\" height=\"431\" srcset=\"https:\/\/sites.ac-nancy-metz.fr\/lyc-jean-prouve-nancy\/wp-content\/uploads\/2024\/06\/IMG_8616.jpg 640w, https:\/\/sites.ac-nancy-metz.fr\/lyc-jean-prouve-nancy\/wp-content\/uploads\/2024\/06\/IMG_8616-300x225.jpg 300w\" sizes=\"auto, (max-width: 574px) 100vw, 574px\" \/><\/figure>\n\n\n\n<p>Atrium<\/p>\n\n\n\n<figure class=\"wp-block-image size-full is-resized\"><img loading=\"lazy\" decoding=\"async\" src=\"https:\/\/sites.ac-nancy-metz.fr\/lyc-jean-prouve-nancy\/wp-content\/uploads\/2024\/06\/IMG_8617.jpg\" alt=\"\" class=\"wp-image-1463\" width=\"575\" height=\"432\" srcset=\"https:\/\/sites.ac-nancy-metz.fr\/lyc-jean-prouve-nancy\/wp-content\/uploads\/2024\/06\/IMG_8617.jpg 640w, https:\/\/sites.ac-nancy-metz.fr\/lyc-jean-prouve-nancy\/wp-content\/uploads\/2024\/06\/IMG_8617-300x225.jpg 300w\" sizes=\"auto, (max-width: 575px) 100vw, 575px\" \/><\/figure>\n\n\n\n<p>CDI<br><\/p>\n\n\n\n<figure class=\"wp-block-image size-full is-resized\"><img loading=\"lazy\" decoding=\"async\" src=\"https:\/\/sites.ac-nancy-metz.fr\/lyc-jean-prouve-nancy\/wp-content\/uploads\/2024\/06\/IMG_8618.jpg\" alt=\"\" class=\"wp-image-1464\" width=\"578\" height=\"322\" srcset=\"https:\/\/sites.ac-nancy-metz.fr\/lyc-jean-prouve-nancy\/wp-content\/uploads\/2024\/06\/IMG_8618.jpg 640w, https:\/\/sites.ac-nancy-metz.fr\/lyc-jean-prouve-nancy\/wp-content\/uploads\/2024\/06\/IMG_8618-300x167.jpg 300w\" sizes=\"auto, (max-width: 578px) 100vw, 578px\" \/><\/figure>\n\n\n\n<p>Restaurant scolaire<br><img loading=\"lazy\" decoding=\"async\" width=\"500\" height=\"375\" src=\"http:\/\/www4.ac-nancy-metz.fr\/lyc-jeanprouvenancy\/IMG\/jpg\/p1220039.jpg\" alt=\"\"><\/p>\n\n\n\n<\/div>\n<span onclick=\"toggleText('batC')\"><a style=\"text-decoration: none;\"><h2>&rArr; B\u00e2timent C : Ateliers \u00e9lectronique \/ Chaudronnerie m\u00e9tallerie<\/h2><\/a><\/span>\n<div id=\"batC\" style=\"display: none;\">\n\n\n\n<p>Vous y trouvez&nbsp;:<\/p>\n\n\n\n<ul class=\"wp-block-list\"><li>Les bureaux du chef de travaux et de son assistant.<\/li><li>Les salles de cours d\u00e9di\u00e9es au baccalaur\u00e9at professionnel de technicien \u00ab&nbsp;syst\u00e8me \u00e9lectronique num\u00e9rique&nbsp;\u00bb.<\/li><li>Les salles d\u00e9di\u00e9es au CAP \u00ab&nbsp;serrurier m\u00e9tallier&nbsp;\u00bb et au baccalaur\u00e9at professionnel de technicien en \u00ab&nbsp;chaudronnerie industrielle&nbsp;\u00bb.<\/li><li>La salle \u00ab&nbsp;Andr\u00e9-Marie Amp\u00e8re&nbsp;\u00bb<\/li><\/ul>\n\n\n\n<p><em>Andr\u00e9-Marie Amp\u00e8re, n\u00e9 \u00e0 Lyon le 20 janvier 1775 et mort \u00e0 Marseille le 10 juin 1836, est un math\u00e9maticien et physicien fran\u00e7ais. Il inventa le premier t\u00e9l\u00e9graphe, l\u2019\u00e9lectroaimant. Son nom a \u00e9t\u00e9 donn\u00e9 \u00e0 l\u2019unit\u00e9 internationale de l\u2019intensit\u00e9 du courant \u00e9lectrique.<\/em><\/p>\n\n\n\n<p>Vue ext\u00e9rieure<br><img loading=\"lazy\" decoding=\"async\" width=\"500\" height=\"375\" src=\"http:\/\/www4.ac-nancy-metz.fr\/lyc-jeanprouvenancy\/IMG\/jpg\/p1220042.jpg\" alt=\"\"><br><img loading=\"lazy\" decoding=\"async\" width=\"500\" height=\"375\" src=\"http:\/\/www4.ac-nancy-metz.fr\/lyc-jeanprouvenancy\/IMG\/jpg\/p1220045.jpg\" alt=\"\"><br><\/p>\n\n\n\n<p>Atelier Sen Alarmes s\u00e9curit\u00e9 Incendie<br><img loading=\"lazy\" decoding=\"async\" width=\"500\" height=\"375\" src=\"http:\/\/www4.ac-nancy-metz.fr\/lyc-jeanprouvenancy\/IMG\/jpg\/p1220071.jpg\" alt=\"\"><br><\/p>\n\n\n\n<p>Atelier Sen Electrodomestique<br><img loading=\"lazy\" decoding=\"async\" width=\"500\" height=\"375\" src=\"http:\/\/www4.ac-nancy-metz.fr\/lyc-jeanprouvenancy\/IMG\/jpg\/p1220075.jpg\" alt=\"\"><br><\/p>\n\n\n\n<p>Atelier Structures M\u00e9talliques<br><img loading=\"lazy\" decoding=\"async\" width=\"500\" height=\"375\" src=\"http:\/\/www4.ac-nancy-metz.fr\/lyc-jeanprouvenancy\/IMG\/jpg\/p1220083.jpg\" alt=\"\"><br><\/p>\n\n\n\n<p>Atelier Tuyauteurs<br><img loading=\"lazy\" decoding=\"async\" width=\"500\" height=\"375\" src=\"http:\/\/www4.ac-nancy-metz.fr\/lyc-jeanprouvenancy\/IMG\/jpg\/p1220082.jpg\" alt=\"\"><br><\/p>\n\n\n\n<p>Atelier Ferronnerie<br><img loading=\"lazy\" decoding=\"async\" width=\"500\" height=\"375\" src=\"http:\/\/www4.ac-nancy-metz.fr\/lyc-jeanprouvenancy\/IMG\/jpg\/p1220078.jpg\" alt=\"\"><\/p>\n\n\n\n<\/div>\n<span onclick=\"toggleText('batD')\"><a style=\"text-decoration: none;\"><h2>&rArr; B\u00e2timent D : Ateliers \u00e9lectricit\u00e9 \/ froid et climatisation<\/h2><\/a><\/span>\n<div id=\"batD\" style=\"display: none;\">\n\n\n\n<p>Vous y trouvez&nbsp;:<\/p>\n\n\n\n<ul class=\"wp-block-list\"><li>les salles d\u00e9di\u00e9es \u00e0 l\u2019enseignement du baccalaur\u00e9at de technicien en \u00ab&nbsp;froid et conditionnement de l\u2019air&nbsp;\u00bb et du baccalaur\u00e9at de technicien en \u00ab&nbsp;\u00e9lectrotechnique \u00e9nergie \u00e9quipements communicants&nbsp;\u00bb<\/li><\/ul>\n\n\n\n<figure class=\"wp-block-image\"><img decoding=\"async\" src=\"http:\/\/www4.ac-nancy-metz.fr\/lyc-jeanprouvenancy\/IMG\/jpg\/p1220066.jpg\" alt=\"\"\/><\/figure>\n\n\n\n<p> <\/p>\n\n\n\n<figure class=\"wp-block-image\"><img decoding=\"async\" src=\"http:\/\/www4.ac-nancy-metz.fr\/lyc-jeanprouvenancy\/IMG\/jpg\/p1220064.jpg\" alt=\"\"\/><\/figure>\n\n\n\n<\/div>\n<span onclick=\"toggleText('batE')\"><a style=\"text-decoration: none;\"><h2>&rArr; B\u00e2timent E : UFA \/ Atelier de maintenance automobile<\/h2><\/a><\/span>\n<div id=\"batE\" style=\"display: none;\">\n\n\n\n<p>Vous y trouvez&nbsp;:<\/p>\n\n\n\n<ul class=\"wp-block-list\"><li>les locaux d\u00e9di\u00e9s aux formations par la voie de l\u2019apprentissage<\/li><li>les bureaux administratifs<\/li><li>les salles de cours de l\u2019enseignement g\u00e9n\u00e9ral<\/li><li>le centre de documentation et de ressources (CDR)<\/li><li>les ateliers r\u00e9serv\u00e9s au CAP et baccalaur\u00e9ats professionnels \u00ab\u00a0maintenance automobile\u00a0\u00bb<\/li><\/ul>\n\n\n\n<p>Entr\u00e9e UFA<\/p>\n\n\n\n<figure class=\"wp-block-image size-full is-resized\"><img loading=\"lazy\" decoding=\"async\" src=\"https:\/\/sites.ac-nancy-metz.fr\/lyc-jean-prouve-nancy\/wp-content\/uploads\/2024\/06\/IMG_8619.jpg\" alt=\"\" class=\"wp-image-1465\" width=\"594\" height=\"410\" srcset=\"https:\/\/sites.ac-nancy-metz.fr\/lyc-jean-prouve-nancy\/wp-content\/uploads\/2024\/06\/IMG_8619.jpg 640w, https:\/\/sites.ac-nancy-metz.fr\/lyc-jean-prouve-nancy\/wp-content\/uploads\/2024\/06\/IMG_8619-300x207.jpg 300w\" sizes=\"auto, (max-width: 594px) 100vw, 594px\" \/><\/figure>\n\n\n\n<p><br><br><img loading=\"lazy\" decoding=\"async\" width=\"500\" height=\"375\" src=\"http:\/\/www4.ac-nancy-metz.fr\/lyc-jeanprouvenancy\/IMG\/jpg\/p1220046.jpg\" alt=\"\"><br><\/p>\n\n\n\n<p>CDR<br><img loading=\"lazy\" decoding=\"async\" width=\"500\" height=\"375\" src=\"http:\/\/www4.ac-nancy-metz.fr\/lyc-jeanprouvenancy\/IMG\/jpg\/img_1438.jpg\" alt=\"\"><br><\/p>\n\n\n\n<p>Atelier<br><img loading=\"lazy\" decoding=\"async\" width=\"500\" height=\"375\" src=\"http:\/\/www4.ac-nancy-metz.fr\/lyc-jeanprouvenancy\/IMG\/jpg\/img_1442.jpg\" alt=\"\"><br><img loading=\"lazy\" decoding=\"async\" width=\"500\" height=\"375\" src=\"http:\/\/www4.ac-nancy-metz.fr\/lyc-jeanprouvenancy\/IMG\/jpg\/p1220060.jpg\" alt=\"\"><br><img loading=\"lazy\" decoding=\"async\" width=\"500\" height=\"375\" src=\"http:\/\/www4.ac-nancy-metz.fr\/lyc-jeanprouvenancy\/IMG\/jpg\/p1220062.jpg\" alt=\"\"><\/p>\n\n\n\n<\/div>\n<span onclick=\"toggleText('batF')\"><a style=\"text-decoration: none;\"><h2>&rArr; B\u00e2timent F : Gymnase<\/h2><\/a><\/span>\n<div id=\"batF\" style=\"display: none;\">\n\n\n\n<p>Vous y trouvez&nbsp;:<\/p>\n\n\n\n<ul class=\"wp-block-list\"><li>les \u00e9quipements d\u00e9di\u00e9s \u00e0 \u00ab&nbsp;l\u2019\u00e9ducation physique et sportive&nbsp;\u00bb<\/li><\/ul>\n\n\n\n<p>Entr\u00e9e gymnase<\/p>\n\n\n\n<figure class=\"wp-block-image size-full\"><img loading=\"lazy\" decoding=\"async\" width=\"640\" height=\"352\" src=\"https:\/\/sites.ac-nancy-metz.fr\/lyc-jean-prouve-nancy\/wp-content\/uploads\/2024\/06\/IMG_8620.jpg\" alt=\"\" class=\"wp-image-1466\" srcset=\"https:\/\/sites.ac-nancy-metz.fr\/lyc-jean-prouve-nancy\/wp-content\/uploads\/2024\/06\/IMG_8620.jpg 640w, https:\/\/sites.ac-nancy-metz.fr\/lyc-jean-prouve-nancy\/wp-content\/uploads\/2024\/06\/IMG_8620-300x165.jpg 300w\" sizes=\"auto, (max-width: 640px) 100vw, 640px\" \/><\/figure>\n\n\n\n<\/div>\n<span onclick=\"toggleText('batG')\"><a style=\"text-decoration: none;\"><h2>&rArr; B\u00e2timent G : Salle de r\u00e9union<\/h2><\/a><\/span>\n<div id=\"batG\" style=\"display: none;\">\n\n\n\n<p>Vous y trouvez&nbsp;:<\/p>\n\n\n\n<ul class=\"wp-block-list\"><li>la salle \u00ab&nbsp;Beau de Rochas&nbsp;\u00bb, salle des conseils<\/li><\/ul>\n\n\n\n<p><em><strong>Alphonse Eug\u00e8ne Beau dit Beau de Rochas<\/strong>&nbsp;, n\u00e9 le 9 avril 1815 \u00e0 Digne les bains, mort le 27 mars 12893 \u00e0 Vincennes, fut un ing\u00e9nieur thermodynamicien. Il posa le premier c\u00e2ble t\u00e9l\u00e9graphique sous-marin. Il fut connu pour la d\u00e9finition du cycle \u00e0 quatre temps et pour la d\u00e9finition du coefficient de propulsion du moteur \u00e0 r\u00e9action.<\/em><\/p>\n\n\n\n<ul class=\"wp-block-list\"><li>les salles \u00ab&nbsp;Ambroise Par\u00e9&nbsp;\u00bb et \u00ab&nbsp;Ferdinand Carr\u00e9&nbsp;\u00bb<\/li><\/ul>\n\n\n\n<p><em><strong>Ambroise Par\u00e9<\/strong>&nbsp;, n\u00e9 vers 1510 au Bourg Hersen, pr\u00e8s de Laval et mort le 20 d\u00e9cembre 1590 \u00e0 Paris est un chirurgien et anatomiste fran\u00e7ais. C\u2019est en Egypte dans les sarcophages que furent d\u00e9couvertes les premi\u00e8res traces de proth\u00e8ses dentaires. Il fallut attendre le XVI si\u00e8cle avec Ambroise Par\u00e9 pour observer l\u2019apparition de nouvelles techniques, notamment celle de la proth\u00e8se amovible&nbsp;; celle-ci \u00e9tait alors fabriqu\u00e9e \u00e0 base de f\u00e9mur de b\u0153uf.<\/em><\/p>\n\n\n\n<p><em><strong>Ferdinand Philippe Edouard Carr\u00e9<\/strong>&nbsp;est un ing\u00e9nieur et inventeur fran\u00e7ais n\u00e9 \u00e0 Moislans en 1824 et mort en 1900 \u00e0 Pommeuse.<br>Il s\u2019est fait conna\u00eetre comme l\u2019inventeur d\u2019appareils frigorifiques. L\u2019invention majeure de Ferdinand Carr\u00e9 est le r\u00e9frig\u00e9rateur \u00e0 absorption. Il a donn\u00e9 son nom au cycle de Carr\u00e9 d\u00e9crivant le proc\u00e9d\u00e9 de r\u00e9frig\u00e9ration par absorption \u00e0 2 fluides et 2 niveaux de pression.<\/em><\/p>\n\n\n\n<figure class=\"wp-block-image\"><img decoding=\"async\" src=\"http:\/\/www4.ac-nancy-metz.fr\/lyc-jeanprouvenancy\/IMG\/jpg\/p1220025.jpg\" alt=\"\"\/><\/figure>\n\n\n\n<\/div>\n<span onclick=\"toggleText('batH')\"><a style=\"text-decoration: none;\"><h2>&rArr; B\u00e2timent H : Ateliers carrosserie et peinture<\/h2><\/a><\/span>\n<div id=\"batH\" style=\"display: none;\">\n\n\n\n<p>Vous y trouvez&nbsp;;<\/p>\n\n\n\n<ul class=\"wp-block-list\"><li>les salles d\u00e9di\u00e9es aux CAP \u00ab&nbsp;r\u00e9paration des carrosseries&nbsp;\u00bb \u00ab&nbsp;peinture en carrosserie&nbsp;\u00bb<\/li><\/ul>\n\n\n\n<figure class=\"wp-block-image size-large is-resized\"><img loading=\"lazy\" decoding=\"async\" src=\"https:\/\/sites.ac-nancy-metz.fr\/lyc-jean-prouve-nancy\/wp-content\/uploads\/2022\/07\/Batiment-H-1024x768.jpg\" alt=\"\" class=\"wp-image-984\" width=\"512\" height=\"384\" srcset=\"https:\/\/sites.ac-nancy-metz.fr\/lyc-jean-prouve-nancy\/wp-content\/uploads\/2022\/07\/Batiment-H-1024x768.jpg 1024w, https:\/\/sites.ac-nancy-metz.fr\/lyc-jean-prouve-nancy\/wp-content\/uploads\/2022\/07\/Batiment-H-300x225.jpg 300w, https:\/\/sites.ac-nancy-metz.fr\/lyc-jean-prouve-nancy\/wp-content\/uploads\/2022\/07\/Batiment-H-768x576.jpg 768w, https:\/\/sites.ac-nancy-metz.fr\/lyc-jean-prouve-nancy\/wp-content\/uploads\/2022\/07\/Batiment-H-1536x1152.jpg 1536w, https:\/\/sites.ac-nancy-metz.fr\/lyc-jean-prouve-nancy\/wp-content\/uploads\/2022\/07\/Batiment-H-2048x1536.jpg 2048w\" sizes=\"auto, (max-width: 512px) 100vw, 512px\" \/><\/figure>\n\n\n\n<\/div>\n","protected":false},"excerpt":{"rendered":"<p>Plan de masse du lyc\u00e9e vid\u00e9o de visitedu lyc\u00e9e &#8230; &rArr; B\u00e2timent A : Administration Vous y trouvez&nbsp;: les bureaux de la direction et de l\u2019administration. l\u2019accueil&nbsp;: passage oblig\u00e9 (parents, entreprises, visiteurs) avant d\u2019acc\u00e9der \u00e0 toute autre partie de l\u2019\u00e9tablissement. &rArr; B\u00e2timent B : Enseignement g\u00e9n\u00e9ral \/ Restaurant scolaire Vous y trouvez&nbsp;: Les bureaux de [&hellip;]<\/p>\n","protected":false},"author":2,"featured_media":0,"parent":0,"menu_order":0,"comment_status":"closed","ping_status":"closed","template":"","meta":{"footnotes":""},"class_list":["post-234","page","type-page","status-publish","hentry","entry"],"_links":{"self":[{"href":"https:\/\/sites.ac-nancy-metz.fr\/lyc-jean-prouve-nancy\/wp-json\/wp\/v2\/pages\/234","targetHints":{"allow":["GET"]}}],"collection":[{"href":"https:\/\/sites.ac-nancy-metz.fr\/lyc-jean-prouve-nancy\/wp-json\/wp\/v2\/pages"}],"about":[{"href":"https:\/\/sites.ac-nancy-metz.fr\/lyc-jean-prouve-nancy\/wp-json\/wp\/v2\/types\/page"}],"author":[{"embeddable":true,"href":"https:\/\/sites.ac-nancy-metz.fr\/lyc-jean-prouve-nancy\/wp-json\/wp\/v2\/users\/2"}],"replies":[{"embeddable":true,"href":"https:\/\/sites.ac-nancy-metz.fr\/lyc-jean-prouve-nancy\/wp-json\/wp\/v2\/comments?post=234"}],"version-history":[{"count":25,"href":"https:\/\/sites.ac-nancy-metz.fr\/lyc-jean-prouve-nancy\/wp-json\/wp\/v2\/pages\/234\/revisions"}],"predecessor-version":[{"id":1602,"href":"https:\/\/sites.ac-nancy-metz.fr\/lyc-jean-prouve-nancy\/wp-json\/wp\/v2\/pages\/234\/revisions\/1602"}],"wp:attachment":[{"href":"https:\/\/sites.ac-nancy-metz.fr\/lyc-jean-prouve-nancy\/wp-json\/wp\/v2\/media?parent=234"}],"curies":[{"name":"wp","href":"https:\/\/api.w.org\/{rel}","templated":true}]}}