{"id":268,"date":"2022-06-07T08:32:50","date_gmt":"2022-06-07T06:32:50","guid":{"rendered":"http:\/\/localhost\/SiteJeanProuve\/?page_id=268"},"modified":"2024-06-11T14:17:13","modified_gmt":"2024-06-11T12:17:13","slug":"video-daccueil","status":"publish","type":"page","link":"https:\/\/sites.ac-nancy-metz.fr\/lyc-jean-prouve-nancy\/video-daccueil\/","title":{"rendered":"Vid\u00e9o d&rsquo;accueil"},"content":{"rendered":"\n<h1 class=\"has-text-color wp-block-heading\" style=\"color:#42a2a4\">Vid\u00e9o d&rsquo;accueil du Proviseur et du chef des travaux<\/h1>\n\n\n\n<iframe loading=\"lazy\" width=\"560\" height=\"370\" src=\"https:\/\/www.youtube.com\/embed\/rkhmncL0puQ\" title=\"YouTube video player\" frameborder=\"0\" allow=\"accelerometer; autoplay; clipboard-write; encrypted-media; gyroscope; picture-in-picture\" allowfullscreen=\"\"><\/iframe>\n\n\n\n<p><strong>\u00ab&nbsp;PR\u00c9PARER DEMAIN EN R\u00c9USSISSANT AUJOURD\u2019HUI&nbsp;\u00bb<\/strong><\/p>\n\n\n\n<p>Dans l\u2019attente de vous accueillir au sein du lyc\u00e9e, je vous souhaite la bienvenue sur le site de l\u2019\u00e9tablissement.<\/p>\n\n\n\n<p>Le Lyc\u00e9e Jean PROUV\u00c9 est labellis\u00e9 Lyc\u00e9e des M\u00e9tiers \u00ab&nbsp;de la Gestion de l\u2019\u00e9nergie et des Process&nbsp;\u00bb depuis l\u2019ann\u00e9e scolaire 2013-2014. Cette labellisation est le gage d\u2019une int\u00e9gration dans le milieu \u00e9conomique local, et d\u2019un partenariat r\u00e9affirm\u00e9 avec les entreprises correspondant \u00e0 ses p\u00f4les de formation.<\/p>\n\n\n\n<p>L\u2019\u00e9tablissement est une remarquable source de qualifications professionnelles, tant pour les fili\u00e8res sous statut scolaire que par apprentissage. Il accueille chaque ann\u00e9e environ cinq cents \u00e9l\u00e8ves et deux cents apprentis auxquels s\u2019ajoutent les auditeurs de la formation continue. A dominante industrielle, l\u2019enseignement dispens\u00e9 s\u2019adresse aussi bien aux filles qu\u2019aux gar\u00e7ons.<\/p>\n\n\n\n<p>Une repr\u00e9sentation peu valorisante des m\u00e9tiers de l\u2019industrie aupr\u00e8s du public est r\u00e9currente et p\u00e9nalise ainsi leur attractivit\u00e9. Cependant, les conditions de travail se sont am\u00e9lior\u00e9es gr\u00e2ce aux r\u00e8gles en faveur de la s\u00e9curit\u00e9 et aux mesures visant \u00e0 r\u00e9duire la p\u00e9nibilit\u00e9. Il semble important que les jeunes s\u2019int\u00e9ressent davantage \u00e0 ces fili\u00e8res car elles sont porteuses d\u2019emplois avec de bonnes pr\u00e9tentions salariales.<br>Dans une soci\u00e9t\u00e9 en constante \u00e9volution, o\u00f9 la mondialisation g\u00e9n\u00e8re une concurrence accrue, notre enseignement se doit de s\u2019adapter aux mutations technologiques, induisant la volont\u00e9 toujours renouvel\u00e9e d\u2019apporter une formation d\u2019actualit\u00e9.<\/p>\n\n\n\n<p>Cette formation ne serait rien sans un encadrement de qualit\u00e9. Le professionnalisme et l\u2019implication des \u00e9quipes p\u00e9dagogiques font qu\u2019elles sont \u00e0 l\u2019\u00e9coute des besoins des jeunes qui leur sont confi\u00e9s. A tout moment, elles peuvent \u00eatre sollicit\u00e9es par les parents ou les apprenants pour r\u00e9pondre au mieux aux difficult\u00e9s rencontr\u00e9es.<br>Le site que vous allez visiter est le fruit de la collaboration des diff\u00e9rents services de l\u2019\u00e9tablissement. Il est amen\u00e9 \u00e0 \u00e9voluer.<\/p>\n\n\n\n<p>J\u2019esp\u00e8re que vous y trouverez le maximum de r\u00e9ponses \u00e0 vos interrogations.<br>Si toutefois ce n\u2019\u00e9tait pas le cas, n\u2019h\u00e9sitez pas \u00e0 prendre directement contact par mail ou par t\u00e9l\u00e9phone avec l\u2019\u00e9tablissement.<\/p>\n\n\n\n<p><em>Le proviseur<\/em><\/p>\n","protected":false},"excerpt":{"rendered":"<p>Vid\u00e9o d&rsquo;accueil du Proviseur et du chef des travaux \u00ab&nbsp;PR\u00c9PARER DEMAIN EN R\u00c9USSISSANT AUJOURD\u2019HUI&nbsp;\u00bb Dans l\u2019attente de vous accueillir au sein du lyc\u00e9e, je vous souhaite la bienvenue sur le site de l\u2019\u00e9tablissement. Le Lyc\u00e9e Jean PROUV\u00c9 est labellis\u00e9 Lyc\u00e9e des M\u00e9tiers \u00ab&nbsp;de la Gestion de l\u2019\u00e9nergie et des Process&nbsp;\u00bb depuis l\u2019ann\u00e9e scolaire 2013-2014. Cette [&hellip;]<\/p>\n","protected":false},"author":2,"featured_media":0,"parent":0,"menu_order":0,"comment_status":"closed","ping_status":"closed","template":"","meta":{"footnotes":""},"class_list":["post-268","page","type-page","status-publish","hentry","entry"],"_links":{"self":[{"href":"https:\/\/sites.ac-nancy-metz.fr\/lyc-jean-prouve-nancy\/wp-json\/wp\/v2\/pages\/268","targetHints":{"allow":["GET"]}}],"collection":[{"href":"https:\/\/sites.ac-nancy-metz.fr\/lyc-jean-prouve-nancy\/wp-json\/wp\/v2\/pages"}],"about":[{"href":"https:\/\/sites.ac-nancy-metz.fr\/lyc-jean-prouve-nancy\/wp-json\/wp\/v2\/types\/page"}],"author":[{"embeddable":true,"href":"https:\/\/sites.ac-nancy-metz.fr\/lyc-jean-prouve-nancy\/wp-json\/wp\/v2\/users\/2"}],"replies":[{"embeddable":true,"href":"https:\/\/sites.ac-nancy-metz.fr\/lyc-jean-prouve-nancy\/wp-json\/wp\/v2\/comments?post=268"}],"version-history":[{"count":6,"href":"https:\/\/sites.ac-nancy-metz.fr\/lyc-jean-prouve-nancy\/wp-json\/wp\/v2\/pages\/268\/revisions"}],"predecessor-version":[{"id":1320,"href":"https:\/\/sites.ac-nancy-metz.fr\/lyc-jean-prouve-nancy\/wp-json\/wp\/v2\/pages\/268\/revisions\/1320"}],"wp:attachment":[{"href":"https:\/\/sites.ac-nancy-metz.fr\/lyc-jean-prouve-nancy\/wp-json\/wp\/v2\/media?parent=268"}],"curies":[{"name":"wp","href":"https:\/\/api.w.org\/{rel}","templated":true}]}}