{"id":31,"date":"2022-05-26T11:42:35","date_gmt":"2022-05-26T09:42:35","guid":{"rendered":"http:\/\/localhost\/SiteJeanProuve\/?page_id=31"},"modified":"2024-07-04T14:17:03","modified_gmt":"2024-07-04T12:17:03","slug":"les-formations-du-lycee","status":"publish","type":"page","link":"https:\/\/sites.ac-nancy-metz.fr\/lyc-jean-prouve-nancy\/les-formations-du-lycee\/","title":{"rendered":"Les Formations du lyc\u00e9e"},"content":{"rendered":"\n<h1 class=\"has-text-align-center has-text-color wp-block-heading\" style=\"color:#42a2a4\">Les formations du lyc\u00e9e<\/h1>\n\n\n\n<link rel=\"stylesheet\" href=\"..\/ordi.css\" type=\"text\/css\" media=\"only screen and (min-width: 641px)\">\n<link rel=\"stylesheet\" href=\"..\/mobile.css\" type=\"text\/css\" media=\"only screen and (max-width: 640px)\">\n        <div class=\"test-div\">\n            <div id=\"marge2\"><\/div>\n            <p class=\"pbox2\"><strong>Etudes<br> sup\u00e9rieures<\/strong><\/p>\n            <a href=\"\" class=\"textWithBlurredBg\">\n                <img decoding=\"async\" src=\"..\/gris.png\">\n                <p id=\"pbox3\">Etudes sup\u00e9rieures<\/p>\n            <\/a>\n            <div id=\"marge3\"><\/div>\n            <a href=\"https:\/\/sites.ac-nancy-metz.fr\/lyc-jean-prouve-nancy\/soudage\/\" class=\"textWithBlurredBg\">\n                <img decoding=\"async\" src=\"..\/mini-soud.png\">\n                <p>Certificat de Sp\u00e9cialisation Soudage<\/p>\n            <\/a>\n        <\/div>\n        <div class=\"test-div\">\n            <p class=\"pbox\"><strong>Terminales<\/strong><\/p>\n            <a href=\"https:\/\/sites.ac-nancy-metz.fr\/lyc-jean-prouve-nancy\/prd\/\" class=\"textWithBlurredBg\">\n                <img decoding=\"async\" src=\"..\/mini-prd.jpg\">\n                <p>Technicien PRoth\u00e8se Dentaire<\/p>\n            <\/a>\n            <div id=\"lamarge2\"><\/div>\n            <a href=\"https:\/\/sites.ac-nancy-metz.fr\/lyc-jean-prouve-nancy\/systemes-numeriques\/\" class=\"textWithBlurredBg\">\n                <img decoding=\"async\" src=\"..\/mini-sn.jpg\">\n                <p>Cybers\u00e9curit\u00e9 Informatique et r\u00e9seaux ELectroniques<\/p>\n            <\/a>\n            <div id=\"lamarge\"><\/div>\n            <a href=\"https:\/\/sites.ac-nancy-metz.fr\/lyc-jean-prouve-nancy\/mfer\/\" class=\"textWithBlurredBg\">\n                <img decoding=\"async\" src=\"..\/mini-mfer.jpg\">\n                <p>M\u00e9tiers du Froid et des Energies Renouvelables<\/p>\n            <\/a>\n            <div id=\"lamarge\"><\/div>\n            <a href=\"https:\/\/sites.ac-nancy-metz.fr\/lyc-jean-prouve-nancy\/melec\/\" class=\"textWithBlurredBg\">\n                <img decoding=\"async\" src=\"..\/mini-melec.jpg\">\n                <p>M\u00e9tiers de l&rsquo;ELectricit\u00e9 et de ses Environnements Connect\u00e9s<\/p>\n            <\/a>\n            <div id=\"lamarge2\"><\/div>\n            <a href=\"https:\/\/sites.ac-nancy-metz.fr\/lyc-jean-prouve-nancy\/fonderie\/\" class=\"textWithBlurredBg\">\n                <img decoding=\"async\" src=\"..\/mini-fond.jpeg\">\n                <p>Fonderie<\/p>\n            <\/a>\n            <div id=\"marge4\"><\/div>\n            <a href=\"https:\/\/sites.ac-nancy-metz.fr\/lyc-jean-prouve-nancy\/chaudronnerie-industrielle\/\" class=\"textWithBlurredBg\">\n                <img decoding=\"async\" src=\"..\/mini-chaud.png\">\n                <p>Chaudronnerie Industrielle<\/p>\n            <\/a>\n            <div id=\"lamarge\"><\/div>\n            <a href=\"https:\/\/sites.ac-nancy-metz.fr\/lyc-jean-prouve-nancy\/cap-rics\/\" class=\"textWithBlurredBg\">\n                <img decoding=\"async\" src=\"..\/mini-rics.png\">\n                <p>R\u00e9alisations Industrielles en Chaudronnerie ou Soudage<\/p>\n            <\/a>\n        <\/div>\n        <div class=\"test-div\">\n            <p class=\"pbox\"><strong>Premi\u00e8res<\/strong><\/p>\n            <a href=\"https:\/\/sites.ac-nancy-metz.fr\/lyc-jean-prouve-nancy\/prd\/\" class=\"textWithBlurredBg\">\n                <img decoding=\"async\" src=\"..\/mini-prd.jpg\">\n                <p>Technicien PRoth\u00e8se Dentaire<\/p>\n            <\/a>\n            <div id=\"lamarge2\"><\/div>\n            <a href=\"https:\/\/sites.ac-nancy-metz.fr\/lyc-jean-prouve-nancy\/systemes-numeriques\/\" class=\"textWithBlurredBg\">\n                <img decoding=\"async\" src=\"..\/mini-sn.jpg\">\n                <p>Cybers\u00e9curit\u00e9 Informatique et r\u00e9seaux ELectroniques<\/p>\n            <\/a>\n            <div id=\"lamarge\"><\/div>\n            <a href=\"https:\/\/sites.ac-nancy-metz.fr\/lyc-jean-prouve-nancy\/mfer\/\" class=\"textWithBlurredBg\">\n                <img decoding=\"async\" src=\"..\/mini-mfer.jpg\">\n                <p>M\u00e9tiers du Froid et des Energies Renouvelables<\/p>\n            <\/a>\n            <div id=\"lamarge\"><\/div>\n            <a href=\"https:\/\/sites.ac-nancy-metz.fr\/lyc-jean-prouve-nancy\/melec\/\" class=\"textWithBlurredBg\">\n                <img decoding=\"async\" src=\"..\/mini-melec.jpg\">\n                <p>M\u00e9tiers de l&rsquo;ELectricit\u00e9 et de ses Environnements Connect\u00e9s<\/p>\n            <\/a>\n            <div id=\"lamarge2\"><\/div>\n            <a href=\"https:\/\/sites.ac-nancy-metz.fr\/lyc-jean-prouve-nancy\/fonderie\/\" class=\"textWithBlurredBg\">\n                <img decoding=\"async\" src=\"..\/mini-fond.jpeg\">\n                <p>Fonderie<\/p>\n            <\/a>\n            <div id=\"lamarge\"><\/div>\n            <a href=\"https:\/\/sites.ac-nancy-metz.fr\/lyc-jean-prouve-nancy\/chaudronnerie-industrielle\/\" class=\"textWithBlurredBg\">\n                <img decoding=\"async\" src=\"..\/mini-chaud.png\">\n                <p>Chaudronnerie Industrielle<\/p>\n            <\/a>\n            <div id=\"lamarge\"><\/div>\n            <a href=\"https:\/\/sites.ac-nancy-metz.fr\/lyc-jean-prouve-nancy\/serrurerie-metallerie\/\" class=\"textWithBlurredBg\">\n                <img decoding=\"async\" src=\"..\/mini-cap.jpg\">\n                <p>M\u00e9tallerie<\/p>\n            <\/a>\n        <\/div>\n        <div class=\"test-div\">\n            <p class=\"pbox\"><strong>Secondes<\/strong><\/p>\n            <a href=\"https:\/\/sites.ac-nancy-metz.fr\/lyc-jean-prouve-nancy\/prd\/\" class=\"textWithBlurredBg\">\n                <img decoding=\"async\" src=\"..\/mini-prd.jpg\">\n                <p>Technicien PRoth\u00e8se Dentaire<\/p>\n            <\/a>\n            <div id=\"marge5\"><\/div>\n            <a href=\"https:\/\/sites.ac-nancy-metz.fr\/lyc-jean-prouve-nancy\/transitions-numerique-et-energetique\/\" class=\"textWithBlurredBg\">\n                <img decoding=\"async\" src=\"..\/mini-tne.jpg\">\n                <p>Transitions Num\u00e9rique et Energetique<\/p>\n            <\/a>\n            <div id=\"marge6\"><\/div>\n            <a href=\"\" class=\"textWithBlurredBg\">\n                <img decoding=\"async\" src=\"..\/mini-remi.png\">\n                <p>R\u00e9alisation d&rsquo;Ensemble M\u00e9canique et Industriels<\/p>\n            <\/a>\n            <div id=\"marge4\"><\/div>\n            <a href=\"https:\/\/sites.ac-nancy-metz.fr\/lyc-jean-prouve-nancy\/serrurerie-metallerie\/\" class=\"textWithBlurredBg\">\n                <img decoding=\"async\" src=\"..\/mini-cap.jpg\">\n                <p>M\u00e9tallerie<\/p>\n            <\/a>\n        <\/div>\n        <div class=\"test-div\">\n            <p class=\"pbox2\"><strong>Autres<br>Formations<\/strong><\/p>\n            <div id=\"marge7\"><\/div>\n            <a href=\"\" class=\"textWithBlurredBg\">\n                <img decoding=\"async\" src=\"..\/gris.png\">\n                <p id=\"pbox3\">Troisi\u00e8me g\u00e9n\u00e9rale<\/p>\n            <\/a>\n            <div id=\"lamarge\"><\/div>\n            <a href=\"https:\/\/sites.ac-nancy-metz.fr\/lyc-jean-prouve-nancy\/3eme-prepa\/\" class=\"textWithBlurredBg\">\n                <img decoding=\"async\" src=\"..\/ljp-but.jpg\">\n                <p>Troisi\u00e8me Pr\u00e9pa m\u00e9tiers<\/p>\n            <\/a>\n            <div id=\"lamarge\"><\/div>\n            <a href=\"https:\/\/sites.ac-nancy-metz.fr\/lyc-jean-prouve-nancy\/classe-relai\/\" class=\"textWithBlurredBg\">\n                <img decoding=\"async\" src=\"..\/mini-relais.png\">\n                <p>Troisi\u00e8me relais<\/p>\n            <\/a>\n            <div id=\"marge18\"><\/div>\n            <a href=\"https:\/\/sites.ac-nancy-metz.fr\/lyc-jean-prouve-nancy\/ulis\/\" class=\"textWithBlurredBg\">\n                <img decoding=\"async\" src=\"..\/mini-ulis.png\">\n                <p>Dispositif Ulis<\/p>\n            <\/a>\n            <div id=\"lamarge\"><\/div>\n            <a href=\"https:\/\/sites.ac-nancy-metz.fr\/lyc-jean-prouve-nancy\/upe2a\/\" class=\"textWithBlurredBg\">\n                <img decoding=\"async\" src=\"..\/mini_upe2a.png\">\n                <p>Classe UPE2A<\/p>\n            <\/a>\n            <div id=\"marge18\"><\/div>\n            <a href=\"\" class=\"textWithBlurredBg\">\n                <img decoding=\"async\" src=\"..\/gris.png\">\n                <p id=\"pbox3\">SEGPA<\/p>\n            <\/a>\n        <\/div>\n","protected":false},"excerpt":{"rendered":"<p>Les formations du lyc\u00e9e Etudes sup\u00e9rieures Etudes sup\u00e9rieures Certificat de Sp\u00e9cialisation Soudage Terminales Technicien PRoth\u00e8se Dentaire Cybers\u00e9curit\u00e9 Informatique et r\u00e9seaux ELectroniques M\u00e9tiers du Froid et des Energies Renouvelables M\u00e9tiers de l&rsquo;ELectricit\u00e9 et de ses Environnements Connect\u00e9s Fonderie Chaudronnerie Industrielle R\u00e9alisations Industrielles en Chaudronnerie ou Soudage Premi\u00e8res Technicien PRoth\u00e8se Dentaire Cybers\u00e9curit\u00e9 Informatique et r\u00e9seaux ELectroniques M\u00e9tiers [&hellip;]<\/p>\n","protected":false},"author":2,"featured_media":0,"parent":0,"menu_order":0,"comment_status":"closed","ping_status":"closed","template":"","meta":{"footnotes":""},"class_list":["post-31","page","type-page","status-publish","hentry","entry"],"_links":{"self":[{"href":"https:\/\/sites.ac-nancy-metz.fr\/lyc-jean-prouve-nancy\/wp-json\/wp\/v2\/pages\/31","targetHints":{"allow":["GET"]}}],"collection":[{"href":"https:\/\/sites.ac-nancy-metz.fr\/lyc-jean-prouve-nancy\/wp-json\/wp\/v2\/pages"}],"about":[{"href":"https:\/\/sites.ac-nancy-metz.fr\/lyc-jean-prouve-nancy\/wp-json\/wp\/v2\/types\/page"}],"author":[{"embeddable":true,"href":"https:\/\/sites.ac-nancy-metz.fr\/lyc-jean-prouve-nancy\/wp-json\/wp\/v2\/users\/2"}],"replies":[{"embeddable":true,"href":"https:\/\/sites.ac-nancy-metz.fr\/lyc-jean-prouve-nancy\/wp-json\/wp\/v2\/comments?post=31"}],"version-history":[{"count":301,"href":"https:\/\/sites.ac-nancy-metz.fr\/lyc-jean-prouve-nancy\/wp-json\/wp\/v2\/pages\/31\/revisions"}],"predecessor-version":[{"id":1662,"href":"https:\/\/sites.ac-nancy-metz.fr\/lyc-jean-prouve-nancy\/wp-json\/wp\/v2\/pages\/31\/revisions\/1662"}],"wp:attachment":[{"href":"https:\/\/sites.ac-nancy-metz.fr\/lyc-jean-prouve-nancy\/wp-json\/wp\/v2\/media?parent=31"}],"curies":[{"name":"wp","href":"https:\/\/api.w.org\/{rel}","templated":true}]}}