{"id":421,"date":"2022-06-14T14:38:48","date_gmt":"2022-06-14T12:38:48","guid":{"rendered":"https:\/\/sites.ac-nancy-metz.fr\/lyc-jean-prouve-nancy\/?page_id=421"},"modified":"2022-06-14T14:44:03","modified_gmt":"2022-06-14T12:44:03","slug":"mentions-legales","status":"publish","type":"page","link":"https:\/\/sites.ac-nancy-metz.fr\/lyc-jean-prouve-nancy\/mentions-legales\/","title":{"rendered":"Mentions-l\u00e9gales"},"content":{"rendered":"\n<h1 class=\"wp-block-heading\">Mention l\u00e9gales<\/h1>\n\n\n\n<p><strong>Directeur de publication<\/strong><br>Nicolas Pflumio<br>Coordonnateur p\u00e9dagogique de l\u2019apprentissage<\/p>\n\n\n\n<p><strong>Raison sociale<\/strong><br>Lyc\u00e9e Professionnel et UFA Jean Prouv\u00e9<br>53 rue de Bonsecours<br>54000 NANCY<br>Standard\u00a0: 03 83 37 99 45<\/p>\n\n\n\n<p><strong>H\u00e9bergeur<\/strong><br>Rectorat de l\u2019Acad\u00e9mie de Nancy-Metz<br>2, rue Philippe-de-Gueldres<br>Case officielle n\u00b030013<br>54035 NANCY CEDEX<br>Standard&nbsp;: 03 83 86 20 20<\/p>\n\n\n\n<p><strong>Responsable de la publication du site<\/strong><br>Nicolas Pflumio<\/p>\n\n\n\n<p>UFA AMI<br>53 rue de Bonsecours<br>54000 NANCY<br>Standard\u00a0: 03 83 37 99 45<\/p>\n\n\n\n<p><strong>Droit d\u2019acc\u00e8s, de rectification et de suppression des donn\u00e9es personnelles<\/strong><\/p>\n\n\n\n<p>Conform\u00e9ment aux textes europ\u00e9ens et fran\u00e7ais en vigueur et notamment la loi du N\u00b0&nbsp;78-17 du 6 janvier 1978 relative \u00e0 l\u2019informatique, aux fichiers et aux libert\u00e9s, l\u2019Acad\u00e9mie de Nancy-Metz vous informe que vous disposez d\u2019un droit g\u00e9n\u00e9ral d\u2019acc\u00e8s, de rectification et de suppression de l\u2019ensemble des donn\u00e9es personnelles vous concernant et dont nous disposons.<\/p>\n\n\n\n<p>Vous pouvez exercer ce droit \u00e0 l\u2019adresse suivante\u00a0:<br>UFA AMI<br>53 rue de Bonsecours<br>54000 NANCY<br>Standard\u00a0: 03 83 37 99 45<br>Adresse de messagerie\u00a0: ce.0542414@ac-nancy-metz.fr<\/p>\n\n\n\n<p><strong>Droit d\u2019acc\u00e8s, de rectification et de suppression des donn\u00e9es g\u00e9n\u00e9rales<\/strong><\/p>\n\n\n\n<p>Vous pouvez exercer ce droit \u00e0 l\u2019adresse suivante\u00a0:<br>UFA AMI<br>53 rue de Bonsecours<br>54000 NANCY<br>Standard\u00a0: 03 83 37 99 45<br>Adresse de messagerie\u00a0: ce.0542414@ac-nancy-metz.fr<\/p>\n\n\n\n<p>Les informations qui figurent sur ce site ont fait l\u2019objet d\u2019un contr\u00f4le pr\u00e9alable avant leur mise en ligne, en cas d\u2019erreur ou d\u2019omission, toute personne dispose d\u2019un droit de rectification.<\/p>\n\n\n\n<p><strong>Droit de r\u00e9ponse &#8211; Responsable de la r\u00e9daction<\/strong><\/p>\n\n\n\n<p>Vous pouvez exercer votre droit aupr\u00e8s de\u00a0:<br>UFA AMI<br>53 rue de Bonsecours<br>54000 NANCY<br>Standard\u00a0: 03 83 37 99 45<br>Adresse de messagerie\u00a0: ce.0542414@ac-nancy-metz.fr<\/p>\n","protected":false},"excerpt":{"rendered":"<p>Mention l\u00e9gales Directeur de publicationNicolas PflumioCoordonnateur p\u00e9dagogique de l\u2019apprentissage Raison socialeLyc\u00e9e Professionnel et UFA Jean Prouv\u00e953 rue de Bonsecours54000 NANCYStandard\u00a0: 03 83 37 99 45 H\u00e9bergeurRectorat de l\u2019Acad\u00e9mie de Nancy-Metz2, rue Philippe-de-GueldresCase officielle n\u00b03001354035 NANCY CEDEXStandard&nbsp;: 03 83 86 20 20 Responsable de la publication du siteNicolas Pflumio UFA AMI53 rue de Bonsecours54000 NANCYStandard\u00a0: 03 [&hellip;]<\/p>\n","protected":false},"author":2,"featured_media":0,"parent":0,"menu_order":0,"comment_status":"closed","ping_status":"closed","template":"","meta":{"footnotes":""},"class_list":["post-421","page","type-page","status-publish","hentry","entry"],"_links":{"self":[{"href":"https:\/\/sites.ac-nancy-metz.fr\/lyc-jean-prouve-nancy\/wp-json\/wp\/v2\/pages\/421","targetHints":{"allow":["GET"]}}],"collection":[{"href":"https:\/\/sites.ac-nancy-metz.fr\/lyc-jean-prouve-nancy\/wp-json\/wp\/v2\/pages"}],"about":[{"href":"https:\/\/sites.ac-nancy-metz.fr\/lyc-jean-prouve-nancy\/wp-json\/wp\/v2\/types\/page"}],"author":[{"embeddable":true,"href":"https:\/\/sites.ac-nancy-metz.fr\/lyc-jean-prouve-nancy\/wp-json\/wp\/v2\/users\/2"}],"replies":[{"embeddable":true,"href":"https:\/\/sites.ac-nancy-metz.fr\/lyc-jean-prouve-nancy\/wp-json\/wp\/v2\/comments?post=421"}],"version-history":[{"count":3,"href":"https:\/\/sites.ac-nancy-metz.fr\/lyc-jean-prouve-nancy\/wp-json\/wp\/v2\/pages\/421\/revisions"}],"predecessor-version":[{"id":697,"href":"https:\/\/sites.ac-nancy-metz.fr\/lyc-jean-prouve-nancy\/wp-json\/wp\/v2\/pages\/421\/revisions\/697"}],"wp:attachment":[{"href":"https:\/\/sites.ac-nancy-metz.fr\/lyc-jean-prouve-nancy\/wp-json\/wp\/v2\/media?parent=421"}],"curies":[{"name":"wp","href":"https:\/\/api.w.org\/{rel}","templated":true}]}}